{"id":5747,"date":"2018-05-18T14:10:18","date_gmt":"2018-05-18T14:10:18","guid":{"rendered":"https:\/\/www.nt-vsat.com\/startup\/"},"modified":"2023-07-04T12:54:25","modified_gmt":"2023-07-04T12:54:25","slug":"startup","status":"publish","type":"page","link":"https:\/\/nt-vsat.com\/es\/","title":{"rendered":"German &#8211; Satellite Internet Provider"},"content":{"rendered":"<section class=\"wpb-content-wrapper\"><p>[vc_row full_width=\u00bbstretch_row\u00bb equal_height=\u00bbyes\u00bb content_placement=\u00bbtop\u00bb parallax=\u00bbcontent-moving\u00bb parallax_speed_bg=\u00bb1&#8243; video_overlay_color=\u00bb#0022a0&#8243; enable_bottom_divider=\u00bbenabled\u00bb shape_bottom_height=\u00bb120&#8243; shape_bottom_index=\u00bb3&#8243; css=\u00bb.vc_custom_1552143386106{background-color: #efefef !important;background-position: center;background-repeat: no-repeat;background-size: cover !important;}\u00bb shape_bottom_color=\u00bb#efefef\u00bb][vc_column animation=\u00bbwpb_bottom-to-top\u00bb css=\u00bb.vc_custom_1551630223461{margin-top: 0px !important;}\u00bb][rev_slider_vc alias=\u00bbntvsatslider-mit-zixi-1&#8243;][\/vc_column][\/vc_row][vc_row full_width=\u00bbstretch_row\u00bb content_placement=\u00bbbottom\u00bb css=\u00bb.vc_custom_1553337663038{padding-top: 20px !important;padding-bottom: 0% !important;background-color: #efefef !important;}\u00bb][vc_column width=\u00bb1\/6&#8243;][\/vc_column][vc_column width=\u00bb2\/3&#8243; animation=\u00bbwpb_bottom-to-top\u00bb animationdelay=\u00bb.5&#8243;][vc_single_image image=\u00bb2551&#8243; img_size=\u00bbfull\u00bb alignment=\u00bbcenter\u00bb css_animation=\u00bbslideInDown\u00bb][vc_custom_heading text=\u00bbTodos en NTvsat est\u00e1n impulsados por la pasi\u00f3n de un mundo conectado.<br \/>\nEn un mercado global ayudamos a su empresa a mantenerse conectada.<br \/>\nNo se perder\u00e1 &#8211; dondequiera que est\u00e9.\u00bb font_container=\u00bbtag:h5|font_size:20|text_align:center|color:%23545454&#8243; use_theme_fonts=\u00bbyes\u00bb css_animation=\u00bbfadeIn\u00bb][\/vc_column][vc_column width=\u00bb1\/6&#8243;][\/vc_column][\/vc_row][vc_row full_width=\u00bbstretch_row\u00bb content_placement=\u00bbbottom\u00bb parallax=\u00bbcontent-moving\u00bb css=\u00bb.vc_custom_1551262710840{padding-top: 0% !important;padding-bottom: 0px !important;background-color: #efefef !important;}\u00bb][vc_column width=\u00bb1\/6&#8243;][\/vc_column][vc_column width=\u00bb1\/6&#8243;][\/vc_column][\/vc_row][vc_row full_width=\u00bbstretch_row\u00bb css=\u00bb.vc_custom_1552143114790{background-color: #efefef !important;}\u00bb el_id=\u00bbbusinesscases\u00bb el_class=\u00bbbusinesscases\u00bb][vc_column animation=\u00bbwpb_bottom-to-top\u00bb][vc_custom_heading text=\u00bbCasos de negocios\u00bb font_container=\u00bbtag:h4|text_align:left|color:%2364b400&#8243; use_theme_fonts=\u00bbyes\u00bb css_animation=\u00bbslideInUp\u00bb][vc_row_inner][vc_column_inner width=\u00bb1\/4&#8243;]\n\t\t\t\t<figure class=\"imghvr-fold-up vcmpihover\">\n\t\t\t\t\t<img decoding=\"async\" src=\"https:\/\/nt-vsat.com\/wp-content\/uploads\/2019\/03\/GettyImages-150004382-2.jpg\" alt=\"example-image\">\n\t\t\t\t\t<figcaption style=\"background: #64b400 url() no-repeat 0 50% \/ cover\">\n\t\t\t\t\t\t<h3 style=\"color: ; font-size:1\"><\/h3>\n\t\t\t\t\t\t<p style=\"color: ; font-size:\">APRENDA M\u00c1S<\/p>\n\t\t\t\t\t<\/figcaption>\n\t\t\t\t\t\t<a href=\"\/project\/maritime\"><\/a>\n\t\t\t\t<\/figure>[vc_custom_heading text=\u00bbSoluci\u00f3n de sat\u00e9lites mar\u00edtimos\u00bb font_container=\u00bbtag:h4|font_size:20|text_align:left|color:%23374141&#8243; use_theme_fonts=\u00bbyes\u00bb][vc_column_text]La necesidad de aumentar la conciencia de las soluciones satelitales para la comunidad mar\u00edtima es cada vez mayor, as\u00ed como la importancia de ampliar la entrega de capacitaci\u00f3n, la facilitaci\u00f3n de nuevos proyectos&#8230;<\/p>\n<p><a href=\"\/es\/project\/maritime\">leer m\u00e1s<\/a>[\/vc_column_text][\/vc_column_inner][vc_column_inner width=\u00bb1\/4&#8243;]\n\t\t\t\t<figure class=\"imghvr-fold-down vcmpihover\">\n\t\t\t\t\t<img decoding=\"async\" src=\"https:\/\/nt-vsat.com\/wp-content\/uploads\/2019\/03\/GettyImages-1070188740-1.jpg\" alt=\"example-image\">\n\t\t\t\t\t<figcaption style=\"background: #64b400 url() no-repeat 0 50% \/ cover\">\n\t\t\t\t\t\t<h3 style=\"color: ; font-size:\"><\/h3>\n\t\t\t\t\t\t<p style=\"color: ; font-size:\">APRENDA M\u00c1S<\/p>\n\t\t\t\t\t<\/figcaption>\n\t\t\t\t\t\t<a href=\"\/project\/oilgas\"><\/a>\n\t\t\t\t<\/figure>[vc_custom_heading text=\u00bbPetr\u00f3leo y Gas\u00bb font_container=\u00bbtag:h4|font_size:20|text_align:left|color:%23374141&#8243; use_theme_fonts=\u00bbyes\u00bb][vc_column_text]El petr\u00f3leo es una importante materia prima de nuestro tiempo. Para producirlo, se construyen plataformas petrol\u00edferas en todo el mundo, a menudo en lugares casi inaccesibles en medio del mar. Por supuesto,&#8230;<\/p>\n<p><a href=\"\/es\/project\/oilgas\">leer m\u00e1s<\/a>[\/vc_column_text][\/vc_column_inner][vc_column_inner width=\u00bb1\/4&#8243;]\n\t\t\t\t<figure class=\"imghvr-fold-up vcmpihover\">\n\t\t\t\t\t<img decoding=\"async\" src=\"https:\/\/nt-vsat.com\/wp-content\/uploads\/2019\/03\/GettyImages-175603484-1.jpg\" alt=\"example-image\">\n\t\t\t\t\t<figcaption style=\"background: #64b400 url() no-repeat 0 50% \/ cover\">\n\t\t\t\t\t\t<h3 style=\"color: ; font-size:\"><\/h3>\n\t\t\t\t\t\t<p style=\"color: ; font-size:\">APRENDA M\u00c1S<\/p>\n\t\t\t\t\t<\/figcaption>\n\t\t\t\t\t\t<a href=\"\/project\/mining\"><\/a>\n\t\t\t\t<\/figure>[vc_custom_heading text=\u00bbMiner\u00eda\u00bb font_container=\u00bbtag:h4|font_size:20|text_align:left|color:%23374141&#8243; use_theme_fonts=\u00bbyes\u00bb][vc_column_text]A medida que la demanda de minerales sigue creciendo en todo el mundo, las compa\u00f1\u00edas mineras est\u00e1n explorando cada vez m\u00e1s dep\u00f3sitos remotos en todo el mundo, a menudo lejos de la l\u00ednea fija&#8230;<\/p>\n<p><a href=\"\/es\/project\/mining\">leer m\u00e1s<\/a>[\/vc_column_text][\/vc_column_inner][vc_column_inner width=\u00bb1\/4&#8243;]\n\t\t\t\t<figure class=\"imghvr-fold-down vcmpihover\">\n\t\t\t\t\t<img decoding=\"async\" src=\"https:\/\/nt-vsat.com\/wp-content\/uploads\/2019\/03\/iStock-500837820-e1553779502426-1-e1555592626981.jpg\" alt=\"example-image\">\n\t\t\t\t\t<figcaption style=\"background: #64b400 url() no-repeat 0 50% \/ cover\">\n\t\t\t\t\t\t<h3 style=\"color: ; font-size:\"><\/h3>\n\t\t\t\t\t\t<p style=\"color: ; font-size:\">APRENDA M\u00c1S<\/p>\n\t\t\t\t\t<\/figcaption>\n\t\t\t\t\t\t<a href=\"\/project\/fleet\"><\/a>\n\t\t\t\t<\/figure>[vc_custom_heading text=\u00bbPreparaci\u00f3n para los desastres\u00bb font_container=\u00bbtag:h4|font_size:20|text_align:left|color:%23374141&#8243; use_theme_fonts=\u00bbyes\u00bb][vc_column_text]Hay desastres naturales una y otra vez y como la palabra ya dice, ocurren mayormente de manera sorprendente por la naturaleza y terminan en un desastre para la regi\u00f3n afectada&#8230;<\/p>\n<p><a href=\"\/es\/project\/desaster\">leer m\u00e1s<\/a>[\/vc_column_text][\/vc_column_inner][\/vc_row_inner][vc_btn title=\u00bbMOSTRAR M\u00c1S\u00bb style=\u00bboutline-custom\u00bb outline_custom_color=\u00bb#64b400&#8243; outline_custom_hover_background=\u00bb#64b400&#8243; outline_custom_hover_text=\u00bb#ffffff\u00bb size=\u00bbxs\u00bb align=\u00bbcenter\u00bb link=\u00bburl:http%3A%2F%2Fwww.nt-vsat.com%2Fbusiness-cases%2F|title:business%20cases||\u00bb][\/vc_column][\/vc_row][vc_row content_placement=\u00bbbottom\u00bb el_id=\u00bbfootprints\u00bb css=\u00bb.vc_custom_1551615472271{padding-top: 50px !important;padding-bottom: 0px !important;}\u00bb][vc_column][vc_custom_heading text=\u00bbHuellas\u00bb font_container=\u00bbtag:h4|text_align:left|color:%2364b400&#8243; use_theme_fonts=\u00bbyes\u00bb][vc_row_inner][vc_column_inner width=\u00bb2\/3&#8243;][vc_single_image image=\u00bb6190&#8243; img_size=\u00bbfull\u00bb css_animation=\u00bbslideInLeft\u00bb][\/vc_column_inner][vc_column_inner width=\u00bb1\/3&#8243;][vc_column_text]Aqu\u00ed puedes encontrar las huellas de la banda C, KA &amp; KU que apoyamos.[\/vc_column_text][vc_btn title=\u00bbMOSTRAR M\u00c1S\u00bb style=\u00bboutline-custom\u00bb outline_custom_color=\u00bb#64b400&#8243; outline_custom_hover_background=\u00bb#64b400&#8243; outline_custom_hover_text=\u00bb#ffffff\u00bb align=\u00bbleft\u00bb link=\u00bburl:https%3A%2F%2Fnt-vsat.com%2Ffootprints%2F|title:Footprints||\u00bb][\/vc_column_inner][\/vc_row_inner][\/vc_column][\/vc_row][vc_row full_width=\u00bbstretch_row\u00bb css=\u00bb.vc_custom_1584541977089{background-color: #efefef !important;}\u00bb][vc_column][vc_custom_heading text=\u00bbServicios\u00bb font_container=\u00bbtag:h4|text_align:left|color:%2364b400&#8243; use_theme_fonts=\u00bbyes\u00bb css=\u00bb.vc_custom_1586443362921{margin-bottom: 0px !important;}\u00bb][vc_row_inner css=\u00bb.vc_custom_1553247782925{padding-top: 20px !important;padding-bottom: 20px !important;}\u00bb][vc_column_inner width=\u00bb1\/3&#8243;][vc_custom_heading text=\u00bbNTvsat\u00bb font_container=\u00bbtag:h6|text_align:left|color:%2364b400&#8243; use_theme_fonts=\u00bbyes\u00bb][vc_custom_heading text=\u00bbServicios de campo\u00bb font_container=\u00bbtag:h4|text_align:left|color:%23374141&#8243; use_theme_fonts=\u00bbyes\u00bb][vc_column_text]NTvsat tambi\u00e9n le ofrece el paquete completo para la instalaci\u00f3n de un sistema VSAT.<\/p>\n<p>Vea c\u00f3mo nuestras soluciones pueden ayudarle a conectarse con el mundo.<\/p>\n<p><a href=\"\/es\/field-services\/\">leer m\u00e1s<\/a>[\/vc_column_text][\/vc_column_inner][vc_column_inner width=\u00bb1\/3&#8243;][vc_custom_heading text=\u00bbNTvsat\u00bb font_container=\u00bbtag:h6|text_align:left|color:%2364b400&#8243; use_theme_fonts=\u00bbyes\u00bb][vc_custom_heading text=\u00bbSat\u00e9lite de banda ancha\u00bb font_container=\u00bbtag:h4|text_align:left|color:%23374141&#8243; use_theme_fonts=\u00bbyes\u00bb][vc_column_text]Una conexi\u00f3n de banda ancha v\u00eda sat\u00e9lite es la soluci\u00f3n ideal para permitir el acceso a internet en zonas inaccesibles como monta\u00f1as, islas, bosques y selvas.<\/p>\n<p>Es dif\u00edcil&#8230;<\/p>\n<p><a href=\"\/es\/broadband-satellite\/\">leer m\u00e1s<\/a>[\/vc_column_text][\/vc_column_inner][vc_column_inner width=\u00bb1\/3&#8243;][vc_custom_heading text=\u00bbNTvsat\u00bb font_container=\u00bbtag:h6|text_align:left|color:%2364b400&#8243; use_theme_fonts=\u00bbyes\u00bb][vc_custom_heading text=\u00bbServicios de apoyo\u00bb font_container=\u00bbtag:h4|text_align:left|color:%23374141&#8243; use_theme_fonts=\u00bbyes\u00bb][vc_column_text]Toda empresa necesita hoy en d\u00eda una conexi\u00f3n estable a Internet y al tel\u00e9fono para llevar a cabo sus negocios diarios. Sin embargo, las conexiones de cable comunes son susceptibles de fallar&#8230;<\/p>\n<p><a href=\"\/es\/backup-services\/\">leer m\u00e1s<\/a>[\/vc_column_text][\/vc_column_inner][\/vc_row_inner][vc_row_inner css=\u00bb.vc_custom_1553951613521{margin-top: 0px !important;}\u00bb][vc_column_inner width=\u00bb1\/3&#8243;][\/vc_column_inner][vc_column_inner width=\u00bb1\/3&#8243;][vc_btn title=\u00bbMOSTRAR M\u00c1S\u00bb style=\u00bboutline-custom\u00bb outline_custom_color=\u00bb#64b400&#8243; outline_custom_hover_background=\u00bb#64b400&#8243; outline_custom_hover_text=\u00bb#ffffff\u00bb size=\u00bbxs\u00bb align=\u00bbcenter\u00bb css_animation=\u00bbfadeInUp\u00bb link=\u00bburl:%2Fservices%2F|title:Services||\u00bb][\/vc_column_inner][vc_column_inner width=\u00bb1\/3&#8243;][\/vc_column_inner][\/vc_row_inner][\/vc_column][\/vc_row][vc_row][vc_column][vc_row_inner css=\u00bb.vc_custom_1553247782925{padding-top: 20px !important;padding-bottom: 20px !important;}\u00bb][vc_column_inner width=\u00bb1\/3&#8243;][vc_single_image image=\u00bb7953&#8243; img_size=\u00bbmedium\u00bb css_animation=\u00bbfadeInLeft\u00bb][\/vc_column_inner][vc_column_inner width=\u00bb2\/3&#8243;][vc_custom_heading text=\u00bbTransmisi\u00f3n de video de Zixi\u00bb font_container=\u00bbtag:h4|text_align:left|color:%23374141&#8243; use_theme_fonts=\u00bbyes\u00bb][vc_column_text]NTvsat tambi\u00e9n es capaz de proporcionarle una transmisi\u00f3n de v\u00eddeo por IP a trav\u00e9s de la plataforma Zixi. Esto le permitir\u00e1 transmitir el contenido de v\u00eddeo de forma segura, sin problemas, con menores costes y a escala.[\/vc_column_text][vc_btn title=\u00bbCONTACTE CON EL SERVICIO DE ATENCI\u00d3N AL CLIENTE\u00bb style=\u00bboutline-custom\u00bb outline_custom_color=\u00bb#64b400&#8243; outline_custom_hover_background=\u00bb#64b400&#8243; outline_custom_hover_text=\u00bb#ffffff\u00bb css_animation=\u00bbfadeIn\u00bb link=\u00bburl:%2Fcontact%2F|title:Contact||\u00bb][\/vc_column_inner][\/vc_row_inner][\/vc_column][\/vc_row][vc_row full_width=\u00bbstretch_row\u00bb css=\u00bb.vc_custom_1553523725243{background-color: #374141 !important;}\u00bb][vc_column width=\u00bb1\/3&#8243;][vc_row_inner][vc_column_inner width=\u00bb2\/3&#8243;][vc_single_image image=\u00bb2551&#8243; img_size=\u00bbfull\u00bb][\/vc_column_inner][vc_column_inner width=\u00bb1\/3&#8243;][\/vc_column_inner][\/vc_row_inner][vc_column_text css=\u00bb.vc_custom_1553523669799{margin-bottom: 0px !important;}\u00bb]<a href=\"\/impressum\">Datenschutzerkl\u00e4rung\/Impressum<\/a>[\/vc_column_text][\/vc_column][vc_column width=\u00bb1\/3&#8243;][vc_custom_heading text=\u00bbNTvsat\u00bb font_container=\u00bbtag:h4|font_size:12|text_align:left|color:%23ffffff\u00bb use_theme_fonts=\u00bbyes\u00bb][vc_column_text css=\u00bb.vc_custom_1586443742483{margin-top: 0px !important;}\u00bb]Somos una compa\u00f1\u00eda alemana que provee todos los servicios de Internet por sat\u00e9lite. Nuestro objetivo es conectar lugares remotos con Internet o su red local. Tambi\u00e9n proveemos internet para veh\u00edculos en movimiento como barcos, camiones, trenes o llanuras. Nuestro principal objetivo es \u00c1frica y el Cercano Oriente.[\/vc_column_text][\/vc_column][vc_column width=\u00bb1\/3&#8243;][vc_custom_heading text=\u00bbCONTACT\u00bb font_container=\u00bbtag:h4|font_size:12|text_align:left|color:%23ffffff\u00bb use_theme_fonts=\u00bbyes\u00bb][vc_column_text css=\u00bb.vc_custom_1586443756394{border-radius: 1px !important;}\u00bb]NTvsat<br \/>\nAlter Schlachthof 17<br \/>\nKarlsruhe<br \/>\nGermany<\/p>\n<p>Tel\u00e9fono: +49.173.699 09 74<br \/>\nsales@nt-vsat.de<\/p>\n<p>www.nt-vsat.com[\/vc_column_text][\/vc_column][\/vc_row]<\/p>\n<\/section>","protected":false},"excerpt":{"rendered":"<p>[vc_row full_width=\u00bbstretch_row\u00bb equal_height=\u00bbyes\u00bb content_placement=\u00bbtop\u00bb parallax=\u00bbcontent-moving\u00bb parallax_speed_bg=\u00bb1&#8243; video_overlay_color=\u00bb#0022a0&#8243; enable_bottom_divider=\u00bbenabled\u00bb shape_bottom_height=\u00bb120&#8243; shape_bottom_index=\u00bb3&#8243; css=\u00bb.vc_custom_1552143386106{background-color: #efefef !important;background-position: center;background-repeat: no-repeat;background-size: cover !important;}\u00bb shape_bottom_color=\u00bb#efefef\u00bb][vc_column animation=\u00bbwpb_bottom-to-top\u00bb css=\u00bb.vc_custom_1551630223461{margin-top: 0px !important;}\u00bb][rev_slider_vc alias=\u00bbntvsatslider-mit-zixi-1&#8243;][\/vc_column][\/vc_row][vc_row full_width=\u00bbstretch_row\u00bb content_placement=\u00bbbottom\u00bb css=\u00bb.vc_custom_1553337663038{padding-top: 20px !important;padding-bottom: 0% !important;background-color: #efefef !important;}\u00bb][vc_column width=\u00bb1\/6&#8243;][\/vc_column][vc_column width=\u00bb2\/3&#8243; animation=\u00bbwpb_bottom-to-top\u00bb animationdelay=\u00bb.5&#8243;][vc_single_image image=\u00bb2551&#8243; img_size=\u00bbfull\u00bb alignment=\u00bbcenter\u00bb css_animation=\u00bbslideInDown\u00bb][vc_custom_heading text=\u00bbTodos en NTvsat est\u00e1n impulsados por la pasi\u00f3n de un mundo conectado. En un mercado &hellip; <a href=\"https:\/\/nt-vsat.com\/es\/\" title=\"German &#8211; Satellite Internet Provider\" class=\"read-more\">Read More<\/a><\/p>\n","protected":false},"author":3,"featured_media":0,"parent":0,"menu_order":0,"comment_status":"closed","ping_status":"closed","template":"","meta":{"footnotes":""},"class_list":["post-5747","page","type-page","status-publish","hentry"],"yoast_head":"<!-- This site is optimized with the Yoast SEO Premium plugin v15.5 - https:\/\/yoast.com\/wordpress\/plugins\/seo\/ -->\n<title>German - Satellite Internet Provider | NTvsat<\/title>\n<meta name=\"description\" content=\"We connect remote locations via satellite, landing in german teleport using iDirect, UHP, Newtec and Comtech VSAT technology to provide internet access.\" \/>\n<meta name=\"robots\" content=\"index, follow, max-snippet:-1, max-image-preview:large, max-video-preview:-1\" \/>\n<link rel=\"canonical\" href=\"https:\/\/nt-vsat.com\/es\/\" \/>\n<meta property=\"og:locale\" content=\"es_ES\" \/>\n<meta property=\"og:type\" content=\"article\" \/>\n<meta property=\"og:title\" content=\"German - Satellite Internet Provider | NTvsat\" \/>\n<meta property=\"og:description\" content=\"We connect remote locations via satellite, landing in german teleport using iDirect, UHP, Newtec and Comtech VSAT technology to provide internet access.\" \/>\n<meta property=\"og:url\" content=\"https:\/\/nt-vsat.com\/es\/\" \/>\n<meta property=\"og:site_name\" content=\"NTvsat\" \/>\n<meta property=\"article:publisher\" content=\"https:\/\/www.facebook.com\/NTvsat-100170158192571\/\" \/>\n<meta property=\"article:modified_time\" content=\"2023-07-04T12:54:25+00:00\" \/>\n<meta name=\"twitter:card\" content=\"summary_large_image\" \/>\n<meta name=\"twitter:label1\" content=\"Tiempo de lectura\">\n\t<meta name=\"twitter:data1\" content=\"6 minutos\">\n<script type=\"application\/ld+json\" class=\"yoast-schema-graph\">{\"@context\":\"https:\/\/schema.org\",\"@graph\":[{\"@type\":\"Organization\",\"@id\":\"https:\/\/nt-vsat.com\/es\/#organization\",\"name\":\"NTvsat Satellite Internet\",\"url\":\"https:\/\/nt-vsat.com\/es\/\",\"sameAs\":[\"https:\/\/www.facebook.com\/NTvsat-100170158192571\/\"],\"logo\":{\"@type\":\"ImageObject\",\"@id\":\"https:\/\/nt-vsat.com\/es\/#logo\",\"inLanguage\":\"es\",\"url\":\"https:\/\/nt-vsat.com\/wp-content\/uploads\/2019\/03\/NTVSAT_EW03_logo_u_claim-e1552253360734.png\",\"width\":165,\"height\":70,\"caption\":\"NTvsat Satellite Internet\"},\"image\":{\"@id\":\"https:\/\/nt-vsat.com\/es\/#logo\"}},{\"@type\":\"WebSite\",\"@id\":\"https:\/\/nt-vsat.com\/es\/#website\",\"url\":\"https:\/\/nt-vsat.com\/es\/\",\"name\":\"NTvsat\",\"description\":\"GET Connected\",\"publisher\":{\"@id\":\"https:\/\/nt-vsat.com\/es\/#organization\"},\"potentialAction\":[{\"@type\":\"SearchAction\",\"target\":\"https:\/\/nt-vsat.com\/es\/?s={search_term_string}\",\"query-input\":\"required name=search_term_string\"}],\"inLanguage\":\"es\"},{\"@type\":\"WebPage\",\"@id\":\"https:\/\/nt-vsat.com\/es\/#webpage\",\"url\":\"https:\/\/nt-vsat.com\/es\/\",\"name\":\"German - Satellite Internet Provider | NTvsat\",\"isPartOf\":{\"@id\":\"https:\/\/nt-vsat.com\/es\/#website\"},\"datePublished\":\"2018-05-18T14:10:18+00:00\",\"dateModified\":\"2023-07-04T12:54:25+00:00\",\"description\":\"We connect remote locations via satellite, landing in german teleport using iDirect, UHP, Newtec and Comtech VSAT technology to provide internet access.\",\"inLanguage\":\"es\",\"potentialAction\":[{\"@type\":\"ReadAction\",\"target\":[\"https:\/\/nt-vsat.com\/es\/\"]}]}]}<\/script>\n<!-- \/ Yoast SEO Premium plugin. -->","_links":{"self":[{"href":"https:\/\/nt-vsat.com\/es\/wp-json\/wp\/v2\/pages\/5747","targetHints":{"allow":["GET"]}}],"collection":[{"href":"https:\/\/nt-vsat.com\/es\/wp-json\/wp\/v2\/pages"}],"about":[{"href":"https:\/\/nt-vsat.com\/es\/wp-json\/wp\/v2\/types\/page"}],"author":[{"embeddable":true,"href":"https:\/\/nt-vsat.com\/es\/wp-json\/wp\/v2\/users\/3"}],"replies":[{"embeddable":true,"href":"https:\/\/nt-vsat.com\/es\/wp-json\/wp\/v2\/comments?post=5747"}],"version-history":[{"count":6,"href":"https:\/\/nt-vsat.com\/es\/wp-json\/wp\/v2\/pages\/5747\/revisions"}],"predecessor-version":[{"id":8104,"href":"https:\/\/nt-vsat.com\/es\/wp-json\/wp\/v2\/pages\/5747\/revisions\/8104"}],"wp:attachment":[{"href":"https:\/\/nt-vsat.com\/es\/wp-json\/wp\/v2\/media?parent=5747"}],"curies":[{"name":"wp","href":"https:\/\/api.w.org\/{rel}","templated":true}]}}