{"id":5754,"date":"2019-03-26T19:26:56","date_gmt":"2019-03-26T18:26:56","guid":{"rendered":"https:\/\/www.nt-vsat.com\/services\/"},"modified":"2020-04-14T08:51:40","modified_gmt":"2020-04-14T08:51:40","slug":"services","status":"publish","type":"page","link":"https:\/\/nt-vsat.com\/es\/services\/","title":{"rendered":"Servicios"},"content":{"rendered":"<section class=\"wpb-content-wrapper\"><p>[vc_row gap=\u00bb30&#8243; equal_height=\u00bbyes\u00bb content_placement=\u00bbmiddle\u00bb video_overlay_color=\u00bb#2373a5&#8243; enable_bottom_divider=\u00bbenabled\u00bb shape_bottom_height=\u00bb120&#8243; shape_bottom_index=\u00bb3&#8243; css=\u00bb.vc_custom_1553246054805{padding-top: 4% !important;padding-bottom: 4% !important;background-color: #2373a5 !important;}\u00bb shape_bottom_color=\u00bb#efefef\u00bb][vc_column animation=\u00bbwpb_bottom-to-top\u00bb css=\u00bb.vc_custom_1551630223461{margin-top: 0px !important;}\u00bb][vc_custom_heading source=\u00bbpost_title\u00bb font_container=\u00bbtag:h2|text_align:center|color:%23ffffff\u00bb use_theme_fonts=\u00bbyes\u00bb][\/vc_column][\/vc_row][vc_row][vc_column][vc_empty_space height=\u00bb20px\u00bb][\/vc_column][\/vc_row][vc_section][vc_row full_width=\u00bbstretch_row\u00bb css=\u00bb.vc_custom_1581416355124{background-color: #efefef !important;}\u00bb el_id=\u00bbbusinesscases\u00bb el_class=\u00bbbusinesscases\u00bb][vc_column animation=\u00bbwpb_bottom-to-top\u00bb][vc_custom_heading text=\u00bbNTvsat Services\u00bb font_container=\u00bbtag:h4|text_align:left|color:%2364b400&#8243; use_theme_fonts=\u00bbyes\u00bb css_animation=\u00bbslideInUp\u00bb][vc_row_inner][vc_column_inner width=\u00bb1\/4&#8243;]\n\t\t\t\t<figure class=\"imghvr-fold-up vcmpihover\">\n\t\t\t\t\t<img decoding=\"async\" src=\"https:\/\/nt-vsat.com\/wp-content\/uploads\/2019\/03\/iStock-1058936702-e1553866424741-1.jpg\" alt=\"example-image\">\n\t\t\t\t\t<figcaption style=\"background: #64b400 url() no-repeat 0 50% \/ cover\">\n\t\t\t\t\t\t<h3 style=\"color: ; font-size:1\"><\/h3>\n\t\t\t\t\t\t<p style=\"color: ; font-size:\">APRENDA M\u00c1S<\/p>\n\t\t\t\t\t<\/figcaption>\n\t\t\t\t\t\t<a href=\"\/es\/field-services\/\"><\/a>\n\t\t\t\t<\/figure>[vc_custom_heading text=\u00bbServicios de campo\u00bb font_container=\u00bbtag:h4|font_size:20|text_align:left|color:%23374141&#8243; use_theme_fonts=\u00bbyes\u00bb][vc_column_text]Por supuesto, NTvsat tambi\u00e9n le ofrece el paquete completo para la instalaci\u00f3n de un sistema VSAT. Esto incluye la planificaci\u00f3n del sitio, &#8230;<\/p>\n<p><a href=\"\/es\/field-services\">leer m\u00e1s<\/a>[\/vc_column_text][\/vc_column_inner][vc_column_inner width=\u00bb1\/4&#8243;]\n\t\t\t\t<figure class=\"imghvr-fold-down vcmpihover\">\n\t\t\t\t\t<img decoding=\"async\" src=\"https:\/\/nt-vsat.com\/wp-content\/uploads\/2019\/03\/iStock-908830676-e1553866791352-1.jpg\" alt=\"example-image\">\n\t\t\t\t\t<figcaption style=\"background: #64b400 url() no-repeat 0 50% \/ cover\">\n\t\t\t\t\t\t<h3 style=\"color: ; font-size:\"><\/h3>\n\t\t\t\t\t\t<p style=\"color: ; font-size:\">APRENDA M\u00c1S<\/p>\n\t\t\t\t\t<\/figcaption>\n\t\t\t\t\t\t<a href=\"\/es\/tv-broadcasting\/\"><\/a>\n\t\t\t\t<\/figure>[vc_custom_heading text=\u00bbTransmisi\u00f3n de televisi\u00f3n\u00bb font_container=\u00bbtag:h4|font_size:20|text_align:left|color:%23374141&#8243; use_theme_fonts=\u00bbyes\u00bb][vc_column_text]Por supuesto, tambi\u00e9n podemos ofrecerle el uso ocasional de la capacidad del sat\u00e9lite. Ya sea planeado o inesperado, solo o por un per\u00edodo espec\u00edfico, corto o largo, &#8230;<\/p>\n<p><a href=\"https:\/\/www.nt-vsat.com\/es\/tv-broadcasting\/\">leer m\u00e1s<\/a>[\/vc_column_text][\/vc_column_inner][vc_column_inner width=\u00bb1\/4&#8243;]\n\t\t\t\t<figure class=\"imghvr-fold-up vcmpihover\">\n\t\t\t\t\t<img decoding=\"async\" src=\"https:\/\/nt-vsat.com\/wp-content\/uploads\/2019\/03\/iStock-172263001-1-e1553867536442-1.jpg\" alt=\"example-image\">\n\t\t\t\t\t<figcaption style=\"background: #64b400 url() no-repeat 0 50% \/ cover\">\n\t\t\t\t\t\t<h3 style=\"color: ; font-size:\"><\/h3>\n\t\t\t\t\t\t<p style=\"color: ; font-size:\">APRENDA M\u00c1S<\/p>\n\t\t\t\t\t<\/figcaption>\n\t\t\t\t\t\t<a href=\"\/es\/broadband-satellite\/\"><\/a>\n\t\t\t\t<\/figure>[vc_custom_heading text=\u00bbConexi\u00f3n de banda ancha\u00bb font_container=\u00bbtag:h4|font_size:20|text_align:left|color:%23374141&#8243; use_theme_fonts=\u00bbyes\u00bb][vc_column_text]Una conexi\u00f3n de banda ancha v\u00eda sat\u00e9lite es la soluci\u00f3n ideal para permitir el acceso a internet en zonas inaccesibles como monta\u00f1as, islas, bosques y selvas. Es dif\u00edcil&#8230;<\/p>\n<p><a href=\"https:\/\/www.nt-vsat.com\/es\/broadband-satellite\/\">leer m\u00e1s<\/a>[\/vc_column_text][\/vc_column_inner][vc_column_inner width=\u00bb1\/4&#8243;]\n\t\t\t\t<figure class=\"imghvr-fold-down vcmpihover\">\n\t\t\t\t\t<img decoding=\"async\" src=\"https:\/\/nt-vsat.com\/wp-content\/uploads\/2019\/03\/iStock-831053190-e1553869505873-1.jpg\" alt=\"example-image\">\n\t\t\t\t\t<figcaption style=\"background: #64b400 url() no-repeat 0 50% \/ cover\">\n\t\t\t\t\t\t<h3 style=\"color: ; font-size:\"><\/h3>\n\t\t\t\t\t\t<p style=\"color: ; font-size:\">APRENDA M\u00c1S<\/p>\n\t\t\t\t\t<\/figcaption>\n\t\t\t\t\t\t<a href=\"\/es\/satcom-on-the-move\/\"><\/a>\n\t\t\t\t<\/figure>[vc_custom_heading text=\u00bbSatcom On The Move\u00bb font_container=\u00bbtag:h4|font_size:20|text_align:left|color:%23374141&#8243; use_theme_fonts=\u00bbyes\u00bb][vc_column_text]La tecnolog\u00eda de los sat\u00e9lites m\u00f3viles se utiliza especialmente en los veh\u00edculos militares terrestres, en el mar y en el aire. Aqu\u00ed, los sistemas integrados en el veh\u00edculo aseguran una banda ancha segura &#8230;<\/p>\n<p><a href=\"https:\/\/www.nt-vsat.com\/satcom-on-the-move\/\">leer m\u00e1s<\/a>[\/vc_column_text][\/vc_column_inner][\/vc_row_inner][\/vc_column][\/vc_row][vc_row full_width=\u00bbstretch_row\u00bb css=\u00bb.vc_custom_1553885979707{background-color: #efefef !important;}\u00bb el_class=\u00bbbusinesscases\u00bb][vc_column width=\u00bb1\/4&#8243; animation=\u00bbwpb_bottom-to-top\u00bb]\n\t\t\t\t<figure class=\"imghvr-fold-up vcmpihover\">\n\t\t\t\t\t<img decoding=\"async\" src=\"https:\/\/nt-vsat.com\/wp-content\/uploads\/2019\/03\/iStock-1015519582-e1553868814186-1.jpg\" alt=\"example-image\">\n\t\t\t\t\t<figcaption style=\"background: #64b400 url() no-repeat 0 50% \/ cover\">\n\t\t\t\t\t\t<h3 style=\"color: ; font-size:1\"><\/h3>\n\t\t\t\t\t\t<p style=\"color: ; font-size:\">APRENDA M\u00c1S<\/p>\n\t\t\t\t\t<\/figcaption>\n\t\t\t\t\t\t<a href=\"https:\/\/www.nt-vsat.com\/es\/backup-services\/\"><\/a>\n\t\t\t\t<\/figure>[vc_custom_heading text=\u00bbServicios de respaldo\u00bb font_container=\u00bbtag:h4|font_size:20|text_align:left|color:%23374141&#8243; use_theme_fonts=\u00bbyes\u00bb][vc_column_text]Todos los negocios de hoy en d\u00eda dependen de una conexi\u00f3n estable de Internet y tel\u00e9fono para llevar a cabo el d\u00eda a d\u00eda&#8230;<\/p>\n<p><a href=\"https:\/\/www.nt-vsat.com\/es\/backup-services\/\">leer m\u00e1s<\/a>[\/vc_column_text][\/vc_column][vc_column width=\u00bb1\/4&#8243; animation=\u00bbwpb_bottom-to-top\u00bb]\n\t\t\t\t<figure class=\"imghvr-fold-up vcmpihover\">\n\t\t\t\t\t<img decoding=\"async\" src=\"https:\/\/nt-vsat.com\/wp-content\/uploads\/2019\/03\/GettyImages-83372673-e1553951105357.jpg\" alt=\"example-image\">\n\t\t\t\t\t<figcaption style=\"background: #64b400 url() no-repeat 0 50% \/ cover\">\n\t\t\t\t\t\t<h3 style=\"color: ; font-size:1\"><\/h3>\n\t\t\t\t\t\t<p style=\"color: ; font-size:\">APRENDA M\u00c1S<\/p>\n\t\t\t\t\t<\/figcaption>\n\t\t\t\t\t\t<a href=\"\/es\/network-services\/\"><\/a>\n\t\t\t\t<\/figure>[vc_custom_heading text=\u00bbTopolog\u00eda de la red de sat\u00e9lites\u00bb font_container=\u00bbtag:h4|font_size:20|text_align:left|color:%23374141&#8243; use_theme_fonts=\u00bbyes\u00bb][vc_column_text]Seg\u00fan el tama\u00f1o y el \u00e1rea de negocio de su empresa, puede ser interesante para usted establecer una red privada&#8230;<\/p>\n<p><a href=\"https:\/\/www.nt-vsat.com\/es\/network-services\/\">leer m\u00e1s<\/a>[\/vc_column_text][\/vc_column][vc_column width=\u00bb1\/4&#8243; animation=\u00bbwpb_bottom-to-top\u00bb]\n\t\t\t\t<figure class=\"imghvr-fold-up vcmpihover\">\n\t\t\t\t\t<img decoding=\"async\" src=\"https:\/\/nt-vsat.com\/wp-content\/uploads\/2019\/03\/iStock-493535575-e1553869977982-1.jpg\" alt=\"example-image\">\n\t\t\t\t\t<figcaption style=\"background: #64b400 url() no-repeat 0 50% \/ cover\">\n\t\t\t\t\t\t<h3 style=\"color: ; font-size:1\"><\/h3>\n\t\t\t\t\t\t<p style=\"color: ; font-size:\">APRENDA M\u00c1S<\/p>\n\t\t\t\t\t<\/figcaption>\n\t\t\t\t\t\t<a href=\"\/es\/wifi-isp-solutions\/\"><\/a>\n\t\t\t\t<\/figure>[vc_custom_heading text=\u00bbSoluciones WiFi ISP\u00bb font_container=\u00bbtag:h4|font_size:20|text_align:left|color:%23374141&#8243; use_theme_fonts=\u00bbyes\u00bb][vc_column_text]Las redes Wi-Fi ISP son redes en las que un proveedor de servicios de Internet (ISP) permite a los abonados conectarse&#8230;<\/p>\n<p><a href=\"https:\/\/www.nt-vsat.com\/es\/wifi-isp-solutions\/\">leer m\u00e1s<\/a>[\/vc_column_text][\/vc_column][vc_column width=\u00bb1\/4&#8243; animation=\u00bbwpb_bottom-to-top\u00bb]\n\t\t\t\t<figure class=\"imghvr-fold-up vcmpihover\">\n\t\t\t\t\t<img decoding=\"async\" src=\"https:\/\/nt-vsat.com\/wp-content\/uploads\/2019\/03\/iStock-481319900-e1553866270321-1.jpg\" alt=\"example-image\">\n\t\t\t\t\t<figcaption style=\"background: #64b400 url() no-repeat 0 50% \/ cover\">\n\t\t\t\t\t\t<h3 style=\"color: ; font-size:1\"><\/h3>\n\t\t\t\t\t\t<p style=\"color: ; font-size:\">APRENDA M\u00c1S<\/p>\n\t\t\t\t\t<\/figcaption>\n\t\t\t\t\t\t<a href=\"\/es\/private-satellite-network\/\"><\/a>\n\t\t\t\t<\/figure>[vc_custom_heading text=\u00bbRed privada de sat\u00e9lites\u00bb font_container=\u00bbtag:h4|font_size:20|text_align:left|color:%23374141&#8243; use_theme_fonts=\u00bbyes\u00bb][vc_column_text]Seg\u00fan el tama\u00f1o y el \u00e1rea de negocio de su empresa, puede ser interesante para usted establecer una red privada&#8230;<\/p>\n<p><a href=\"https:\/\/www.nt-vsat.com\/es\/privat-satellitnetwork\/\">leer m\u00e1s<\/a>[\/vc_column_text][\/vc_column][\/vc_row][\/vc_section][vc_row full_width=\u00bbstretch_row\u00bb css=\u00bb.vc_custom_1552143114790{background-color: #efefef !important;}\u00bb el_id=\u00bbbusinesscases\u00bb el_class=\u00bbbusinesscases\u00bb][vc_column animation=\u00bbwpb_bottom-to-top\u00bb][vc_row_inner][vc_column_inner width=\u00bb1\/4&#8243;][\/vc_column_inner][\/vc_row_inner][\/vc_column][\/vc_row][vc_row full_width=\u00bbstretch_row\u00bb css=\u00bb.vc_custom_1553161875271{background-color: #374141 !important;}\u00bb][vc_column width=\u00bb1\/3&#8243;][vc_row_inner][vc_column_inner width=\u00bb2\/3&#8243;][vc_single_image image=\u00bb2551&#8243; img_size=\u00bbfull\u00bb][\/vc_column_inner][vc_column_inner width=\u00bb1\/3&#8243;][\/vc_column_inner][\/vc_row_inner][vc_column_text css=\u00bb.vc_custom_1553523669799{margin-bottom: 0px !important;}\u00bb]<a href=\"\/impressum\">Datenschutzerkl\u00e4rung\/Impressum<\/a>[\/vc_column_text][\/vc_column][vc_column width=\u00bb1\/3&#8243;][vc_custom_heading text=\u00bbNTvsat\u00bb font_container=\u00bbtag:h4|font_size:12|text_align:left|color:%23ffffff\u00bb use_theme_fonts=\u00bbyes\u00bb][vc_column_text css=\u00bb.vc_custom_1586854280705{margin-top: 0px !important;}\u00bb]Somos una compa\u00f1\u00eda alemana que provee todos los servicios de Internet por sat\u00e9lite. Nuestro objetivo es conectar lugares remotos con Internet o su red local. Tambi\u00e9n proveemos internet para veh\u00edculos en movimiento como barcos, camiones, trenes o llanuras. Nuestro principal objetivo es \u00c1frica y el Cercano Oriente.[\/vc_column_text][\/vc_column][vc_column width=\u00bb1\/3&#8243;][vc_custom_heading text=\u00bbCONTACT\u00bb font_container=\u00bbtag:h4|font_size:12|text_align:left|color:%23ffffff\u00bb use_theme_fonts=\u00bbyes\u00bb][vc_column_text css=\u00bb.vc_custom_1586854297055{border-radius: 1px !important;}\u00bb]Neguse Taddesse<br \/>\nAlter Schlachthof 17<br \/>\nKarlsruhe<br \/>\nGermany<\/p>\n<p>Tel\u00e9fono: +49.173.699 09 74<br \/>\nneguse.taddesse@nt-vsat.com<\/p>\n<p>www.nt-vsat.com[\/vc_column_text][\/vc_column][\/vc_row]<\/p>\n<\/section>","protected":false},"excerpt":{"rendered":"<p>[vc_row gap=\u00bb30&#8243; equal_height=\u00bbyes\u00bb content_placement=\u00bbmiddle\u00bb video_overlay_color=\u00bb#2373a5&#8243; enable_bottom_divider=\u00bbenabled\u00bb shape_bottom_height=\u00bb120&#8243; shape_bottom_index=\u00bb3&#8243; css=\u00bb.vc_custom_1553246054805{padding-top: 4% !important;padding-bottom: 4% !important;background-color: #2373a5 !important;}\u00bb shape_bottom_color=\u00bb#efefef\u00bb][vc_column animation=\u00bbwpb_bottom-to-top\u00bb css=\u00bb.vc_custom_1551630223461{margin-top: 0px !important;}\u00bb][vc_custom_heading source=\u00bbpost_title\u00bb font_container=\u00bbtag:h2|text_align:center|color:%23ffffff\u00bb use_theme_fonts=\u00bbyes\u00bb][\/vc_column][\/vc_row][vc_row][vc_column][vc_empty_space height=\u00bb20px\u00bb][\/vc_column][\/vc_row][vc_section][vc_row full_width=\u00bbstretch_row\u00bb css=\u00bb.vc_custom_1581416355124{background-color: #efefef !important;}\u00bb el_id=\u00bbbusinesscases\u00bb el_class=\u00bbbusinesscases\u00bb][vc_column animation=\u00bbwpb_bottom-to-top\u00bb][vc_custom_heading text=\u00bbNTvsat Services\u00bb font_container=\u00bbtag:h4|text_align:left|color:%2364b400&#8243; use_theme_fonts=\u00bbyes\u00bb css_animation=\u00bbslideInUp\u00bb][vc_row_inner][vc_column_inner width=\u00bb1\/4&#8243;][vc_custom_heading text=\u00bbServicios de campo\u00bb font_container=\u00bbtag:h4|font_size:20|text_align:left|color:%23374141&#8243; use_theme_fonts=\u00bbyes\u00bb][vc_column_text]Por supuesto, NTvsat tambi\u00e9n le ofrece el paquete completo para la instalaci\u00f3n de un &hellip; <a href=\"https:\/\/nt-vsat.com\/es\/services\/\" title=\"Servicios\" class=\"read-more\">Read More<\/a><\/p>\n","protected":false},"author":1,"featured_media":0,"parent":0,"menu_order":0,"comment_status":"closed","ping_status":"closed","template":"","meta":{"footnotes":""},"class_list":["post-5754","page","type-page","status-publish","hentry"],"yoast_head":"<!-- This site is optimized with the Yoast SEO Premium plugin v15.5 - https:\/\/yoast.com\/wordpress\/plugins\/seo\/ -->\n<title>Servicios | NTvsat<\/title>\n<meta name=\"robots\" content=\"index, follow, max-snippet:-1, max-image-preview:large, max-video-preview:-1\" \/>\n<link rel=\"canonical\" href=\"https:\/\/nt-vsat.com\/es\/services\/\" \/>\n<meta property=\"og:locale\" content=\"es_ES\" \/>\n<meta property=\"og:type\" content=\"article\" \/>\n<meta property=\"og:title\" content=\"Servicios | NTvsat\" \/>\n<meta property=\"og:description\" content=\"[vc_row gap=\u00bb30&#8243; equal_height=\u00bbyes\u00bb content_placement=\u00bbmiddle\u00bb video_overlay_color=\u00bb#2373a5&#8243; enable_bottom_divider=\u00bbenabled\u00bb shape_bottom_height=\u00bb120&#8243; shape_bottom_index=\u00bb3&#8243; css=\u00bb.vc_custom_1553246054805{padding-top: 4% !important;padding-bottom: 4% !important;background-color: #2373a5 !important;}\u00bb shape_bottom_color=\u00bb#efefef\u00bb][vc_column animation=\u00bbwpb_bottom-to-top\u00bb css=\u00bb.vc_custom_1551630223461{margin-top: 0px !important;}\u00bb][vc_custom_heading source=\u00bbpost_title\u00bb font_container=\u00bbtag:h2|text_align:center|color:%23ffffff\u00bb use_theme_fonts=\u00bbyes\u00bb][\/vc_column][\/vc_row][vc_row][vc_column][vc_empty_space height=\u00bb20px\u00bb][\/vc_column][\/vc_row][vc_section][vc_row full_width=\u00bbstretch_row\u00bb css=\u00bb.vc_custom_1581416355124{background-color: #efefef !important;}\u00bb el_id=\u00bbbusinesscases\u00bb el_class=\u00bbbusinesscases\u00bb][vc_column animation=\u00bbwpb_bottom-to-top\u00bb][vc_custom_heading text=\u00bbNTvsat Services\u00bb font_container=\u00bbtag:h4|text_align:left|color:%2364b400&#8243; use_theme_fonts=\u00bbyes\u00bb css_animation=\u00bbslideInUp\u00bb][vc_row_inner][vc_column_inner width=\u00bb1\/4&#8243;][vc_custom_heading text=\u00bbServicios de campo\u00bb font_container=\u00bbtag:h4|font_size:20|text_align:left|color:%23374141&#8243; use_theme_fonts=\u00bbyes\u00bb][vc_column_text]Por supuesto, NTvsat tambi\u00e9n le ofrece el paquete completo para la instalaci\u00f3n de un [&hellip;]\" \/>\n<meta property=\"og:url\" content=\"https:\/\/nt-vsat.com\/es\/services\/\" \/>\n<meta property=\"og:site_name\" content=\"NTvsat\" \/>\n<meta property=\"article:publisher\" content=\"https:\/\/www.facebook.com\/NTvsat-100170158192571\/\" \/>\n<meta property=\"article:modified_time\" content=\"2020-04-14T08:51:40+00:00\" \/>\n<meta name=\"twitter:card\" content=\"summary_large_image\" \/>\n<meta name=\"twitter:label1\" content=\"Tiempo de lectura\">\n\t<meta name=\"twitter:data1\" content=\"5 minutos\">\n<script type=\"application\/ld+json\" class=\"yoast-schema-graph\">{\"@context\":\"https:\/\/schema.org\",\"@graph\":[{\"@type\":\"Organization\",\"@id\":\"https:\/\/nt-vsat.com\/es\/#organization\",\"name\":\"NTvsat Satellite Internet\",\"url\":\"https:\/\/nt-vsat.com\/es\/\",\"sameAs\":[\"https:\/\/www.facebook.com\/NTvsat-100170158192571\/\"],\"logo\":{\"@type\":\"ImageObject\",\"@id\":\"https:\/\/nt-vsat.com\/es\/#logo\",\"inLanguage\":\"es\",\"url\":\"https:\/\/nt-vsat.com\/wp-content\/uploads\/2019\/03\/NTVSAT_EW03_logo_u_claim-e1552253360734.png\",\"width\":165,\"height\":70,\"caption\":\"NTvsat Satellite Internet\"},\"image\":{\"@id\":\"https:\/\/nt-vsat.com\/es\/#logo\"}},{\"@type\":\"WebSite\",\"@id\":\"https:\/\/nt-vsat.com\/es\/#website\",\"url\":\"https:\/\/nt-vsat.com\/es\/\",\"name\":\"NTvsat\",\"description\":\"GET Connected\",\"publisher\":{\"@id\":\"https:\/\/nt-vsat.com\/es\/#organization\"},\"potentialAction\":[{\"@type\":\"SearchAction\",\"target\":\"https:\/\/nt-vsat.com\/es\/?s={search_term_string}\",\"query-input\":\"required name=search_term_string\"}],\"inLanguage\":\"es\"},{\"@type\":\"WebPage\",\"@id\":\"https:\/\/nt-vsat.com\/es\/services\/#webpage\",\"url\":\"https:\/\/nt-vsat.com\/es\/services\/\",\"name\":\"Servicios | NTvsat\",\"isPartOf\":{\"@id\":\"https:\/\/nt-vsat.com\/es\/#website\"},\"datePublished\":\"2019-03-26T18:26:56+00:00\",\"dateModified\":\"2020-04-14T08:51:40+00:00\",\"inLanguage\":\"es\",\"potentialAction\":[{\"@type\":\"ReadAction\",\"target\":[\"https:\/\/nt-vsat.com\/es\/services\/\"]}]}]}<\/script>\n<!-- \/ Yoast SEO Premium plugin. -->","_links":{"self":[{"href":"https:\/\/nt-vsat.com\/es\/wp-json\/wp\/v2\/pages\/5754","targetHints":{"allow":["GET"]}}],"collection":[{"href":"https:\/\/nt-vsat.com\/es\/wp-json\/wp\/v2\/pages"}],"about":[{"href":"https:\/\/nt-vsat.com\/es\/wp-json\/wp\/v2\/types\/page"}],"author":[{"embeddable":true,"href":"https:\/\/nt-vsat.com\/es\/wp-json\/wp\/v2\/users\/1"}],"replies":[{"embeddable":true,"href":"https:\/\/nt-vsat.com\/es\/wp-json\/wp\/v2\/comments?post=5754"}],"version-history":[{"count":3,"href":"https:\/\/nt-vsat.com\/es\/wp-json\/wp\/v2\/pages\/5754\/revisions"}],"predecessor-version":[{"id":6434,"href":"https:\/\/nt-vsat.com\/es\/wp-json\/wp\/v2\/pages\/5754\/revisions\/6434"}],"wp:attachment":[{"href":"https:\/\/nt-vsat.com\/es\/wp-json\/wp\/v2\/media?parent=5754"}],"curies":[{"name":"wp","href":"https:\/\/api.w.org\/{rel}","templated":true}]}}