{"id":5810,"date":"2019-03-09T16:13:25","date_gmt":"2019-03-09T15:13:25","guid":{"rendered":"https:\/\/www.nt-vsat.com\/business-cases\/"},"modified":"2020-04-14T09:53:38","modified_gmt":"2020-04-14T09:53:38","slug":"business-cases","status":"publish","type":"page","link":"https:\/\/nt-vsat.com\/es\/business-cases\/","title":{"rendered":"Casos de negocios"},"content":{"rendered":"<section class=\"wpb-content-wrapper\"><p>[vc_row gap=\u00bb30&#8243; equal_height=\u00bbyes\u00bb content_placement=\u00bbmiddle\u00bb video_overlay_color=\u00bb#2373a5&#8243; enable_bottom_divider=\u00bbenabled\u00bb shape_bottom_height=\u00bb120&#8243; shape_bottom_index=\u00bb3&#8243; css=\u00bb.vc_custom_1553246054805{padding-top: 4% !important;padding-bottom: 4% !important;background-color: #2373a5 !important;}\u00bb shape_bottom_color=\u00bb#efefef\u00bb][vc_column animation=\u00bbwpb_bottom-to-top\u00bb css=\u00bb.vc_custom_1551630223461{margin-top: 0px !important;}\u00bb][vc_custom_heading text=\u00bbCasos de negocios\u00bb font_container=\u00bbtag:h2|text_align:center|color:%23ffffff\u00bb use_theme_fonts=\u00bbyes\u00bb][\/vc_column][\/vc_row][vc_row][vc_column][vc_empty_space height=\u00bb20px\u00bb][\/vc_column][\/vc_row][vc_row full_width=\u00bbstretch_row\u00bb css=\u00bb.vc_custom_1553528290253{background-color: #efefef !important;}\u00bb el_id=\u00bbbusinesscases\u00bb el_class=\u00bbbusinesscases\u00bb][vc_column animation=\u00bbwpb_bottom-to-top\u00bb][vc_custom_heading text=\u00bbCasos de negocios\u00bb font_container=\u00bbtag:h4|text_align:left|color:%2364b400&#8243; use_theme_fonts=\u00bbyes\u00bb css_animation=\u00bbslideInUp\u00bb][vc_row_inner][vc_column_inner width=\u00bb1\/4&#8243;]\n\t\t\t\t<figure class=\"imghvr-fold-up vcmpihover\">\n\t\t\t\t\t<img decoding=\"async\" src=\"https:\/\/nt-vsat.com\/wp-content\/uploads\/2019\/03\/GettyImages-150004382-2.jpg\" alt=\"example-image\">\n\t\t\t\t\t<figcaption style=\"background: #64b400 url() no-repeat 0 50% \/ cover\">\n\t\t\t\t\t\t<h3 style=\"color: ; font-size:1\"><\/h3>\n\t\t\t\t\t\t<p style=\"color: ; font-size:\">APRENDA M\u00c1S<\/p>\n\t\t\t\t\t<\/figcaption>\n\t\t\t\t\t\t<a href=\"\/es\/project\/maritime\"><\/a>\n\t\t\t\t<\/figure>[vc_custom_heading text=\u00bbSoluci\u00f3n de sat\u00e9lites mar\u00edtimos\u00bb font_container=\u00bbtag:h4|font_size:20|text_align:left|color:%23374141&#8243; use_theme_fonts=\u00bbyes\u00bb][vc_column_text]Cada vez es mayor la necesidad de aumentar la conciencia de las soluciones satelitales para la comunidad mar\u00edtima, as\u00ed como la importancia de ampliar la capacitaci\u00f3n, facilitar&#8230;<\/p>\n<p><a href=\"\/es\/project\/maritime\">leer m\u00e1s<\/a>[\/vc_column_text][\/vc_column_inner][vc_column_inner width=\u00bb1\/4&#8243;]\n\t\t\t\t<figure class=\"imghvr-fold-down vcmpihover\">\n\t\t\t\t\t<img decoding=\"async\" src=\"https:\/\/nt-vsat.com\/wp-content\/uploads\/2019\/03\/GettyImages-1070188740-1.jpg\" alt=\"example-image\">\n\t\t\t\t\t<figcaption style=\"background: #64b400 url() no-repeat 0 50% \/ cover\">\n\t\t\t\t\t\t<h3 style=\"color: ; font-size:\"><\/h3>\n\t\t\t\t\t\t<p style=\"color: ; font-size:\">APRENDA M\u00c1S<\/p>\n\t\t\t\t\t<\/figcaption>\n\t\t\t\t\t\t<a href=\"\/es\/project\/oilgas\"><\/a>\n\t\t\t\t<\/figure>[vc_custom_heading text=\u00bbPetr\u00f3leo y Gas\u00bb font_container=\u00bbtag:h4|font_size:20|text_align:left|color:%23374141&#8243; use_theme_fonts=\u00bbyes\u00bb][vc_column_text]El petr\u00f3leo es una importante materia prima de nuestro tiempo. Para producirlo, se construyen plataformas petrol\u00edferas en todo el mundo, a menudo en lugares casi inaccesibles en medio del mar. Por supuesto,&#8230;<\/p>\n<p><a href=\"\/es\/project\/oilgas\">leer m\u00e1s<\/a>[\/vc_column_text][\/vc_column_inner][vc_column_inner width=\u00bb1\/4&#8243;]\n\t\t\t\t<figure class=\"imghvr-fold-up vcmpihover\">\n\t\t\t\t\t<img decoding=\"async\" src=\"https:\/\/nt-vsat.com\/wp-content\/uploads\/2019\/03\/GettyImages-175603484-1.jpg\" alt=\"example-image\">\n\t\t\t\t\t<figcaption style=\"background: #64b400 url() no-repeat 0 50% \/ cover\">\n\t\t\t\t\t\t<h3 style=\"color: ; font-size:\"><\/h3>\n\t\t\t\t\t\t<p style=\"color: ; font-size:\">APRENDA M\u00c1S<\/p>\n\t\t\t\t\t<\/figcaption>\n\t\t\t\t\t\t<a href=\"\/es\/project\/mining\"><\/a>\n\t\t\t\t<\/figure>[vc_custom_heading text=\u00bbMiner\u00eda\u00bb font_container=\u00bbtag:h4|font_size:20|text_align:left|color:%23374141&#8243; use_theme_fonts=\u00bbyes\u00bb][vc_column_text]A medida que la demanda de minerales sigue creciendo en todo el mundo, las compa\u00f1\u00edas mineras est\u00e1n explorando cada vez m\u00e1s dep\u00f3sitos remotos en todo el mundo, a menudo lejos de la l\u00ednea fija&#8230;<\/p>\n<p><a href=\"\/es\/project\/mining\">leer m\u00e1s<\/a>[\/vc_column_text][\/vc_column_inner][vc_column_inner width=\u00bb1\/4&#8243;]\n\t\t\t\t<figure class=\"imghvr-fold-down vcmpihover\">\n\t\t\t\t\t<img decoding=\"async\" src=\"https:\/\/nt-vsat.com\/wp-content\/uploads\/2019\/03\/iStock-500837820-e1553779502426-1-e1555592626981.jpg\" alt=\"example-image\">\n\t\t\t\t\t<figcaption style=\"background: #64b400 url() no-repeat 0 50% \/ cover\">\n\t\t\t\t\t\t<h3 style=\"color: ; font-size:\"><\/h3>\n\t\t\t\t\t\t<p style=\"color: ; font-size:\">APRENDA M\u00c1S<\/p>\n\t\t\t\t\t<\/figcaption>\n\t\t\t\t\t\t<a href=\"\/es\/project\/fleet\"><\/a>\n\t\t\t\t<\/figure>[vc_custom_heading text=\u00bbPreparaci\u00f3n para los desastres\u00bb font_container=\u00bbtag:h4|font_size:20|text_align:left|color:%23374141&#8243; use_theme_fonts=\u00bbyes\u00bb][vc_column_text]Hay desastres naturales una y otra vez y como la palabra ya dice, ocurren mayormente de manera sorprendente por la naturaleza y terminan en un desastre para la regi\u00f3n afectada&#8230;<\/p>\n<p><a href=\"\/es\/project\/desaster\">leer m\u00e1s<\/a>[\/vc_column_text][\/vc_column_inner][\/vc_row_inner][\/vc_column][\/vc_row][vc_row full_width=\u00bbstretch_row\u00bb css=\u00bb.vc_custom_1552143114790{background-color: #efefef !important;}\u00bb el_id=\u00bbbusinesscases\u00bb el_class=\u00bbbusinesscases\u00bb][vc_column animation=\u00bbwpb_bottom-to-top\u00bb][vc_row_inner][vc_column_inner width=\u00bb1\/4&#8243;]\n\t\t\t\t<figure class=\"imghvr-fold-up vcmpihover\">\n\t\t\t\t\t<img decoding=\"async\" src=\"https:\/\/nt-vsat.com\/wp-content\/uploads\/2019\/03\/iStock-1062564290-e1553779536221-1.jpg\" alt=\"example-image\">\n\t\t\t\t\t<figcaption style=\"background: #64b400 url() no-repeat 0 50% \/ cover\">\n\t\t\t\t\t\t<h3 style=\"color: ; font-size:1\"><\/h3>\n\t\t\t\t\t\t<p style=\"color: ; font-size:\">APRENDA M\u00c1S<\/p>\n\t\t\t\t\t<\/figcaption>\n\t\t\t\t\t\t<a href=\"\/es\/project\/health\"><\/a>\n\t\t\t\t<\/figure>[vc_custom_heading text=\u00bbSalud\u00bb font_container=\u00bbtag:h4|font_size:20|text_align:left|color:%23374141&#8243; use_theme_fonts=\u00bbyes\u00bb][vc_column_text]Transmisi\u00f3n en vivo de las operaciones por videoconferencia, telemedicina&#8230;<\/p>\n<p><a href=\"\/es\/project\/health\/\">leer m\u00e1s<\/a>[\/vc_column_text][\/vc_column_inner][vc_column_inner width=\u00bb1\/4&#8243;]\n\t\t\t\t<figure class=\"imghvr-fold-down vcmpihover\">\n\t\t\t\t\t<img decoding=\"async\" src=\"https:\/\/nt-vsat.com\/wp-content\/uploads\/2019\/03\/iStock-1017183652.jpg\" alt=\"example-image\">\n\t\t\t\t\t<figcaption style=\"background: #64b400 url() no-repeat 0 50% \/ cover\">\n\t\t\t\t\t\t<h3 style=\"color: ; font-size:1\"><\/h3>\n\t\t\t\t\t\t<p style=\"color: ; font-size:\">APRENDA M\u00c1S<\/p>\n\t\t\t\t\t<\/figcaption>\n\t\t\t\t\t\t<a href=\"\/es\/project\/ngo\"><\/a>\n\t\t\t\t<\/figure>[vc_custom_heading text=\u00bbONG\u00bb font_container=\u00bbtag:h4|font_size:20|text_align:left|color:%23374141&#8243; use_theme_fonts=\u00bbyes\u00bb][vc_column_text]Las organizaciones no gubernamentales est\u00e1n activas en muchas \u00e1reas. Ya sea que traten de aliviar el sufrimiento a trav\u00e9s de sus actividades, &#8230;<\/p>\n<p><a href=\"\/es\/project\/ngo\">leer m\u00e1s<\/a>[\/vc_column_text][\/vc_column_inner][vc_column_inner width=\u00bb1\/4&#8243;][\/vc_column_inner][vc_column_inner width=\u00bb1\/4&#8243;][\/vc_column_inner][\/vc_row_inner][\/vc_column][\/vc_row][vc_row full_width=\u00bbstretch_row\u00bb css=\u00bb.vc_custom_1553161875271{background-color: #374141 !important;}\u00bb][vc_column width=\u00bb1\/3&#8243;][vc_row_inner][vc_column_inner width=\u00bb2\/3&#8243;][vc_single_image image=\u00bb2551&#8243; img_size=\u00bbfull\u00bb][\/vc_column_inner][vc_column_inner width=\u00bb1\/3&#8243;][\/vc_column_inner][\/vc_row_inner][vc_column_text css=\u00bb.vc_custom_1553523669799{margin-bottom: 0px !important;}\u00bb]<a href=\"\/impressum\">Datenschutzerkl\u00e4rung\/Impressum<\/a>[\/vc_column_text][\/vc_column][vc_column width=\u00bb1\/3&#8243;][vc_custom_heading text=\u00bbNTvsat\u00bb font_container=\u00bbtag:h4|font_size:12|text_align:left|color:%23ffffff\u00bb use_theme_fonts=\u00bbyes\u00bb][vc_column_text css=\u00bb.vc_custom_1586858000327{margin-top: 0px !important;}\u00bb]Somos una compa\u00f1\u00eda alemana que provee todos los servicios de Internet por sat\u00e9lite. Nuestro objetivo es conectar lugares remotos con Internet o su red local. Tambi\u00e9n proveemos internet para veh\u00edculos en movimiento como barcos, camiones, trenes o llanuras. Nuestro principal objetivo es \u00c1frica y el Cercano Oriente.[\/vc_column_text][\/vc_column][vc_column width=\u00bb1\/3&#8243;][vc_custom_heading text=\u00bbCONTACT\u00bb font_container=\u00bbtag:h4|font_size:12|text_align:left|color:%23ffffff\u00bb use_theme_fonts=\u00bbyes\u00bb][vc_column_text css=\u00bb.vc_custom_1586858009838{border-radius: 1px !important;}\u00bb]NTvsat<br \/>\nAlter Schlachthof 17<br \/>\nKarlsruhe<br \/>\nGermany<\/p>\n<p>Tel\u00e9fono: +49.173.699 09 74<br \/>\nsales@nt-vsat.de<\/p>\n<p>www.nt-vsat.com[\/vc_column_text][\/vc_column][\/vc_row]<\/p>\n<\/section>","protected":false},"excerpt":{"rendered":"<p>[vc_row gap=\u00bb30&#8243; equal_height=\u00bbyes\u00bb content_placement=\u00bbmiddle\u00bb video_overlay_color=\u00bb#2373a5&#8243; enable_bottom_divider=\u00bbenabled\u00bb shape_bottom_height=\u00bb120&#8243; shape_bottom_index=\u00bb3&#8243; css=\u00bb.vc_custom_1553246054805{padding-top: 4% !important;padding-bottom: 4% !important;background-color: #2373a5 !important;}\u00bb shape_bottom_color=\u00bb#efefef\u00bb][vc_column animation=\u00bbwpb_bottom-to-top\u00bb css=\u00bb.vc_custom_1551630223461{margin-top: 0px !important;}\u00bb][vc_custom_heading text=\u00bbCasos de negocios\u00bb font_container=\u00bbtag:h2|text_align:center|color:%23ffffff\u00bb use_theme_fonts=\u00bbyes\u00bb][\/vc_column][\/vc_row][vc_row][vc_column][vc_empty_space height=\u00bb20px\u00bb][\/vc_column][\/vc_row][vc_row full_width=\u00bbstretch_row\u00bb css=\u00bb.vc_custom_1553528290253{background-color: #efefef !important;}\u00bb el_id=\u00bbbusinesscases\u00bb el_class=\u00bbbusinesscases\u00bb][vc_column animation=\u00bbwpb_bottom-to-top\u00bb][vc_custom_heading text=\u00bbCasos de negocios\u00bb font_container=\u00bbtag:h4|text_align:left|color:%2364b400&#8243; use_theme_fonts=\u00bbyes\u00bb css_animation=\u00bbslideInUp\u00bb][vc_row_inner][vc_column_inner width=\u00bb1\/4&#8243;][vc_custom_heading text=\u00bbSoluci\u00f3n de sat\u00e9lites mar\u00edtimos\u00bb font_container=\u00bbtag:h4|font_size:20|text_align:left|color:%23374141&#8243; use_theme_fonts=\u00bbyes\u00bb][vc_column_text]Cada vez es mayor la necesidad de aumentar la conciencia &hellip; <a href=\"https:\/\/nt-vsat.com\/es\/business-cases\/\" title=\"Casos de negocios\" class=\"read-more\">Read More<\/a><\/p>\n","protected":false},"author":3,"featured_media":0,"parent":0,"menu_order":0,"comment_status":"closed","ping_status":"closed","template":"","meta":{"footnotes":""},"class_list":["post-5810","page","type-page","status-publish","hentry"],"yoast_head":"<!-- This site is optimized with the Yoast SEO Premium plugin v15.5 - https:\/\/yoast.com\/wordpress\/plugins\/seo\/ -->\n<title>Casos de negocios | NTvsat<\/title>\n<meta name=\"robots\" content=\"index, follow, max-snippet:-1, max-image-preview:large, max-video-preview:-1\" \/>\n<link rel=\"canonical\" href=\"https:\/\/nt-vsat.com\/es\/business-cases\/\" \/>\n<meta property=\"og:locale\" content=\"es_ES\" \/>\n<meta property=\"og:type\" content=\"article\" \/>\n<meta property=\"og:title\" content=\"Casos de negocios | NTvsat\" \/>\n<meta property=\"og:description\" content=\"[vc_row gap=\u00bb30&#8243; equal_height=\u00bbyes\u00bb content_placement=\u00bbmiddle\u00bb video_overlay_color=\u00bb#2373a5&#8243; enable_bottom_divider=\u00bbenabled\u00bb shape_bottom_height=\u00bb120&#8243; shape_bottom_index=\u00bb3&#8243; css=\u00bb.vc_custom_1553246054805{padding-top: 4% !important;padding-bottom: 4% !important;background-color: #2373a5 !important;}\u00bb shape_bottom_color=\u00bb#efefef\u00bb][vc_column animation=\u00bbwpb_bottom-to-top\u00bb css=\u00bb.vc_custom_1551630223461{margin-top: 0px !important;}\u00bb][vc_custom_heading text=\u00bbCasos de negocios\u00bb font_container=\u00bbtag:h2|text_align:center|color:%23ffffff\u00bb use_theme_fonts=\u00bbyes\u00bb][\/vc_column][\/vc_row][vc_row][vc_column][vc_empty_space height=\u00bb20px\u00bb][\/vc_column][\/vc_row][vc_row full_width=\u00bbstretch_row\u00bb css=\u00bb.vc_custom_1553528290253{background-color: #efefef !important;}\u00bb el_id=\u00bbbusinesscases\u00bb el_class=\u00bbbusinesscases\u00bb][vc_column animation=\u00bbwpb_bottom-to-top\u00bb][vc_custom_heading text=\u00bbCasos de negocios\u00bb font_container=\u00bbtag:h4|text_align:left|color:%2364b400&#8243; use_theme_fonts=\u00bbyes\u00bb css_animation=\u00bbslideInUp\u00bb][vc_row_inner][vc_column_inner width=\u00bb1\/4&#8243;][vc_custom_heading text=\u00bbSoluci\u00f3n de sat\u00e9lites mar\u00edtimos\u00bb font_container=\u00bbtag:h4|font_size:20|text_align:left|color:%23374141&#8243; use_theme_fonts=\u00bbyes\u00bb][vc_column_text]Cada vez es mayor la necesidad de aumentar la conciencia [&hellip;]\" \/>\n<meta property=\"og:url\" content=\"https:\/\/nt-vsat.com\/es\/business-cases\/\" \/>\n<meta property=\"og:site_name\" content=\"NTvsat\" \/>\n<meta property=\"article:publisher\" content=\"https:\/\/www.facebook.com\/NTvsat-100170158192571\/\" \/>\n<meta property=\"article:modified_time\" content=\"2020-04-14T09:53:38+00:00\" \/>\n<meta name=\"twitter:card\" content=\"summary_large_image\" \/>\n<meta name=\"twitter:label1\" content=\"Tiempo de lectura\">\n\t<meta name=\"twitter:data1\" content=\"4 minutos\">\n<script type=\"application\/ld+json\" class=\"yoast-schema-graph\">{\"@context\":\"https:\/\/schema.org\",\"@graph\":[{\"@type\":\"Organization\",\"@id\":\"https:\/\/nt-vsat.com\/es\/#organization\",\"name\":\"NTvsat Satellite Internet\",\"url\":\"https:\/\/nt-vsat.com\/es\/\",\"sameAs\":[\"https:\/\/www.facebook.com\/NTvsat-100170158192571\/\"],\"logo\":{\"@type\":\"ImageObject\",\"@id\":\"https:\/\/nt-vsat.com\/es\/#logo\",\"inLanguage\":\"es\",\"url\":\"https:\/\/nt-vsat.com\/wp-content\/uploads\/2019\/03\/NTVSAT_EW03_logo_u_claim-e1552253360734.png\",\"width\":165,\"height\":70,\"caption\":\"NTvsat Satellite Internet\"},\"image\":{\"@id\":\"https:\/\/nt-vsat.com\/es\/#logo\"}},{\"@type\":\"WebSite\",\"@id\":\"https:\/\/nt-vsat.com\/es\/#website\",\"url\":\"https:\/\/nt-vsat.com\/es\/\",\"name\":\"NTvsat\",\"description\":\"GET Connected\",\"publisher\":{\"@id\":\"https:\/\/nt-vsat.com\/es\/#organization\"},\"potentialAction\":[{\"@type\":\"SearchAction\",\"target\":\"https:\/\/nt-vsat.com\/es\/?s={search_term_string}\",\"query-input\":\"required name=search_term_string\"}],\"inLanguage\":\"es\"},{\"@type\":\"WebPage\",\"@id\":\"https:\/\/nt-vsat.com\/es\/business-cases\/#webpage\",\"url\":\"https:\/\/nt-vsat.com\/es\/business-cases\/\",\"name\":\"Casos de negocios | NTvsat\",\"isPartOf\":{\"@id\":\"https:\/\/nt-vsat.com\/es\/#website\"},\"datePublished\":\"2019-03-09T15:13:25+00:00\",\"dateModified\":\"2020-04-14T09:53:38+00:00\",\"inLanguage\":\"es\",\"potentialAction\":[{\"@type\":\"ReadAction\",\"target\":[\"https:\/\/nt-vsat.com\/es\/business-cases\/\"]}]}]}<\/script>\n<!-- \/ Yoast SEO Premium plugin. -->","_links":{"self":[{"href":"https:\/\/nt-vsat.com\/es\/wp-json\/wp\/v2\/pages\/5810","targetHints":{"allow":["GET"]}}],"collection":[{"href":"https:\/\/nt-vsat.com\/es\/wp-json\/wp\/v2\/pages"}],"about":[{"href":"https:\/\/nt-vsat.com\/es\/wp-json\/wp\/v2\/types\/page"}],"author":[{"embeddable":true,"href":"https:\/\/nt-vsat.com\/es\/wp-json\/wp\/v2\/users\/3"}],"replies":[{"embeddable":true,"href":"https:\/\/nt-vsat.com\/es\/wp-json\/wp\/v2\/comments?post=5810"}],"version-history":[{"count":2,"href":"https:\/\/nt-vsat.com\/es\/wp-json\/wp\/v2\/pages\/5810\/revisions"}],"predecessor-version":[{"id":6460,"href":"https:\/\/nt-vsat.com\/es\/wp-json\/wp\/v2\/pages\/5810\/revisions\/6460"}],"wp:attachment":[{"href":"https:\/\/nt-vsat.com\/es\/wp-json\/wp\/v2\/media?parent=5810"}],"curies":[{"name":"wp","href":"https:\/\/api.w.org\/{rel}","templated":true}]}}