{"id":5927,"date":"2019-03-29T21:09:43","date_gmt":"2019-03-29T21:09:43","guid":{"rendered":"https:\/\/www.nt-vsat.com\/idirect-x7-ec-satellite-router\/"},"modified":"2020-04-14T11:59:20","modified_gmt":"2020-04-14T11:59:20","slug":"idirect-x7-ec-satellite-router","status":"publish","type":"page","link":"https:\/\/nt-vsat.com\/es\/idirect-x7-ec-satellite-router\/","title":{"rendered":"iDirect X7 EC Satellite Router"},"content":{"rendered":"<section class=\"wpb-content-wrapper\"><p>[vc_row gap=\u00bb30&#8243; equal_height=\u00bbyes\u00bb content_placement=\u00bbbottom\u00bb parallax=\u00bbcontent-moving\u00bb parallax_speed_bg=\u00bb1&#8243; video_overlay_color=\u00bb#0022a0&#8243; enable_bottom_divider=\u00bbenabled\u00bb shape_bottom_height=\u00bb120&#8243; shape_bottom_index=\u00bb3&#8243; css=\u00bb.vc_custom_1553608795286{padding-top: 4% !important;padding-bottom: 4% !important;background-color: #cddce1 !important;background-position: 0 0;background-repeat:-repeat;}\u00bb shape_bottom_color=\u00bb#efefef\u00bb][vc_column animation=\u00bbwpb_bottom-to-top\u00bb css=\u00bb.vc_custom_1551630223461{margin-top: 0px !important;}\u00bb][vc_custom_heading source=\u00bbpost_title\u00bb font_container=\u00bbtag:h2|text_align:center|color:%23ffffff\u00bb use_theme_fonts=\u00bbyes\u00bb][\/vc_column][\/vc_row][vc_row full_width=\u00bbstretch_row\u00bb css=\u00bb.vc_custom_1551254629384{background-color: #efefef !important;}\u00bb][vc_column][vc_empty_space height=\u00bb30px\u00bb][\/vc_column][\/vc_row][vc_row][vc_column width=\u00bb1\/2&#8243;][vc_single_image image=\u00bb4070&#8243; img_size=\u00bbfull\u00bb][vc_column_text]<\/p>\n<ul>\n<li>Ideal para aplicaciones m\u00f3viles y empresariales<\/li>\n<li>Las variantes incluyen X7-EC con tecnolog\u00eda de computaci\u00f3n incorporada, Evolution Multi-Carrier Mesh Receiver y la placa comercial Aero<\/li>\n<li>Disponible en formato de rack y en formato de tablero<\/li>\n<\/ul>\n<p>[\/vc_column_text][\/vc_column][vc_column width=\u00bb1\/2&#8243;][vc_custom_heading text=\u00bbX7-EC Satellite Router\u00bb font_container=\u00bbtag:h4|text_align:left|color:%23374141&#8243; use_theme_fonts=\u00bbyes\u00bb css_animation=\u00bbfadeIn\u00bb][vc_column_text]El X7-EC es una nueva variante del popular sat\u00e9lite remoto X7 de iDirect, mejorado con tecnolog\u00eda de computaci\u00f3n incorporada. El X7-EC combina las caracter\u00edsticas est\u00e1ndar de iDirect X7 con una potencia de procesamiento y una memoria adicionales para ejecutar software de valor a\u00f1adido sin afectar al rendimiento de las comunicaciones por sat\u00e9lite. Los clientes licencian las aplicaciones soportadas en el X7-EC para personalizar el control remoto, creando una entrega m\u00e1s fluida de los servicios en el borde de la red. La consolidaci\u00f3n de estas capacidades mejoradas en un factor de forma de montaje en bastidor 1U crea una soluci\u00f3n ideal de clase empresarial.[\/vc_column_text][vc_btn title=\u00bbM\u00c1S INFORMACI\u00d3N\u00bb style=\u00bboutline-custom\u00bb outline_custom_color=\u00bb#64b400&#8243; outline_custom_hover_background=\u00bb#64b400&#8243; outline_custom_hover_text=\u00bb#ffffff\u00bb css_animation=\u00bbfadeIn\u00bb link=\u00bburl:http%3A%2F%2Fnt-vsat.com%2Fwp-content%2Fuploads%2F2019%2FDataSheet%2FiDirect-Spec-Sheet-X7-EC-2017.pdf|||\u00bb][\/vc_column][\/vc_row][vc_row][vc_column][vc_empty_space][\/vc_column][\/vc_row][vc_row full_width=\u00bbstretch_row\u00bb css=\u00bb.vc_custom_1553893302623{background-color: #ffffff !important;}\u00bb][vc_column width=\u00bb1\/2&#8243;][vc_column_text]<\/p>\n<h5>Plataforma Evolution<\/h5>\n<ul>\n<li>Servicio compartido: TDMA (entrante) + DVB-S2 (saliente)\n<ul>\n<li>Subida y bajada de 32 Kbps a 3,5 Mbps (de entrada) \/ 40 Mbps<\/li>\n<\/ul>\n<\/li>\n<li>Servicio dedicado: TDMA (entrante) + DVB-S2 (saliente)\n<ul>\n<li>Subida y bajada de 32 Kbps a 3,5 Mbps (de entrada) \/ 40 Mbps<\/li>\n<\/ul>\n<\/li>\n<li>Servicio dedicado: SCPC (entrante) + DVB-S2 (saliente)\n<ul>\n<li>Subida y bajada de 384 Kbps a 4 Mbps (de entrada) \/ 40 Mbps<\/li>\n<li>Menor latencia (ideal para VoIP, flujo de v\u00eddeo, aplicaciones de alta disponibilidad)<\/li>\n<\/ul>\n<\/li>\n<\/ul>\n<h5>Nuestros sat\u00e9lites<\/h5>\n<ul>\n<li>Servicios de la banda KU<\/li>\n<li>Servicios de la Banda C<\/li>\n<li>Servicios de la banda KA<\/li>\n<\/ul>\n<p>[\/vc_column_text][\/vc_column][vc_column width=\u00bb1\/2&#8243;][vc_column_text]<\/p>\n<h5>Acerca de los servicios de sat\u00e9lite iDirect<\/h5>\n<p>El sistema VSAT de iDirect es una soluci\u00f3n sencilla, de una sola caja, con el m\u00f3dem VSAT, el enrutador IP, la aceleraci\u00f3n TCP, la optimizaci\u00f3n y la encriptaci\u00f3n, todo en un solo paquete fiable. El m\u00f3dem VSAT de iDirect es totalmente compatible con la calidad de las aplicaciones, proporcionando una disponibilidad de ancho de banda garantizada para las aplicaciones de misi\u00f3n cr\u00edtica y permitiendo el apoyo de aplicaciones de voz de calidad de peaje sobre IP y de videoconferencia al mismo tiempo que el acceso a Internet de banda ancha. BusinessCom? aprovecha esta funci\u00f3n y proporciona perfiles de QoS totalmente personalizados para cada instalaci\u00f3n VSAT de iDirect, ofreciendo soluciones de comunicaci\u00f3n personalizadas y altamente eficientes para cada cliente.<\/p>\n<p>Dado que la eficiencia del ancho de banda se basa en los niveles de comunicaciones tanto satelitales como IP, el sistema de red VSAT de iDirect es probablemente el sistema de comunicaciones TDMA m\u00e1s eficiente del mercado. El aumento de la eficiencia del VSAT iDirect significa menores costos de operaci\u00f3n y servicios m\u00e1s r\u00e1pidos y confiables para los clientes finales.[\/vc_column_text][vc_btn title=\u00bbCONTACTAR CON EL SERVICIO DE ATENCI\u00d3N AL CLIENTE\u00bb style=\u00bboutline-custom\u00bb outline_custom_color=\u00bb#64b400&#8243; outline_custom_hover_background=\u00bb#64b400&#8243; outline_custom_hover_text=\u00bb#ffffff\u00bb css_animation=\u00bbfadeIn\u00bb link=\u00bburl:%2Fes%2Fcontact|||\u00bb][\/vc_column][\/vc_row][vc_row full_width=\u00bbstretch_row\u00bb css=\u00bb.vc_custom_1553161875271{background-color: #374141 !important;}\u00bb][vc_column width=\u00bb1\/3&#8243;][vc_row_inner][vc_column_inner width=\u00bb2\/3&#8243;][vc_single_image image=\u00bb2551&#8243; img_size=\u00bbfull\u00bb][\/vc_column_inner][vc_column_inner width=\u00bb1\/3&#8243;][\/vc_column_inner][\/vc_row_inner][vc_column_text css=\u00bb.vc_custom_1553523669799{margin-bottom: 0px !important;}\u00bb]<a href=\"\/impressum\">Datenschutzerkl\u00e4rung\/Impressum<\/a>[\/vc_column_text][\/vc_column][vc_column width=\u00bb1\/3&#8243;][vc_custom_heading text=\u00bbNTvsat\u00bb font_container=\u00bbtag:h4|font_size:12|text_align:left|color:%23ffffff\u00bb use_theme_fonts=\u00bbyes\u00bb][vc_column_text css=\u00bb.vc_custom_1586865542949{margin-top: 0px !important;}\u00bb]Somos una compa\u00f1\u00eda alemana que provee todos los servicios de Internet por sat\u00e9lite. Nuestro objetivo es conectar lugares remotos con Internet o su red local. Tambi\u00e9n proveemos internet para veh\u00edculos en movimiento como barcos, camiones, trenes o llanuras. Nuestro principal objetivo es \u00c1frica y el Cercano Oriente.[\/vc_column_text][\/vc_column][vc_column width=\u00bb1\/3&#8243;][vc_custom_heading text=\u00bbCONTACT\u00bb font_container=\u00bbtag:h4|font_size:12|text_align:left|color:%23ffffff\u00bb use_theme_fonts=\u00bbyes\u00bb][vc_column_text css=\u00bb.vc_custom_1586865555500{border-radius: 1px !important;}\u00bb]NTvsat<br \/>\nAlter Schlachthof 17<br \/>\nKarlsruhe<br \/>\nGermany<\/p>\n<p>Tel\u00e9fono: +49.173.699 09 74<br \/>\nsales@nt-vsat.de<\/p>\n<p>www.nt-vsat.com[\/vc_column_text][\/vc_column][\/vc_row]<\/p>\n<\/section>","protected":false},"excerpt":{"rendered":"<p>[vc_row gap=\u00bb30&#8243; equal_height=\u00bbyes\u00bb content_placement=\u00bbbottom\u00bb parallax=\u00bbcontent-moving\u00bb parallax_speed_bg=\u00bb1&#8243; video_overlay_color=\u00bb#0022a0&#8243; enable_bottom_divider=\u00bbenabled\u00bb shape_bottom_height=\u00bb120&#8243; shape_bottom_index=\u00bb3&#8243; css=\u00bb.vc_custom_1553608795286{padding-top: 4% !important;padding-bottom: 4% !important;background-color: #cddce1 !important;background-position: 0 0;background-repeat:-repeat;}\u00bb shape_bottom_color=\u00bb#efefef\u00bb][vc_column animation=\u00bbwpb_bottom-to-top\u00bb css=\u00bb.vc_custom_1551630223461{margin-top: 0px !important;}\u00bb][vc_custom_heading source=\u00bbpost_title\u00bb font_container=\u00bbtag:h2|text_align:center|color:%23ffffff\u00bb use_theme_fonts=\u00bbyes\u00bb][\/vc_column][\/vc_row][vc_row full_width=\u00bbstretch_row\u00bb css=\u00bb.vc_custom_1551254629384{background-color: #efefef !important;}\u00bb][vc_column][vc_empty_space height=\u00bb30px\u00bb][\/vc_column][\/vc_row][vc_row][vc_column width=\u00bb1\/2&#8243;][vc_single_image image=\u00bb4070&#8243; img_size=\u00bbfull\u00bb][vc_column_text] Ideal para aplicaciones m\u00f3viles y empresariales Las variantes incluyen X7-EC con tecnolog\u00eda de computaci\u00f3n incorporada, Evolution Multi-Carrier Mesh Receiver y &hellip; <a href=\"https:\/\/nt-vsat.com\/es\/idirect-x7-ec-satellite-router\/\" title=\"iDirect X7 EC Satellite Router\" class=\"read-more\">Read More<\/a><\/p>\n","protected":false},"author":1,"featured_media":5928,"parent":0,"menu_order":0,"comment_status":"closed","ping_status":"closed","template":"","meta":{"footnotes":""},"class_list":["post-5927","page","type-page","status-publish","has-post-thumbnail","hentry"],"yoast_head":"<!-- This site is optimized with the Yoast SEO Premium plugin v15.5 - https:\/\/yoast.com\/wordpress\/plugins\/seo\/ -->\n<title>iDirect X7 EC Satellite Router | NTvsat<\/title>\n<meta name=\"robots\" content=\"index, follow, max-snippet:-1, max-image-preview:large, max-video-preview:-1\" \/>\n<link rel=\"canonical\" href=\"https:\/\/nt-vsat.com\/es\/idirect-x7-ec-satellite-router\/\" \/>\n<meta property=\"og:locale\" content=\"es_ES\" \/>\n<meta property=\"og:type\" content=\"article\" \/>\n<meta property=\"og:title\" content=\"iDirect X7 EC Satellite Router | NTvsat\" \/>\n<meta property=\"og:description\" content=\"[vc_row gap=\u00bb30&#8243; equal_height=\u00bbyes\u00bb content_placement=\u00bbbottom\u00bb parallax=\u00bbcontent-moving\u00bb parallax_speed_bg=\u00bb1&#8243; video_overlay_color=\u00bb#0022a0&#8243; enable_bottom_divider=\u00bbenabled\u00bb shape_bottom_height=\u00bb120&#8243; shape_bottom_index=\u00bb3&#8243; css=\u00bb.vc_custom_1553608795286{padding-top: 4% !important;padding-bottom: 4% !important;background-color: #cddce1 !important;background-position: 0 0;background-repeat:-repeat;}\u00bb shape_bottom_color=\u00bb#efefef\u00bb][vc_column animation=\u00bbwpb_bottom-to-top\u00bb css=\u00bb.vc_custom_1551630223461{margin-top: 0px !important;}\u00bb][vc_custom_heading source=\u00bbpost_title\u00bb font_container=\u00bbtag:h2|text_align:center|color:%23ffffff\u00bb use_theme_fonts=\u00bbyes\u00bb][\/vc_column][\/vc_row][vc_row full_width=\u00bbstretch_row\u00bb css=\u00bb.vc_custom_1551254629384{background-color: #efefef !important;}\u00bb][vc_column][vc_empty_space height=\u00bb30px\u00bb][\/vc_column][\/vc_row][vc_row][vc_column width=\u00bb1\/2&#8243;][vc_single_image image=\u00bb4070&#8243; img_size=\u00bbfull\u00bb][vc_column_text] Ideal para aplicaciones m\u00f3viles y empresariales Las variantes incluyen X7-EC con tecnolog\u00eda de computaci\u00f3n incorporada, Evolution Multi-Carrier Mesh Receiver y [&hellip;]\" \/>\n<meta property=\"og:url\" content=\"https:\/\/nt-vsat.com\/es\/idirect-x7-ec-satellite-router\/\" \/>\n<meta property=\"og:site_name\" content=\"NTvsat\" \/>\n<meta property=\"article:publisher\" content=\"https:\/\/www.facebook.com\/NTvsat-100170158192571\/\" \/>\n<meta property=\"article:modified_time\" content=\"2020-04-14T11:59:20+00:00\" \/>\n<meta property=\"og:image\" content=\"https:\/\/nt-vsat.com\/wp-content\/uploads\/2019\/03\/iDirect-X7.jpg\" \/>\n\t<meta property=\"og:image:width\" content=\"1211\" \/>\n\t<meta property=\"og:image:height\" content=\"300\" \/>\n<meta name=\"twitter:card\" content=\"summary_large_image\" \/>\n<meta name=\"twitter:label1\" content=\"Tiempo de lectura\">\n\t<meta name=\"twitter:data1\" content=\"4 minutos\">\n<script type=\"application\/ld+json\" class=\"yoast-schema-graph\">{\"@context\":\"https:\/\/schema.org\",\"@graph\":[{\"@type\":\"Organization\",\"@id\":\"https:\/\/nt-vsat.com\/es\/#organization\",\"name\":\"NTvsat Satellite Internet\",\"url\":\"https:\/\/nt-vsat.com\/es\/\",\"sameAs\":[\"https:\/\/www.facebook.com\/NTvsat-100170158192571\/\"],\"logo\":{\"@type\":\"ImageObject\",\"@id\":\"https:\/\/nt-vsat.com\/es\/#logo\",\"inLanguage\":\"es\",\"url\":\"https:\/\/nt-vsat.com\/wp-content\/uploads\/2019\/03\/NTVSAT_EW03_logo_u_claim-e1552253360734.png\",\"width\":165,\"height\":70,\"caption\":\"NTvsat Satellite Internet\"},\"image\":{\"@id\":\"https:\/\/nt-vsat.com\/es\/#logo\"}},{\"@type\":\"WebSite\",\"@id\":\"https:\/\/nt-vsat.com\/es\/#website\",\"url\":\"https:\/\/nt-vsat.com\/es\/\",\"name\":\"NTvsat\",\"description\":\"GET Connected\",\"publisher\":{\"@id\":\"https:\/\/nt-vsat.com\/es\/#organization\"},\"potentialAction\":[{\"@type\":\"SearchAction\",\"target\":\"https:\/\/nt-vsat.com\/es\/?s={search_term_string}\",\"query-input\":\"required name=search_term_string\"}],\"inLanguage\":\"es\"},{\"@type\":\"ImageObject\",\"@id\":\"https:\/\/nt-vsat.com\/es\/idirect-x7-ec-satellite-router\/#primaryimage\",\"inLanguage\":\"es\",\"url\":\"https:\/\/nt-vsat.com\/wp-content\/uploads\/2019\/03\/iDirect-X7.jpg\",\"width\":1211,\"height\":300},{\"@type\":\"WebPage\",\"@id\":\"https:\/\/nt-vsat.com\/es\/idirect-x7-ec-satellite-router\/#webpage\",\"url\":\"https:\/\/nt-vsat.com\/es\/idirect-x7-ec-satellite-router\/\",\"name\":\"iDirect X7 EC Satellite Router | NTvsat\",\"isPartOf\":{\"@id\":\"https:\/\/nt-vsat.com\/es\/#website\"},\"primaryImageOfPage\":{\"@id\":\"https:\/\/nt-vsat.com\/es\/idirect-x7-ec-satellite-router\/#primaryimage\"},\"datePublished\":\"2019-03-29T21:09:43+00:00\",\"dateModified\":\"2020-04-14T11:59:20+00:00\",\"inLanguage\":\"es\",\"potentialAction\":[{\"@type\":\"ReadAction\",\"target\":[\"https:\/\/nt-vsat.com\/es\/idirect-x7-ec-satellite-router\/\"]}]}]}<\/script>\n<!-- \/ Yoast SEO Premium plugin. -->","_links":{"self":[{"href":"https:\/\/nt-vsat.com\/es\/wp-json\/wp\/v2\/pages\/5927","targetHints":{"allow":["GET"]}}],"collection":[{"href":"https:\/\/nt-vsat.com\/es\/wp-json\/wp\/v2\/pages"}],"about":[{"href":"https:\/\/nt-vsat.com\/es\/wp-json\/wp\/v2\/types\/page"}],"author":[{"embeddable":true,"href":"https:\/\/nt-vsat.com\/es\/wp-json\/wp\/v2\/users\/1"}],"replies":[{"embeddable":true,"href":"https:\/\/nt-vsat.com\/es\/wp-json\/wp\/v2\/comments?post=5927"}],"version-history":[{"count":2,"href":"https:\/\/nt-vsat.com\/es\/wp-json\/wp\/v2\/pages\/5927\/revisions"}],"predecessor-version":[{"id":6486,"href":"https:\/\/nt-vsat.com\/es\/wp-json\/wp\/v2\/pages\/5927\/revisions\/6486"}],"wp:featuredmedia":[{"embeddable":true,"href":"https:\/\/nt-vsat.com\/es\/wp-json\/wp\/v2\/media\/5928"}],"wp:attachment":[{"href":"https:\/\/nt-vsat.com\/es\/wp-json\/wp\/v2\/media?parent=5927"}],"curies":[{"name":"wp","href":"https:\/\/api.w.org\/{rel}","templated":true}]}}