{"id":6060,"date":"2019-03-30T17:06:33","date_gmt":"2019-03-30T17:06:33","guid":{"rendered":"https:\/\/www.nt-vsat.com\/comtech-cdm-625\/"},"modified":"2020-04-15T13:07:42","modified_gmt":"2020-04-15T13:07:42","slug":"comtech-cdm-625","status":"publish","type":"page","link":"https:\/\/nt-vsat.com\/es\/comtech-cdm-625\/","title":{"rendered":"Comtech CDM 625"},"content":{"rendered":"<section class=\"wpb-content-wrapper\"><p>[vc_row gap=\u00bb30&#8243; equal_height=\u00bbyes\u00bb content_placement=\u00bbbottom\u00bb parallax=\u00bbcontent-moving\u00bb parallax_speed_bg=\u00bb1&#8243; video_overlay_color=\u00bb#0022a0&#8243; enable_bottom_divider=\u00bbenabled\u00bb shape_bottom_height=\u00bb120&#8243; shape_bottom_index=\u00bb3&#8243; css=\u00bb.vc_custom_1553608795286{padding-top: 4% !important;padding-bottom: 4% !important;background-color: #cddce1 !important;background-position: 0 0;background-repeat:-repeat;}\u00bb shape_bottom_color=\u00bb#efefef\u00bb][vc_column animation=\u00bbwpb_bottom-to-top\u00bb css=\u00bb.vc_custom_1551630223461{margin-top: 0px !important;}\u00bb][vc_custom_heading source=\u00bbpost_title\u00bb font_container=\u00bbtag:h2|text_align:center|color:%23ffffff\u00bb use_theme_fonts=\u00bbyes\u00bb][\/vc_column][\/vc_row][vc_row full_width=\u00bbstretch_row\u00bb css=\u00bb.vc_custom_1551254629384{background-color: #efefef !important;}\u00bb][vc_column][vc_empty_space height=\u00bb30px\u00bb][\/vc_column][\/vc_row][vc_row][vc_column width=\u00bb1\/2&#8243;][vc_empty_space height=\u00bb90px\u00bb][vc_single_image image=\u00bb4198&#8243; img_size=\u00bbfull\u00bb onclick=\u00bblink_image\u00bb css_animation=\u00bbbottom-to-top\u00bb][\/vc_column][vc_column width=\u00bb1\/2&#8243; animation=\u00bbwpb_bottom-to-top\u00bb][vc_custom_heading text=\u00bbCDM-625A-EN Advanced Satellite Modem\u00bb font_container=\u00bbtag:h4|text_align:left|color:%23374141&#8243; use_theme_fonts=\u00bbyes\u00bb css_animation=\u00bbfadeIn\u00bb][vc_column_text]El M\u00f3dem Satelital Avanzado CDM-625A-EN se basa en nuestro legado de proporcionar los m\u00f3dems satelitales m\u00e1s eficientes para aplicaciones centradas en IP que requieren encriptaci\u00f3n de datos. Con soporte para VersaFEC\u00ae Forward Error Correction (FEC), la revolucionaria compresi\u00f3n del ancho de banda de la doble transmisi\u00f3n en la portadora, rolloffs adicionales y procesamiento avanzado de paquetes, el CDM-625A-EN proporciona ahorros significativos en todas las condiciones. Esta combinaci\u00f3n de tecnolog\u00edas avanzadas permite una optimizaci\u00f3n multidimensional, lo que permite a los usuarios de las comunicaciones por sat\u00e9lite: &#8211; Minimizar los gastos operativos (OPEX) &#8211; Maximizar el rendimiento sin utilizar recursos adicionales de transpondedores &#8211; Maximizar la disponibilidad (margen) sin utilizar recursos adicionales de transpondedores &#8211; Minimizar los gastos de capital (CAPEX) permitiendo un BUC\/HPA y\/o antena m\u00e1s peque\u00f1os &#8211; O, una combinaci\u00f3n para satisfacer necesidades empresariales espec\u00edficas[\/vc_column_text][vc_btn title=\u00bbM\u00c1S INFORMACI\u00d3N\u00bb style=\u00bboutline-custom\u00bb outline_custom_color=\u00bb#64b400&#8243; outline_custom_hover_background=\u00bb#64b400&#8243; outline_custom_hover_text=\u00bb#ffffff\u00bb css_animation=\u00bbfadeIn\u00bb link=\u00bburl:http%3A%2F%2Fnt-vsat.com%2Fwp-content%2Fuploads%2F2019%2FDataSheet%2FComtech-cdm625A-EN.pdf||target:%20_blank|\u00bb][\/vc_column][\/vc_row][vc_row][vc_column][vc_empty_space][\/vc_column][\/vc_row][vc_row full_width=\u00bbstretch_row\u00bb css=\u00bb.vc_custom_1553893302623{background-color: #ffffff !important;}\u00bb][vc_column width=\u00bb1\/2&#8243;][vc_column_text]<\/p>\n<h5>Caracter\u00edsticas<\/h5>\n<ul>\n<li>Compresi\u00f3n de ancho de banda DoubleTalk Carrier-in-Carrier<\/li>\n<li>Carrier-in-Carrier Automatic Power Control<\/li>\n<li>VersaFEC FEC con Codificaci\u00f3n y Modulaci\u00f3n Adaptativa (ACM)<\/li>\n<li>5%, 10%, 15%, 20%, 25% y 35% Rolloff del filtro<\/li>\n<li>Procesador de paquetes con compresi\u00f3n de cabecera, compresi\u00f3n de carga \u00fatil, Quality of Service (QoS) avanzada y modo de conmutaci\u00f3n administrado con soporte para VLAN.<\/li>\n<li>Conmutador Ethernet integrado de 4 puertos gestionados con VLAN y QoS<\/li>\n<li>Soporte de la estructura jumbo<\/li>\n<li>Cifrado de datos AES para tr\u00e1fico IP (Procesador de paquetes)<\/li>\n<li>Capacidad de doble banda: 70\/140 MHz y banda L extendida (950 &#8211; 2250 MHz) en la misma unidad<\/li>\n<li>Velocidad de datos: 18 kbps a 25 Mbps<\/li>\n<li>Tasa de s\u00edmbolos: 18 ksps a 12.5 Msps<\/li>\n<li>Modulaci\u00f3n: BPSK, QPSK\/OQPSK, 8PSK\/8-QAM, 16-QAM<\/li>\n<li>FEC: Viterbi, Secuencial, Reed Solomon Concentrado, TCM, Turbo Product Code (TPC) (Conforme a IESS-315), C\u00f3digo LDPC y VersaFEC (LDPC de baja latencia)<\/li>\n<li>La m\u00e1s amplia gama de interfaces de datos: 4 puertos 10\/100Base-T Ethernet, EIA-422\/530, V.35, G.703 T1, G.703 E1, G.703 T2, G.703 E2, Quad G.703 E1, ASI, LVDS, HSSI<\/li>\n<li>Protocolo de Tiempo de Precisi\u00f3n IEEE 1588v2<\/li>\n<li>Sub Mux para multiplexar el tr\u00e1fico IP\/Ethernet con tr\u00e1fico en serie o G.703<\/li>\n<li>Drop &amp; insert para T1\/E1<\/li>\n<li>D&amp;I++ mejorado para T1\/E1 simple y E1 cu\u00e1druple<\/li>\n<li>Administraci\u00f3n: 10\/100Base-T Ethernet con SNMP, Proxy SNMP de extremo distante, HTTP, Telnet y EIA-232\/EIA-485<\/li>\n<li>Carrier ID usando la tecnolog\u00eda MetaCarrier\u00ae<\/li>\n<li>Embedded Distant-end Monitor and Control (EDMAC)<\/li>\n<li>Automatic Uplink Power Control (AUPC)<\/li>\n<li>Engineering Service Channel (ESC\/ESC++)<\/li>\n<li>Referencia interna est\u00e1ndar de alta estabilidad (\u00b1 6 x 10-8 )<\/li>\n<li>Ecualizador adaptativo de 5 toques<\/li>\n<li>TX en banda L: referencia de 10 MHz para BUC, comunicaciones FSK y fuente de alimentaci\u00f3n opcional del BUC<\/li>\n<li>RX de banda L: referencia de 10 MHz y fuente de alimentaci\u00f3n del LNB<\/li>\n<li>L-Band: FSK avanzado para M&amp;C LPOD<\/li>\n<li>Interruptores de redundancia 1:1 y 1:10 disponibles<\/li>\n<li>Compatible con el CDM-625<\/li>\n<\/ul>\n<p>[\/vc_column_text][\/vc_column][vc_column width=\u00bb1\/2&#8243;][vc_column_text]<\/p>\n<h5>M\u00e1s sobre la plataforma VSAT avanzada de Comtech<\/h5>\n<p>Advanced VSAT Solutions es un portafolio de soluciones de comunicaci\u00f3n de alto rendimiento basadas en sat\u00e9lites que facilitan servicios de primera calidad para la empresa &#8211; energ\u00eda, miner\u00eda, mar\u00edtima, aerol\u00edneas y redes corporativas. Representando la pr\u00f3xima generaci\u00f3n en equipos de redes satelitales, el Advanced VSAT comprende un conjunto de productos y tecnolog\u00edas avanzadas.<\/p>\n<p>Hoy en d\u00eda, los usuarios finales requieren niveles asombrosos de rendimiento adicional para apoyar las aplicaciones de misi\u00f3n cr\u00edtica. La mayor parte de este aumento de la demanda se origina en la direcci\u00f3n de entrada, dado el valioso contenido multimedia que debe transmitirse desde los sitios remotos hasta los lugares centrales. Es fundamental que las soluciones de redes de sat\u00e9lites sean capaces de manejar estas crecientes velocidades de datos y, al mismo tiempo, tengan margen para un crecimiento futuro.<\/p>\n<p>El VSAT avanzado se centra en el rendimiento y la calidad del servicio. Tiene la potencia de procesamiento necesaria para satisfacer sus necesidades de transmisi\u00f3n de pps y Mbps para aplicaciones de alta velocidad de datos, v\u00eddeo de alta definici\u00f3n y voz. Proporciona la calidad de servicio que sus usuarios demandan con bajas fluctuaciones y baja latencia para que pueda cumplir con esos estrictos SLA. Tambi\u00e9n es un sistema completamente administrado con la inteligencia para permitir la asignaci\u00f3n din\u00e1mica del ancho de banda cuando y donde sea necesario.<\/p>\n<ul>\n<li>Servicios y equipos para VSAT avanzado<\/li>\n<li>Con nuestroSCPC (Single channel per carrier) el ancho de banda del sat\u00e9lite de servicio est\u00e1 dedicado a una sola fuente.<\/li>\n<li>El dSCPC proporciona una gesti\u00f3n din\u00e1mica del ancho de banda de SCPC (dSCPC) del segmento espacial<\/li>\n<li>El acceso m\u00faltiple por divisi\u00f3n de tiempo (TDMA) permite que varios usuarios compartan el mismo canal de frecuencia dividiendo la se\u00f1al en diferentes franjas horarias.<\/li>\n<li>Ofrecemos soluciones VSAT de alta calidad<\/li>\n<li>Nuestro servicio puede ser usado con el hardware de Comtech EF Data y los servicios correspondientes.<\/li>\n<\/ul>\n<p>[\/vc_column_text][vc_btn title=\u00bbCONTACTAR CON EL SERVICIO DE ATENCI\u00d3N AL CLIENTE\u00bb style=\u00bboutline-custom\u00bb outline_custom_color=\u00bb#64b400&#8243; outline_custom_hover_background=\u00bb#64b400&#8243; outline_custom_hover_text=\u00bb#ffffff\u00bb css_animation=\u00bbfadeIn\u00bb link=\u00bburl:%2Fes%2Fcontact|||\u00bb][\/vc_column][\/vc_row][vc_row full_width=\u00bbstretch_row\u00bb css=\u00bb.vc_custom_1553161875271{background-color: #374141 !important;}\u00bb][vc_column width=\u00bb1\/3&#8243;][vc_row_inner][vc_column_inner width=\u00bb2\/3&#8243;][vc_single_image image=\u00bb2551&#8243; img_size=\u00bbfull\u00bb][\/vc_column_inner][vc_column_inner width=\u00bb1\/3&#8243;][\/vc_column_inner][\/vc_row_inner][vc_column_text css=\u00bb.vc_custom_1553523669799{margin-bottom: 0px !important;}\u00bb]<a href=\"\/impressum\">Datenschutzerkl\u00e4rung\/Impressum<\/a>[\/vc_column_text][\/vc_column][vc_column width=\u00bb1\/3&#8243;][vc_custom_heading text=\u00bbNTvsat\u00bb font_container=\u00bbtag:h4|font_size:12|text_align:left|color:%23ffffff\u00bb use_theme_fonts=\u00bbyes\u00bb][vc_column_text css=\u00bb.vc_custom_1586956041474{margin-top: 0px !important;}\u00bb]Somos una compa\u00f1\u00eda alemana que provee todos los servicios de Internet por sat\u00e9lite. Nuestro objetivo es conectar lugares remotos con Internet o su red local. Tambi\u00e9n proveemos internet para veh\u00edculos en movimiento como barcos, camiones, trenes o llanuras. Nuestro principal objetivo es \u00c1frica y el Cercano Oriente.[\/vc_column_text][\/vc_column][vc_column width=\u00bb1\/3&#8243;][vc_custom_heading text=\u00bbCONTACT\u00bb font_container=\u00bbtag:h4|font_size:12|text_align:left|color:%23ffffff\u00bb use_theme_fonts=\u00bbyes\u00bb][vc_column_text css=\u00bb.vc_custom_1586956052537{border-radius: 1px !important;}\u00bb]NTvsat<br \/>\nAlter Schlachthof 17<br \/>\nKarlsruhe<br \/>\nGermany<\/p>\n<p>Tel\u00e9fono: +49.173.699 09 74<br \/>\nsales@nt-vsat.de<\/p>\n<p>www.nt-vsat.com[\/vc_column_text][\/vc_column][\/vc_row]<\/p>\n<\/section>","protected":false},"excerpt":{"rendered":"<p>[vc_row gap=\u00bb30&#8243; equal_height=\u00bbyes\u00bb content_placement=\u00bbbottom\u00bb parallax=\u00bbcontent-moving\u00bb parallax_speed_bg=\u00bb1&#8243; video_overlay_color=\u00bb#0022a0&#8243; enable_bottom_divider=\u00bbenabled\u00bb shape_bottom_height=\u00bb120&#8243; shape_bottom_index=\u00bb3&#8243; css=\u00bb.vc_custom_1553608795286{padding-top: 4% !important;padding-bottom: 4% !important;background-color: #cddce1 !important;background-position: 0 0;background-repeat:-repeat;}\u00bb shape_bottom_color=\u00bb#efefef\u00bb][vc_column animation=\u00bbwpb_bottom-to-top\u00bb css=\u00bb.vc_custom_1551630223461{margin-top: 0px !important;}\u00bb][vc_custom_heading source=\u00bbpost_title\u00bb font_container=\u00bbtag:h2|text_align:center|color:%23ffffff\u00bb use_theme_fonts=\u00bbyes\u00bb][\/vc_column][\/vc_row][vc_row full_width=\u00bbstretch_row\u00bb css=\u00bb.vc_custom_1551254629384{background-color: #efefef !important;}\u00bb][vc_column][vc_empty_space height=\u00bb30px\u00bb][\/vc_column][\/vc_row][vc_row][vc_column width=\u00bb1\/2&#8243;][vc_empty_space height=\u00bb90px\u00bb][vc_single_image image=\u00bb4198&#8243; img_size=\u00bbfull\u00bb onclick=\u00bblink_image\u00bb css_animation=\u00bbbottom-to-top\u00bb][\/vc_column][vc_column width=\u00bb1\/2&#8243; animation=\u00bbwpb_bottom-to-top\u00bb][vc_custom_heading text=\u00bbCDM-625A-EN Advanced Satellite Modem\u00bb font_container=\u00bbtag:h4|text_align:left|color:%23374141&#8243; use_theme_fonts=\u00bbyes\u00bb css_animation=\u00bbfadeIn\u00bb][vc_column_text]El M\u00f3dem Satelital Avanzado CDM-625A-EN se basa en nuestro &hellip; <a href=\"https:\/\/nt-vsat.com\/es\/comtech-cdm-625\/\" title=\"Comtech CDM 625\" class=\"read-more\">Read More<\/a><\/p>\n","protected":false},"author":1,"featured_media":0,"parent":0,"menu_order":0,"comment_status":"closed","ping_status":"closed","template":"","meta":{"footnotes":""},"class_list":["post-6060","page","type-page","status-publish","hentry"],"yoast_head":"<!-- This site is optimized with the Yoast SEO Premium plugin v15.5 - https:\/\/yoast.com\/wordpress\/plugins\/seo\/ -->\n<title>Comtech CDM 625 | NTvsat<\/title>\n<meta name=\"robots\" content=\"index, follow, max-snippet:-1, max-image-preview:large, max-video-preview:-1\" \/>\n<link rel=\"canonical\" href=\"https:\/\/nt-vsat.com\/es\/comtech-cdm-625\/\" \/>\n<meta property=\"og:locale\" content=\"es_ES\" \/>\n<meta property=\"og:type\" content=\"article\" \/>\n<meta property=\"og:title\" content=\"Comtech CDM 625 | NTvsat\" \/>\n<meta property=\"og:description\" content=\"[vc_row gap=\u00bb30&#8243; equal_height=\u00bbyes\u00bb content_placement=\u00bbbottom\u00bb parallax=\u00bbcontent-moving\u00bb parallax_speed_bg=\u00bb1&#8243; video_overlay_color=\u00bb#0022a0&#8243; enable_bottom_divider=\u00bbenabled\u00bb shape_bottom_height=\u00bb120&#8243; shape_bottom_index=\u00bb3&#8243; css=\u00bb.vc_custom_1553608795286{padding-top: 4% !important;padding-bottom: 4% !important;background-color: #cddce1 !important;background-position: 0 0;background-repeat:-repeat;}\u00bb shape_bottom_color=\u00bb#efefef\u00bb][vc_column animation=\u00bbwpb_bottom-to-top\u00bb css=\u00bb.vc_custom_1551630223461{margin-top: 0px !important;}\u00bb][vc_custom_heading source=\u00bbpost_title\u00bb font_container=\u00bbtag:h2|text_align:center|color:%23ffffff\u00bb use_theme_fonts=\u00bbyes\u00bb][\/vc_column][\/vc_row][vc_row full_width=\u00bbstretch_row\u00bb css=\u00bb.vc_custom_1551254629384{background-color: #efefef !important;}\u00bb][vc_column][vc_empty_space height=\u00bb30px\u00bb][\/vc_column][\/vc_row][vc_row][vc_column width=\u00bb1\/2&#8243;][vc_empty_space height=\u00bb90px\u00bb][vc_single_image image=\u00bb4198&#8243; img_size=\u00bbfull\u00bb onclick=\u00bblink_image\u00bb css_animation=\u00bbbottom-to-top\u00bb][\/vc_column][vc_column width=\u00bb1\/2&#8243; animation=\u00bbwpb_bottom-to-top\u00bb][vc_custom_heading text=\u00bbCDM-625A-EN Advanced Satellite Modem\u00bb font_container=\u00bbtag:h4|text_align:left|color:%23374141&#8243; use_theme_fonts=\u00bbyes\u00bb css_animation=\u00bbfadeIn\u00bb][vc_column_text]El M\u00f3dem Satelital Avanzado CDM-625A-EN se basa en nuestro [&hellip;]\" \/>\n<meta property=\"og:url\" content=\"https:\/\/nt-vsat.com\/es\/comtech-cdm-625\/\" \/>\n<meta property=\"og:site_name\" content=\"NTvsat\" \/>\n<meta property=\"article:publisher\" content=\"https:\/\/www.facebook.com\/NTvsat-100170158192571\/\" \/>\n<meta property=\"article:modified_time\" content=\"2020-04-15T13:07:42+00:00\" \/>\n<meta name=\"twitter:card\" content=\"summary_large_image\" \/>\n<meta name=\"twitter:label1\" content=\"Tiempo de lectura\">\n\t<meta name=\"twitter:data1\" content=\"5 minutos\">\n<script type=\"application\/ld+json\" class=\"yoast-schema-graph\">{\"@context\":\"https:\/\/schema.org\",\"@graph\":[{\"@type\":\"Organization\",\"@id\":\"https:\/\/nt-vsat.com\/es\/#organization\",\"name\":\"NTvsat Satellite Internet\",\"url\":\"https:\/\/nt-vsat.com\/es\/\",\"sameAs\":[\"https:\/\/www.facebook.com\/NTvsat-100170158192571\/\"],\"logo\":{\"@type\":\"ImageObject\",\"@id\":\"https:\/\/nt-vsat.com\/es\/#logo\",\"inLanguage\":\"es\",\"url\":\"https:\/\/nt-vsat.com\/wp-content\/uploads\/2019\/03\/NTVSAT_EW03_logo_u_claim-e1552253360734.png\",\"width\":165,\"height\":70,\"caption\":\"NTvsat Satellite Internet\"},\"image\":{\"@id\":\"https:\/\/nt-vsat.com\/es\/#logo\"}},{\"@type\":\"WebSite\",\"@id\":\"https:\/\/nt-vsat.com\/es\/#website\",\"url\":\"https:\/\/nt-vsat.com\/es\/\",\"name\":\"NTvsat\",\"description\":\"GET Connected\",\"publisher\":{\"@id\":\"https:\/\/nt-vsat.com\/es\/#organization\"},\"potentialAction\":[{\"@type\":\"SearchAction\",\"target\":\"https:\/\/nt-vsat.com\/es\/?s={search_term_string}\",\"query-input\":\"required name=search_term_string\"}],\"inLanguage\":\"es\"},{\"@type\":\"WebPage\",\"@id\":\"https:\/\/nt-vsat.com\/es\/comtech-cdm-625\/#webpage\",\"url\":\"https:\/\/nt-vsat.com\/es\/comtech-cdm-625\/\",\"name\":\"Comtech CDM 625 | NTvsat\",\"isPartOf\":{\"@id\":\"https:\/\/nt-vsat.com\/es\/#website\"},\"datePublished\":\"2019-03-30T17:06:33+00:00\",\"dateModified\":\"2020-04-15T13:07:42+00:00\",\"inLanguage\":\"es\",\"potentialAction\":[{\"@type\":\"ReadAction\",\"target\":[\"https:\/\/nt-vsat.com\/es\/comtech-cdm-625\/\"]}]}]}<\/script>\n<!-- \/ Yoast SEO Premium plugin. -->","_links":{"self":[{"href":"https:\/\/nt-vsat.com\/es\/wp-json\/wp\/v2\/pages\/6060","targetHints":{"allow":["GET"]}}],"collection":[{"href":"https:\/\/nt-vsat.com\/es\/wp-json\/wp\/v2\/pages"}],"about":[{"href":"https:\/\/nt-vsat.com\/es\/wp-json\/wp\/v2\/types\/page"}],"author":[{"embeddable":true,"href":"https:\/\/nt-vsat.com\/es\/wp-json\/wp\/v2\/users\/1"}],"replies":[{"embeddable":true,"href":"https:\/\/nt-vsat.com\/es\/wp-json\/wp\/v2\/comments?post=6060"}],"version-history":[{"count":2,"href":"https:\/\/nt-vsat.com\/es\/wp-json\/wp\/v2\/pages\/6060\/revisions"}],"predecessor-version":[{"id":6530,"href":"https:\/\/nt-vsat.com\/es\/wp-json\/wp\/v2\/pages\/6060\/revisions\/6530"}],"wp:attachment":[{"href":"https:\/\/nt-vsat.com\/es\/wp-json\/wp\/v2\/media?parent=6060"}],"curies":[{"name":"wp","href":"https:\/\/api.w.org\/{rel}","templated":true}]}}