{"id":6065,"date":"2019-03-30T17:01:15","date_gmt":"2019-03-30T17:01:15","guid":{"rendered":"https:\/\/www.nt-vsat.com\/comtech-cdm-760\/"},"modified":"2020-04-15T13:10:22","modified_gmt":"2020-04-15T13:10:22","slug":"comtech-cdm-760","status":"publish","type":"page","link":"https:\/\/nt-vsat.com\/es\/comtech-cdm-760\/","title":{"rendered":"Comtech CDM 760"},"content":{"rendered":"<section class=\"wpb-content-wrapper\"><p>[vc_row gap=\u00bb30&#8243; equal_height=\u00bbyes\u00bb content_placement=\u00bbbottom\u00bb parallax=\u00bbcontent-moving\u00bb parallax_speed_bg=\u00bb1&#8243; video_overlay_color=\u00bb#0022a0&#8243; enable_bottom_divider=\u00bbenabled\u00bb shape_bottom_height=\u00bb120&#8243; shape_bottom_index=\u00bb3&#8243; css=\u00bb.vc_custom_1553608795286{padding-top: 4% !important;padding-bottom: 4% !important;background-color: #cddce1 !important;background-position: 0 0;background-repeat:-repeat;}\u00bb shape_bottom_color=\u00bb#efefef\u00bb][vc_column animation=\u00bbwpb_bottom-to-top\u00bb css=\u00bb.vc_custom_1551630223461{margin-top: 0px !important;}\u00bb][vc_custom_heading source=\u00bbpost_title\u00bb font_container=\u00bbtag:h2|text_align:center|color:%23ffffff\u00bb use_theme_fonts=\u00bbyes\u00bb][\/vc_column][\/vc_row][vc_row full_width=\u00bbstretch_row\u00bb css=\u00bb.vc_custom_1551254629384{background-color: #efefef !important;}\u00bb][vc_column][vc_empty_space height=\u00bb30px\u00bb][\/vc_column][\/vc_row][vc_row][vc_column width=\u00bb1\/2&#8243;][vc_single_image image=\u00bb4200&#8243; img_size=\u00bbfull\u00bb onclick=\u00bblink_image\u00bb css_animation=\u00bbbottom-to-top\u00bb][vc_single_image image=\u00bb4201&#8243; img_size=\u00bbfull\u00bb css_animation=\u00bbbottom-to-top\u00bb][\/vc_column][vc_column width=\u00bb1\/2&#8243; animation=\u00bbwpb_bottom-to-top\u00bb][vc_custom_heading text=\u00bbCDM-760 Advanced High-Speed Trunking and Broadcast Modem\u00bb font_container=\u00bbtag:h4|text_align:left|color:%23374141&#8243; use_theme_fonts=\u00bbyes\u00bb css_animation=\u00bbfadeIn\u00bb][vc_column_text]El m\u00f3dem avanzado de alta velocidad CDM-760 se basa en nuestra galardonada familia de m\u00f3dems troncales de alta velocidad y ultraeficientes. El CDM-760 mejora a\u00fan m\u00e1s nuestras ofertas para incluir velocidades de s\u00edmbolos de banda ultra ancha, un rendimiento casi te\u00f3rico con una p\u00e9rdida m\u00ednima de implementaci\u00f3n, una variedad de selecciones de MODCOD de alta eficiencia. Se puede configurar como un verdadero modulador, demodulador o m\u00f3dem de transmisi\u00f3n DVB-S2&amp;S2X y admite el funcionamiento en modo HTS, GEO y MEO con traspaso de antena sin golpes y traspaso de sat\u00e9lite.[\/vc_column_text][vc_btn title=\u00bbM\u00c1S INFORMACI\u00d3N\u00bb style=\u00bboutline-custom\u00bb outline_custom_color=\u00bb#64b400&#8243; outline_custom_hover_background=\u00bb#64b400&#8243; outline_custom_hover_text=\u00bb#ffffff\u00bb css_animation=\u00bbfadeIn\u00bb link=\u00bburl:http%3A%2F%2Fnt-vsat.com%2Fwp-content%2Fuploads%2F2019%2FDataSheet%2FComtec-CDM760.pdf||target:%20_blank|\u00bb][\/vc_column][\/vc_row][vc_row][vc_column][vc_empty_space][\/vc_column][\/vc_row][vc_row full_width=\u00bbstretch_row\u00bb css=\u00bb.vc_custom_1553893302623{background-color: #ffffff !important;}\u00bb][vc_column width=\u00bb1\/2&#8243;][vc_column_text]<\/p>\n<h5>Caracter\u00edsticas<\/h5>\n<ul>\n<li>Tasa de s\u00edmbolos: 0.1 a 150 Msps<\/li>\n<li>Velocidad de datos: 0,1 a &gt;720 Mbps (Simplex), &gt;1,4 Gbps (D\u00faplex)<\/li>\n<li>DVB-S2 ETSI EN 302 307 y DVB-S2X EN 302 307-2.<\/li>\n<li>DVB-S2-EB1&amp;EB2 Efficiency Boost technology<\/li>\n<li>Compresi\u00f3n de ancho de banda DoubleTalk Carrier-in-Carrier<\/li>\n<li>ACM and CCM \u2022 Embedded MetaCarrier DVB-CID ETSI TS 103 129<\/li>\n<li>GSE &#8211; baja sobrecarga 190.000 PPS simple y &gt; 350.000 PPS d\u00faplex<\/li>\n<li>9,000 Byte Jumbo Frame (In Packet Processor Mode)<\/li>\n<li>Funcionamiento en modo enrutado de capa 3 con hasta 256 rutas est\u00e1ticas (&gt;105.000 PPS simple, &gt;150.000 PPS d\u00faplex)<\/li>\n<li>Modulaci\u00f3n: QPSK, 8PSK, 16APSK, 32APSK, 64APSK, 128APSK, 256APSK<\/li>\n<li>Doble IF: 70\/140 MHz, monitor de banda L y banda L (est\u00e1ndar)<\/li>\n<li>Interfaces de datos \u25aa 2 interfaces Gigabit 10\/100\/1000Base-T (est\u00e1ndar)<\/li>\n<li>1 Interfaz Gigabit \u00f3ptico (opcional)<\/li>\n<li>Procesos &gt; 600.000 pps simple, 1,2M pps d\u00faplex<\/li>\n<li>Tarjetas de interfaz opcionales PIIC<\/li>\n<li>ASI (Interfaz serial asincr\u00f3nica DVB)<\/li>\n<li>703 E3\/T3\/STS-1 (34.368, 44.736, 51.84 Mbps)<\/li>\n<li>STM-1 Cobre SDH (155,52 Mbps)<\/li>\n<li>OC-3 SONET monomodo o multimodo 1300 nm (155.52 Mbps)<\/li>\n<li>Capaz de hacer un flujo m\u00faltiple (Multi-Interface mux)<\/li>\n<li>Soporta el funcionamiento de los modos HTS, GEO y MEO<\/li>\n<li>Administraci\u00f3n: HTTP, SNMP, Telnet, RS-232\/485<\/li>\n<li>Control de M&amp;C en banda (sobre el sat\u00e9lite)<\/li>\n<li>Conmutaci\u00f3n de redundancia 1:1 y 1:N disponible<\/li>\n<\/ul>\n<p>[\/vc_column_text][\/vc_column][vc_column width=\u00bb1\/2&#8243;][vc_column_text]<\/p>\n<h5>M\u00e1s sobre la plataforma VSAT avanzada de Comtech<\/h5>\n<p>Advanced VSAT Solutions es un portafolio de soluciones de comunicaci\u00f3n de alto rendimiento basadas en sat\u00e9lites que facilitan servicios de primera calidad para la empresa &#8211; energ\u00eda, miner\u00eda, mar\u00edtima, aerol\u00edneas y redes corporativas. Representando la pr\u00f3xima generaci\u00f3n en equipos de redes satelitales, el Advanced VSAT comprende un conjunto de productos y tecnolog\u00edas avanzadas.<\/p>\n<p>Hoy en d\u00eda, los usuarios finales requieren niveles asombrosos de rendimiento adicional para apoyar las aplicaciones de misi\u00f3n cr\u00edtica. La mayor parte de este aumento de la demanda se origina en la direcci\u00f3n de entrada, dado el valioso contenido multimedia que debe transmitirse desde los sitios remotos hasta los lugares centrales. Es fundamental que las soluciones de redes de sat\u00e9lites sean capaces de manejar estas crecientes velocidades de datos y, al mismo tiempo, tengan margen para un crecimiento futuro.<\/p>\n<p>El VSAT avanzado se centra en el rendimiento y la calidad del servicio. Tiene la potencia de procesamiento necesaria para satisfacer sus necesidades de transmisi\u00f3n de pps y Mbps para aplicaciones de alta velocidad de datos, v\u00eddeo de alta definici\u00f3n y voz. Proporciona la calidad de servicio que sus usuarios demandan con bajas fluctuaciones y baja latencia para que pueda cumplir con esos estrictos SLA. Tambi\u00e9n es un sistema completamente administrado con la inteligencia para permitir la asignaci\u00f3n din\u00e1mica del ancho de banda cuando y donde sea necesario.<\/p>\n<ul>\n<li>Servicios y equipos para VSAT avanzado<\/li>\n<li>Con nuestroSCPC (Single channel per carrier) el ancho de banda del sat\u00e9lite de servicio est\u00e1 dedicado a una sola fuente.<\/li>\n<li>El dSCPC proporciona una gesti\u00f3n din\u00e1mica del ancho de banda de SCPC (dSCPC) del segmento espacial<\/li>\n<li>El acceso m\u00faltiple por divisi\u00f3n de tiempo (TDMA) permite que varios usuarios compartan el mismo canal de frecuencia dividiendo la se\u00f1al en diferentes franjas horarias.<\/li>\n<li>Ofrecemos soluciones VSAT de alta calidad<\/li>\n<li>Nuestro servicio puede ser usado con el hardware de Comtech EF Data y los servicios correspondientes.<\/li>\n<\/ul>\n<p>[\/vc_column_text][vc_btn title=\u00bbCONTACTAR CON EL SERVICIO DE ATENCI\u00d3N AL CLIENTE\u00bb style=\u00bboutline-custom\u00bb outline_custom_color=\u00bb#64b400&#8243; outline_custom_hover_background=\u00bb#64b400&#8243; outline_custom_hover_text=\u00bb#ffffff\u00bb css_animation=\u00bbfadeIn\u00bb link=\u00bburl:%2Fes%2Fcontact|||\u00bb][\/vc_column][\/vc_row][vc_row full_width=\u00bbstretch_row\u00bb css=\u00bb.vc_custom_1553161875271{background-color: #374141 !important;}\u00bb][vc_column width=\u00bb1\/3&#8243;][vc_row_inner][vc_column_inner width=\u00bb2\/3&#8243;][vc_single_image image=\u00bb2551&#8243; img_size=\u00bbfull\u00bb][\/vc_column_inner][vc_column_inner width=\u00bb1\/3&#8243;][\/vc_column_inner][\/vc_row_inner][vc_column_text css=\u00bb.vc_custom_1553523669799{margin-bottom: 0px !important;}\u00bb]<a href=\"\/impressum\">Datenschutzerkl\u00e4rung\/Impressum<\/a>[\/vc_column_text][\/vc_column][vc_column width=\u00bb1\/3&#8243;][vc_custom_heading text=\u00bbNTvsat\u00bb font_container=\u00bbtag:h4|font_size:12|text_align:left|color:%23ffffff\u00bb use_theme_fonts=\u00bbyes\u00bb][vc_column_text css=\u00bb.vc_custom_1586956208428{margin-top: 0px !important;}\u00bb]Somos una compa\u00f1\u00eda alemana que provee todos los servicios de Internet por sat\u00e9lite. Nuestro objetivo es conectar lugares remotos con Internet o su red local. Tambi\u00e9n proveemos internet para veh\u00edculos en movimiento como barcos, camiones, trenes o llanuras. Nuestro principal objetivo es \u00c1frica y el Cercano Oriente.[\/vc_column_text][\/vc_column][vc_column width=\u00bb1\/3&#8243;][vc_custom_heading text=\u00bbCONTACT\u00bb font_container=\u00bbtag:h4|font_size:12|text_align:left|color:%23ffffff\u00bb use_theme_fonts=\u00bbyes\u00bb][vc_column_text css=\u00bb.vc_custom_1586956217806{border-radius: 1px !important;}\u00bb]NTvsat<br \/>\nAlter Schlachthof 17<br \/>\nKarlsruhe<br \/>\nGermany<\/p>\n<p>Tel\u00e9fono: +49.173.699 09 74<br \/>\nsales@nt-vsat.de<\/p>\n<p>www.nt-vsat.com[\/vc_column_text][\/vc_column][\/vc_row]<\/p>\n<\/section>","protected":false},"excerpt":{"rendered":"<p>[vc_row gap=\u00bb30&#8243; equal_height=\u00bbyes\u00bb content_placement=\u00bbbottom\u00bb parallax=\u00bbcontent-moving\u00bb parallax_speed_bg=\u00bb1&#8243; video_overlay_color=\u00bb#0022a0&#8243; enable_bottom_divider=\u00bbenabled\u00bb shape_bottom_height=\u00bb120&#8243; shape_bottom_index=\u00bb3&#8243; css=\u00bb.vc_custom_1553608795286{padding-top: 4% !important;padding-bottom: 4% !important;background-color: #cddce1 !important;background-position: 0 0;background-repeat:-repeat;}\u00bb shape_bottom_color=\u00bb#efefef\u00bb][vc_column animation=\u00bbwpb_bottom-to-top\u00bb css=\u00bb.vc_custom_1551630223461{margin-top: 0px !important;}\u00bb][vc_custom_heading source=\u00bbpost_title\u00bb font_container=\u00bbtag:h2|text_align:center|color:%23ffffff\u00bb use_theme_fonts=\u00bbyes\u00bb][\/vc_column][\/vc_row][vc_row full_width=\u00bbstretch_row\u00bb css=\u00bb.vc_custom_1551254629384{background-color: #efefef !important;}\u00bb][vc_column][vc_empty_space height=\u00bb30px\u00bb][\/vc_column][\/vc_row][vc_row][vc_column width=\u00bb1\/2&#8243;][vc_single_image image=\u00bb4200&#8243; img_size=\u00bbfull\u00bb onclick=\u00bblink_image\u00bb css_animation=\u00bbbottom-to-top\u00bb][vc_single_image image=\u00bb4201&#8243; img_size=\u00bbfull\u00bb css_animation=\u00bbbottom-to-top\u00bb][\/vc_column][vc_column width=\u00bb1\/2&#8243; animation=\u00bbwpb_bottom-to-top\u00bb][vc_custom_heading text=\u00bbCDM-760 Advanced High-Speed Trunking and Broadcast Modem\u00bb font_container=\u00bbtag:h4|text_align:left|color:%23374141&#8243; use_theme_fonts=\u00bbyes\u00bb css_animation=\u00bbfadeIn\u00bb][vc_column_text]El m\u00f3dem avanzado de &hellip; <a href=\"https:\/\/nt-vsat.com\/es\/comtech-cdm-760\/\" title=\"Comtech CDM 760\" class=\"read-more\">Read More<\/a><\/p>\n","protected":false},"author":1,"featured_media":0,"parent":0,"menu_order":0,"comment_status":"closed","ping_status":"closed","template":"","meta":{"footnotes":""},"class_list":["post-6065","page","type-page","status-publish","hentry"],"yoast_head":"<!-- This site is optimized with the Yoast SEO Premium plugin v15.5 - https:\/\/yoast.com\/wordpress\/plugins\/seo\/ -->\n<title>Comtech CDM 760 | NTvsat<\/title>\n<meta name=\"robots\" content=\"index, follow, max-snippet:-1, max-image-preview:large, max-video-preview:-1\" \/>\n<link rel=\"canonical\" href=\"https:\/\/nt-vsat.com\/es\/comtech-cdm-760\/\" \/>\n<meta property=\"og:locale\" content=\"es_ES\" \/>\n<meta property=\"og:type\" content=\"article\" \/>\n<meta property=\"og:title\" content=\"Comtech CDM 760 | NTvsat\" \/>\n<meta property=\"og:description\" content=\"[vc_row gap=\u00bb30&#8243; equal_height=\u00bbyes\u00bb content_placement=\u00bbbottom\u00bb parallax=\u00bbcontent-moving\u00bb parallax_speed_bg=\u00bb1&#8243; video_overlay_color=\u00bb#0022a0&#8243; enable_bottom_divider=\u00bbenabled\u00bb shape_bottom_height=\u00bb120&#8243; shape_bottom_index=\u00bb3&#8243; css=\u00bb.vc_custom_1553608795286{padding-top: 4% !important;padding-bottom: 4% !important;background-color: #cddce1 !important;background-position: 0 0;background-repeat:-repeat;}\u00bb shape_bottom_color=\u00bb#efefef\u00bb][vc_column animation=\u00bbwpb_bottom-to-top\u00bb css=\u00bb.vc_custom_1551630223461{margin-top: 0px !important;}\u00bb][vc_custom_heading source=\u00bbpost_title\u00bb font_container=\u00bbtag:h2|text_align:center|color:%23ffffff\u00bb use_theme_fonts=\u00bbyes\u00bb][\/vc_column][\/vc_row][vc_row full_width=\u00bbstretch_row\u00bb css=\u00bb.vc_custom_1551254629384{background-color: #efefef !important;}\u00bb][vc_column][vc_empty_space height=\u00bb30px\u00bb][\/vc_column][\/vc_row][vc_row][vc_column width=\u00bb1\/2&#8243;][vc_single_image image=\u00bb4200&#8243; img_size=\u00bbfull\u00bb onclick=\u00bblink_image\u00bb css_animation=\u00bbbottom-to-top\u00bb][vc_single_image image=\u00bb4201&#8243; img_size=\u00bbfull\u00bb css_animation=\u00bbbottom-to-top\u00bb][\/vc_column][vc_column width=\u00bb1\/2&#8243; animation=\u00bbwpb_bottom-to-top\u00bb][vc_custom_heading text=\u00bbCDM-760 Advanced High-Speed Trunking and Broadcast Modem\u00bb font_container=\u00bbtag:h4|text_align:left|color:%23374141&#8243; use_theme_fonts=\u00bbyes\u00bb css_animation=\u00bbfadeIn\u00bb][vc_column_text]El m\u00f3dem avanzado de [&hellip;]\" \/>\n<meta property=\"og:url\" content=\"https:\/\/nt-vsat.com\/es\/comtech-cdm-760\/\" \/>\n<meta property=\"og:site_name\" content=\"NTvsat\" \/>\n<meta property=\"article:publisher\" content=\"https:\/\/www.facebook.com\/NTvsat-100170158192571\/\" \/>\n<meta property=\"article:modified_time\" content=\"2020-04-15T13:10:22+00:00\" \/>\n<meta name=\"twitter:card\" content=\"summary_large_image\" \/>\n<meta name=\"twitter:label1\" content=\"Tiempo de lectura\">\n\t<meta name=\"twitter:data1\" content=\"5 minutos\">\n<script type=\"application\/ld+json\" class=\"yoast-schema-graph\">{\"@context\":\"https:\/\/schema.org\",\"@graph\":[{\"@type\":\"Organization\",\"@id\":\"https:\/\/nt-vsat.com\/es\/#organization\",\"name\":\"NTvsat Satellite Internet\",\"url\":\"https:\/\/nt-vsat.com\/es\/\",\"sameAs\":[\"https:\/\/www.facebook.com\/NTvsat-100170158192571\/\"],\"logo\":{\"@type\":\"ImageObject\",\"@id\":\"https:\/\/nt-vsat.com\/es\/#logo\",\"inLanguage\":\"es\",\"url\":\"https:\/\/nt-vsat.com\/wp-content\/uploads\/2019\/03\/NTVSAT_EW03_logo_u_claim-e1552253360734.png\",\"width\":165,\"height\":70,\"caption\":\"NTvsat Satellite Internet\"},\"image\":{\"@id\":\"https:\/\/nt-vsat.com\/es\/#logo\"}},{\"@type\":\"WebSite\",\"@id\":\"https:\/\/nt-vsat.com\/es\/#website\",\"url\":\"https:\/\/nt-vsat.com\/es\/\",\"name\":\"NTvsat\",\"description\":\"GET Connected\",\"publisher\":{\"@id\":\"https:\/\/nt-vsat.com\/es\/#organization\"},\"potentialAction\":[{\"@type\":\"SearchAction\",\"target\":\"https:\/\/nt-vsat.com\/es\/?s={search_term_string}\",\"query-input\":\"required name=search_term_string\"}],\"inLanguage\":\"es\"},{\"@type\":\"WebPage\",\"@id\":\"https:\/\/nt-vsat.com\/es\/comtech-cdm-760\/#webpage\",\"url\":\"https:\/\/nt-vsat.com\/es\/comtech-cdm-760\/\",\"name\":\"Comtech CDM 760 | NTvsat\",\"isPartOf\":{\"@id\":\"https:\/\/nt-vsat.com\/es\/#website\"},\"datePublished\":\"2019-03-30T17:01:15+00:00\",\"dateModified\":\"2020-04-15T13:10:22+00:00\",\"inLanguage\":\"es\",\"potentialAction\":[{\"@type\":\"ReadAction\",\"target\":[\"https:\/\/nt-vsat.com\/es\/comtech-cdm-760\/\"]}]}]}<\/script>\n<!-- \/ Yoast SEO Premium plugin. -->","_links":{"self":[{"href":"https:\/\/nt-vsat.com\/es\/wp-json\/wp\/v2\/pages\/6065","targetHints":{"allow":["GET"]}}],"collection":[{"href":"https:\/\/nt-vsat.com\/es\/wp-json\/wp\/v2\/pages"}],"about":[{"href":"https:\/\/nt-vsat.com\/es\/wp-json\/wp\/v2\/types\/page"}],"author":[{"embeddable":true,"href":"https:\/\/nt-vsat.com\/es\/wp-json\/wp\/v2\/users\/1"}],"replies":[{"embeddable":true,"href":"https:\/\/nt-vsat.com\/es\/wp-json\/wp\/v2\/comments?post=6065"}],"version-history":[{"count":2,"href":"https:\/\/nt-vsat.com\/es\/wp-json\/wp\/v2\/pages\/6065\/revisions"}],"predecessor-version":[{"id":6532,"href":"https:\/\/nt-vsat.com\/es\/wp-json\/wp\/v2\/pages\/6065\/revisions\/6532"}],"wp:attachment":[{"href":"https:\/\/nt-vsat.com\/es\/wp-json\/wp\/v2\/media?parent=6065"}],"curies":[{"name":"wp","href":"https:\/\/api.w.org\/{rel}","templated":true}]}}