{"id":6081,"date":"2019-03-30T11:29:51","date_gmt":"2019-03-30T11:29:51","guid":{"rendered":"https:\/\/www.nt-vsat.com\/uhp-240\/"},"modified":"2020-04-15T13:40:32","modified_gmt":"2020-04-15T13:40:32","slug":"uhp-240","status":"publish","type":"page","link":"https:\/\/nt-vsat.com\/es\/uhp-240\/","title":{"rendered":"UHP-240"},"content":{"rendered":"<section class=\"wpb-content-wrapper\"><p>[vc_row gap=\u00bb30&#8243; equal_height=\u00bbyes\u00bb content_placement=\u00bbbottom\u00bb parallax=\u00bbcontent-moving\u00bb parallax_speed_bg=\u00bb1&#8243; video_overlay_color=\u00bb#0022a0&#8243; enable_bottom_divider=\u00bbenabled\u00bb shape_bottom_height=\u00bb120&#8243; shape_bottom_index=\u00bb3&#8243; css=\u00bb.vc_custom_1553608795286{padding-top: 4% !important;padding-bottom: 4% !important;background-color: #cddce1 !important;background-position: 0 0;background-repeat:-repeat;}\u00bb shape_bottom_color=\u00bb#efefef\u00bb][vc_column animation=\u00bbwpb_bottom-to-top\u00bb css=\u00bb.vc_custom_1551630223461{margin-top: 0px !important;}\u00bb][vc_custom_heading source=\u00bbpost_title\u00bb font_container=\u00bbtag:h2|text_align:center|color:%23ffffff\u00bb use_theme_fonts=\u00bbyes\u00bb][\/vc_column][\/vc_row][vc_row full_width=\u00bbstretch_row\u00bb css=\u00bb.vc_custom_1551254629384{background-color: #efefef !important;}\u00bb][vc_column][vc_empty_space height=\u00bb30px\u00bb][\/vc_column][\/vc_row][vc_row][vc_column width=\u00bb1\/2&#8243;][vc_single_image image=\u00bb4127&#8243; img_size=\u00bbfull\u00bb onclick=\u00bblink_image\u00bb][vc_row_inner][vc_column_inner width=\u00bb1\/2&#8243;][vc_single_image image=\u00bb4129&#8243; img_size=\u00bbmedium\u00bb onclick=\u00bblink_image\u00bb][\/vc_column_inner][vc_column_inner width=\u00bb1\/2&#8243;][vc_single_image image=\u00bb4128&#8243; img_size=\u00bbmedium\u00bb onclick=\u00bblink_image\u00bb][\/vc_column_inner][\/vc_row_inner][\/vc_column][vc_column width=\u00bb1\/2&#8243;][vc_custom_heading text=\u00bbUHP-240&#8243; font_container=\u00bbtag:h4|text_align:left|color:%23374141&#8243; use_theme_fonts=\u00bbyes\u00bb css_animation=\u00bbfadeIn\u00bb][vc_column_text]UHP-240 es un enrutador dual VSAT universal con una arquitectura definida por software, iniciado por UHP Networks. El dispositivo re\u00fane la mayor capacidad de procesamiento de la industria en un tama\u00f1o muy compacto con dos enrutadores satelitales integrados. Cada enrutador integrado puede procesar hasta 450 Mbps de tr\u00e1fico agregado y consta de dos demoduladores DVB, cuatro demoduladores de r\u00e1faga TDMA, dos moduladores universales TDMA\/SCPC y dos potentes enrutadores IP capaces de procesar m\u00e1s de 190 000 paquetes IP por segundo (PPS). La elevada capacidad de procesamiento permite la aplicaci\u00f3n de protocolos excepcionalmente eficientes para el acceso a la red, la asignaci\u00f3n de recursos y la encapsulaci\u00f3n de datos, as\u00ed como el apoyo a la modulaci\u00f3n y codificaci\u00f3n avanzadas.<\/p>\n<p>UHP-240 es un enrutador dual VSAT universal con una arquitectura definida por software, iniciado por UHP Networks. El dispositivo re\u00fane la mayor capacidad de procesamiento de la industria en un tama\u00f1o muy compacto con dos enrutadores satelitales integrados. Cada enrutador integrado puede procesar hasta 450 Mbps de tr\u00e1fico agregado y consta de dos demoduladores DVB, cuatro demoduladores de r\u00e1faga TDMA, dos moduladores universales TDMA\/SCPC y dos potentes enrutadores IP capaces de procesar m\u00e1s de 190 000 paquetes IP por segundo (PPS). La elevada capacidad de procesamiento permite la aplicaci\u00f3n de protocolos excepcionalmente eficientes para el acceso a la red, la asignaci\u00f3n de recursos y la encapsulaci\u00f3n de datos, as\u00ed como el apoyo a la modulaci\u00f3n y codificaci\u00f3n avanzadas.[\/vc_column_text][vc_btn title=\u00bbM\u00c1S INFORMACI\u00d3N\u00bb style=\u00bboutline-custom\u00bb outline_custom_color=\u00bb#64b400&#8243; outline_custom_hover_background=\u00bb#64b400&#8243; outline_custom_hover_text=\u00bb#ffffff\u00bb css_animation=\u00bbfadeIn\u00bb link=\u00bburl:http%3A%2F%2Fnt-vsat.com%2Fwp-content%2Fuploads%2F2019%2FDataSheet%2FUHP-240-V35XEN.pdf||target:%20_blank|\u00bb][\/vc_column][\/vc_row][vc_row][vc_column][vc_empty_space][\/vc_column][\/vc_row][vc_row full_width=\u00bbstretch_row\u00bb css=\u00bb.vc_custom_1553893302623{background-color: #ffffff !important;}\u00bb][vc_column width=\u00bb1\/2&#8243;][vc_column_text]<\/p>\n<h5>Aspectos destacados:<\/h5>\n<ul>\n<li>El enrutador VSAT m\u00e1s r\u00e1pido del mundo con un rendimiento agregado de hasta 900 Mbps y un potente UHP-RTOS<\/li>\n<li>Cuatro demoduladores DVB con entradas de FI separadas con interruptor de software y una velocidad de hasta 500 Msps.<\/li>\n<li>Eficientes modulaciones DVB-S2\/S2X ACM con un 5% o 20% de reducci\u00f3n y soporte para HTS<\/li>\n<li>Un demodulador MF-TDMA con un protocolo innovador, con una eficacia probada del 96% frente al SCPC<\/li>\n<li>Codificaci\u00f3n y modulaci\u00f3n adaptativa (ACM) en los canales de ida y vuelta, incluidos los modos SCPC\/TDMA<\/li>\n<li>Modos de operaci\u00f3n independientes: SCPC, TDM\/TDMA Star&amp;Mesh, Hubless TDMA<\/li>\n<li>VSAT listo para HTS con soporte de m\u00faltiples haces, bandas, recepci\u00f3n de sat\u00e9lites con balanceo de tr\u00e1fico<\/li>\n<li>Dos enrutadores IP con una productividad de hasta 190 000 PPS cada uno, un rico conjunto de protocolos soportados, QoS<\/li>\n<li>Arquitectura de enrutamiento de Capa 3 y modo de puente de Capa 2 con transporte IPV6<\/li>\n<li>Los dos puertos de usuario Gigabyte Ethernet con interruptor incorporado simplifican la escalabilidad y la conexi\u00f3n de CPE<\/li>\n<li>Sistema VSAT de latencia ultra baja con un retardo de ida y vuelta de unos 570 ms para el modo de operaciones TDMA<\/li>\n<li>El Hub 1U m\u00e1s compacto de la industria a escala completa con redundancia y con canales MF-TDMA escalables<\/li>\n<li>Redundancia autom\u00e1tica 1:1 sin controladores externos o Redundancia inteligente M:N<\/li>\n<\/ul>\n<p>[\/vc_column_text][vc_btn title=\u00bbCONTACT CUSTOMER SUPPORT\u00bb style=\u00bboutline-custom\u00bb outline_custom_color=\u00bb#64b400&#8243; outline_custom_hover_background=\u00bb#64b400&#8243; outline_custom_hover_text=\u00bb#ffffff\u00bb link=\u00bburl:%2Fcontact|||\u00bb][\/vc_column][vc_column width=\u00bb1\/2&#8243;][vc_column_text]<\/p>\n<h5>M\u00e1s sobre la Plataforma UHP Romantis<\/h5>\n<p>Romantis proporciona y apoya el ancho de banda en sistemas de sat\u00e9lites nacionales, regionales e internacionales como Intelsat, RSCC, SES y otros. Podemos acomodar los requerimientos individuales de ancho de banda desde peque\u00f1os circuitos de 0.5 MHz hasta el transpondedor completo y as\u00ed garantizar la disponibilidad de tiempo de sat\u00e9lite rentable para su transmisi\u00f3n.<\/p>\n<p>Romantis, como revendedor de valor a\u00f1adido de ancho de banda satelital, proporciona una gama completa de servicios de planificaci\u00f3n, operaci\u00f3n y optimizaci\u00f3n para asegurar el uso eficiente del recurso arrendado.<\/p>\n<ul>\n<li>Capacidades de los sat\u00e9lites m\u00e1s fiables en las bandas Ku y C<\/li>\n<li>Paquetes de ancho de banda flexibles con cobertura global<\/li>\n<li>Arrendamientos a largo y corto plazo con tasas competitivas<\/li>\n<li>Un solo canal para la adquisici\u00f3n de capacidad de los diferentes operadores<\/li>\n<li>Portabilidad de la capacidad a otros sat\u00e9lites y regiones<\/li>\n<\/ul>\n<p>UHP &#8211; plataforma VSAT universal, compacta y de alto rendimiento, que comprende todos los elementos de la red: Hubs, terminales y sistema de gesti\u00f3n de la red. UHP es un enrutador satelital con funcionalidad definida por software que soporta enlaces SCPC, TDM\/TDMA centrado en el Hub y redes TDMA Hubless. Los enrutadores permiten desplegar redes de sat\u00e9lite de cualquier topolog\u00eda, incluidas las de punto a punto, en \u00abestrella\u00bb, en \u00abmalla\u00bb o de jerarqu\u00eda compleja. La plataforma VSAT de la UHP se basa en las \u00faltimas tecnolog\u00edas de modulaci\u00f3n y codificaci\u00f3n, lo que garantiza una utilizaci\u00f3n muy eficiente del ancho de banda del sat\u00e9lite.<\/p>\n<p>&nbsp;<\/p>\n<ul>\n<li>SCPC, SCPC DAMA, TDM\/SCPC, TDM\/TDMA, Hubless TDMA<\/li>\n<li>Rendimiento agregado de hasta 450 Mbps y 230&#8217;000 pps<\/li>\n<li>La tecnolog\u00eda DVB-S2 VSAT con codificaci\u00f3n LDPC de ancho de banda eficiente<\/li>\n<li>Innovador protocolo MF-TDMA con una eficacia probada del 96%.<\/li>\n<li>Control del nivel de transmisi\u00f3n autom\u00e1tica y ACM<\/li>\n<li>Opci\u00f3n de redundancia 1:1 para todos los modos<\/li>\n<li>Tr\u00e1fico jer\u00e1rquico multicanal dise\u00f1ado para VSAT<\/li>\n<li>Sistema VSAT de ultra baja latencia con retardo de ida y vuelta de 570 ms<\/li>\n<li>Hasta 250 canales TDMA y 500000 terminales por red<\/li>\n<li>VLAN, QoS, DSCP, IGMP, L2, proxy ARP, RIP, CRTP, TCPA<\/li>\n<li>Consola web local y potente Sistema de Gesti\u00f3n de Red<\/li>\n<li>Arranque ultrarr\u00e1pido &#8211; la red est\u00e1 operativa en s\u00f3lo 20 segundos<\/li>\n<li>Compatible con las bandas C, X, Ku y Ka.<\/li>\n<\/ul>\n<p>[\/vc_column_text][\/vc_column][\/vc_row][vc_row full_width=\u00bbstretch_row\u00bb css=\u00bb.vc_custom_1553161875271{background-color: #374141 !important;}\u00bb][vc_column width=\u00bb1\/3&#8243;][vc_row_inner][vc_column_inner width=\u00bb2\/3&#8243;][vc_single_image image=\u00bb2551&#8243; img_size=\u00bbfull\u00bb][\/vc_column_inner][vc_column_inner width=\u00bb1\/3&#8243;][\/vc_column_inner][\/vc_row_inner][vc_column_text css=\u00bb.vc_custom_1553523669799{margin-bottom: 0px !important;}\u00bb]<a href=\"\/impressum\">Datenschutzerkl\u00e4rung\/Impressum<\/a>[\/vc_column_text][\/vc_column][vc_column width=\u00bb1\/3&#8243;][vc_custom_heading text=\u00bbNTvsat\u00bb font_container=\u00bbtag:h4|font_size:12|text_align:left|color:%23ffffff\u00bb use_theme_fonts=\u00bbyes\u00bb][vc_column_text css=\u00bb.vc_custom_1586958017309{margin-top: 0px !important;}\u00bb]Somos una compa\u00f1\u00eda alemana que provee todos los servicios de Internet por sat\u00e9lite. Nuestro objetivo es conectar lugares remotos con Internet o su red local. Tambi\u00e9n proveemos internet para veh\u00edculos en movimiento como barcos, camiones, trenes o llanuras. Nuestro principal objetivo es \u00c1frica y el Cercano Oriente.[\/vc_column_text][\/vc_column][vc_column width=\u00bb1\/3&#8243;][vc_custom_heading text=\u00bbCONTACT\u00bb font_container=\u00bbtag:h4|font_size:12|text_align:left|color:%23ffffff\u00bb use_theme_fonts=\u00bbyes\u00bb][vc_column_text css=\u00bb.vc_custom_1586958027680{border-radius: 1px !important;}\u00bb]NTvsat<br \/>\nAlter Schlachthof 17<br \/>\nKarlsruhe<br \/>\nGermany<\/p>\n<p>Tel\u00e9fono: +49.173.699 09 74<br \/>\nsales@nt-vsat.de<\/p>\n<p>www.nt-vsat.com[\/vc_column_text][\/vc_column][\/vc_row]<\/p>\n<\/section>","protected":false},"excerpt":{"rendered":"<p>[vc_row gap=\u00bb30&#8243; equal_height=\u00bbyes\u00bb content_placement=\u00bbbottom\u00bb parallax=\u00bbcontent-moving\u00bb parallax_speed_bg=\u00bb1&#8243; video_overlay_color=\u00bb#0022a0&#8243; enable_bottom_divider=\u00bbenabled\u00bb shape_bottom_height=\u00bb120&#8243; shape_bottom_index=\u00bb3&#8243; css=\u00bb.vc_custom_1553608795286{padding-top: 4% !important;padding-bottom: 4% !important;background-color: #cddce1 !important;background-position: 0 0;background-repeat:-repeat;}\u00bb shape_bottom_color=\u00bb#efefef\u00bb][vc_column animation=\u00bbwpb_bottom-to-top\u00bb css=\u00bb.vc_custom_1551630223461{margin-top: 0px !important;}\u00bb][vc_custom_heading source=\u00bbpost_title\u00bb font_container=\u00bbtag:h2|text_align:center|color:%23ffffff\u00bb use_theme_fonts=\u00bbyes\u00bb][\/vc_column][\/vc_row][vc_row full_width=\u00bbstretch_row\u00bb css=\u00bb.vc_custom_1551254629384{background-color: #efefef !important;}\u00bb][vc_column][vc_empty_space height=\u00bb30px\u00bb][\/vc_column][\/vc_row][vc_row][vc_column width=\u00bb1\/2&#8243;][vc_single_image image=\u00bb4127&#8243; img_size=\u00bbfull\u00bb onclick=\u00bblink_image\u00bb][vc_row_inner][vc_column_inner width=\u00bb1\/2&#8243;][vc_single_image image=\u00bb4129&#8243; img_size=\u00bbmedium\u00bb onclick=\u00bblink_image\u00bb][\/vc_column_inner][vc_column_inner width=\u00bb1\/2&#8243;][vc_single_image image=\u00bb4128&#8243; img_size=\u00bbmedium\u00bb onclick=\u00bblink_image\u00bb][\/vc_column_inner][\/vc_row_inner][\/vc_column][vc_column width=\u00bb1\/2&#8243;][vc_custom_heading text=\u00bbUHP-240&#8243; font_container=\u00bbtag:h4|text_align:left|color:%23374141&#8243; use_theme_fonts=\u00bbyes\u00bb css_animation=\u00bbfadeIn\u00bb][vc_column_text]UHP-240 es un enrutador dual VSAT universal &hellip; <a href=\"https:\/\/nt-vsat.com\/es\/uhp-240\/\" title=\"UHP-240\" class=\"read-more\">Read More<\/a><\/p>\n","protected":false},"author":1,"featured_media":0,"parent":0,"menu_order":0,"comment_status":"closed","ping_status":"closed","template":"","meta":{"footnotes":""},"class_list":["post-6081","page","type-page","status-publish","hentry"],"yoast_head":"<!-- This site is optimized with the Yoast SEO Premium plugin v15.5 - https:\/\/yoast.com\/wordpress\/plugins\/seo\/ -->\n<title>UHP-240 | NTvsat<\/title>\n<meta name=\"robots\" content=\"index, follow, max-snippet:-1, max-image-preview:large, max-video-preview:-1\" \/>\n<link rel=\"canonical\" href=\"https:\/\/nt-vsat.com\/es\/uhp-240\/\" \/>\n<meta property=\"og:locale\" content=\"es_ES\" \/>\n<meta property=\"og:type\" content=\"article\" \/>\n<meta property=\"og:title\" content=\"UHP-240 | NTvsat\" \/>\n<meta property=\"og:description\" content=\"[vc_row gap=\u00bb30&#8243; equal_height=\u00bbyes\u00bb content_placement=\u00bbbottom\u00bb parallax=\u00bbcontent-moving\u00bb parallax_speed_bg=\u00bb1&#8243; video_overlay_color=\u00bb#0022a0&#8243; enable_bottom_divider=\u00bbenabled\u00bb shape_bottom_height=\u00bb120&#8243; shape_bottom_index=\u00bb3&#8243; css=\u00bb.vc_custom_1553608795286{padding-top: 4% !important;padding-bottom: 4% !important;background-color: #cddce1 !important;background-position: 0 0;background-repeat:-repeat;}\u00bb shape_bottom_color=\u00bb#efefef\u00bb][vc_column animation=\u00bbwpb_bottom-to-top\u00bb css=\u00bb.vc_custom_1551630223461{margin-top: 0px !important;}\u00bb][vc_custom_heading source=\u00bbpost_title\u00bb font_container=\u00bbtag:h2|text_align:center|color:%23ffffff\u00bb use_theme_fonts=\u00bbyes\u00bb][\/vc_column][\/vc_row][vc_row full_width=\u00bbstretch_row\u00bb css=\u00bb.vc_custom_1551254629384{background-color: #efefef !important;}\u00bb][vc_column][vc_empty_space height=\u00bb30px\u00bb][\/vc_column][\/vc_row][vc_row][vc_column width=\u00bb1\/2&#8243;][vc_single_image image=\u00bb4127&#8243; img_size=\u00bbfull\u00bb onclick=\u00bblink_image\u00bb][vc_row_inner][vc_column_inner width=\u00bb1\/2&#8243;][vc_single_image image=\u00bb4129&#8243; img_size=\u00bbmedium\u00bb onclick=\u00bblink_image\u00bb][\/vc_column_inner][vc_column_inner width=\u00bb1\/2&#8243;][vc_single_image image=\u00bb4128&#8243; img_size=\u00bbmedium\u00bb onclick=\u00bblink_image\u00bb][\/vc_column_inner][\/vc_row_inner][\/vc_column][vc_column width=\u00bb1\/2&#8243;][vc_custom_heading text=\u00bbUHP-240&#8243; font_container=\u00bbtag:h4|text_align:left|color:%23374141&#8243; use_theme_fonts=\u00bbyes\u00bb css_animation=\u00bbfadeIn\u00bb][vc_column_text]UHP-240 es un enrutador dual VSAT universal [&hellip;]\" \/>\n<meta property=\"og:url\" content=\"https:\/\/nt-vsat.com\/es\/uhp-240\/\" \/>\n<meta property=\"og:site_name\" content=\"NTvsat\" \/>\n<meta property=\"article:publisher\" content=\"https:\/\/www.facebook.com\/NTvsat-100170158192571\/\" \/>\n<meta property=\"article:modified_time\" content=\"2020-04-15T13:40:32+00:00\" \/>\n<meta name=\"twitter:card\" content=\"summary_large_image\" \/>\n<meta name=\"twitter:label1\" content=\"Tiempo de lectura\">\n\t<meta name=\"twitter:data1\" content=\"6 minutos\">\n<script type=\"application\/ld+json\" class=\"yoast-schema-graph\">{\"@context\":\"https:\/\/schema.org\",\"@graph\":[{\"@type\":\"Organization\",\"@id\":\"https:\/\/nt-vsat.com\/es\/#organization\",\"name\":\"NTvsat Satellite Internet\",\"url\":\"https:\/\/nt-vsat.com\/es\/\",\"sameAs\":[\"https:\/\/www.facebook.com\/NTvsat-100170158192571\/\"],\"logo\":{\"@type\":\"ImageObject\",\"@id\":\"https:\/\/nt-vsat.com\/es\/#logo\",\"inLanguage\":\"es\",\"url\":\"https:\/\/nt-vsat.com\/wp-content\/uploads\/2019\/03\/NTVSAT_EW03_logo_u_claim-e1552253360734.png\",\"width\":165,\"height\":70,\"caption\":\"NTvsat Satellite Internet\"},\"image\":{\"@id\":\"https:\/\/nt-vsat.com\/es\/#logo\"}},{\"@type\":\"WebSite\",\"@id\":\"https:\/\/nt-vsat.com\/es\/#website\",\"url\":\"https:\/\/nt-vsat.com\/es\/\",\"name\":\"NTvsat\",\"description\":\"GET Connected\",\"publisher\":{\"@id\":\"https:\/\/nt-vsat.com\/es\/#organization\"},\"potentialAction\":[{\"@type\":\"SearchAction\",\"target\":\"https:\/\/nt-vsat.com\/es\/?s={search_term_string}\",\"query-input\":\"required name=search_term_string\"}],\"inLanguage\":\"es\"},{\"@type\":\"WebPage\",\"@id\":\"https:\/\/nt-vsat.com\/es\/uhp-240\/#webpage\",\"url\":\"https:\/\/nt-vsat.com\/es\/uhp-240\/\",\"name\":\"UHP-240 | NTvsat\",\"isPartOf\":{\"@id\":\"https:\/\/nt-vsat.com\/es\/#website\"},\"datePublished\":\"2019-03-30T11:29:51+00:00\",\"dateModified\":\"2020-04-15T13:40:32+00:00\",\"inLanguage\":\"es\",\"potentialAction\":[{\"@type\":\"ReadAction\",\"target\":[\"https:\/\/nt-vsat.com\/es\/uhp-240\/\"]}]}]}<\/script>\n<!-- \/ Yoast SEO Premium plugin. -->","_links":{"self":[{"href":"https:\/\/nt-vsat.com\/es\/wp-json\/wp\/v2\/pages\/6081","targetHints":{"allow":["GET"]}}],"collection":[{"href":"https:\/\/nt-vsat.com\/es\/wp-json\/wp\/v2\/pages"}],"about":[{"href":"https:\/\/nt-vsat.com\/es\/wp-json\/wp\/v2\/types\/page"}],"author":[{"embeddable":true,"href":"https:\/\/nt-vsat.com\/es\/wp-json\/wp\/v2\/users\/1"}],"replies":[{"embeddable":true,"href":"https:\/\/nt-vsat.com\/es\/wp-json\/wp\/v2\/comments?post=6081"}],"version-history":[{"count":2,"href":"https:\/\/nt-vsat.com\/es\/wp-json\/wp\/v2\/pages\/6081\/revisions"}],"predecessor-version":[{"id":6538,"href":"https:\/\/nt-vsat.com\/es\/wp-json\/wp\/v2\/pages\/6081\/revisions\/6538"}],"wp:attachment":[{"href":"https:\/\/nt-vsat.com\/es\/wp-json\/wp\/v2\/media?parent=6081"}],"curies":[{"name":"wp","href":"https:\/\/api.w.org\/{rel}","templated":true}]}}