{"id":6095,"date":"2019-06-13T12:47:08","date_gmt":"2019-06-13T12:47:08","guid":{"rendered":"https:\/\/www.nt-vsat.com\/efcoms-efr-series-satellite-demodulators-routers\/"},"modified":"2020-04-15T13:58:18","modified_gmt":"2020-04-15T13:58:18","slug":"efcoms-efr-series-satellite-demodulators-routers","status":"publish","type":"page","link":"https:\/\/nt-vsat.com\/es\/efcoms-efr-series-satellite-demodulators-routers\/","title":{"rendered":"efComs efR-1010 Demodulator\/Router"},"content":{"rendered":"<section class=\"wpb-content-wrapper\"><p>[vc_row gap=\u00bb30&#8243; equal_height=\u00bbyes\u00bb content_placement=\u00bbbottom\u00bb parallax=\u00bbcontent-moving\u00bb parallax_speed_bg=\u00bb1&#8243; video_overlay_color=\u00bb#0022a0&#8243; enable_bottom_divider=\u00bbenabled\u00bb shape_bottom_height=\u00bb120&#8243; shape_bottom_index=\u00bb3&#8243; css=\u00bb.vc_custom_1553608795286{padding-top: 4% !important;padding-bottom: 4% !important;background-color: #cddce1 !important;background-position: 0 0;background-repeat:-repeat;}\u00bb shape_bottom_color=\u00bb#efefef\u00bb][vc_column animation=\u00bbwpb_bottom-to-top\u00bb css=\u00bb.vc_custom_1551630223461{margin-top: 0px !important;}\u00bb][vc_custom_heading source=\u00bbpost_title\u00bb font_container=\u00bbtag:h2|text_align:center|color:%23ffffff\u00bb use_theme_fonts=\u00bbyes\u00bb][\/vc_column][\/vc_row][vc_row full_width=\u00bbstretch_row\u00bb css=\u00bb.vc_custom_1551254629384{background-color: #efefef !important;}\u00bb][vc_column][vc_empty_space height=\u00bb30px\u00bb][\/vc_column][\/vc_row][vc_row][vc_column width=\u00bb1\/2&#8243;][vc_single_image image=\u00bb4317&#8243; img_size=\u00bbfull\u00bb][vc_column_text]<\/p>\n<div class=\"page\" title=\"Page 1\">\n<div class=\"section\">\n<div class=\"layoutArea\">\n<div class=\"column\">\n<div class=\"page\" title=\"Page 1\">\n<div class=\"section\">\n<div class=\"layoutArea\">\n<div class=\"column\">\n<h5>Versiones:<\/h5>\n<p>efR-500: Carcasa de escritorio, hasta 20k pps \/ 20 Mbps<\/p>\n<p>efR-1000: carcasa de 19&#8243;, hasta 30k pps \/ 90Mbps<\/p>\n<p>efR-1010: igual que el efR-1000, con controlador de seguimiento interno<\/p>\n<ul>\n<li>CCM, VCM, ACM<\/li>\n<li>QPSK, 8PSK, 16APSK, 32APSK<\/li>\n<li>Hasta 30 Msym\/s<\/li>\n<li>Interfaz GbE<\/li>\n<li>Sistema de rastreo incluido (efR-1010)<\/li>\n<li>Versiones personalizadas a petici\u00f3n del cliente<\/li>\n<\/ul>\n<\/div>\n<\/div>\n<\/div>\n<\/div>\n<\/div>\n<\/div>\n<\/div>\n<\/div>\n<p>[\/vc_column_text][\/vc_column][vc_column width=\u00bb1\/2&#8243;][vc_custom_heading text=\u00bbEfComs efR Series Satellite\u00bb font_container=\u00bbtag:h4|text_align:left|color:%23374141&#8243; use_theme_fonts=\u00bbyes\u00bb css_animation=\u00bbfadeIn\u00bb][vc_column_text]<\/p>\n<div class=\"page\" title=\"Page 1\">\n<div class=\"section\">\n<div class=\"layoutArea\">\n<div class=\"column\">\n<p>La serie efR de demoduladores\/enrutadores DVB-S\/DVB-S2 est\u00e1 dise\u00f1ada y fabricada para satisfacer las continuas necesidades de ahorro de ancho de banda, utilizando el est\u00e1ndar abierto de correcci\u00f3n avanzada de errores en avance y codificaci\u00f3n y modulaci\u00f3n avanzadas (ACM), a precios asequibles, permitiendo as\u00ed un amplio despliegue.<\/p>\n<p>&nbsp;<\/p>\n<p>Dise\u00f1ados desde la perspectiva del usuario, los dispositivos incorporan caracter\u00edsticas que facilitan tanto la vida del proveedor como la del cliente final:<\/p>\n<p>&#8211; la funcionalidad empleada es conforme con ETSI EN 302 307 V1.1.1 y ETSI TS 102 606 V1.1.1 &#8211; monitoreo interno de autarqu\u00eda y registro de par\u00e1metros importantes, como SNR, uso de ancho de banda, etc. &#8211; Servidor DHCP<\/p>\n<p>&#8211; Reenv\u00edo\/cach\u00e9 de DNS (reduciendo en gran medida los efectos del tiempo de RTT inducido por el sat\u00e9lite para la navegaci\u00f3n en la web)<\/p>\n<p>&#8211; Cliente VPN para una f\u00e1cil configuraci\u00f3n de la conexi\u00f3n<\/p>\n<p>&#8211; control remoto y monitoreo<\/p>\n<p>&#8211; se pueden implementar caracter\u00edsticas adicionales personalizadas<\/p>\n<\/div>\n<\/div>\n<\/div>\n<\/div>\n<p>[\/vc_column_text][vc_btn title=\u00bbM\u00c1S INFORMACI\u00d3N\u00bb style=\u00bboutline-custom\u00bb outline_custom_color=\u00bb#64b400&#8243; outline_custom_hover_background=\u00bb#64b400&#8243; outline_custom_hover_text=\u00bb#ffffff\u00bb css_animation=\u00bbfadeIn\u00bb link=\u00bburl:http%3A%2F%2Fnt-vsat.com%2Fwp-content%2Fuploads%2F2019%2FDataSheet%2FefComs-SatRouter-NT-vsat.pdf||target:%20_blank|\u00bb][\/vc_column][\/vc_row][vc_row][vc_column][vc_empty_space][\/vc_column][\/vc_row][vc_row full_width=\u00bbstretch_row\u00bb css=\u00bb.vc_custom_1553893302623{background-color: #ffffff !important;}\u00bb][vc_column width=\u00bb1\/2&#8243;][vc_column_text]Demodulaci\u00f3n<\/p>\n<ul>\n<li>Velocidad de los s\u00edmbolos: 66kSym\/s a 30MSym\/s en pasos de 1 kSym\/s<\/li>\n<\/ul>\n<p>DVB-S:<\/p>\n<p>QPSK<\/p>\n<p>Tasas de viterbies 1\/2, 2\/3, 3\/4, 5\/6, 6\/7, 7\/8<\/p>\n<p>&nbsp;<\/p>\n<p>DVB-S2:<\/p>\n<p>Modulaci\u00f3n CCM, VCM, ACM<\/p>\n<p>QPSK, 8PSK, 16APSK, 32APSK<\/p>\n<p>Las tasas del LDPC: 1\/4, 1\/3, 2\/5, 1\/2, 3\/5, 2\/3, 3\/4, 4\/5, 5\/6, 8\/9, 9\/10 (no todos soportados en todos los Modcods) Marcos FECF cortos y largos<\/p>\n<p>Piloto de encendido y apagado<\/p>\n<p>PL Scrambling Off, Custom On, GoldCode<\/p>\n<p>Roll-Off: 0,35 0,25 0,20<\/p>\n<p>&nbsp;<\/p>\n<p>Nuestros sat\u00e9lites<\/p>\n<ul>\n<li>Servicios de la banda KU<\/li>\n<li>Servicios de la Banda C<\/li>\n<li>Servicios de la banda KA<\/li>\n<\/ul>\n<p>[\/vc_column_text][\/vc_column][vc_column width=\u00bb1\/2&#8243;][vc_column_text]<\/p>\n<h5>Decapsulaci\u00f3n:<\/h5>\n<p>MPE: Filtrado PID y MAC<\/p>\n<p>GSE: Seg\u00fan ETSI TS 102 606 V1.1.1 (6-, 3-, 0 -Byte MAC y Filtro ISI), Filtro IP GULE: Filtros ISI y MAC, soporte CRC<\/p>\n<h5>Entrada de RF:<\/h5>\n<p>Frecuencia de entrada: 950 &#8211; 2150 MHz<\/p>\n<p>Conector F, 75Ohm (2 entradas RF seleccionables, de las cuales s\u00f3lo una puede funcionar a la vez) Nivel de entrada RF: -69dBm a -20dBm<\/p>\n<p>&nbsp;<\/p>\n<h5>Poder LNB:<\/h5>\n<p>14\/18V, 22kHz Se\u00f1ales (DiSEqC (t) a petici\u00f3n) Max. Corriente de 230 mA<\/p>\n<p>&nbsp;<\/p>\n<h5>Sistema de rastreo (s\u00f3lo efR-1010):<\/h5>\n<p>Seguimiento de doble eje (actualmente limitado a un solo eje) mediante el funcionamiento de la serie de soportes de seguimiento DC Relais Fully supporting efT<\/p>\n<p>Entrada de DC (m\u00e1x. 36V, m\u00e1x. 5A)<\/p>\n<p>Dos pares de conectores de salida con la energ\u00eda apagada, en reversa o hacia adelante DC.<\/p>\n<p>Seguimiento de la posici\u00f3n de la antena mediante contactos reed del actuador (retroalimentaci\u00f3n de la posici\u00f3n real de la corriente)[\/vc_column_text][vc_btn title=\u00bbCONTACTAR CON EL SERVICIO DE ATENCI\u00d3N AL CLIENTE\u00bb style=\u00bboutline-custom\u00bb outline_custom_color=\u00bb#64b400&#8243; outline_custom_hover_background=\u00bb#64b400&#8243; outline_custom_hover_text=\u00bb#ffffff\u00bb css_animation=\u00bbfadeIn\u00bb link=\u00bburl:%2Fes%2Fcontact|||\u00bb][\/vc_column][\/vc_row][vc_row full_width=\u00bbstretch_row\u00bb css=\u00bb.vc_custom_1553161875271{background-color: #374141 !important;}\u00bb][vc_column width=\u00bb1\/3&#8243;][vc_row_inner][vc_column_inner width=\u00bb2\/3&#8243;][vc_single_image image=\u00bb2551&#8243; img_size=\u00bbfull\u00bb][\/vc_column_inner][vc_column_inner width=\u00bb1\/3&#8243;][\/vc_column_inner][\/vc_row_inner][vc_column_text css=\u00bb.vc_custom_1553523669799{margin-bottom: 0px !important;}\u00bb]<a href=\"\/impressum\">Datenschutzerkl\u00e4rung\/Impressum<\/a>[\/vc_column_text][\/vc_column][vc_column width=\u00bb1\/3&#8243;][vc_custom_heading text=\u00bbNTvsat\u00bb font_container=\u00bbtag:h4|font_size:12|text_align:left|color:%23ffffff\u00bb use_theme_fonts=\u00bbyes\u00bb][vc_column_text css=\u00bb.vc_custom_1586958959606{margin-top: 0px !important;}\u00bb]Somos una compa\u00f1\u00eda alemana que provee todos los servicios de Internet por sat\u00e9lite. Nuestro objetivo es conectar lugares remotos con Internet o su red local. Tambi\u00e9n proveemos internet para veh\u00edculos en movimiento como barcos, camiones, trenes o llanuras. Nuestro principal objetivo es \u00c1frica y el Cercano Oriente.[\/vc_column_text][\/vc_column][vc_column width=\u00bb1\/3&#8243;][vc_custom_heading text=\u00bbCONTACT\u00bb font_container=\u00bbtag:h4|font_size:12|text_align:left|color:%23ffffff\u00bb use_theme_fonts=\u00bbyes\u00bb][vc_column_text css=\u00bb.vc_custom_1586959044689{border-radius: 1px !important;}\u00bb]NTvsat<br \/>\nAlter Schlachthof 17<br \/>\nKarlsruhe<br \/>\nGermany<\/p>\n<p>Tel\u00e9fono: +49.173.699 09 74<br \/>\nsales@nt-vsat.de<\/p>\n<p>www.nt-vsat.com[\/vc_column_text][\/vc_column][\/vc_row]<\/p>\n<\/section>","protected":false},"excerpt":{"rendered":"<p>[vc_row gap=\u00bb30&#8243; equal_height=\u00bbyes\u00bb content_placement=\u00bbbottom\u00bb parallax=\u00bbcontent-moving\u00bb parallax_speed_bg=\u00bb1&#8243; video_overlay_color=\u00bb#0022a0&#8243; enable_bottom_divider=\u00bbenabled\u00bb shape_bottom_height=\u00bb120&#8243; shape_bottom_index=\u00bb3&#8243; css=\u00bb.vc_custom_1553608795286{padding-top: 4% !important;padding-bottom: 4% !important;background-color: #cddce1 !important;background-position: 0 0;background-repeat:-repeat;}\u00bb shape_bottom_color=\u00bb#efefef\u00bb][vc_column animation=\u00bbwpb_bottom-to-top\u00bb css=\u00bb.vc_custom_1551630223461{margin-top: 0px !important;}\u00bb][vc_custom_heading source=\u00bbpost_title\u00bb font_container=\u00bbtag:h2|text_align:center|color:%23ffffff\u00bb use_theme_fonts=\u00bbyes\u00bb][\/vc_column][\/vc_row][vc_row full_width=\u00bbstretch_row\u00bb css=\u00bb.vc_custom_1551254629384{background-color: #efefef !important;}\u00bb][vc_column][vc_empty_space height=\u00bb30px\u00bb][\/vc_column][\/vc_row][vc_row][vc_column width=\u00bb1\/2&#8243;][vc_single_image image=\u00bb4317&#8243; img_size=\u00bbfull\u00bb][vc_column_text] Versiones: efR-500: Carcasa de escritorio, hasta 20k pps \/ 20 Mbps efR-1000: carcasa de 19&#8243;, hasta 30k pps \/ 90Mbps &hellip; <a href=\"https:\/\/nt-vsat.com\/es\/efcoms-efr-series-satellite-demodulators-routers\/\" title=\"efComs efR-1010 Demodulator\/Router\" class=\"read-more\">Read More<\/a><\/p>\n","protected":false},"author":1,"featured_media":0,"parent":0,"menu_order":0,"comment_status":"closed","ping_status":"closed","template":"","meta":{"footnotes":""},"class_list":["post-6095","page","type-page","status-publish","hentry"],"yoast_head":"<!-- This site is optimized with the Yoast SEO Premium plugin v15.5 - https:\/\/yoast.com\/wordpress\/plugins\/seo\/ -->\n<title>efComs efR-1010 Demodulator\/Router | NTvsat<\/title>\n<meta name=\"robots\" content=\"index, follow, max-snippet:-1, max-image-preview:large, max-video-preview:-1\" \/>\n<link rel=\"canonical\" href=\"https:\/\/nt-vsat.com\/es\/efcoms-efr-series-satellite-demodulators-routers\/\" \/>\n<meta property=\"og:locale\" content=\"es_ES\" \/>\n<meta property=\"og:type\" content=\"article\" \/>\n<meta property=\"og:title\" content=\"efComs efR-1010 Demodulator\/Router | NTvsat\" \/>\n<meta property=\"og:description\" content=\"[vc_row gap=\u00bb30&#8243; equal_height=\u00bbyes\u00bb content_placement=\u00bbbottom\u00bb parallax=\u00bbcontent-moving\u00bb parallax_speed_bg=\u00bb1&#8243; video_overlay_color=\u00bb#0022a0&#8243; enable_bottom_divider=\u00bbenabled\u00bb shape_bottom_height=\u00bb120&#8243; shape_bottom_index=\u00bb3&#8243; css=\u00bb.vc_custom_1553608795286{padding-top: 4% !important;padding-bottom: 4% !important;background-color: #cddce1 !important;background-position: 0 0;background-repeat:-repeat;}\u00bb shape_bottom_color=\u00bb#efefef\u00bb][vc_column animation=\u00bbwpb_bottom-to-top\u00bb css=\u00bb.vc_custom_1551630223461{margin-top: 0px !important;}\u00bb][vc_custom_heading source=\u00bbpost_title\u00bb font_container=\u00bbtag:h2|text_align:center|color:%23ffffff\u00bb use_theme_fonts=\u00bbyes\u00bb][\/vc_column][\/vc_row][vc_row full_width=\u00bbstretch_row\u00bb css=\u00bb.vc_custom_1551254629384{background-color: #efefef !important;}\u00bb][vc_column][vc_empty_space height=\u00bb30px\u00bb][\/vc_column][\/vc_row][vc_row][vc_column width=\u00bb1\/2&#8243;][vc_single_image image=\u00bb4317&#8243; img_size=\u00bbfull\u00bb][vc_column_text] Versiones: efR-500: Carcasa de escritorio, hasta 20k pps \/ 20 Mbps efR-1000: carcasa de 19&#8243;, hasta 30k pps \/ 90Mbps [&hellip;]\" \/>\n<meta property=\"og:url\" content=\"https:\/\/nt-vsat.com\/es\/efcoms-efr-series-satellite-demodulators-routers\/\" \/>\n<meta property=\"og:site_name\" content=\"NTvsat\" \/>\n<meta property=\"article:publisher\" content=\"https:\/\/www.facebook.com\/NTvsat-100170158192571\/\" \/>\n<meta property=\"article:modified_time\" content=\"2020-04-15T13:58:18+00:00\" \/>\n<meta name=\"twitter:card\" content=\"summary_large_image\" \/>\n<meta name=\"twitter:label1\" content=\"Tiempo de lectura\">\n\t<meta name=\"twitter:data1\" content=\"4 minutos\">\n<script type=\"application\/ld+json\" class=\"yoast-schema-graph\">{\"@context\":\"https:\/\/schema.org\",\"@graph\":[{\"@type\":\"Organization\",\"@id\":\"https:\/\/nt-vsat.com\/es\/#organization\",\"name\":\"NTvsat Satellite Internet\",\"url\":\"https:\/\/nt-vsat.com\/es\/\",\"sameAs\":[\"https:\/\/www.facebook.com\/NTvsat-100170158192571\/\"],\"logo\":{\"@type\":\"ImageObject\",\"@id\":\"https:\/\/nt-vsat.com\/es\/#logo\",\"inLanguage\":\"es\",\"url\":\"https:\/\/nt-vsat.com\/wp-content\/uploads\/2019\/03\/NTVSAT_EW03_logo_u_claim-e1552253360734.png\",\"width\":165,\"height\":70,\"caption\":\"NTvsat Satellite Internet\"},\"image\":{\"@id\":\"https:\/\/nt-vsat.com\/es\/#logo\"}},{\"@type\":\"WebSite\",\"@id\":\"https:\/\/nt-vsat.com\/es\/#website\",\"url\":\"https:\/\/nt-vsat.com\/es\/\",\"name\":\"NTvsat\",\"description\":\"GET Connected\",\"publisher\":{\"@id\":\"https:\/\/nt-vsat.com\/es\/#organization\"},\"potentialAction\":[{\"@type\":\"SearchAction\",\"target\":\"https:\/\/nt-vsat.com\/es\/?s={search_term_string}\",\"query-input\":\"required name=search_term_string\"}],\"inLanguage\":\"es\"},{\"@type\":\"WebPage\",\"@id\":\"https:\/\/nt-vsat.com\/es\/efcoms-efr-series-satellite-demodulators-routers\/#webpage\",\"url\":\"https:\/\/nt-vsat.com\/es\/efcoms-efr-series-satellite-demodulators-routers\/\",\"name\":\"efComs efR-1010 Demodulator\/Router | NTvsat\",\"isPartOf\":{\"@id\":\"https:\/\/nt-vsat.com\/es\/#website\"},\"datePublished\":\"2019-06-13T12:47:08+00:00\",\"dateModified\":\"2020-04-15T13:58:18+00:00\",\"inLanguage\":\"es\",\"potentialAction\":[{\"@type\":\"ReadAction\",\"target\":[\"https:\/\/nt-vsat.com\/es\/efcoms-efr-series-satellite-demodulators-routers\/\"]}]}]}<\/script>\n<!-- \/ Yoast SEO Premium plugin. -->","_links":{"self":[{"href":"https:\/\/nt-vsat.com\/es\/wp-json\/wp\/v2\/pages\/6095","targetHints":{"allow":["GET"]}}],"collection":[{"href":"https:\/\/nt-vsat.com\/es\/wp-json\/wp\/v2\/pages"}],"about":[{"href":"https:\/\/nt-vsat.com\/es\/wp-json\/wp\/v2\/types\/page"}],"author":[{"embeddable":true,"href":"https:\/\/nt-vsat.com\/es\/wp-json\/wp\/v2\/users\/1"}],"replies":[{"embeddable":true,"href":"https:\/\/nt-vsat.com\/es\/wp-json\/wp\/v2\/comments?post=6095"}],"version-history":[{"count":2,"href":"https:\/\/nt-vsat.com\/es\/wp-json\/wp\/v2\/pages\/6095\/revisions"}],"predecessor-version":[{"id":6543,"href":"https:\/\/nt-vsat.com\/es\/wp-json\/wp\/v2\/pages\/6095\/revisions\/6543"}],"wp:attachment":[{"href":"https:\/\/nt-vsat.com\/es\/wp-json\/wp\/v2\/media?parent=6095"}],"curies":[{"name":"wp","href":"https:\/\/api.w.org\/{rel}","templated":true}]}}