{"id":6101,"date":"2019-03-30T17:40:37","date_gmt":"2019-03-30T17:40:37","guid":{"rendered":"https:\/\/www.nt-vsat.com\/bucs\/"},"modified":"2020-04-15T14:12:01","modified_gmt":"2020-04-15T14:12:01","slug":"bucs","status":"publish","type":"page","link":"https:\/\/nt-vsat.com\/es\/bucs\/","title":{"rendered":"BUCs"},"content":{"rendered":"<section class=\"wpb-content-wrapper\"><p>[vc_row gap=\u00bb30&#8243; equal_height=\u00bbyes\u00bb content_placement=\u00bbbottom\u00bb parallax=\u00bbcontent-moving\u00bb parallax_speed_bg=\u00bb1&#8243; video_overlay_color=\u00bb#0022a0&#8243; enable_bottom_divider=\u00bbenabled\u00bb shape_bottom_height=\u00bb120&#8243; shape_bottom_index=\u00bb3&#8243; css=\u00bb.vc_custom_1553608795286{padding-top: 4% !important;padding-bottom: 4% !important;background-color: #cddce1 !important;background-position: 0 0;background-repeat:-repeat;}\u00bb shape_bottom_color=\u00bb#efefef\u00bb][vc_column animation=\u00bbwpb_bottom-to-top\u00bb css=\u00bb.vc_custom_1551630223461{margin-top: 0px !important;}\u00bb][vc_custom_heading text=\u00bbBlock Upconverters (BUCs)\u00bb font_container=\u00bbtag:h2|text_align:center|color:%23ffffff\u00bb use_theme_fonts=\u00bbyes\u00bb][\/vc_column][\/vc_row][vc_row full_width=\u00bbstretch_row\u00bb css=\u00bb.vc_custom_1551254629384{background-color: #efefef !important;}\u00bb][vc_column][vc_empty_space height=\u00bb30px\u00bb][\/vc_column][\/vc_row][vc_row][vc_column width=\u00bb1\/2&#8243;][vc_single_image image=\u00bb4517&#8243; img_size=\u00bbmedium\u00bb alignment=\u00bbcenter\u00bb css_animation=\u00bbfadeInLeft\u00bb][\/vc_column][vc_column width=\u00bb1\/2&#8243;][vc_custom_heading text=\u00bbiDIRECT 1.5W \/ 3W Universal-Ku Band BUC\u00bb font_container=\u00bbtag:h4|text_align:left|color:%23374141&#8243; use_theme_fonts=\u00bbyes\u00bb css_animation=\u00bbfadeIn\u00bb][vc_column_text]Frecuencia de salida RF: 13.75-14.5 GHz.; Potencia de salida @P1dB: 1.5W \/ 3W ( 31.5 dBm min. \/ 34.5 dBm min.) Frecuencia IF: 950-1700 MHz. Conector de entrada: Tipo F Hembra. Interfaz de salida: Brida de gu\u00eda de onda WR75 (con ranura). Requerimiento de energ\u00eda: 24VDC ( 15 a 30 VDC). Consumo de energ\u00eda: 15W \/ 22W m\u00e1x. Peso: 350 g (0,77 libras)<\/p>\n<p>&nbsp;<\/p>\n<h5>Caracter\u00edsticas principales<\/h5>\n<ul>\n<li>Rango de frecuencia de salida: 13,75 a 14,5 GHz<\/li>\n<li>Frecuencia LO: 12.80 GHz<\/li>\n<li>Frecuencia de entrada de IF: 950 a 1.700 MHz<\/li>\n<li>Potencia de salida @ P1dB: 31.0 \/ 34.0 dBm min. sobre la temperatura.<\/li>\n<li>Entrada de energ\u00eda DC: 24V ( 15 &#8211; 30V) @ 15W \/ 22W max a trav\u00e9s de la entrada<\/li>\n<li>Conector de entrada: Tipo F, Femenino<\/li>\n<li>Peso 0.77 Lbs. (350g)<\/li>\n<\/ul>\n<p>[\/vc_column_text][\/vc_column][\/vc_row][vc_row full_width=\u00bbstretch_row\u00bb css=\u00bb.vc_custom_1553966957664{background-color: #ffffff !important;}\u00bb][vc_column width=\u00bb1\/2&#8243;][vc_custom_heading text=\u00bbNJT5017FL 4W Standard Ku-Band BUC\u00bb font_container=\u00bbtag:h4|text_align:left|color:%23374141&#8243; use_theme_fonts=\u00bbyes\u00bb css_animation=\u00bbfadeIn\u00bb][vc_column_text]Frecuencia de salida RF: 14.0-14.5 GHz. Potencia de salida @P1dB 4W ( 36 dBm min.) Frecuencia IF: 950-1450 MHz. Conector de entrada: Tipo F Hembra. Interfaz de salida: Brida de gu\u00eda de onda WR75 (con ranura). Requerimiento de energ\u00eda: 24VDC ( 15 a 24 VDC). Consumo de energ\u00eda: 50W m\u00e1x. Peso: 2,3 kg (5,1 libras)<\/p>\n<p>&nbsp;<\/p>\n<h5>Caracter\u00edsticas principales<\/h5>\n<ul>\n<li>Alta eficiencia y baja distorsi\u00f3n\n<ul>\n<li>P1dB: 36 dBm min. sobre la temperatura<\/li>\n<li>IM3: -28 dBc @ Pout = 36 dBm<\/li>\n<li>Consumo de energ\u00eda: 50 W m\u00e1ximo.<\/li>\n<\/ul>\n<\/li>\n<li>NJT5017FL tiene un amplio rango de operaci\u00f3n de energ\u00eda DC\n<ul>\n<li>Rango de tensi\u00f3n: 18 a 60 VDC<\/li>\n<\/ul>\n<\/li>\n<li>Tama\u00f1o compacto y peso ligero\n<ul>\n<li>Peso: 2,3 kg.<\/li>\n<\/ul>\n<\/li>\n<li>Indicador LED<\/li>\n<li>Conformidad con RoHS<\/li>\n<\/ul>\n<p>[\/vc_column_text][\/vc_column][vc_column width=\u00bb1\/2&#8243;][vc_single_image image=\u00bb2721&#8243; img_size=\u00bbmedium\u00bb alignment=\u00bbcenter\u00bb css_animation=\u00bbfadeInRight\u00bb][\/vc_column][\/vc_row][vc_row][vc_column width=\u00bb1\/2&#8243;][vc_single_image image=\u00bb2723&#8243; img_size=\u00bbmedium\u00bb alignment=\u00bbcenter\u00bb css_animation=\u00bbfadeInLeft\u00bb][\/vc_column][vc_column width=\u00bb1\/2&#8243;][vc_custom_heading text=\u00bbNEW JAPAN RADIO NJT8302F 3W STANDARD KU-BAND BUC\u00bb font_container=\u00bbtag:h4|text_align:left|color:%23374141&#8243; use_theme_fonts=\u00bbyes\u00bb css_animation=\u00bbfadeIn\u00bb][vc_column_text]Frecuencia de salida RF: 14.0-14.5 GHz. Potencia de salida @P1dB 4W ( 36 dBm min.) Frecuencia IF: 950-1450 MHz. Conector de entrada: Tipo F Hembra. Interfaz de salida: Brida de gu\u00eda de onda WR75 (con ranura). Requerimiento de energ\u00eda: 24VDC ( 15 a 24 VDC). Consumo de energ\u00eda: 50W m\u00e1x. Peso: 2,3 kg (5,1 libras).<\/p>\n<p>&nbsp;<\/p>\n<h5>Caracter\u00edsticas principales<\/h5>\n<ul>\n<li>Rango de frecuencia de salida: 14.0 a 14.5 GHz<\/li>\n<li>Frecuencia LO: 13.05 GHz<\/li>\n<li>Frecuencia de entrada de IF: 950 a 1.450 MHz<\/li>\n<li>Potencia de salida @ P1dB: 34.0 dBm min. sobre temperatura.<\/li>\n<li>Entrada de energ\u00eda DC: 24V ( 12 &#8211; 30V) @ 23W max a trav\u00e9s de la entrada<\/li>\n<li>Conector de entrada: Tipo F<\/li>\n<li>Peso 0.77 Lbs. (350g)<\/li>\n<\/ul>\n<p>[\/vc_column_text][\/vc_column][\/vc_row][vc_row full_width=\u00bbstretch_row\u00bb css=\u00bb.vc_custom_1553966957664{background-color: #ffffff !important;}\u00bb][vc_column width=\u00bb1\/2&#8243;][vc_custom_heading text=\u00bbNJT5669F 5W Standard C-Band BUC\u00bb font_container=\u00bbtag:h4|text_align:left|color:%23374141&#8243; use_theme_fonts=\u00bbyes\u00bb css_animation=\u00bbfadeIn\u00bb][vc_column_text]Frecuencia de salida RF: 5.85-6.425 GHz. Potencia de salida @P1dB: 5W ( 37 dBm). Frecuencia IF: 950-1525 GHz. Conector de entrada: Tipo F Hembra. Interfaz de salida: Brida de gu\u00eda de ondas CPR137 (con ranura). Requerimiento de energ\u00eda: 24VDC ( 15 a 30 VDC). Consumo de energ\u00eda: 48W m\u00e1ximo. Peso: 1,9 kg (4,2 libras).<\/p>\n<p>&nbsp;<\/p>\n<h5>Caracter\u00edsticas principales<\/h5>\n<ul>\n<li>Potencia de salida de alta eficiencia: p1dB: 37 dBm min. sobre la temperatura<\/li>\n<li>Bajo consumo de energ\u00eda: 48W<\/li>\n<li>Tama\u00f1o peque\u00f1o y peso ligero: 1,9 kg<\/li>\n<li>Indicador LED<\/li>\n<li>Cumplimiento de la ROHS<\/li>\n<\/ul>\n<p>[\/vc_column_text][\/vc_column][vc_column width=\u00bb1\/2&#8243;][vc_single_image image=\u00bb2722&#8243; img_size=\u00bbmedium\u00bb alignment=\u00bbcenter\u00bb css_animation=\u00bbfadeInRight\u00bb][\/vc_column][\/vc_row][vc_row full_width=\u00bbstretch_row\u00bb css=\u00bb.vc_custom_1553161875271{background-color: #374141 !important;}\u00bb][vc_column width=\u00bb1\/3&#8243;][vc_row_inner][vc_column_inner width=\u00bb2\/3&#8243;][vc_single_image image=\u00bb2551&#8243; img_size=\u00bbfull\u00bb][\/vc_column_inner][vc_column_inner width=\u00bb1\/3&#8243;][\/vc_column_inner][\/vc_row_inner][vc_column_text css=\u00bb.vc_custom_1553523669799{margin-bottom: 0px !important;}\u00bb]<a href=\"\/impressum\">Datenschutzerkl\u00e4rung\/Impressum<\/a>[\/vc_column_text][\/vc_column][vc_column width=\u00bb1\/3&#8243;][vc_custom_heading text=\u00bbNTvsat\u00bb font_container=\u00bbtag:h4|font_size:12|text_align:left|color:%23ffffff\u00bb use_theme_fonts=\u00bbyes\u00bb][vc_column_text css=\u00bb.vc_custom_1586959890227{margin-top: 0px !important;}\u00bb]Somos una compa\u00f1\u00eda alemana que provee todos los servicios de Internet por sat\u00e9lite. Nuestro objetivo es conectar lugares remotos con Internet o su red local. Tambi\u00e9n proveemos internet para veh\u00edculos en movimiento como barcos, camiones, trenes o llanuras. Nuestro principal objetivo es \u00c1frica y el Cercano Oriente.[\/vc_column_text][\/vc_column][vc_column width=\u00bb1\/3&#8243;][vc_custom_heading text=\u00bbCONTACT\u00bb font_container=\u00bbtag:h4|font_size:12|text_align:left|color:%23ffffff\u00bb use_theme_fonts=\u00bbyes\u00bb][vc_column_text css=\u00bb.vc_custom_1586959900857{border-radius: 1px !important;}\u00bb]NTvsat<br \/>\nAlter Schlachthof 17<br \/>\nKarlsruhe<br \/>\nGermany<\/p>\n<p>Tel\u00e9fono: +49.173.699 09 74<br \/>\nsales@nt-vsat.de<\/p>\n<p>www.nt-vsat.com[\/vc_column_text][\/vc_column][\/vc_row]<\/p>\n<\/section>","protected":false},"excerpt":{"rendered":"<p>[vc_row gap=\u00bb30&#8243; equal_height=\u00bbyes\u00bb content_placement=\u00bbbottom\u00bb parallax=\u00bbcontent-moving\u00bb parallax_speed_bg=\u00bb1&#8243; video_overlay_color=\u00bb#0022a0&#8243; enable_bottom_divider=\u00bbenabled\u00bb shape_bottom_height=\u00bb120&#8243; shape_bottom_index=\u00bb3&#8243; css=\u00bb.vc_custom_1553608795286{padding-top: 4% !important;padding-bottom: 4% !important;background-color: #cddce1 !important;background-position: 0 0;background-repeat:-repeat;}\u00bb shape_bottom_color=\u00bb#efefef\u00bb][vc_column animation=\u00bbwpb_bottom-to-top\u00bb css=\u00bb.vc_custom_1551630223461{margin-top: 0px !important;}\u00bb][vc_custom_heading text=\u00bbBlock Upconverters (BUCs)\u00bb font_container=\u00bbtag:h2|text_align:center|color:%23ffffff\u00bb use_theme_fonts=\u00bbyes\u00bb][\/vc_column][\/vc_row][vc_row full_width=\u00bbstretch_row\u00bb css=\u00bb.vc_custom_1551254629384{background-color: #efefef !important;}\u00bb][vc_column][vc_empty_space height=\u00bb30px\u00bb][\/vc_column][\/vc_row][vc_row][vc_column width=\u00bb1\/2&#8243;][vc_single_image image=\u00bb4517&#8243; img_size=\u00bbmedium\u00bb alignment=\u00bbcenter\u00bb css_animation=\u00bbfadeInLeft\u00bb][\/vc_column][vc_column width=\u00bb1\/2&#8243;][vc_custom_heading text=\u00bbiDIRECT 1.5W \/ 3W Universal-Ku Band BUC\u00bb font_container=\u00bbtag:h4|text_align:left|color:%23374141&#8243; use_theme_fonts=\u00bbyes\u00bb css_animation=\u00bbfadeIn\u00bb][vc_column_text]Frecuencia de salida RF: 13.75-14.5 GHz.; &hellip; <a href=\"https:\/\/nt-vsat.com\/es\/bucs\/\" title=\"BUCs\" class=\"read-more\">Read More<\/a><\/p>\n","protected":false},"author":1,"featured_media":0,"parent":0,"menu_order":0,"comment_status":"closed","ping_status":"closed","template":"","meta":{"footnotes":""},"class_list":["post-6101","page","type-page","status-publish","hentry"],"yoast_head":"<!-- This site is optimized with the Yoast SEO Premium plugin v15.5 - https:\/\/yoast.com\/wordpress\/plugins\/seo\/ -->\n<title>BUCs | NTvsat<\/title>\n<meta name=\"robots\" content=\"index, follow, max-snippet:-1, max-image-preview:large, max-video-preview:-1\" \/>\n<link rel=\"canonical\" href=\"https:\/\/nt-vsat.com\/es\/bucs\/\" \/>\n<meta property=\"og:locale\" content=\"es_ES\" \/>\n<meta property=\"og:type\" content=\"article\" \/>\n<meta property=\"og:title\" content=\"BUCs | NTvsat\" \/>\n<meta property=\"og:description\" content=\"[vc_row gap=\u00bb30&#8243; equal_height=\u00bbyes\u00bb content_placement=\u00bbbottom\u00bb parallax=\u00bbcontent-moving\u00bb parallax_speed_bg=\u00bb1&#8243; video_overlay_color=\u00bb#0022a0&#8243; enable_bottom_divider=\u00bbenabled\u00bb shape_bottom_height=\u00bb120&#8243; shape_bottom_index=\u00bb3&#8243; css=\u00bb.vc_custom_1553608795286{padding-top: 4% !important;padding-bottom: 4% !important;background-color: #cddce1 !important;background-position: 0 0;background-repeat:-repeat;}\u00bb shape_bottom_color=\u00bb#efefef\u00bb][vc_column animation=\u00bbwpb_bottom-to-top\u00bb css=\u00bb.vc_custom_1551630223461{margin-top: 0px !important;}\u00bb][vc_custom_heading text=\u00bbBlock Upconverters (BUCs)\u00bb font_container=\u00bbtag:h2|text_align:center|color:%23ffffff\u00bb use_theme_fonts=\u00bbyes\u00bb][\/vc_column][\/vc_row][vc_row full_width=\u00bbstretch_row\u00bb css=\u00bb.vc_custom_1551254629384{background-color: #efefef !important;}\u00bb][vc_column][vc_empty_space height=\u00bb30px\u00bb][\/vc_column][\/vc_row][vc_row][vc_column width=\u00bb1\/2&#8243;][vc_single_image image=\u00bb4517&#8243; img_size=\u00bbmedium\u00bb alignment=\u00bbcenter\u00bb css_animation=\u00bbfadeInLeft\u00bb][\/vc_column][vc_column width=\u00bb1\/2&#8243;][vc_custom_heading text=\u00bbiDIRECT 1.5W \/ 3W Universal-Ku Band BUC\u00bb font_container=\u00bbtag:h4|text_align:left|color:%23374141&#8243; use_theme_fonts=\u00bbyes\u00bb css_animation=\u00bbfadeIn\u00bb][vc_column_text]Frecuencia de salida RF: 13.75-14.5 GHz.; [&hellip;]\" \/>\n<meta property=\"og:url\" content=\"https:\/\/nt-vsat.com\/es\/bucs\/\" \/>\n<meta property=\"og:site_name\" content=\"NTvsat\" \/>\n<meta property=\"article:publisher\" content=\"https:\/\/www.facebook.com\/NTvsat-100170158192571\/\" \/>\n<meta property=\"article:modified_time\" content=\"2020-04-15T14:12:01+00:00\" \/>\n<meta name=\"twitter:card\" content=\"summary_large_image\" \/>\n<meta name=\"twitter:label1\" content=\"Tiempo de lectura\">\n\t<meta name=\"twitter:data1\" content=\"4 minutos\">\n<script type=\"application\/ld+json\" class=\"yoast-schema-graph\">{\"@context\":\"https:\/\/schema.org\",\"@graph\":[{\"@type\":\"Organization\",\"@id\":\"https:\/\/nt-vsat.com\/es\/#organization\",\"name\":\"NTvsat Satellite Internet\",\"url\":\"https:\/\/nt-vsat.com\/es\/\",\"sameAs\":[\"https:\/\/www.facebook.com\/NTvsat-100170158192571\/\"],\"logo\":{\"@type\":\"ImageObject\",\"@id\":\"https:\/\/nt-vsat.com\/es\/#logo\",\"inLanguage\":\"es\",\"url\":\"https:\/\/nt-vsat.com\/wp-content\/uploads\/2019\/03\/NTVSAT_EW03_logo_u_claim-e1552253360734.png\",\"width\":165,\"height\":70,\"caption\":\"NTvsat Satellite Internet\"},\"image\":{\"@id\":\"https:\/\/nt-vsat.com\/es\/#logo\"}},{\"@type\":\"WebSite\",\"@id\":\"https:\/\/nt-vsat.com\/es\/#website\",\"url\":\"https:\/\/nt-vsat.com\/es\/\",\"name\":\"NTvsat\",\"description\":\"GET Connected\",\"publisher\":{\"@id\":\"https:\/\/nt-vsat.com\/es\/#organization\"},\"potentialAction\":[{\"@type\":\"SearchAction\",\"target\":\"https:\/\/nt-vsat.com\/es\/?s={search_term_string}\",\"query-input\":\"required name=search_term_string\"}],\"inLanguage\":\"es\"},{\"@type\":\"WebPage\",\"@id\":\"https:\/\/nt-vsat.com\/es\/bucs\/#webpage\",\"url\":\"https:\/\/nt-vsat.com\/es\/bucs\/\",\"name\":\"BUCs | NTvsat\",\"isPartOf\":{\"@id\":\"https:\/\/nt-vsat.com\/es\/#website\"},\"datePublished\":\"2019-03-30T17:40:37+00:00\",\"dateModified\":\"2020-04-15T14:12:01+00:00\",\"inLanguage\":\"es\",\"potentialAction\":[{\"@type\":\"ReadAction\",\"target\":[\"https:\/\/nt-vsat.com\/es\/bucs\/\"]}]}]}<\/script>\n<!-- \/ Yoast SEO Premium plugin. -->","_links":{"self":[{"href":"https:\/\/nt-vsat.com\/es\/wp-json\/wp\/v2\/pages\/6101","targetHints":{"allow":["GET"]}}],"collection":[{"href":"https:\/\/nt-vsat.com\/es\/wp-json\/wp\/v2\/pages"}],"about":[{"href":"https:\/\/nt-vsat.com\/es\/wp-json\/wp\/v2\/types\/page"}],"author":[{"embeddable":true,"href":"https:\/\/nt-vsat.com\/es\/wp-json\/wp\/v2\/users\/1"}],"replies":[{"embeddable":true,"href":"https:\/\/nt-vsat.com\/es\/wp-json\/wp\/v2\/comments?post=6101"}],"version-history":[{"count":2,"href":"https:\/\/nt-vsat.com\/es\/wp-json\/wp\/v2\/pages\/6101\/revisions"}],"predecessor-version":[{"id":6545,"href":"https:\/\/nt-vsat.com\/es\/wp-json\/wp\/v2\/pages\/6101\/revisions\/6545"}],"wp:attachment":[{"href":"https:\/\/nt-vsat.com\/es\/wp-json\/wp\/v2\/media?parent=6101"}],"curies":[{"name":"wp","href":"https:\/\/api.w.org\/{rel}","templated":true}]}}