{"id":6172,"date":"2016-10-13T08:56:54","date_gmt":"2016-10-13T08:56:54","guid":{"rendered":"https:\/\/www.nt-vsat.com\/c-band-nss-12-hemi-beam\/"},"modified":"2020-04-15T14:56:41","modified_gmt":"2020-04-15T14:56:41","slug":"c-band-nss-12-hemi-beam","status":"publish","type":"page","link":"https:\/\/nt-vsat.com\/es\/c-band-nss-12-hemi-beam\/","title":{"rendered":"C Band NSS 12 West Hemi Africa Beam"},"content":{"rendered":"<section class=\"wpb-content-wrapper\"><p>[vc_row gap=\u00bb30&#8243; equal_height=\u00bbyes\u00bb content_placement=\u00bbbottom\u00bb parallax=\u00bbcontent-moving\u00bb parallax_speed_bg=\u00bb1&#8243; video_overlay_color=\u00bb#0022a0&#8243; enable_bottom_divider=\u00bbenabled\u00bb shape_bottom_height=\u00bb120&#8243; shape_bottom_index=\u00bb3&#8243; css=\u00bb.vc_custom_1553155073622{padding-top: 7% !important;padding-bottom: 7% !important;background-color: #cddce1 !important;background-position: center;background-repeat: no-repeat;background-size:cover;}\u00bb shape_bottom_color=\u00bb#efefef\u00bb][vc_column animation=\u00bbwpb_bottom-to-top\u00bb css=\u00bb.vc_custom_1551630223461{margin-top: 0px !important;}\u00bb][vc_custom_heading source=\u00bbpost_title\u00bb font_container=\u00bbtag:h2|text_align:center|color:%23ffffff\u00bb use_theme_fonts=\u00bbyes\u00bb][\/vc_column][\/vc_row][vc_row css=\u00bb.vc_custom_1553157999045{background-color: #efefef !important;}\u00bb][vc_column][vc_empty_space height=\u00bb30px\u00bb][\/vc_column][\/vc_row][vc_row css=\u00bb.vc_custom_1553158010081{background-color: #efefef !important;}\u00bb][vc_column width=\u00bb1\/2&#8243;][vc_single_image image=\u00bb1907&#8243; img_size=\u00bbfull\u00bb][\/vc_column][vc_column width=\u00bb1\/2&#8243;][vc_column_text]<\/p>\n<h5>Servicio disponible en estos pa\u00edses:<\/h5>\n<p>Albania, Alemania, Andorra, B\u00e9lgica, Bosnia y Herzegovina, Bulgaria, Dinamarca, Estonia, Finlandia, Francia, Grecia, Irlanda, Islandia, Italia, Kazajst\u00e1n, Kosovo, Croacia, Letonia, Liechtenstein, Lituania, Luxemburgo, Malta, Macedonia, Moldavia, M\u00f3naco, Montenegro, Noruega, Pa\u00edses Bajos, Austria, Polonia, Portugal, Rumania, Rusia, San Marino, Suecia, Suiza, Serbia, Eslovaquia, Eslovenia, Espa\u00f1a, Rep\u00fablica Checa, Turqu\u00eda, Ucrania, Hungr\u00eda, Ciudad del Vaticano, Reino Unido, Belar\u00fas Egipto, Argelia, Angola, Guinea Ecuatorial, Etiop\u00eda, Benin, Botswana, Burkina Faso, Burundi, Djibouti, Costa de Marfil, Eritrea, Gab\u00f3n, Gambia, Ghana, Guinea, Guinea Bissau, Cabo Verde, Camer\u00fan, Kenya, Comoras, Congo, Rep\u00fablica Democr\u00e1tica del Congo, Rep\u00fablica de Lesotho, Liberia, Libia, Madagascar, Malawi, Mal\u00ed, Marruecos sin Westsahara, Mauritania, Mozambique, Namibia, N\u00edger, Rwanda, Zambia, Santo Tom\u00e9 y Pr\u00edncipe, Senegal, Seychelles, Arabia Saudita, Sierra Leona, Zimbabwe, Somalia, Somalilandia, Sud\u00e1frica, Sud\u00e1n, Sud\u00e1n meridional, Swazilandia, Tanzan\u00eda, Togo, Chad, T\u00fanez, Uganda, Sahara Occidental, Rep\u00fablica Centroafricana, Armenia, Bahrein, Georgia, Iraq, Israel, Jordania, Qatar, Kuwait, L\u00edbano, Territorios Palestinos y Palestina[\/vc_column_text][vc_btn title=\u00bbCONTACTAR CON EL SERVICIO DE ATENCI\u00d3N AL CLIENTE\u00bb style=\u00bboutline-custom\u00bb outline_custom_color=\u00bb#64b400&#8243; outline_custom_hover_background=\u00bb#64b400&#8243; outline_custom_hover_text=\u00bb#ffffff\u00bb css_animation=\u00bbfadeIn\u00bb link=\u00bburl:%2Fes%2Fcontact|||\u00bb][\/vc_column][\/vc_row][vc_row full_width=\u00bbstretch_row\u00bb css=\u00bb.vc_custom_1553158404878{background-color: #ffffff !important;}\u00bb][vc_column width=\u00bb1\/2&#8243;][vc_column_text]<\/p>\n<h5>Informaci\u00f3n sobre sat\u00e9lites y servicios<\/h5>\n<ul>\n<li>Ubicaci\u00f3n de la \u00f3rbita = 37\u00b0 Oeste<\/li>\n<li>Potencia de carga = ~ 10kW<\/li>\n<li>Capacidad = 36 MHz<\/li>\n<\/ul>\n<p>&nbsp;<\/p>\n<p>La NSS 10 fue lanzada el 3. Febrero de 2005 con una vida \u00fatil prevista hasta el 2021. El sat\u00e9lite geoestacionario tiene la posici\u00f3n de 37\u00b0 Oeste y conecta servicios centrales en diferentes continentes con 49 transpondedores de banda C.<\/p>\n<p>&nbsp;<\/p>\n<p>El NSS 10 proporciona una cobertura de alto rendimiento en Banda C sobre Europa, \u00c1frica y Oriente Medio. Se utiliza para la difusi\u00f3n de televisi\u00f3n, as\u00ed como para canales de comunicaci\u00f3n, conexi\u00f3n punto a punto y redes VSAT (iDirect, Newtec, UHP, Comtech) para clientes corporativos.<\/p>\n<ul>\n<li>Nombre del sat\u00e9lite: NSS 10 (AMC 12, Star One C12, Worldsat 2, GE 1i)<\/li>\n<li>Estado: activo<\/li>\n<li>Posici\u00f3n: 37\u00b0 W (37.5\u00b0 W)<\/li>\n<li>NORAD: 28526<\/li>\n<li>N\u00famero de Cospar: 2005-003A<\/li>\n<li>Operadora: SES S.A.<\/li>\n<li>Fecha de lanzamiento: 3-Feb-2005<\/li>\n<li>Sitio de lanzamiento: Cosm\u00f3dromo de Baikonur<\/li>\n<li>Veh\u00edculo de lanzamiento: Prot\u00f3n M<\/li>\n<li>Masa de lanzamiento (kg): 4953<\/li>\n<li>Masa seca (kg): 2286<\/li>\n<li>Fabricante: Thales Alenia Space<\/li>\n<li>Modelo (autob\u00fas): Spacebus-4000C3<\/li>\n<li>\u00d3rbita: GEO<\/li>\n<li>Vida \u00fatil esperada: 16 a\u00f1os.<\/li>\n<li>Signo de llamada: S2415<\/li>\n<li>Faro(s): 3703H, 4199.5V<\/li>\n<\/ul>\n<h5>Detalles:<\/h5>\n<p>72 transpondedores de banda C.[\/vc_column_text][\/vc_column][vc_column width=\u00bb1\/2&#8243;][vc_column_text]<\/p>\n<h5>Equipo VSAT m\u00ednimo requerido:<\/h5>\n<ul>\n<li>Tama\u00f1o de la antena: <a href=\"https:\/\/www.nt-vsat.com\/wp-content\/uploads\/2020\/01\/Type-123-Class-II-1.2m-Ku-Band-Offset-Antenna_REV-3.pdf\">1,2m Antena<\/a><\/li>\n<li>BUC: <a href=\"https:\/\/www.nt-vsat.com\/es\/bucs\/\">3 Watt est\u00e1ndar o BUC universal<\/a><\/li>\n<li>LNB: <a href=\"https:\/\/www.nt-vsat.com\/es\/lnbs\/\">LNB est\u00e1ndar o universal<\/a><\/li>\n<li>M\u00f3dem: <a href=\"https:\/\/www.nt-vsat.com\/es\/idirect-iq-desktop-satellite-router\/\" target=\"_blank\" rel=\"noopener noreferrer\">iDirect iQ Desktop<\/a>, <a href=\"https:\/\/www.nt-vsat.com\/es\/idirect-iq-200\/\" target=\"_blank\" rel=\"noopener noreferrer\">iQ200<\/a> o <a href=\"https:\/\/www.nt-vsat.com\/es\/idirect-x7-satellite-router\/\" target=\"_blank\" rel=\"noopener noreferrer\">X7 Satellite Router<\/a><\/li>\n<\/ul>\n<p>[\/vc_column_text][\/vc_column][\/vc_row][vc_row full_width=\u00bbstretch_row\u00bb css=\u00bb.vc_custom_1553161875271{background-color: #374141 !important;}\u00bb][vc_column width=\u00bb1\/3&#8243;][vc_row_inner][vc_column_inner width=\u00bb2\/3&#8243;][vc_single_image image=\u00bb2551&#8243; img_size=\u00bbfull\u00bb][\/vc_column_inner][vc_column_inner width=\u00bb1\/3&#8243;][\/vc_column_inner][\/vc_row_inner][vc_column_text css=\u00bb.vc_custom_1553523669799{margin-bottom: 0px !important;}\u00bb]<a href=\"\/impressum\">Datenschutzerkl\u00e4rung\/Impressum<\/a>[\/vc_column_text][\/vc_column][vc_column width=\u00bb1\/3&#8243;][vc_custom_heading text=\u00bbNTvsat\u00bb font_container=\u00bbtag:h4|font_size:12|text_align:left|color:%23ffffff\u00bb use_theme_fonts=\u00bbyes\u00bb][vc_column_text css=\u00bb.vc_custom_1586962577688{margin-top: 0px !important;}\u00bb]Somos una compa\u00f1\u00eda alemana que provee todos los servicios de Internet por sat\u00e9lite. Nuestro objetivo es conectar lugares remotos con Internet o su red local. Tambi\u00e9n proveemos internet para veh\u00edculos en movimiento como barcos, camiones, trenes o llanuras. Nuestro principal objetivo es \u00c1frica y el Cercano Oriente.[\/vc_column_text][\/vc_column][vc_column width=\u00bb1\/3&#8243;][vc_custom_heading text=\u00bbCONTACT\u00bb font_container=\u00bbtag:h4|font_size:12|text_align:left|color:%23ffffff\u00bb use_theme_fonts=\u00bbyes\u00bb][vc_column_text css=\u00bb.vc_custom_1586962590453{border-radius: 1px !important;}\u00bb]NTvsat<br \/>\nAlter Schlachthof 17<br \/>\nKarlsruhe<br \/>\nGermany<\/p>\n<p>Tel\u00e9fono: +49.173.699 09 74<br \/>\nsales@nt-vsat.de<\/p>\n<p>www.nt-vsat.com[\/vc_column_text][\/vc_column][\/vc_row]<\/p>\n<\/section>","protected":false},"excerpt":{"rendered":"<p>[vc_row gap=\u00bb30&#8243; equal_height=\u00bbyes\u00bb content_placement=\u00bbbottom\u00bb parallax=\u00bbcontent-moving\u00bb parallax_speed_bg=\u00bb1&#8243; video_overlay_color=\u00bb#0022a0&#8243; enable_bottom_divider=\u00bbenabled\u00bb shape_bottom_height=\u00bb120&#8243; shape_bottom_index=\u00bb3&#8243; css=\u00bb.vc_custom_1553155073622{padding-top: 7% !important;padding-bottom: 7% !important;background-color: #cddce1 !important;background-position: center;background-repeat: no-repeat;background-size:cover;}\u00bb shape_bottom_color=\u00bb#efefef\u00bb][vc_column animation=\u00bbwpb_bottom-to-top\u00bb css=\u00bb.vc_custom_1551630223461{margin-top: 0px !important;}\u00bb][vc_custom_heading source=\u00bbpost_title\u00bb font_container=\u00bbtag:h2|text_align:center|color:%23ffffff\u00bb use_theme_fonts=\u00bbyes\u00bb][\/vc_column][\/vc_row][vc_row css=\u00bb.vc_custom_1553157999045{background-color: #efefef !important;}\u00bb][vc_column][vc_empty_space height=\u00bb30px\u00bb][\/vc_column][\/vc_row][vc_row css=\u00bb.vc_custom_1553158010081{background-color: #efefef !important;}\u00bb][vc_column width=\u00bb1\/2&#8243;][vc_single_image image=\u00bb1907&#8243; img_size=\u00bbfull\u00bb][\/vc_column][vc_column width=\u00bb1\/2&#8243;][vc_column_text] Servicio disponible en estos pa\u00edses: Albania, Alemania, Andorra, B\u00e9lgica, Bosnia y Herzegovina, Bulgaria, Dinamarca, Estonia, Finlandia, Francia, &hellip; <a href=\"https:\/\/nt-vsat.com\/es\/c-band-nss-12-hemi-beam\/\" title=\"C Band NSS 12 West Hemi Africa Beam\" class=\"read-more\">Read More<\/a><\/p>\n","protected":false},"author":1,"featured_media":0,"parent":0,"menu_order":0,"comment_status":"closed","ping_status":"closed","template":"","meta":{"footnotes":""},"class_list":["post-6172","page","type-page","status-publish","hentry"],"yoast_head":"<!-- This site is optimized with the Yoast SEO Premium plugin v15.5 - https:\/\/yoast.com\/wordpress\/plugins\/seo\/ -->\n<title>C Band NSS 12 West Hemi Africa Beam | NTvsat \u2013 providing connectivity<\/title>\n<meta name=\"description\" content=\"The C Band NSS 12 West Hemi Beam provides high perfomance coverage over Africa. It is perfect for all VSAT Services (iDirect, Newtec, UHP, Comtech).\" \/>\n<meta name=\"robots\" content=\"index, follow, max-snippet:-1, max-image-preview:large, max-video-preview:-1\" \/>\n<link rel=\"canonical\" href=\"https:\/\/nt-vsat.com\/es\/c-band-nss-12-hemi-beam\/\" \/>\n<meta property=\"og:locale\" content=\"es_ES\" \/>\n<meta property=\"og:type\" content=\"article\" \/>\n<meta property=\"og:title\" content=\"C Band NSS 12 West Hemi Africa Beam | NTvsat \u2013 providing connectivity\" \/>\n<meta property=\"og:description\" content=\"The C Band NSS 12 West Hemi Beam provides high perfomance coverage over Africa. It is perfect for all VSAT Services (iDirect, Newtec, UHP, Comtech).\" \/>\n<meta property=\"og:url\" content=\"https:\/\/nt-vsat.com\/es\/c-band-nss-12-hemi-beam\/\" \/>\n<meta property=\"og:site_name\" content=\"NTvsat\" \/>\n<meta property=\"article:publisher\" content=\"https:\/\/www.facebook.com\/NTvsat-100170158192571\/\" \/>\n<meta property=\"article:modified_time\" content=\"2020-04-15T14:56:41+00:00\" \/>\n<meta name=\"twitter:card\" content=\"summary_large_image\" \/>\n<meta name=\"twitter:label1\" content=\"Tiempo de lectura\">\n\t<meta name=\"twitter:data1\" content=\"3 minutos\">\n<script type=\"application\/ld+json\" class=\"yoast-schema-graph\">{\"@context\":\"https:\/\/schema.org\",\"@graph\":[{\"@type\":\"Organization\",\"@id\":\"https:\/\/nt-vsat.com\/es\/#organization\",\"name\":\"NTvsat Satellite Internet\",\"url\":\"https:\/\/nt-vsat.com\/es\/\",\"sameAs\":[\"https:\/\/www.facebook.com\/NTvsat-100170158192571\/\"],\"logo\":{\"@type\":\"ImageObject\",\"@id\":\"https:\/\/nt-vsat.com\/es\/#logo\",\"inLanguage\":\"es\",\"url\":\"https:\/\/nt-vsat.com\/wp-content\/uploads\/2019\/03\/NTVSAT_EW03_logo_u_claim-e1552253360734.png\",\"width\":165,\"height\":70,\"caption\":\"NTvsat Satellite Internet\"},\"image\":{\"@id\":\"https:\/\/nt-vsat.com\/es\/#logo\"}},{\"@type\":\"WebSite\",\"@id\":\"https:\/\/nt-vsat.com\/es\/#website\",\"url\":\"https:\/\/nt-vsat.com\/es\/\",\"name\":\"NTvsat\",\"description\":\"GET Connected\",\"publisher\":{\"@id\":\"https:\/\/nt-vsat.com\/es\/#organization\"},\"potentialAction\":[{\"@type\":\"SearchAction\",\"target\":\"https:\/\/nt-vsat.com\/es\/?s={search_term_string}\",\"query-input\":\"required name=search_term_string\"}],\"inLanguage\":\"es\"},{\"@type\":\"WebPage\",\"@id\":\"https:\/\/nt-vsat.com\/es\/c-band-nss-12-hemi-beam\/#webpage\",\"url\":\"https:\/\/nt-vsat.com\/es\/c-band-nss-12-hemi-beam\/\",\"name\":\"C Band NSS 12 West Hemi Africa Beam | NTvsat \\u2013 providing connectivity\",\"isPartOf\":{\"@id\":\"https:\/\/nt-vsat.com\/es\/#website\"},\"datePublished\":\"2016-10-13T08:56:54+00:00\",\"dateModified\":\"2020-04-15T14:56:41+00:00\",\"description\":\"The C Band NSS 12 West Hemi Beam provides high perfomance coverage over Africa. It is perfect for all VSAT Services (iDirect, Newtec, UHP, Comtech).\",\"inLanguage\":\"es\",\"potentialAction\":[{\"@type\":\"ReadAction\",\"target\":[\"https:\/\/nt-vsat.com\/es\/c-band-nss-12-hemi-beam\/\"]}]}]}<\/script>\n<!-- \/ Yoast SEO Premium plugin. -->","_links":{"self":[{"href":"https:\/\/nt-vsat.com\/es\/wp-json\/wp\/v2\/pages\/6172","targetHints":{"allow":["GET"]}}],"collection":[{"href":"https:\/\/nt-vsat.com\/es\/wp-json\/wp\/v2\/pages"}],"about":[{"href":"https:\/\/nt-vsat.com\/es\/wp-json\/wp\/v2\/types\/page"}],"author":[{"embeddable":true,"href":"https:\/\/nt-vsat.com\/es\/wp-json\/wp\/v2\/users\/1"}],"replies":[{"embeddable":true,"href":"https:\/\/nt-vsat.com\/es\/wp-json\/wp\/v2\/comments?post=6172"}],"version-history":[{"count":2,"href":"https:\/\/nt-vsat.com\/es\/wp-json\/wp\/v2\/pages\/6172\/revisions"}],"predecessor-version":[{"id":6575,"href":"https:\/\/nt-vsat.com\/es\/wp-json\/wp\/v2\/pages\/6172\/revisions\/6575"}],"wp:attachment":[{"href":"https:\/\/nt-vsat.com\/es\/wp-json\/wp\/v2\/media?parent=6172"}],"curies":[{"name":"wp","href":"https:\/\/api.w.org\/{rel}","templated":true}]}}