{"id":6203,"date":"2016-10-06T15:59:22","date_gmt":"2016-10-06T15:59:22","guid":{"rendered":"https:\/\/www.nt-vsat.com\/ka-band-thor-7-telenor\/"},"modified":"2020-04-15T14:31:01","modified_gmt":"2020-04-15T14:31:01","slug":"ka-band-thor-7-telenor","status":"publish","type":"page","link":"https:\/\/nt-vsat.com\/es\/ka-band-thor-7-telenor\/","title":{"rendered":"KA Band Thor 7 (Telenor)"},"content":{"rendered":"<section class=\"wpb-content-wrapper\"><p>[vc_row gap=\u00bb30&#8243; equal_height=\u00bbyes\u00bb content_placement=\u00bbbottom\u00bb parallax=\u00bbcontent-moving\u00bb parallax_speed_bg=\u00bb1&#8243; video_overlay_color=\u00bb#0022a0&#8243; enable_bottom_divider=\u00bbenabled\u00bb shape_bottom_height=\u00bb120&#8243; shape_bottom_index=\u00bb3&#8243; css=\u00bb.vc_custom_1553155073622{padding-top: 7% !important;padding-bottom: 7% !important;background-color: #cddce1 !important;background-position: center;background-repeat: no-repeat;background-size: cover !important;}\u00bb shape_bottom_color=\u00bb#efefef\u00bb][vc_column animation=\u00bbwpb_bottom-to-top\u00bb css=\u00bb.vc_custom_1551630223461{margin-top: 0px !important;}\u00bb][vc_custom_heading source=\u00bbpost_title\u00bb font_container=\u00bbtag:h2|text_align:center|color:%23ffffff\u00bb use_theme_fonts=\u00bbyes\u00bb][\/vc_column][\/vc_row][vc_row css=\u00bb.vc_custom_1553157999045{background-color: #efefef !important;}\u00bb][vc_column][vc_empty_space height=\u00bb30px\u00bb][\/vc_column][\/vc_row][vc_row css=\u00bb.vc_custom_1553158010081{background-color: #efefef !important;}\u00bb][vc_column width=\u00bb1\/2&#8243;][vc_single_image image=\u00bb1911&#8243; img_size=\u00bbfull\u00bb][\/vc_column][vc_column width=\u00bb1\/2&#8243;][vc_column_text]<\/p>\n<h5>Servicio disponible en estos pa\u00edses:<\/h5>\n<p>Albania, Alemania, Andorra, B\u00e9lgica, Bosnia y Herzegovina, Bulgaria, Dinamarca, Estonia, Finlandia, Francia, Grecia, Irlanda, Islandia, Italia, Kazajst\u00e1n, Kosovo, Croacia, Letonia, Liechtenstein, Lituania, Luxemburgo, Malta, Macedonia, Moldavia, M\u00f3naco, Montenegro, Noruega, Pa\u00edses Bajos, Polonia, Portugal, Rumania, Rusia, San Marino, Suecia, Suiza, Serbia, Eslovaquia, Eslovenia, Espa\u00f1a, Rep\u00fablica Checa, Turqu\u00eda, Ucrania, Hungr\u00eda, Ciudad del Vaticano, T\u00fanez, Libia, Egipto, Armenia, Azerbaiy\u00e1n, Bahrein, Georgia, Iraq, Ir\u00e1n, Israel, Yemen, Jordania, Qatar, Kuwait, L\u00edbano, Om\u00e1n, Palestina, Arabia Saudita, Afganist\u00e1n, Pakist\u00e1n, Turkmenist\u00e1n, Uzbekist\u00e1n, Kazajst\u00e1n[\/vc_column_text][vc_btn title=\u00bbCONTACTAR CON EL SERVICIO DE ATENCI\u00d3N AL CLIENTE\u00bb style=\u00bboutline-custom\u00bb outline_custom_color=\u00bb#64b400&#8243; outline_custom_hover_background=\u00bb#64b400&#8243; outline_custom_hover_text=\u00bb#ffffff\u00bb css_animation=\u00bbfadeIn\u00bb link=\u00bburl:%2Fes%2Fcontact|||\u00bb][\/vc_column][\/vc_row][vc_row full_width=\u00bbstretch_row\u00bb css=\u00bb.vc_custom_1553158404878{background-color: #ffffff !important;}\u00bb][vc_column width=\u00bb1\/2&#8243;][vc_column_text]Informaci\u00f3n sobre sat\u00e9lites y servicios<\/p>\n<ul>\n<li>Ubicaci\u00f3n de la \u00f3rbita = 1\u00b0 Oeste<\/li>\n<li>Potencia de la carga \u00fatil = 10kW<\/li>\n<li>Capacidad = 6-9 Gbps<\/li>\n<\/ul>\n<p>&nbsp;<\/p>\n<p>Con el lanzamiento de Thor 7 el 26 de abril de 2015, la radiodifusi\u00f3n por sat\u00e9lite de Telenor proporciona un sat\u00e9lite transpondedor en banda Ku<strong> 21 y en banda Ka 25 para empresas<\/strong> y gobiernos en la \u00f3rbita occidental 1\u00b0. La expectativa de vida es mayor que la de 2030.<\/p>\n<p>&nbsp;<\/p>\n<p>Los haces puntuales en banda de 25 Ka cubren las zonas mar\u00edtimas que <strong>rodean Europa, incluidos el Mediterr\u00e1neo y el Oriente Medio, hasta Asia<\/strong>.\u00a0 Su uso es para la distribuci\u00f3n de TV as\u00ed como para canales de comunicaci\u00f3n, conexi\u00f3n punto a punto y redes <strong>VSAT (iDirect, Newtec, UHP, Comtech)<\/strong> para clientes corporativos.<\/p>\n<p>&nbsp;<\/p>\n<ul>\n<li>Nombre del sat\u00e9lite: Thor 7<\/li>\n<li>Estado: activo<\/li>\n<li>Posici\u00f3n: 1\u00b0 W (0,8\u00b0 W)<\/li>\n<li>NORAD: 40613<\/li>\n<li>N\u00famero de Cospar: 2015-022A<\/li>\n<li>Operadora: Transmisi\u00f3n por sat\u00e9lite de Telenor<\/li>\n<li>Fecha de lanzamiento: 26 de abril de 2015<\/li>\n<li>Sitio de lanzamiento: Centro Espacial Guayan\u00e9s<\/li>\n<li>Veh\u00edculo de lanzamiento: Ariane 5 ECA<\/li>\n<li>Masa de lanzamiento (kg): 4600<\/li>\n<li>Masa seca (kg): 1800<\/li>\n<li>Fabricante: Space Systems Loral (SSL)<\/li>\n<li>Modelo (autob\u00fas): LS-1300<\/li>\n<li>\u00d3rbita: GEO<\/li>\n<li>Vida \u00fatil esperada: 15 a\u00f1os.<\/li>\n<li>Signo de llamada:\u00a0 Faro(s): 12494.5 LHCP, 12495.5 LHCP, 20198 RHCP<\/li>\n<\/ul>\n<h5>Detalles<\/h5>\n<p>11 transpondedores en banda Ku, dedicados a la ampliaci\u00f3n de los servicios de radiodifusi\u00f3n en Europa y una capacidad adicional de reserva en banda Ku. Carga \u00fatil en banda Ka para satisfacer la creciente demanda de comunicaciones de banda ancha de gran ancho de banda por parte de la industria mar\u00edtima e incluye 30 puntos fijos y un haz orientable sobre el Mar del Norte, el Mar de Noruega, el Mar Rojo, el Mar B\u00e1ltico, el Golfo P\u00e9rsico y el Mediterr\u00e1neo.[\/vc_column_text][\/vc_column][vc_column width=\u00bb1\/2&#8243;][vc_column_text]<\/p>\n<h5>Equipo VSAT m\u00ednimo requerido:<\/h5>\n<ul>\n<li>Tama\u00f1o de la antena: <a href=\"https:\/\/www.nt-vsat.com\/wp-content\/uploads\/2020\/01\/Type-123-Class-II-1.2m-Ku-Band-Offset-Antenna_REV-3.pdf\">1,2m Antena<\/a><\/li>\n<li>BUC: <a href=\"https:\/\/www.nt-vsat.com\/es\/bucs\/\">3 Watt est\u00e1ndar o BUC universal<\/a><\/li>\n<li>LNB: <a href=\"https:\/\/www.nt-vsat.com\/es\/lnbs\/\">LNB est\u00e1ndar o universal<\/a><\/li>\n<li>M\u00f3dem: <a href=\"https:\/\/www.nt-vsat.com\/es\/idirect-iq-desktop-satellite-router\/\" target=\"_blank\" rel=\"noopener noreferrer\">iDirect iQ Desktop<\/a>, <a href=\"https:\/\/www.nt-vsat.com\/es\/idirect-iq-200\/\" target=\"_blank\" rel=\"noopener noreferrer\">iQ200<\/a> o <a href=\"https:\/\/www.nt-vsat.com\/es\/idirect-x7-satellite-router\/\" target=\"_blank\" rel=\"noopener noreferrer\">X7 Satellite Router<\/a><\/li>\n<\/ul>\n<p>[\/vc_column_text][\/vc_column][\/vc_row][vc_row full_width=\u00bbstretch_row\u00bb css=\u00bb.vc_custom_1553161875271{background-color: #374141 !important;}\u00bb][vc_column width=\u00bb1\/3&#8243;][vc_row_inner][vc_column_inner width=\u00bb2\/3&#8243;][vc_single_image image=\u00bb2551&#8243; img_size=\u00bbfull\u00bb][\/vc_column_inner][vc_column_inner width=\u00bb1\/3&#8243;][\/vc_column_inner][\/vc_row_inner][vc_column_text css=\u00bb.vc_custom_1553523669799{margin-bottom: 0px !important;}\u00bb]<a href=\"\/impressum\">Datenschutzerkl\u00e4rung\/Impressum<\/a>[\/vc_column_text][\/vc_column][vc_column width=\u00bb1\/3&#8243;][vc_custom_heading text=\u00bbNTvsat\u00bb font_container=\u00bbtag:h4|font_size:12|text_align:left|color:%23ffffff\u00bb use_theme_fonts=\u00bbyes\u00bb][vc_column_text css=\u00bb.vc_custom_1586961009425{margin-top: 0px !important;}\u00bb]Somos una compa\u00f1\u00eda alemana que provee todos los servicios de Internet por sat\u00e9lite. Nuestro objetivo es conectar lugares remotos con Internet o su red local. Tambi\u00e9n proveemos internet para veh\u00edculos en movimiento como barcos, camiones, trenes o llanuras. Nuestro principal objetivo es \u00c1frica y el Cercano Oriente.[\/vc_column_text][\/vc_column][vc_column width=\u00bb1\/3&#8243;][vc_custom_heading text=\u00bbCONTACT\u00bb font_container=\u00bbtag:h4|font_size:12|text_align:left|color:%23ffffff\u00bb use_theme_fonts=\u00bbyes\u00bb][vc_column_text css=\u00bb.vc_custom_1586961017336{border-radius: 1px !important;}\u00bb]NTvsat<br \/>\nAlter Schlachthof 17<br \/>\nKarlsruhe<br \/>\nGermany<\/p>\n<p>Tel\u00e9fono: +49.173.699 09 74<br \/>\nsales@nt-vsat.de<\/p>\n<p>www.nt-vsat.com[\/vc_column_text][\/vc_column][\/vc_row]<\/p>\n<\/section>","protected":false},"excerpt":{"rendered":"<p>[vc_row gap=\u00bb30&#8243; equal_height=\u00bbyes\u00bb content_placement=\u00bbbottom\u00bb parallax=\u00bbcontent-moving\u00bb parallax_speed_bg=\u00bb1&#8243; video_overlay_color=\u00bb#0022a0&#8243; enable_bottom_divider=\u00bbenabled\u00bb shape_bottom_height=\u00bb120&#8243; shape_bottom_index=\u00bb3&#8243; css=\u00bb.vc_custom_1553155073622{padding-top: 7% !important;padding-bottom: 7% !important;background-color: #cddce1 !important;background-position: center;background-repeat: no-repeat;background-size: cover !important;}\u00bb shape_bottom_color=\u00bb#efefef\u00bb][vc_column animation=\u00bbwpb_bottom-to-top\u00bb css=\u00bb.vc_custom_1551630223461{margin-top: 0px !important;}\u00bb][vc_custom_heading source=\u00bbpost_title\u00bb font_container=\u00bbtag:h2|text_align:center|color:%23ffffff\u00bb use_theme_fonts=\u00bbyes\u00bb][\/vc_column][\/vc_row][vc_row css=\u00bb.vc_custom_1553157999045{background-color: #efefef !important;}\u00bb][vc_column][vc_empty_space height=\u00bb30px\u00bb][\/vc_column][\/vc_row][vc_row css=\u00bb.vc_custom_1553158010081{background-color: #efefef !important;}\u00bb][vc_column width=\u00bb1\/2&#8243;][vc_single_image image=\u00bb1911&#8243; img_size=\u00bbfull\u00bb][\/vc_column][vc_column width=\u00bb1\/2&#8243;][vc_column_text] Servicio disponible en estos pa\u00edses: Albania, Alemania, Andorra, B\u00e9lgica, Bosnia y Herzegovina, Bulgaria, Dinamarca, Estonia, &hellip; <a href=\"https:\/\/nt-vsat.com\/es\/ka-band-thor-7-telenor\/\" title=\"KA Band Thor 7 (Telenor)\" class=\"read-more\">Read More<\/a><\/p>\n","protected":false},"author":1,"featured_media":0,"parent":0,"menu_order":0,"comment_status":"closed","ping_status":"closed","template":"","meta":{"footnotes":""},"class_list":["post-6203","page","type-page","status-publish","hentry"],"yoast_head":"<!-- This site is optimized with the Yoast SEO Premium plugin v15.5 - https:\/\/yoast.com\/wordpress\/plugins\/seo\/ -->\n<title>KA Band Thor 7 (Telenor) | NTvsat<\/title>\n<meta name=\"robots\" content=\"index, follow, max-snippet:-1, max-image-preview:large, max-video-preview:-1\" \/>\n<link rel=\"canonical\" href=\"https:\/\/nt-vsat.com\/es\/ka-band-thor-7-telenor\/\" \/>\n<meta property=\"og:locale\" content=\"es_ES\" \/>\n<meta property=\"og:type\" content=\"article\" \/>\n<meta property=\"og:title\" content=\"KA Band Thor 7 (Telenor) | NTvsat\" \/>\n<meta property=\"og:description\" content=\"[vc_row gap=\u00bb30&#8243; equal_height=\u00bbyes\u00bb content_placement=\u00bbbottom\u00bb parallax=\u00bbcontent-moving\u00bb parallax_speed_bg=\u00bb1&#8243; video_overlay_color=\u00bb#0022a0&#8243; enable_bottom_divider=\u00bbenabled\u00bb shape_bottom_height=\u00bb120&#8243; shape_bottom_index=\u00bb3&#8243; css=\u00bb.vc_custom_1553155073622{padding-top: 7% !important;padding-bottom: 7% !important;background-color: #cddce1 !important;background-position: center;background-repeat: no-repeat;background-size: cover !important;}\u00bb shape_bottom_color=\u00bb#efefef\u00bb][vc_column animation=\u00bbwpb_bottom-to-top\u00bb css=\u00bb.vc_custom_1551630223461{margin-top: 0px !important;}\u00bb][vc_custom_heading source=\u00bbpost_title\u00bb font_container=\u00bbtag:h2|text_align:center|color:%23ffffff\u00bb use_theme_fonts=\u00bbyes\u00bb][\/vc_column][\/vc_row][vc_row css=\u00bb.vc_custom_1553157999045{background-color: #efefef !important;}\u00bb][vc_column][vc_empty_space height=\u00bb30px\u00bb][\/vc_column][\/vc_row][vc_row css=\u00bb.vc_custom_1553158010081{background-color: #efefef !important;}\u00bb][vc_column width=\u00bb1\/2&#8243;][vc_single_image image=\u00bb1911&#8243; img_size=\u00bbfull\u00bb][\/vc_column][vc_column width=\u00bb1\/2&#8243;][vc_column_text] Servicio disponible en estos pa\u00edses: Albania, Alemania, Andorra, B\u00e9lgica, Bosnia y Herzegovina, Bulgaria, Dinamarca, Estonia, [&hellip;]\" \/>\n<meta property=\"og:url\" content=\"https:\/\/nt-vsat.com\/es\/ka-band-thor-7-telenor\/\" \/>\n<meta property=\"og:site_name\" content=\"NTvsat\" \/>\n<meta property=\"article:publisher\" content=\"https:\/\/www.facebook.com\/NTvsat-100170158192571\/\" \/>\n<meta property=\"article:modified_time\" content=\"2020-04-15T14:31:01+00:00\" \/>\n<meta name=\"twitter:card\" content=\"summary_large_image\" \/>\n<meta name=\"twitter:label1\" content=\"Tiempo de lectura\">\n\t<meta name=\"twitter:data1\" content=\"3 minutos\">\n<script type=\"application\/ld+json\" class=\"yoast-schema-graph\">{\"@context\":\"https:\/\/schema.org\",\"@graph\":[{\"@type\":\"Organization\",\"@id\":\"https:\/\/nt-vsat.com\/es\/#organization\",\"name\":\"NTvsat Satellite Internet\",\"url\":\"https:\/\/nt-vsat.com\/es\/\",\"sameAs\":[\"https:\/\/www.facebook.com\/NTvsat-100170158192571\/\"],\"logo\":{\"@type\":\"ImageObject\",\"@id\":\"https:\/\/nt-vsat.com\/es\/#logo\",\"inLanguage\":\"es\",\"url\":\"https:\/\/nt-vsat.com\/wp-content\/uploads\/2019\/03\/NTVSAT_EW03_logo_u_claim-e1552253360734.png\",\"width\":165,\"height\":70,\"caption\":\"NTvsat Satellite Internet\"},\"image\":{\"@id\":\"https:\/\/nt-vsat.com\/es\/#logo\"}},{\"@type\":\"WebSite\",\"@id\":\"https:\/\/nt-vsat.com\/es\/#website\",\"url\":\"https:\/\/nt-vsat.com\/es\/\",\"name\":\"NTvsat\",\"description\":\"GET Connected\",\"publisher\":{\"@id\":\"https:\/\/nt-vsat.com\/es\/#organization\"},\"potentialAction\":[{\"@type\":\"SearchAction\",\"target\":\"https:\/\/nt-vsat.com\/es\/?s={search_term_string}\",\"query-input\":\"required name=search_term_string\"}],\"inLanguage\":\"es\"},{\"@type\":\"WebPage\",\"@id\":\"https:\/\/nt-vsat.com\/es\/ka-band-thor-7-telenor\/#webpage\",\"url\":\"https:\/\/nt-vsat.com\/es\/ka-band-thor-7-telenor\/\",\"name\":\"KA Band Thor 7 (Telenor) | NTvsat\",\"isPartOf\":{\"@id\":\"https:\/\/nt-vsat.com\/es\/#website\"},\"datePublished\":\"2016-10-06T15:59:22+00:00\",\"dateModified\":\"2020-04-15T14:31:01+00:00\",\"inLanguage\":\"es\",\"potentialAction\":[{\"@type\":\"ReadAction\",\"target\":[\"https:\/\/nt-vsat.com\/es\/ka-band-thor-7-telenor\/\"]}]}]}<\/script>\n<!-- \/ Yoast SEO Premium plugin. -->","_links":{"self":[{"href":"https:\/\/nt-vsat.com\/es\/wp-json\/wp\/v2\/pages\/6203","targetHints":{"allow":["GET"]}}],"collection":[{"href":"https:\/\/nt-vsat.com\/es\/wp-json\/wp\/v2\/pages"}],"about":[{"href":"https:\/\/nt-vsat.com\/es\/wp-json\/wp\/v2\/types\/page"}],"author":[{"embeddable":true,"href":"https:\/\/nt-vsat.com\/es\/wp-json\/wp\/v2\/users\/1"}],"replies":[{"embeddable":true,"href":"https:\/\/nt-vsat.com\/es\/wp-json\/wp\/v2\/comments?post=6203"}],"version-history":[{"count":3,"href":"https:\/\/nt-vsat.com\/es\/wp-json\/wp\/v2\/pages\/6203\/revisions"}],"predecessor-version":[{"id":6553,"href":"https:\/\/nt-vsat.com\/es\/wp-json\/wp\/v2\/pages\/6203\/revisions\/6553"}],"wp:attachment":[{"href":"https:\/\/nt-vsat.com\/es\/wp-json\/wp\/v2\/media?parent=6203"}],"curies":[{"name":"wp","href":"https:\/\/api.w.org\/{rel}","templated":true}]}}