{"id":6220,"date":"2019-03-30T13:30:35","date_gmt":"2019-03-30T13:30:35","guid":{"rendered":"https:\/\/www.nt-vsat.com\/newtec-mdm2200-satellite-modem\/"},"modified":"2020-04-15T12:31:58","modified_gmt":"2020-04-15T12:31:58","slug":"newtec-mdm2200-satellite-modem","status":"publish","type":"page","link":"https:\/\/nt-vsat.com\/es\/newtec-mdm2200-satellite-modem\/","title":{"rendered":"Newtec MDM2200 Satellite Modem"},"content":{"rendered":"<section class=\"wpb-content-wrapper\"><p>[vc_row gap=\u00bb30&#8243; equal_height=\u00bbyes\u00bb content_placement=\u00bbbottom\u00bb parallax=\u00bbcontent-moving\u00bb parallax_speed_bg=\u00bb1&#8243; video_overlay_color=\u00bb#0022a0&#8243; enable_bottom_divider=\u00bbenabled\u00bb shape_bottom_height=\u00bb120&#8243; shape_bottom_index=\u00bb3&#8243; css=\u00bb.vc_custom_1553608795286{padding-top: 4% !important;padding-bottom: 4% !important;background-color: #cddce1 !important;background-position: 0 0;background-repeat:-repeat;}\u00bb shape_bottom_color=\u00bb#efefef\u00bb][vc_column animation=\u00bbwpb_bottom-to-top\u00bb css=\u00bb.vc_custom_1551630223461{margin-top: 0px !important;}\u00bb][vc_custom_heading source=\u00bbpost_title\u00bb font_container=\u00bbtag:h2|text_align:center|color:%23ffffff\u00bb use_theme_fonts=\u00bbyes\u00bb][\/vc_column][\/vc_row][vc_row full_width=\u00bbstretch_row\u00bb css=\u00bb.vc_custom_1551254629384{background-color: #efefef !important;}\u00bb][vc_column][vc_empty_space height=\u00bb30px\u00bb][\/vc_column][\/vc_row][vc_row][vc_column width=\u00bb1\/2&#8243;][vc_single_image image=\u00bb4148&#8243; img_size=\u00bbfull\u00bb onclick=\u00bblink_image\u00bb css_animation=\u00bbbottom-to-top\u00bb][\/vc_column][vc_column width=\u00bb1\/2&#8243; animation=\u00bbwpb_bottom-to-top\u00bb][vc_custom_heading text=\u00bbMDM2200 IP SATELLITE MODEM\u00bb font_container=\u00bbtag:h4|text_align:left|color:%23374141&#8243; use_theme_fonts=\u00bbyes\u00bb css_animation=\u00bbfadeIn\u00bb][vc_column_text]El m\u00f3dem satelital IP MDM2200 de Newtec es un m\u00f3dem bidireccional de alto rendimiento. Se combina con una gama de diferentes tama\u00f1os de antenas y LNBs interactivos formando un terminal de sat\u00e9lite rentable en la plataforma Sat3Play\u00ae. Newtec MDM2200 IP Satellite Modem El m\u00f3dem soporta varios servicios IP como acceso a internet\/intranet, VoIP y multidifusi\u00f3n. Su facilidad de instalaci\u00f3n y sus t\u00e9cnicas de modulaci\u00f3n de alto rendimiento permiten a los operadores de redes ofrecer servicios de banda ancha IP de manera rentable en las redes de banda Ka de Kuand. Es perfectamente adecuado para usuarios dom\u00e9sticos de servicios, peque\u00f1as oficinas y oficinas en el hogar (SOHO), peque\u00f1as y medianas empresas (SME), as\u00ed como para aplicaciones de apoyo como redes de telemetr\u00eda, puntos de venta (POS) o banca.[\/vc_column_text][vc_btn title=\u00bbM\u00c1S INFORMACI\u00d3N\u00bb style=\u00bboutline-custom\u00bb outline_custom_color=\u00bb#64b400&#8243; outline_custom_hover_background=\u00bb#64b400&#8243; outline_custom_hover_text=\u00bb#ffffff\u00bb css_animation=\u00bbfadeIn\u00bb link=\u00bburl:http%3A%2F%2Fnt-vsat.com%2Fwp-content%2Fuploads%2F2019%2FDataSheet%2Fnewtec-mdm2200-on-the-sat3play-platform.pdf||target:%20_blank|\u00bb][\/vc_column][\/vc_row][vc_row][vc_column][vc_empty_space][\/vc_column][\/vc_row][vc_row full_width=\u00bbstretch_row\u00bb css=\u00bb.vc_custom_1553893302623{background-color: #ffffff !important;}\u00bb][vc_column width=\u00bb1\/2&#8243;][vc_column_text]<\/p>\n<h5>Caracter\u00edsticas principales<\/h5>\n<ul>\n<li>De tama\u00f1o peque\u00f1o, de mesa o de pared<\/li>\n<li>DVB-S2 ACM en adelante<\/li>\n<li>4CPM MF-TDMA Adaptive Return Link<\/li>\n<li>Aceleraci\u00f3n y encriptaci\u00f3n del TCP incorporado<\/li>\n<li>Quality of Service de Multinivel<\/li>\n<li>Vers\u00e1til enrutamiento y direccionamiento de IP<\/li>\n<li>Baja fluctuaci\u00f3n para aplicaciones en tiempo real<\/li>\n<li>Cach\u00e9\/Relevador DNS y b\u00fasqueda previa HTTP<\/li>\n<li>Soporte de IPv4 e IPv6<\/li>\n<li>Tarjeta microSD e interfaz USB (uso futuro)<\/li>\n<li>Actualizaci\u00f3n de software por aire<\/li>\n<li>Herramientas de monitoreo y diagn\u00f3stico por aire<\/li>\n<\/ul>\n<p>[\/vc_column_text][\/vc_column][vc_column width=\u00bb1\/2&#8243;][vc_column_text]Las cartas de triunfo son su f\u00e1cil instalaci\u00f3n y sus eficientes t\u00e9cnicas de modulaci\u00f3n que permiten a los operadores de redes ofrecer servicios de banda ancha IP de manera rentable.<\/p>\n<h5>Principales ventajas<\/h5>\n<ul>\n<li>Baja inversi\u00f3n inicial por usuario, gracias a un costo terminal muy bajo y a la capacidad \u00fanica de instalaci\u00f3n del sistema \u00abPoint &amp; Play easy\u00bb.<\/li>\n<li>GUI web f\u00e1cil de usar para la instalaci\u00f3n, el diagn\u00f3stico y la resoluci\u00f3n de problemas<\/li>\n<li>Enlace de retorno adaptativo basado en diferentes modulaciones\/codificaciones de 4CPM y anchos de banda de m\u00faltiples canales.<\/li>\n<li>Alta satisfacci\u00f3n de servicio garantizada mediante una verdadera experiencia de banda ancha<\/li>\n<li>Disponibilidad y eficiencia \u00f3ptimas de la transmisi\u00f3n DVB-S2 gracias a las tecnolog\u00edas de Newtec FlexACM\u00ae y ThiMM<\/li>\n<li>Mejora de la eficiencia del 10 al 15% con la Clean Channel Technology\u00ae de Newtec<\/li>\n<\/ul>\n<p>[\/vc_column_text][vc_btn title=\u00bbCONTACTAR CON EL SERVICIO DE ATENCI\u00d3N AL CLIENTE\u00bb style=\u00bboutline-custom\u00bb outline_custom_color=\u00bb#64b400&#8243; outline_custom_hover_background=\u00bb#64b400&#8243; outline_custom_hover_text=\u00bb#ffffff\u00bb css_animation=\u00bbfadeIn\u00bb link=\u00bburl:%2Fes%2Fcontact|||\u00bb][\/vc_column][\/vc_row][vc_row full_width=\u00bbstretch_row\u00bb css=\u00bb.vc_custom_1553161875271{background-color: #374141 !important;}\u00bb][vc_column width=\u00bb1\/3&#8243;][vc_row_inner][vc_column_inner width=\u00bb2\/3&#8243;][vc_single_image image=\u00bb2551&#8243; img_size=\u00bbfull\u00bb][\/vc_column_inner][vc_column_inner width=\u00bb1\/3&#8243;][\/vc_column_inner][\/vc_row_inner][vc_column_text css=\u00bb.vc_custom_1553523669799{margin-bottom: 0px !important;}\u00bb]<a href=\"\/impressum\">Datenschutzerkl\u00e4rung\/Impressum<\/a>[\/vc_column_text][\/vc_column][vc_column width=\u00bb1\/3&#8243;][vc_custom_heading text=\u00bbNTvsat\u00bb font_container=\u00bbtag:h4|font_size:12|text_align:left|color:%23ffffff\u00bb use_theme_fonts=\u00bbyes\u00bb][vc_column_text css=\u00bb.vc_custom_1586953874128{margin-top: 0px !important;}\u00bb]Somos una compa\u00f1\u00eda alemana que provee todos los servicios de Internet por sat\u00e9lite. Nuestro objetivo es conectar lugares remotos con Internet o su red local. Tambi\u00e9n proveemos internet para veh\u00edculos en movimiento como barcos, camiones, trenes o llanuras. Nuestro principal objetivo es \u00c1frica y el Cercano Oriente.[\/vc_column_text][\/vc_column][vc_column width=\u00bb1\/3&#8243;][vc_custom_heading text=\u00bbCONTACT\u00bb font_container=\u00bbtag:h4|font_size:12|text_align:left|color:%23ffffff\u00bb use_theme_fonts=\u00bbyes\u00bb][vc_column_text css=\u00bb.vc_custom_1586953883281{border-radius: 1px !important;}\u00bb]NTvsat<br \/>\nAlter Schlachthof 17<br \/>\nKarlsruhe<br \/>\nGermany<\/p>\n<p>Tel\u00e9fono: +49.173.699 09 74<br \/>\nsales@nt-vsat.de<\/p>\n<p>www.nt-vsat.com[\/vc_column_text][\/vc_column][\/vc_row]<\/p>\n<\/section>","protected":false},"excerpt":{"rendered":"<p>[vc_row gap=\u00bb30&#8243; equal_height=\u00bbyes\u00bb content_placement=\u00bbbottom\u00bb parallax=\u00bbcontent-moving\u00bb parallax_speed_bg=\u00bb1&#8243; video_overlay_color=\u00bb#0022a0&#8243; enable_bottom_divider=\u00bbenabled\u00bb shape_bottom_height=\u00bb120&#8243; shape_bottom_index=\u00bb3&#8243; css=\u00bb.vc_custom_1553608795286{padding-top: 4% !important;padding-bottom: 4% !important;background-color: #cddce1 !important;background-position: 0 0;background-repeat:-repeat;}\u00bb shape_bottom_color=\u00bb#efefef\u00bb][vc_column animation=\u00bbwpb_bottom-to-top\u00bb css=\u00bb.vc_custom_1551630223461{margin-top: 0px !important;}\u00bb][vc_custom_heading source=\u00bbpost_title\u00bb font_container=\u00bbtag:h2|text_align:center|color:%23ffffff\u00bb use_theme_fonts=\u00bbyes\u00bb][\/vc_column][\/vc_row][vc_row full_width=\u00bbstretch_row\u00bb css=\u00bb.vc_custom_1551254629384{background-color: #efefef !important;}\u00bb][vc_column][vc_empty_space height=\u00bb30px\u00bb][\/vc_column][\/vc_row][vc_row][vc_column width=\u00bb1\/2&#8243;][vc_single_image image=\u00bb4148&#8243; img_size=\u00bbfull\u00bb onclick=\u00bblink_image\u00bb css_animation=\u00bbbottom-to-top\u00bb][\/vc_column][vc_column width=\u00bb1\/2&#8243; animation=\u00bbwpb_bottom-to-top\u00bb][vc_custom_heading text=\u00bbMDM2200 IP SATELLITE MODEM\u00bb font_container=\u00bbtag:h4|text_align:left|color:%23374141&#8243; use_theme_fonts=\u00bbyes\u00bb css_animation=\u00bbfadeIn\u00bb][vc_column_text]El m\u00f3dem satelital IP MDM2200 de Newtec es un m\u00f3dem &hellip; <a href=\"https:\/\/nt-vsat.com\/es\/newtec-mdm2200-satellite-modem\/\" title=\"Newtec MDM2200 Satellite Modem\" class=\"read-more\">Read More<\/a><\/p>\n","protected":false},"author":1,"featured_media":0,"parent":0,"menu_order":0,"comment_status":"closed","ping_status":"closed","template":"","meta":{"footnotes":""},"class_list":["post-6220","page","type-page","status-publish","hentry"],"yoast_head":"<!-- This site is optimized with the Yoast SEO Premium plugin v15.5 - https:\/\/yoast.com\/wordpress\/plugins\/seo\/ -->\n<title>Newtec MDM2200 Satellite Modem | NTvsat<\/title>\n<meta name=\"robots\" content=\"index, follow, max-snippet:-1, max-image-preview:large, max-video-preview:-1\" \/>\n<link rel=\"canonical\" href=\"https:\/\/nt-vsat.com\/es\/newtec-mdm2200-satellite-modem\/\" \/>\n<meta property=\"og:locale\" content=\"es_ES\" \/>\n<meta property=\"og:type\" content=\"article\" \/>\n<meta property=\"og:title\" content=\"Newtec MDM2200 Satellite Modem | NTvsat\" \/>\n<meta property=\"og:description\" content=\"[vc_row gap=\u00bb30&#8243; equal_height=\u00bbyes\u00bb content_placement=\u00bbbottom\u00bb parallax=\u00bbcontent-moving\u00bb parallax_speed_bg=\u00bb1&#8243; video_overlay_color=\u00bb#0022a0&#8243; enable_bottom_divider=\u00bbenabled\u00bb shape_bottom_height=\u00bb120&#8243; shape_bottom_index=\u00bb3&#8243; css=\u00bb.vc_custom_1553608795286{padding-top: 4% !important;padding-bottom: 4% !important;background-color: #cddce1 !important;background-position: 0 0;background-repeat:-repeat;}\u00bb shape_bottom_color=\u00bb#efefef\u00bb][vc_column animation=\u00bbwpb_bottom-to-top\u00bb css=\u00bb.vc_custom_1551630223461{margin-top: 0px !important;}\u00bb][vc_custom_heading source=\u00bbpost_title\u00bb font_container=\u00bbtag:h2|text_align:center|color:%23ffffff\u00bb use_theme_fonts=\u00bbyes\u00bb][\/vc_column][\/vc_row][vc_row full_width=\u00bbstretch_row\u00bb css=\u00bb.vc_custom_1551254629384{background-color: #efefef !important;}\u00bb][vc_column][vc_empty_space height=\u00bb30px\u00bb][\/vc_column][\/vc_row][vc_row][vc_column width=\u00bb1\/2&#8243;][vc_single_image image=\u00bb4148&#8243; img_size=\u00bbfull\u00bb onclick=\u00bblink_image\u00bb css_animation=\u00bbbottom-to-top\u00bb][\/vc_column][vc_column width=\u00bb1\/2&#8243; animation=\u00bbwpb_bottom-to-top\u00bb][vc_custom_heading text=\u00bbMDM2200 IP SATELLITE MODEM\u00bb font_container=\u00bbtag:h4|text_align:left|color:%23374141&#8243; use_theme_fonts=\u00bbyes\u00bb css_animation=\u00bbfadeIn\u00bb][vc_column_text]El m\u00f3dem satelital IP MDM2200 de Newtec es un m\u00f3dem [&hellip;]\" \/>\n<meta property=\"og:url\" content=\"https:\/\/nt-vsat.com\/es\/newtec-mdm2200-satellite-modem\/\" \/>\n<meta property=\"og:site_name\" content=\"NTvsat\" \/>\n<meta property=\"article:publisher\" content=\"https:\/\/www.facebook.com\/NTvsat-100170158192571\/\" \/>\n<meta property=\"article:modified_time\" content=\"2020-04-15T12:31:58+00:00\" \/>\n<meta name=\"twitter:card\" content=\"summary_large_image\" \/>\n<meta name=\"twitter:label1\" content=\"Tiempo de lectura\">\n\t<meta name=\"twitter:data1\" content=\"3 minutos\">\n<script type=\"application\/ld+json\" class=\"yoast-schema-graph\">{\"@context\":\"https:\/\/schema.org\",\"@graph\":[{\"@type\":\"Organization\",\"@id\":\"https:\/\/nt-vsat.com\/es\/#organization\",\"name\":\"NTvsat Satellite Internet\",\"url\":\"https:\/\/nt-vsat.com\/es\/\",\"sameAs\":[\"https:\/\/www.facebook.com\/NTvsat-100170158192571\/\"],\"logo\":{\"@type\":\"ImageObject\",\"@id\":\"https:\/\/nt-vsat.com\/es\/#logo\",\"inLanguage\":\"es\",\"url\":\"https:\/\/nt-vsat.com\/wp-content\/uploads\/2019\/03\/NTVSAT_EW03_logo_u_claim-e1552253360734.png\",\"width\":165,\"height\":70,\"caption\":\"NTvsat Satellite Internet\"},\"image\":{\"@id\":\"https:\/\/nt-vsat.com\/es\/#logo\"}},{\"@type\":\"WebSite\",\"@id\":\"https:\/\/nt-vsat.com\/es\/#website\",\"url\":\"https:\/\/nt-vsat.com\/es\/\",\"name\":\"NTvsat\",\"description\":\"GET Connected\",\"publisher\":{\"@id\":\"https:\/\/nt-vsat.com\/es\/#organization\"},\"potentialAction\":[{\"@type\":\"SearchAction\",\"target\":\"https:\/\/nt-vsat.com\/es\/?s={search_term_string}\",\"query-input\":\"required name=search_term_string\"}],\"inLanguage\":\"es\"},{\"@type\":\"WebPage\",\"@id\":\"https:\/\/nt-vsat.com\/es\/newtec-mdm2200-satellite-modem\/#webpage\",\"url\":\"https:\/\/nt-vsat.com\/es\/newtec-mdm2200-satellite-modem\/\",\"name\":\"Newtec MDM2200 Satellite Modem | NTvsat\",\"isPartOf\":{\"@id\":\"https:\/\/nt-vsat.com\/es\/#website\"},\"datePublished\":\"2019-03-30T13:30:35+00:00\",\"dateModified\":\"2020-04-15T12:31:58+00:00\",\"inLanguage\":\"es\",\"potentialAction\":[{\"@type\":\"ReadAction\",\"target\":[\"https:\/\/nt-vsat.com\/es\/newtec-mdm2200-satellite-modem\/\"]}]}]}<\/script>\n<!-- \/ Yoast SEO Premium plugin. -->","_links":{"self":[{"href":"https:\/\/nt-vsat.com\/es\/wp-json\/wp\/v2\/pages\/6220","targetHints":{"allow":["GET"]}}],"collection":[{"href":"https:\/\/nt-vsat.com\/es\/wp-json\/wp\/v2\/pages"}],"about":[{"href":"https:\/\/nt-vsat.com\/es\/wp-json\/wp\/v2\/types\/page"}],"author":[{"embeddable":true,"href":"https:\/\/nt-vsat.com\/es\/wp-json\/wp\/v2\/users\/1"}],"replies":[{"embeddable":true,"href":"https:\/\/nt-vsat.com\/es\/wp-json\/wp\/v2\/comments?post=6220"}],"version-history":[{"count":3,"href":"https:\/\/nt-vsat.com\/es\/wp-json\/wp\/v2\/pages\/6220\/revisions"}],"predecessor-version":[{"id":6522,"href":"https:\/\/nt-vsat.com\/es\/wp-json\/wp\/v2\/pages\/6220\/revisions\/6522"}],"wp:attachment":[{"href":"https:\/\/nt-vsat.com\/es\/wp-json\/wp\/v2\/media?parent=6220"}],"curies":[{"name":"wp","href":"https:\/\/api.w.org\/{rel}","templated":true}]}}