{"id":5745,"date":"2018-05-18T14:10:18","date_gmt":"2018-05-18T14:10:18","guid":{"rendered":"https:\/\/www.nt-vsat.com\/startup\/"},"modified":"2023-07-04T12:55:55","modified_gmt":"2023-07-04T12:55:55","slug":"startup","status":"publish","type":"page","link":"https:\/\/nt-vsat.com\/fr\/","title":{"rendered":"German &#8211; Satellite Internet Provider"},"content":{"rendered":"<section class=\"wpb-content-wrapper\"><p>[vc_row full_width=\u00a0\u00bbstretch_row\u00a0\u00bb equal_height=\u00a0\u00bbyes\u00a0\u00bb content_placement=\u00a0\u00bbtop\u00a0\u00bb parallax=\u00a0\u00bbcontent-moving\u00a0\u00bb parallax_speed_bg=\u00a0\u00bb1&Prime; video_overlay_color=\u00a0\u00bb#0022a0&Prime; enable_bottom_divider=\u00a0\u00bbenabled\u00a0\u00bb shape_bottom_height=\u00a0\u00bb120&Prime; shape_bottom_index=\u00a0\u00bb3&Prime; css=\u00a0\u00bb.vc_custom_1552143386106{background-color: #efefef !important;background-position: center;background-repeat: no-repeat;background-size:cover !important;}\u00a0\u00bb shape_bottom_color=\u00a0\u00bb#efefef\u00a0\u00bb][vc_column animation=\u00a0\u00bbwpb_bottom-to-top\u00a0\u00bb css=\u00a0\u00bb.vc_custom_1551630223461{margin-top: 0px !important;}\u00a0\u00bb][rev_slider_vc alias=\u00a0\u00bbntvsatslider-mit-zixi-1&Prime;][\/vc_column][\/vc_row][vc_row full_width=\u00a0\u00bbstretch_row\u00a0\u00bb content_placement=\u00a0\u00bbbottom\u00a0\u00bb css=\u00a0\u00bb.vc_custom_1553337663038{padding-top: 20px !important;padding-bottom: 0% !important;background-color: #efefef !important;}\u00a0\u00bb][vc_column width=\u00a0\u00bb1\/6&Prime;][\/vc_column][vc_column width=\u00a0\u00bb2\/3&Prime; animation=\u00a0\u00bbwpb_bottom-to-top\u00a0\u00bb animationdelay=\u00a0\u00bb.5&Prime;][vc_single_image image=\u00a0\u00bb2551&Prime; img_size=\u00a0\u00bbfull\u00a0\u00bb alignment=\u00a0\u00bbcenter\u00a0\u00bb css_animation=\u00a0\u00bbslideInDown\u00a0\u00bb][vc_custom_heading text=\u00a0\u00bbTout le monde \u00e0 NTvsat est guid\u00e9 par la passion pour un monde connect\u00e9.<br \/>\nDans un march\u00e9 mondial, nous aidons votre entreprise \u00e0 rester connect\u00e9e.<br \/>\nVous ne vous perdrez pas &#8211; o\u00f9 que vous soyez.\u00a0\u00bb font_container=\u00a0\u00bbtag:h5|font_size:20|text_align:center|color:%23545454&Prime; use_theme_fonts=\u00a0\u00bbyes\u00a0\u00bb css_animation=\u00a0\u00bbfadeIn\u00a0\u00bb][\/vc_column][vc_column width=\u00a0\u00bb1\/6&Prime;][\/vc_column][\/vc_row][vc_row full_width=\u00a0\u00bbstretch_row\u00a0\u00bb content_placement=\u00a0\u00bbbottom\u00a0\u00bb parallax=\u00a0\u00bbcontent-moving\u00a0\u00bb css=\u00a0\u00bb.vc_custom_1551262710840{padding-top: 0% !important;padding-bottom: 0px !important;background-color: #efefef !important;}\u00a0\u00bb][vc_column width=\u00a0\u00bb1\/6&Prime;][\/vc_column][vc_column width=\u00a0\u00bb1\/6&Prime;][\/vc_column][\/vc_row][vc_row full_width=\u00a0\u00bbstretch_row\u00a0\u00bb css=\u00a0\u00bb.vc_custom_1552143114790{background-color: #efefef !important;}\u00a0\u00bb el_id=\u00a0\u00bbbusinesscases\u00a0\u00bb el_class=\u00a0\u00bbbusinesscases\u00a0\u00bb][vc_column animation=\u00a0\u00bbwpb_bottom-to-top\u00a0\u00bb][vc_custom_heading text=\u00a0\u00bbCas d&rsquo;entreprises\u00a0\u00bb font_container=\u00a0\u00bbtag:h4|text_align:left|color:%2364b400&Prime; use_theme_fonts=\u00a0\u00bbyes\u00a0\u00bb css_animation=\u00a0\u00bbslideInUp\u00a0\u00bb][vc_row_inner][vc_column_inner width=\u00a0\u00bb1\/4&Prime;]\n\t\t\t\t<figure class=\"imghvr-fold-up vcmpihover\">\n\t\t\t\t\t<img decoding=\"async\" src=\"https:\/\/nt-vsat.com\/wp-content\/uploads\/2019\/03\/GettyImages-150004382-2.jpg\" alt=\"example-image\">\n\t\t\t\t\t<figcaption style=\"background: #64b400 url() no-repeat 0 50% \/ cover\">\n\t\t\t\t\t\t<h3 style=\"color: ; font-size:1\"><\/h3>\n\t\t\t\t\t\t<p style=\"color: ; font-size:\">EN SAVOIR PLUS<\/p>\n\t\t\t\t\t<\/figcaption>\n\t\t\t\t\t\t<a href=\"\/fr\/project\/maritime\"><\/a>\n\t\t\t\t<\/figure>[vc_custom_heading text=\u00a0\u00bbSolution Satellite Maritime\u00a0\u00bb font_container=\u00a0\u00bbtag:h4|font_size:20|text_align:left|color:%23374141&Prime; use_theme_fonts=\u00a0\u00bbyes\u00a0\u00bb][vc_column_text]La n\u00e9cessit\u00e9 de mieux faire conna\u00eetre les solutions satellitaires pour la communaut\u00e9 maritime est croissante, ainsi que l&rsquo;importance de l&rsquo;\u00e9largissement de l&rsquo;offre de formation, de la facilitation de nouveaux projets,&#8230;<\/p>\n<p><a href=\"\/fr\/project\/maritime\">en savoir plus<\/a>[\/vc_column_text][\/vc_column_inner][vc_column_inner width=\u00a0\u00bb1\/4&Prime;]\n\t\t\t\t<figure class=\"imghvr-fold-down vcmpihover\">\n\t\t\t\t\t<img decoding=\"async\" src=\"https:\/\/nt-vsat.com\/wp-content\/uploads\/2019\/03\/GettyImages-1070188740-1.jpg\" alt=\"example-image\">\n\t\t\t\t\t<figcaption style=\"background: #64b400 url() no-repeat 0 50% \/ cover\">\n\t\t\t\t\t\t<h3 style=\"color: ; font-size:\"><\/h3>\n\t\t\t\t\t\t<p style=\"color: ; font-size:\">EN SAVOIR PLUS<\/p>\n\t\t\t\t\t<\/figcaption>\n\t\t\t\t\t\t<a href=\"\/fr\/project\/oilgas\"><\/a>\n\t\t\t\t<\/figure>[vc_custom_heading text=\u00a0\u00bbP\u00e9trole et Gaz\u00a0\u00bb font_container=\u00a0\u00bbtag:h4|font_size:20|text_align:left|color:%23374141&Prime; use_theme_fonts=\u00a0\u00bbyes\u00a0\u00bb][vc_column_text]Le p\u00e9trole est une mati\u00e8re premi\u00e8re essentielle de notre \u00e9poque. Pour le produire, des plateformes p\u00e9troli\u00e8res sont b\u00e2ties partout dans le monde, souvent dans des endroits presque inabordables au milieu de la mer. Bien entendu,&#8230;<\/p>\n<p><a href=\"\/fr\/project\/oilgas\">en savoir plus<\/a>[\/vc_column_text][\/vc_column_inner][vc_column_inner width=\u00a0\u00bb1\/4&Prime;]\n\t\t\t\t<figure class=\"imghvr-fold-up vcmpihover\">\n\t\t\t\t\t<img decoding=\"async\" src=\"https:\/\/nt-vsat.com\/wp-content\/uploads\/2019\/03\/GettyImages-175603484-1.jpg\" alt=\"example-image\">\n\t\t\t\t\t<figcaption style=\"background: #64b400 url() no-repeat 0 50% \/ cover\">\n\t\t\t\t\t\t<h3 style=\"color: ; font-size:\"><\/h3>\n\t\t\t\t\t\t<p style=\"color: ; font-size:\">EN SAVOIR PLUS<\/p>\n\t\t\t\t\t<\/figcaption>\n\t\t\t\t\t\t<a href=\"\/fr\/project\/mining\"><\/a>\n\t\t\t\t<\/figure>[vc_custom_heading text=\u00a0\u00bbExploitation Mini\u00e8re\u00a0\u00bb font_container=\u00a0\u00bbtag:h4|font_size:20|text_align:left|color:%23374141&Prime; use_theme_fonts=\u00a0\u00bbyes\u00a0\u00bb][vc_column_text]Alors que la demande de min\u00e9raux continue de cro\u00eetre dans le monde entier, les compagnies mini\u00e8res exploitent de plus en plus de gisements isol\u00e9s dans le monde, souvent loin des lignes fixes&#8230;<\/p>\n<p><a href=\"\/fr\/project\/mining\">en savoir plus<\/a>[\/vc_column_text][\/vc_column_inner][vc_column_inner width=\u00a0\u00bb1\/4&Prime;]\n\t\t\t\t<figure class=\"imghvr-fold-down vcmpihover\">\n\t\t\t\t\t<img decoding=\"async\" src=\"https:\/\/nt-vsat.com\/wp-content\/uploads\/2019\/03\/iStock-500837820-e1553779502426-1-e1555592626981.jpg\" alt=\"example-image\">\n\t\t\t\t\t<figcaption style=\"background: #64b400 url() no-repeat 0 50% \/ cover\">\n\t\t\t\t\t\t<h3 style=\"color: ; font-size:\"><\/h3>\n\t\t\t\t\t\t<p style=\"color: ; font-size:\">EN SAVOIR PLUS<\/p>\n\t\t\t\t\t<\/figcaption>\n\t\t\t\t\t\t<a href=\"\/fr\/project\/fleet\"><\/a>\n\t\t\t\t<\/figure>[vc_custom_heading text=\u00a0\u00bbPr\u00e9paration aux Catastrophes\u00a0\u00bb font_container=\u00a0\u00bbtag:h4|font_size:20|text_align:left|color:%23374141&Prime; use_theme_fonts=\u00a0\u00bbyes\u00a0\u00bb][vc_column_text]Les catastrophes naturelles se succ\u00e8dent et, comme le mot le dit d\u00e9j\u00e0, elles surviennent le plus souvent de mani\u00e8re surprenante en raison de la nature et se terminent par une catastrophe pour la r\u00e9gion touch\u00e9e&#8230;<\/p>\n<p><a href=\"\/project\/desaster\">en savoir plus<\/a>[\/vc_column_text][\/vc_column_inner][\/vc_row_inner][vc_btn title=\u00a0\u00bbMONTREZ-MOI PLUS\u00a0\u00bb style=\u00a0\u00bboutline-custom\u00a0\u00bb outline_custom_color=\u00a0\u00bb#64b400&Prime; outline_custom_hover_background=\u00a0\u00bb#64b400&Prime; outline_custom_hover_text=\u00a0\u00bb#ffffff\u00a0\u00bb size=\u00a0\u00bbxs\u00a0\u00bb align=\u00a0\u00bbcenter\u00a0\u00bb link=\u00a0\u00bburl:http%3A%2F%2Fwww.nt-vsat.com%2Ffr%2Fbusiness-cases%2F|title:business%20cases||\u00a0\u00bb][\/vc_column][\/vc_row][vc_row content_placement=\u00a0\u00bbbottom\u00a0\u00bb el_id=\u00a0\u00bbfootprints\u00a0\u00bb css=\u00a0\u00bb.vc_custom_1551615472271{padding-top: 50px !important;padding-bottom: 0px !important;}\u00a0\u00bb][vc_column][vc_custom_heading text=\u00a0\u00bbEmpreintes\u00a0\u00bb font_container=\u00a0\u00bbtag:h4|text_align:left|color:%2364b400&Prime; use_theme_fonts=\u00a0\u00bbyes\u00a0\u00bb][vc_row_inner][vc_column_inner width=\u00a0\u00bb2\/3&Prime;][vc_single_image image=\u00a0\u00bb8006&Prime; img_size=\u00a0\u00bbfull\u00a0\u00bb css_animation=\u00a0\u00bbslideInLeft\u00a0\u00bb][\/vc_column_inner][vc_column_inner width=\u00a0\u00bb1\/3&Prime;][vc_column_text]Vous trouverez ici les Empreintes des bandes C, KA et KU que nous soutenons.[\/vc_column_text][vc_btn title=\u00a0\u00bbEN SAVOIR PLUS\u00a0\u00bb style=\u00a0\u00bboutline-custom\u00a0\u00bb outline_custom_color=\u00a0\u00bb#64b400&Prime; outline_custom_hover_background=\u00a0\u00bb#64b400&Prime; outline_custom_hover_text=\u00a0\u00bb#ffffff\u00a0\u00bb align=\u00a0\u00bbleft\u00a0\u00bb link=\u00a0\u00bburl:https%3A%2F%2Fnt-vsat.com%2Ffr%2Ffootprints%2F|title:Footprints||\u00a0\u00bb][\/vc_column_inner][\/vc_row_inner][\/vc_column][\/vc_row][vc_row full_width=\u00a0\u00bbstretch_row\u00a0\u00bb css=\u00a0\u00bb.vc_custom_1584541977089{background-color: #efefef !important;}\u00a0\u00bb][vc_column][vc_custom_heading text=\u00a0\u00bbServices\u00a0\u00bb font_container=\u00a0\u00bbtag:h4|text_align:left|color:%2364b400&Prime; use_theme_fonts=\u00a0\u00bbyes\u00a0\u00bb css=\u00a0\u00bb.vc_custom_1553247260306{margin-bottom: 0px !important;}\u00a0\u00bb][vc_row_inner css=\u00a0\u00bb.vc_custom_1553247782925{padding-top: 20px !important;padding-bottom: 20px !important;}\u00a0\u00bb][vc_column_inner width=\u00a0\u00bb1\/3&Prime;][vc_custom_heading text=\u00a0\u00bbNTvsat\u00a0\u00bb font_container=\u00a0\u00bbtag:h6|text_align:left|color:%2364b400&Prime; use_theme_fonts=\u00a0\u00bbyes\u00a0\u00bb][vc_custom_heading text=\u00a0\u00bbServices de terrain\u00a0\u00bb font_container=\u00a0\u00bbtag:h4|text_align:left|color:%23374141&Prime; use_theme_fonts=\u00a0\u00bbyes\u00a0\u00bb][vc_column_text]NTvsat vous offre \u00e9galement le package complet pour l&rsquo;installation d&rsquo;un syst\u00e8me VSAT.<\/p>\n<p>Voyez comment nos solutions peuvent vous permettre de vous connecter au monde.<\/p>\n<p><a href=\"\/fr\/field-services\/\">en savoir plus<\/a>[\/vc_column_text][\/vc_column_inner][vc_column_inner width=\u00a0\u00bb1\/3&Prime;][vc_custom_heading text=\u00a0\u00bbNTvsat\u00a0\u00bb font_container=\u00a0\u00bbtag:h6|text_align:left|color:%2364b400&Prime; use_theme_fonts=\u00a0\u00bbyes\u00a0\u00bb][vc_custom_heading text=\u00a0\u00bbSatellite \u00e0 large bande\u00a0\u00bb font_container=\u00a0\u00bbtag:h4|text_align:left|color:%23374141&Prime; use_theme_fonts=\u00a0\u00bbyes\u00a0\u00bb][vc_column_text]Une connexion \u00e0 large bande par satellite est la solution optimale pour permettre l&rsquo;acc\u00e8s \u00e0 l&rsquo;internet dans des zones inaccessibles telles que les montagnes, les \u00eeles, les for\u00eats et les jungles.<\/p>\n<p>Il n&rsquo;est gu\u00e8re&#8230;<\/p>\n<p><a href=\"\/fr\/broadband-satellite\/\">en savoir plus<\/a>[\/vc_column_text][\/vc_column_inner][vc_column_inner width=\u00a0\u00bb1\/3&Prime;][vc_custom_heading text=\u00a0\u00bbNTvsat\u00a0\u00bb font_container=\u00a0\u00bbtag:h6|text_align:left|color:%2364b400&Prime; use_theme_fonts=\u00a0\u00bbyes\u00a0\u00bb][vc_custom_heading text=\u00a0\u00bbServices de sauvegarde\u00a0\u00bb font_container=\u00a0\u00bbtag:h4|text_align:left|color:%23374141&Prime; use_theme_fonts=\u00a0\u00bbyes\u00a0\u00bb][vc_column_text]Chaque entreprise a aujourd&rsquo;hui besoin d&rsquo;une connexion Internet et t\u00e9l\u00e9phonique stable pour mener \u00e0 bien ses activit\u00e9s quotidiennes. Les connexions c\u00e2bl\u00e9es courantes sont toutefois susceptibles de tomber en panne&#8230;<\/p>\n<p><a href=\"\/backup-services\/\">en savoir plus<\/a>[\/vc_column_text][\/vc_column_inner][\/vc_row_inner][vc_row_inner css=\u00a0\u00bb.vc_custom_1553951613521{margin-top: 0px !important;}\u00a0\u00bb][vc_column_inner width=\u00a0\u00bb1\/3&Prime;][\/vc_column_inner][vc_column_inner width=\u00a0\u00bb1\/3&Prime;][vc_btn title=\u00a0\u00bbMONTEZ-MOI PLUS\u00a0\u00bb style=\u00a0\u00bboutline-custom\u00a0\u00bb outline_custom_color=\u00a0\u00bb#64b400&Prime; outline_custom_hover_background=\u00a0\u00bb#64b400&Prime; outline_custom_hover_text=\u00a0\u00bb#ffffff\u00a0\u00bb size=\u00a0\u00bbxs\u00a0\u00bb align=\u00a0\u00bbcenter\u00a0\u00bb css_animation=\u00a0\u00bbfadeInUp\u00a0\u00bb link=\u00a0\u00bburl:%2Ffr%2Fservices%2F|title:Services||\u00a0\u00bb][\/vc_column_inner][vc_column_inner width=\u00a0\u00bb1\/3&Prime;][\/vc_column_inner][\/vc_row_inner][\/vc_column][\/vc_row][vc_row][vc_column][vc_row_inner css=\u00a0\u00bb.vc_custom_1553247782925{padding-top: 20px !important;padding-bottom: 20px !important;}\u00a0\u00bb][vc_column_inner width=\u00a0\u00bb1\/3&Prime;][vc_single_image image=\u00a0\u00bb7952&Prime; img_size=\u00a0\u00bbmedium\u00a0\u00bb css_animation=\u00a0\u00bbfadeInLeft\u00a0\u00bb][\/vc_column_inner][vc_column_inner width=\u00a0\u00bb2\/3&Prime;][vc_custom_heading text=\u00a0\u00bbZixi Video Broadcasting\u00a0\u00bb font_container=\u00a0\u00bbtag:h4|text_align:left|color:%23374141&Prime; use_theme_fonts=\u00a0\u00bbyes\u00a0\u00bb][vc_column_text]NTvsat est \u00e9galement susceptible de vous fournir des flux vid\u00e9o sur IP gr\u00e2ce \u00e0 la plateforme Zixi. Cela vous permettra de diffuser du contenu vid\u00e9o en toute s\u00e9curit\u00e9, sans faille, \u00e0 moindre co\u00fbt et \u00e0 l&rsquo;\u00e9chelle.[\/vc_column_text][vc_btn title=\u00a0\u00bbCONTACTER LE SERVICE CLIENT\u00c8LE\u00a0\u00bb style=\u00a0\u00bboutline-custom\u00a0\u00bb outline_custom_color=\u00a0\u00bb#64b400&Prime; outline_custom_hover_background=\u00a0\u00bb#64b400&Prime; outline_custom_hover_text=\u00a0\u00bb#ffffff\u00a0\u00bb css_animation=\u00a0\u00bbfadeIn\u00a0\u00bb link=\u00a0\u00bburl:%2Ffr%2Fcontact%2F|title:Contact||\u00a0\u00bb][\/vc_column_inner][\/vc_row_inner][\/vc_column][\/vc_row][vc_row full_width=\u00a0\u00bbstretch_row\u00a0\u00bb css=\u00a0\u00bb.vc_custom_1553523725243{background-color: #374141 !important;}\u00a0\u00bb][vc_column width=\u00a0\u00bb1\/3&Prime;][vc_row_inner][vc_column_inner width=\u00a0\u00bb2\/3&Prime;][vc_single_image image=\u00a0\u00bb2551&Prime; img_size=\u00a0\u00bbfull\u00a0\u00bb][\/vc_column_inner][vc_column_inner width=\u00a0\u00bb1\/3&Prime;][\/vc_column_inner][\/vc_row_inner][vc_column_text css=\u00a0\u00bb.vc_custom_1553523669799{margin-bottom: 0px !important;}\u00a0\u00bb]<a href=\"\/impressum\">Datenschutzerkl\u00e4rung\/Impressum<\/a>[\/vc_column_text][\/vc_column][vc_column width=\u00a0\u00bb1\/3&Prime;][vc_custom_heading text=\u00a0\u00bbNTvsat\u00a0\u00bb font_container=\u00a0\u00bbtag:h4|font_size:12|text_align:left|color:%23ffffff\u00a0\u00bb use_theme_fonts=\u00a0\u00bbyes\u00a0\u00bb][vc_column_text css=\u00a0\u00bb.vc_custom_1586263553713{margin-top: 0px !important;}\u00a0\u00bb]Nous sommes une entreprise allemande qui fournit tous les services pour l&rsquo;internet par satellite. Notre but est de connecter des lieux \u00e9loign\u00e9s \u00e0 l&rsquo;internet ou \u00e0 votre r\u00e9seau local. Nous fournissons \u00e9galement l&rsquo;internet pour les v\u00e9hicules en mouvement comme les bateaux, les camions, les trains ou les plaines. Nous nous concentrons essentiellement sur l&rsquo;Afrique et le Proche-Orient.[\/vc_column_text][\/vc_column][vc_column width=\u00a0\u00bb1\/3&Prime;][vc_custom_heading text=\u00a0\u00bbCONTACT\u00a0\u00bb font_container=\u00a0\u00bbtag:h4|font_size:12|text_align:left|color:%23ffffff\u00a0\u00bb use_theme_fonts=\u00a0\u00bbyes\u00a0\u00bb][vc_column_text css=\u00a0\u00bb.vc_custom_1586263584062{border-radius: 1px !important;}\u00a0\u00bb]NTvsat<br \/>\nAlter Schlachthof 17<br \/>\nKarlsruhe<br \/>\nGermany<\/p>\n<p>T\u00e9l\u00e9phone: +49.173.699 09 74<br \/>\nsales@nt-vsat.de<\/p>\n<p>www.nt-vsat.com[\/vc_column_text][\/vc_column][\/vc_row]<\/p>\n<\/section>","protected":false},"excerpt":{"rendered":"<p>[vc_row full_width=\u00a0\u00bbstretch_row\u00a0\u00bb equal_height=\u00a0\u00bbyes\u00a0\u00bb content_placement=\u00a0\u00bbtop\u00a0\u00bb parallax=\u00a0\u00bbcontent-moving\u00a0\u00bb parallax_speed_bg=\u00a0\u00bb1&Prime; video_overlay_color=\u00a0\u00bb#0022a0&Prime; enable_bottom_divider=\u00a0\u00bbenabled\u00a0\u00bb shape_bottom_height=\u00a0\u00bb120&Prime; shape_bottom_index=\u00a0\u00bb3&Prime; css=\u00a0\u00bb.vc_custom_1552143386106{background-color: #efefef !important;background-position: center;background-repeat: no-repeat;background-size:cover !important;}\u00a0\u00bb shape_bottom_color=\u00a0\u00bb#efefef\u00a0\u00bb][vc_column animation=\u00a0\u00bbwpb_bottom-to-top\u00a0\u00bb css=\u00a0\u00bb.vc_custom_1551630223461{margin-top: 0px !important;}\u00a0\u00bb][rev_slider_vc alias=\u00a0\u00bbntvsatslider-mit-zixi-1&Prime;][\/vc_column][\/vc_row][vc_row full_width=\u00a0\u00bbstretch_row\u00a0\u00bb content_placement=\u00a0\u00bbbottom\u00a0\u00bb css=\u00a0\u00bb.vc_custom_1553337663038{padding-top: 20px !important;padding-bottom: 0% !important;background-color: #efefef !important;}\u00a0\u00bb][vc_column width=\u00a0\u00bb1\/6&Prime;][\/vc_column][vc_column width=\u00a0\u00bb2\/3&Prime; animation=\u00a0\u00bbwpb_bottom-to-top\u00a0\u00bb animationdelay=\u00a0\u00bb.5&Prime;][vc_single_image image=\u00a0\u00bb2551&Prime; img_size=\u00a0\u00bbfull\u00a0\u00bb alignment=\u00a0\u00bbcenter\u00a0\u00bb css_animation=\u00a0\u00bbslideInDown\u00a0\u00bb][vc_custom_heading text=\u00a0\u00bbTout le monde \u00e0 NTvsat est guid\u00e9 par la passion pour un monde connect\u00e9. Dans un &hellip; <a href=\"https:\/\/nt-vsat.com\/fr\/\" title=\"German &#8211; Satellite Internet Provider\" class=\"read-more\">Read More<\/a><\/p>\n","protected":false},"author":3,"featured_media":0,"parent":0,"menu_order":0,"comment_status":"closed","ping_status":"closed","template":"","meta":{"footnotes":""},"class_list":["post-5745","page","type-page","status-publish","hentry"],"yoast_head":"<!-- This site is optimized with the Yoast SEO Premium plugin v15.5 - https:\/\/yoast.com\/wordpress\/plugins\/seo\/ -->\n<title>German - Satellite Internet Provider | NTvsat<\/title>\n<meta name=\"description\" content=\"We connect remote locations via satellite, landing in german teleport using iDirect, UHP, Newtec and Comtech VSAT technology to provide internet access.\" \/>\n<meta name=\"robots\" content=\"index, follow, max-snippet:-1, max-image-preview:large, max-video-preview:-1\" \/>\n<link rel=\"canonical\" href=\"https:\/\/nt-vsat.com\/fr\/\" \/>\n<meta property=\"og:locale\" content=\"fr_FR\" \/>\n<meta property=\"og:type\" content=\"article\" \/>\n<meta property=\"og:title\" content=\"German - Satellite Internet Provider | NTvsat\" \/>\n<meta property=\"og:description\" content=\"We connect remote locations via satellite, landing in german teleport using iDirect, UHP, Newtec and Comtech VSAT technology to provide internet access.\" \/>\n<meta property=\"og:url\" content=\"https:\/\/nt-vsat.com\/fr\/\" \/>\n<meta property=\"og:site_name\" content=\"NTvsat\" \/>\n<meta property=\"article:publisher\" content=\"https:\/\/www.facebook.com\/NTvsat-100170158192571\/\" \/>\n<meta property=\"article:modified_time\" content=\"2023-07-04T12:55:55+00:00\" \/>\n<meta name=\"twitter:card\" content=\"summary_large_image\" \/>\n<meta name=\"twitter:label1\" content=\"Dur\u00e9e de lecture estim\u00e9e\">\n\t<meta name=\"twitter:data1\" content=\"6 minutes\">\n<script type=\"application\/ld+json\" class=\"yoast-schema-graph\">{\"@context\":\"https:\/\/schema.org\",\"@graph\":[{\"@type\":\"Organization\",\"@id\":\"https:\/\/nt-vsat.com\/fr\/#organization\",\"name\":\"NTvsat Satellite Internet\",\"url\":\"https:\/\/nt-vsat.com\/fr\/\",\"sameAs\":[\"https:\/\/www.facebook.com\/NTvsat-100170158192571\/\"],\"logo\":{\"@type\":\"ImageObject\",\"@id\":\"https:\/\/nt-vsat.com\/fr\/#logo\",\"inLanguage\":\"fr-FR\",\"url\":\"https:\/\/nt-vsat.com\/wp-content\/uploads\/2019\/03\/NTVSAT_EW03_logo_u_claim-e1552253360734.png\",\"width\":165,\"height\":70,\"caption\":\"NTvsat Satellite Internet\"},\"image\":{\"@id\":\"https:\/\/nt-vsat.com\/fr\/#logo\"}},{\"@type\":\"WebSite\",\"@id\":\"https:\/\/nt-vsat.com\/fr\/#website\",\"url\":\"https:\/\/nt-vsat.com\/fr\/\",\"name\":\"NTvsat\",\"description\":\"GET Connected\",\"publisher\":{\"@id\":\"https:\/\/nt-vsat.com\/fr\/#organization\"},\"potentialAction\":[{\"@type\":\"SearchAction\",\"target\":\"https:\/\/nt-vsat.com\/fr\/?s={search_term_string}\",\"query-input\":\"required name=search_term_string\"}],\"inLanguage\":\"fr-FR\"},{\"@type\":\"WebPage\",\"@id\":\"https:\/\/nt-vsat.com\/fr\/#webpage\",\"url\":\"https:\/\/nt-vsat.com\/fr\/\",\"name\":\"German - Satellite Internet Provider | NTvsat\",\"isPartOf\":{\"@id\":\"https:\/\/nt-vsat.com\/fr\/#website\"},\"datePublished\":\"2018-05-18T14:10:18+00:00\",\"dateModified\":\"2023-07-04T12:55:55+00:00\",\"description\":\"We connect remote locations via satellite, landing in german teleport using iDirect, UHP, Newtec and Comtech VSAT technology to provide internet access.\",\"inLanguage\":\"fr-FR\",\"potentialAction\":[{\"@type\":\"ReadAction\",\"target\":[\"https:\/\/nt-vsat.com\/fr\/\"]}]}]}<\/script>\n<!-- \/ Yoast SEO Premium plugin. -->","_links":{"self":[{"href":"https:\/\/nt-vsat.com\/fr\/wp-json\/wp\/v2\/pages\/5745","targetHints":{"allow":["GET"]}}],"collection":[{"href":"https:\/\/nt-vsat.com\/fr\/wp-json\/wp\/v2\/pages"}],"about":[{"href":"https:\/\/nt-vsat.com\/fr\/wp-json\/wp\/v2\/types\/page"}],"author":[{"embeddable":true,"href":"https:\/\/nt-vsat.com\/fr\/wp-json\/wp\/v2\/users\/3"}],"replies":[{"embeddable":true,"href":"https:\/\/nt-vsat.com\/fr\/wp-json\/wp\/v2\/comments?post=5745"}],"version-history":[{"count":7,"href":"https:\/\/nt-vsat.com\/fr\/wp-json\/wp\/v2\/pages\/5745\/revisions"}],"predecessor-version":[{"id":8111,"href":"https:\/\/nt-vsat.com\/fr\/wp-json\/wp\/v2\/pages\/5745\/revisions\/8111"}],"wp:attachment":[{"href":"https:\/\/nt-vsat.com\/fr\/wp-json\/wp\/v2\/media?parent=5745"}],"curies":[{"name":"wp","href":"https:\/\/api.w.org\/{rel}","templated":true}]}}