{"id":5752,"date":"2019-03-26T19:26:56","date_gmt":"2019-03-26T18:26:56","guid":{"rendered":"https:\/\/www.nt-vsat.com\/services\/"},"modified":"2020-04-16T08:23:11","modified_gmt":"2020-04-16T08:23:11","slug":"services","status":"publish","type":"page","link":"https:\/\/nt-vsat.com\/fr\/services\/","title":{"rendered":"Services"},"content":{"rendered":"<section class=\"wpb-content-wrapper\"><p>[vc_row gap=\u00a0\u00bb30&Prime; equal_height=\u00a0\u00bbyes\u00a0\u00bb content_placement=\u00a0\u00bbmiddle\u00a0\u00bb video_overlay_color=\u00a0\u00bb#2373a5&Prime; enable_bottom_divider=\u00a0\u00bbenabled\u00a0\u00bb shape_bottom_height=\u00a0\u00bb120&Prime; shape_bottom_index=\u00a0\u00bb3&Prime; css=\u00a0\u00bb.vc_custom_1553246054805{padding-top: 4% !important;padding-bottom: 4% !important;background-color: #2373a5 !important;}\u00a0\u00bb shape_bottom_color=\u00a0\u00bb#efefef\u00a0\u00bb][vc_column animation=\u00a0\u00bbwpb_bottom-to-top\u00a0\u00bb css=\u00a0\u00bb.vc_custom_1551630223461{margin-top: 0px !important;}\u00a0\u00bb][vc_custom_heading source=\u00a0\u00bbpost_title\u00a0\u00bb font_container=\u00a0\u00bbtag:h2|text_align:center|color:%23ffffff\u00a0\u00bb use_theme_fonts=\u00a0\u00bbyes\u00a0\u00bb][\/vc_column][\/vc_row][vc_row][vc_column][vc_empty_space height=\u00a0\u00bb20px\u00a0\u00bb][\/vc_column][\/vc_row][vc_section][vc_row full_width=\u00a0\u00bbstretch_row\u00a0\u00bb css=\u00a0\u00bb.vc_custom_1581416355124{background-color: #efefef !important;}\u00a0\u00bb el_id=\u00a0\u00bbbusinesscases\u00a0\u00bb el_class=\u00a0\u00bbbusinesscases\u00a0\u00bb][vc_column animation=\u00a0\u00bbwpb_bottom-to-top\u00a0\u00bb][vc_custom_heading text=\u00a0\u00bbServices NTvsat\u00a0\u00bb font_container=\u00a0\u00bbtag:h4|text_align:left|color:%2364b400&Prime; use_theme_fonts=\u00a0\u00bbyes\u00a0\u00bb css_animation=\u00a0\u00bbslideInUp\u00a0\u00bb][vc_row_inner][vc_column_inner width=\u00a0\u00bb1\/4&Prime;]\n\t\t\t\t<figure class=\"imghvr-fold-up vcmpihover\">\n\t\t\t\t\t<img decoding=\"async\" src=\"https:\/\/nt-vsat.com\/wp-content\/uploads\/2019\/03\/iStock-1058936702-e1553866424741-1.jpg\" alt=\"example-image\">\n\t\t\t\t\t<figcaption style=\"background: #64b400 url() no-repeat 0 50% \/ cover\">\n\t\t\t\t\t\t<h3 style=\"color: ; font-size:1\"><\/h3>\n\t\t\t\t\t\t<p style=\"color: ; font-size:\">EN SAVOIR PLUS<\/p>\n\t\t\t\t\t<\/figcaption>\n\t\t\t\t\t\t<a href=\"\/fr\/field-services\/\"><\/a>\n\t\t\t\t<\/figure>[vc_custom_heading text=\u00a0\u00bbServices de terrain\u00a0\u00bb font_container=\u00a0\u00bbtag:h4|font_size:20|text_align:left|color:%23374141&Prime; use_theme_fonts=\u00a0\u00bbyes\u00a0\u00bb][vc_column_text]Certes, NTvsat vous offre \u00e9galement le forfait complet pour l&rsquo;installation d&rsquo;un syst\u00e8me VSAT. Cela comprend la planification du site, &#8230;<\/p>\n<p><a href=\"\/fr\/field-services\">en savoir plus<\/a>[\/vc_column_text][\/vc_column_inner][vc_column_inner width=\u00a0\u00bb1\/4&Prime;]\n\t\t\t\t<figure class=\"imghvr-fold-down vcmpihover\">\n\t\t\t\t\t<img decoding=\"async\" src=\"https:\/\/nt-vsat.com\/wp-content\/uploads\/2019\/03\/iStock-908830676-e1553866791352-1.jpg\" alt=\"example-image\">\n\t\t\t\t\t<figcaption style=\"background: #64b400 url() no-repeat 0 50% \/ cover\">\n\t\t\t\t\t\t<h3 style=\"color: ; font-size:\"><\/h3>\n\t\t\t\t\t\t<p style=\"color: ; font-size:\">EN SAVOIR PLUS<\/p>\n\t\t\t\t\t<\/figcaption>\n\t\t\t\t\t\t<a href=\"\/fr\/tv-broadcasting\/\"><\/a>\n\t\t\t\t<\/figure>[vc_custom_heading text=\u00a0\u00bbDiffusion TV\u00a0\u00bb font_container=\u00a0\u00bbtag:h4|font_size:20|text_align:left|color:%23374141&Prime; use_theme_fonts=\u00a0\u00bbyes\u00a0\u00bb][vc_column_text]Certes, nous pouvons \u00e9galement vous offrir une utilisation occasionnelle de la capacit\u00e9 satellitaire. Qu&rsquo;elle soit planifi\u00e9e ou inattendue, unique ou pour une p\u00e9riode sp\u00e9cifique, courte ou longue, &#8230;<\/p>\n<p><a href=\"https:\/\/www.nt-vsat.com\/fr\/tv-broadcasting\/\">en savoir plus<\/a>[\/vc_column_text][\/vc_column_inner][vc_column_inner width=\u00a0\u00bb1\/4&Prime;]\n\t\t\t\t<figure class=\"imghvr-fold-up vcmpihover\">\n\t\t\t\t\t<img decoding=\"async\" src=\"https:\/\/nt-vsat.com\/wp-content\/uploads\/2019\/03\/iStock-172263001-1-e1553867536442-1.jpg\" alt=\"example-image\">\n\t\t\t\t\t<figcaption style=\"background: #64b400 url() no-repeat 0 50% \/ cover\">\n\t\t\t\t\t\t<h3 style=\"color: ; font-size:\"><\/h3>\n\t\t\t\t\t\t<p style=\"color: ; font-size:\">EN SAVOIR PLUS<\/p>\n\t\t\t\t\t<\/figcaption>\n\t\t\t\t\t\t<a href=\"\/fr\/broadband-satellite\/\"><\/a>\n\t\t\t\t<\/figure>[vc_custom_heading text=\u00a0\u00bbConnexion \u00e0 large bande\u00a0\u00bb font_container=\u00a0\u00bbtag:h4|font_size:20|text_align:left|color:%23374141&Prime; use_theme_fonts=\u00a0\u00bbyes\u00a0\u00bb][vc_column_text]Une connexion \u00e0 large bande par satellite est la solution id\u00e9ale pour permettre l&rsquo;acc\u00e8s \u00e0 l&rsquo;internet dans des zones inaccessibles telles que les montagnes, les \u00eeles, les for\u00eats et les jungles. Il n&rsquo;est gu\u00e8re&#8230;<\/p>\n<p><a href=\"https:\/\/www.nt-vsat.com\/fr\/broadband-satellite\/\">en savoir plus<\/a>[\/vc_column_text][\/vc_column_inner][vc_column_inner width=\u00a0\u00bb1\/4&Prime;]\n\t\t\t\t<figure class=\"imghvr-fold-down vcmpihover\">\n\t\t\t\t\t<img decoding=\"async\" src=\"https:\/\/nt-vsat.com\/wp-content\/uploads\/2019\/03\/iStock-831053190-e1553869505873-1.jpg\" alt=\"example-image\">\n\t\t\t\t\t<figcaption style=\"background: #64b400 url() no-repeat 0 50% \/ cover\">\n\t\t\t\t\t\t<h3 style=\"color: ; font-size:\"><\/h3>\n\t\t\t\t\t\t<p style=\"color: ; font-size:\">EN SAVOIR PLUS<\/p>\n\t\t\t\t\t<\/figcaption>\n\t\t\t\t\t\t<a href=\"\/fr\/satcom-on-the-move\/\"><\/a>\n\t\t\t\t<\/figure>[vc_custom_heading text=\u00a0\u00bbSatcom en mouvement\u00a0\u00bb font_container=\u00a0\u00bbtag:h4|font_size:20|text_align:left|color:%23374141&Prime; use_theme_fonts=\u00a0\u00bbyes\u00a0\u00bb][vc_column_text]La technologie des satellites mobiles est principalement employ\u00e9e sur les v\u00e9hicules militaires au sol, en mer et dans les airs. Ici, les syst\u00e8mes int\u00e9gr\u00e9s au v\u00e9hicule assurent une large bande s\u00e9curis\u00e9e&#8230;<\/p>\n<p><a href=\"https:\/\/www.nt-vsat.com\/fr\/satcom-on-the-move\/\">en savoir plus<\/a>[\/vc_column_text][\/vc_column_inner][\/vc_row_inner][\/vc_column][\/vc_row][vc_row full_width=\u00a0\u00bbstretch_row\u00a0\u00bb css=\u00a0\u00bb.vc_custom_1553885979707{background-color: #efefef !important;}\u00a0\u00bb el_class=\u00a0\u00bbbusinesscases\u00a0\u00bb][vc_column width=\u00a0\u00bb1\/4&Prime; animation=\u00a0\u00bbwpb_bottom-to-top\u00a0\u00bb]\n\t\t\t\t<figure class=\"imghvr-fold-up vcmpihover\">\n\t\t\t\t\t<img decoding=\"async\" src=\"https:\/\/nt-vsat.com\/wp-content\/uploads\/2019\/03\/iStock-1015519582-e1553868814186-1.jpg\" alt=\"example-image\">\n\t\t\t\t\t<figcaption style=\"background: #64b400 url() no-repeat 0 50% \/ cover\">\n\t\t\t\t\t\t<h3 style=\"color: ; font-size:1\"><\/h3>\n\t\t\t\t\t\t<p style=\"color: ; font-size:\">EN SAVOIR PLUS<\/p>\n\t\t\t\t\t<\/figcaption>\n\t\t\t\t\t\t<a href=\"https:\/\/www.nt-vsat.com\/fr\/backup-services\/\"><\/a>\n\t\t\t\t<\/figure>[vc_custom_heading text=\u00a0\u00bbServices de sauvegarde\u00a0\u00bb font_container=\u00a0\u00bbtag:h4|font_size:20|text_align:left|color:%23374141&Prime; use_theme_fonts=\u00a0\u00bbyes\u00a0\u00bb][vc_column_text]Chaque entreprise aujourd&rsquo;hui d\u00e9pend d&rsquo;une connexion Internet et t\u00e9l\u00e9phonique stable pour mener \u00e0 bien ses activit\u00e9s quotidiennes&#8230;<\/p>\n<p><a href=\"https:\/\/www.nt-vsat.com\/fr\/backup-services\/\">en savoir plus<\/a>[\/vc_column_text][\/vc_column][vc_column width=\u00a0\u00bb1\/4&Prime; animation=\u00a0\u00bbwpb_bottom-to-top\u00a0\u00bb]\n\t\t\t\t<figure class=\"imghvr-fold-up vcmpihover\">\n\t\t\t\t\t<img decoding=\"async\" src=\"https:\/\/nt-vsat.com\/wp-content\/uploads\/2019\/03\/GettyImages-83372673-e1553951105357.jpg\" alt=\"example-image\">\n\t\t\t\t\t<figcaption style=\"background: #64b400 url() no-repeat 0 50% \/ cover\">\n\t\t\t\t\t\t<h3 style=\"color: ; font-size:1\"><\/h3>\n\t\t\t\t\t\t<p style=\"color: ; font-size:\">LEARN MORE<\/p>\n\t\t\t\t\t<\/figcaption>\n\t\t\t\t\t\t<a href=\"\/fr\/network-services\/\"><\/a>\n\t\t\t\t<\/figure>[vc_custom_heading text=\u00a0\u00bbTopologie du r\u00e9seau satellite\u00a0\u00bb font_container=\u00a0\u00bbtag:h4|font_size:20|text_align:left|color:%23374141&Prime; use_theme_fonts=\u00a0\u00bbyes\u00a0\u00bb][vc_column_text]En fonction de la taille et du secteur d&rsquo;activit\u00e9 de votre entreprise, il peut \u00eatre avantageux pour vous de mettre en place un r\u00e9seau priv\u00e9&#8230;<\/p>\n<p><a href=\"https:\/\/www.nt-vsat.com\/fr\/network-services\/\">en savoir plus<\/a>[\/vc_column_text][\/vc_column][vc_column width=\u00a0\u00bb1\/4&Prime; animation=\u00a0\u00bbwpb_bottom-to-top\u00a0\u00bb]\n\t\t\t\t<figure class=\"imghvr-fold-up vcmpihover\">\n\t\t\t\t\t<img decoding=\"async\" src=\"https:\/\/nt-vsat.com\/wp-content\/uploads\/2019\/03\/iStock-493535575-e1553869977982-1.jpg\" alt=\"example-image\">\n\t\t\t\t\t<figcaption style=\"background: #64b400 url() no-repeat 0 50% \/ cover\">\n\t\t\t\t\t\t<h3 style=\"color: ; font-size:1\"><\/h3>\n\t\t\t\t\t\t<p style=\"color: ; font-size:\">LEARN MORE<\/p>\n\t\t\t\t\t<\/figcaption>\n\t\t\t\t\t\t<a href=\"\/fr\/wifi-isp-solutions\/\"><\/a>\n\t\t\t\t<\/figure>[vc_custom_heading text=\u00a0\u00bbSolutions pour les fournisseurs d&rsquo;acc\u00e8s Internet WiFi\u00a0\u00bb font_container=\u00a0\u00bbtag:h4|font_size:20|text_align:left|color:%23374141&Prime; use_theme_fonts=\u00a0\u00bbyes\u00a0\u00bb][vc_column_text]Les r\u00e9seaux Wi-Fi des FAI sont des r\u00e9seaux dans lesquels un fournisseur d&rsquo;acc\u00e8s \u00e0 Internet (FAI) permet aux abonn\u00e9s de se connecter &#8230;<\/p>\n<p><a href=\"https:\/\/www.nt-vsat.com\/fr\/wifi-isp-solutions\/\">en savoir plus<\/a>[\/vc_column_text][\/vc_column][vc_column width=\u00a0\u00bb1\/4&Prime; animation=\u00a0\u00bbwpb_bottom-to-top\u00a0\u00bb]\n\t\t\t\t<figure class=\"imghvr-fold-up vcmpihover\">\n\t\t\t\t\t<img decoding=\"async\" src=\"https:\/\/nt-vsat.com\/wp-content\/uploads\/2019\/03\/iStock-481319900-e1553866270321-1.jpg\" alt=\"example-image\">\n\t\t\t\t\t<figcaption style=\"background: #64b400 url() no-repeat 0 50% \/ cover\">\n\t\t\t\t\t\t<h3 style=\"color: ; font-size:1\"><\/h3>\n\t\t\t\t\t\t<p style=\"color: ; font-size:\">LEARN MORE<\/p>\n\t\t\t\t\t<\/figcaption>\n\t\t\t\t\t\t<a href=\"\/fr\/private-satellite-network\/\"><\/a>\n\t\t\t\t<\/figure>[vc_custom_heading text=\u00a0\u00bbR\u00e9seau satellitaire priv\u00e9\u00a0\u00bb font_container=\u00a0\u00bbtag:h4|font_size:20|text_align:left|color:%23374141&Prime; use_theme_fonts=\u00a0\u00bbyes\u00a0\u00bb][vc_column_text]En fonction de la taille et du secteur d&rsquo;activit\u00e9 de votre entreprise, il peut \u00eatre avantageux pour vous de mettre en place un r\u00e9seau priv\u00e9&#8230;<\/p>\n<p><a href=\"https:\/\/www.nt-vsat.com\/fr\/privat-satellitnetwork\/\">en savoir plus<\/a>[\/vc_column_text][\/vc_column][\/vc_row][\/vc_section][vc_row full_width=\u00a0\u00bbstretch_row\u00a0\u00bb css=\u00a0\u00bb.vc_custom_1552143114790{background-color: #efefef !important;}\u00a0\u00bb el_id=\u00a0\u00bbbusinesscases\u00a0\u00bb el_class=\u00a0\u00bbbusinesscases\u00a0\u00bb][vc_column animation=\u00a0\u00bbwpb_bottom-to-top\u00a0\u00bb][vc_row_inner][vc_column_inner width=\u00a0\u00bb1\/4&Prime;][\/vc_column_inner][\/vc_row_inner][\/vc_column][\/vc_row][vc_row full_width=\u00a0\u00bbstretch_row\u00a0\u00bb css=\u00a0\u00bb.vc_custom_1553161875271{background-color: #374141 !important;}\u00a0\u00bb][vc_column width=\u00a0\u00bb1\/3&Prime;][vc_row_inner][vc_column_inner width=\u00a0\u00bb2\/3&Prime;][vc_single_image image=\u00a0\u00bb2551&Prime; img_size=\u00a0\u00bbfull\u00a0\u00bb][\/vc_column_inner][vc_column_inner width=\u00a0\u00bb1\/3&Prime;][\/vc_column_inner][\/vc_row_inner][vc_column_text css=\u00a0\u00bb.vc_custom_1553523669799{margin-bottom: 0px !important;}\u00a0\u00bb]<a href=\"\/impressum\">Datenschutzerkl\u00e4rung\/Impressum<\/a>[\/vc_column_text][\/vc_column][vc_column width=\u00a0\u00bb1\/3&Prime;][vc_custom_heading text=\u00a0\u00bbNTvsat\u00a0\u00bb font_container=\u00a0\u00bbtag:h4|font_size:12|text_align:left|color:%23ffffff\u00a0\u00bb use_theme_fonts=\u00a0\u00bbyes\u00a0\u00bb][vc_column_text css=\u00a0\u00bb.vc_custom_1586270862584{margin-top: 0px !important;}\u00a0\u00bb]Nous sommes une entreprise allemande qui fournit tous les services pour l\u2019internet par satellite. Notre but est de connecter des lieux \u00e9loign\u00e9s \u00e0 l\u2019internet ou \u00e0 votre r\u00e9seau local. Nous fournissons \u00e9galement l\u2019internet pour les v\u00e9hicules en mouvement comme les bateaux, les camions, les trains ou les plaines. Nous nous concentrons essentiellement sur l\u2019Afrique et le Proche-Orient.[\/vc_column_text][\/vc_column][vc_column width=\u00a0\u00bb1\/3&Prime;][vc_custom_heading text=\u00a0\u00bbCONTACT\u00a0\u00bb font_container=\u00a0\u00bbtag:h4|font_size:12|text_align:left|color:%23ffffff\u00a0\u00bb use_theme_fonts=\u00a0\u00bbyes\u00a0\u00bb][vc_column_text css=\u00a0\u00bb.vc_custom_1586270876675{border-radius: 1px !important;}\u00a0\u00bb]Neguse Taddesse<br \/>\nAlter Schlachthof 17<br \/>\nKarlsruhe<br \/>\nGermany<\/p>\n<p>T\u00e9l\u00e9phone: +49.173.699 09 74<br \/>\nneguse.taddesse@nt-vsat.com<\/p>\n<p>www.nt-vsat.com[\/vc_column_text][\/vc_column][\/vc_row]<\/p>\n<\/section>","protected":false},"excerpt":{"rendered":"<p>[vc_row gap=\u00a0\u00bb30&Prime; equal_height=\u00a0\u00bbyes\u00a0\u00bb content_placement=\u00a0\u00bbmiddle\u00a0\u00bb video_overlay_color=\u00a0\u00bb#2373a5&Prime; enable_bottom_divider=\u00a0\u00bbenabled\u00a0\u00bb shape_bottom_height=\u00a0\u00bb120&Prime; shape_bottom_index=\u00a0\u00bb3&Prime; css=\u00a0\u00bb.vc_custom_1553246054805{padding-top: 4% !important;padding-bottom: 4% !important;background-color: #2373a5 !important;}\u00a0\u00bb shape_bottom_color=\u00a0\u00bb#efefef\u00a0\u00bb][vc_column animation=\u00a0\u00bbwpb_bottom-to-top\u00a0\u00bb css=\u00a0\u00bb.vc_custom_1551630223461{margin-top: 0px !important;}\u00a0\u00bb][vc_custom_heading source=\u00a0\u00bbpost_title\u00a0\u00bb font_container=\u00a0\u00bbtag:h2|text_align:center|color:%23ffffff\u00a0\u00bb use_theme_fonts=\u00a0\u00bbyes\u00a0\u00bb][\/vc_column][\/vc_row][vc_row][vc_column][vc_empty_space height=\u00a0\u00bb20px\u00a0\u00bb][\/vc_column][\/vc_row][vc_section][vc_row full_width=\u00a0\u00bbstretch_row\u00a0\u00bb css=\u00a0\u00bb.vc_custom_1581416355124{background-color: #efefef !important;}\u00a0\u00bb el_id=\u00a0\u00bbbusinesscases\u00a0\u00bb el_class=\u00a0\u00bbbusinesscases\u00a0\u00bb][vc_column animation=\u00a0\u00bbwpb_bottom-to-top\u00a0\u00bb][vc_custom_heading text=\u00a0\u00bbServices NTvsat\u00a0\u00bb font_container=\u00a0\u00bbtag:h4|text_align:left|color:%2364b400&Prime; use_theme_fonts=\u00a0\u00bbyes\u00a0\u00bb css_animation=\u00a0\u00bbslideInUp\u00a0\u00bb][vc_row_inner][vc_column_inner width=\u00a0\u00bb1\/4&Prime;][vc_custom_heading text=\u00a0\u00bbServices de terrain\u00a0\u00bb font_container=\u00a0\u00bbtag:h4|font_size:20|text_align:left|color:%23374141&Prime; use_theme_fonts=\u00a0\u00bbyes\u00a0\u00bb][vc_column_text]Certes, NTvsat vous offre \u00e9galement le forfait complet pour l&rsquo;installation d&rsquo;un syst\u00e8me VSAT. Cela &hellip; <a href=\"https:\/\/nt-vsat.com\/fr\/services\/\" title=\"Services\" class=\"read-more\">Read More<\/a><\/p>\n","protected":false},"author":1,"featured_media":0,"parent":0,"menu_order":0,"comment_status":"closed","ping_status":"closed","template":"","meta":{"footnotes":""},"class_list":["post-5752","page","type-page","status-publish","hentry"],"yoast_head":"<!-- This site is optimized with the Yoast SEO Premium plugin v15.5 - https:\/\/yoast.com\/wordpress\/plugins\/seo\/ -->\n<title>Services | NTvsat<\/title>\n<meta name=\"robots\" content=\"index, follow, max-snippet:-1, max-image-preview:large, max-video-preview:-1\" \/>\n<link rel=\"canonical\" href=\"https:\/\/nt-vsat.com\/fr\/services\/\" \/>\n<meta property=\"og:locale\" content=\"fr_FR\" \/>\n<meta property=\"og:type\" content=\"article\" \/>\n<meta property=\"og:title\" content=\"Services | NTvsat\" \/>\n<meta property=\"og:description\" content=\"[vc_row gap=\u00a0\u00bb30&Prime; equal_height=\u00a0\u00bbyes\u00a0\u00bb content_placement=\u00a0\u00bbmiddle\u00a0\u00bb video_overlay_color=\u00a0\u00bb#2373a5&Prime; enable_bottom_divider=\u00a0\u00bbenabled\u00a0\u00bb shape_bottom_height=\u00a0\u00bb120&Prime; shape_bottom_index=\u00a0\u00bb3&Prime; css=\u00a0\u00bb.vc_custom_1553246054805{padding-top: 4% !important;padding-bottom: 4% !important;background-color: #2373a5 !important;}\u00a0\u00bb shape_bottom_color=\u00a0\u00bb#efefef\u00a0\u00bb][vc_column animation=\u00a0\u00bbwpb_bottom-to-top\u00a0\u00bb css=\u00a0\u00bb.vc_custom_1551630223461{margin-top: 0px !important;}\u00a0\u00bb][vc_custom_heading source=\u00a0\u00bbpost_title\u00a0\u00bb font_container=\u00a0\u00bbtag:h2|text_align:center|color:%23ffffff\u00a0\u00bb use_theme_fonts=\u00a0\u00bbyes\u00a0\u00bb][\/vc_column][\/vc_row][vc_row][vc_column][vc_empty_space height=\u00a0\u00bb20px\u00a0\u00bb][\/vc_column][\/vc_row][vc_section][vc_row full_width=\u00a0\u00bbstretch_row\u00a0\u00bb css=\u00a0\u00bb.vc_custom_1581416355124{background-color: #efefef !important;}\u00a0\u00bb el_id=\u00a0\u00bbbusinesscases\u00a0\u00bb el_class=\u00a0\u00bbbusinesscases\u00a0\u00bb][vc_column animation=\u00a0\u00bbwpb_bottom-to-top\u00a0\u00bb][vc_custom_heading text=\u00a0\u00bbServices NTvsat\u00a0\u00bb font_container=\u00a0\u00bbtag:h4|text_align:left|color:%2364b400&Prime; use_theme_fonts=\u00a0\u00bbyes\u00a0\u00bb css_animation=\u00a0\u00bbslideInUp\u00a0\u00bb][vc_row_inner][vc_column_inner width=\u00a0\u00bb1\/4&Prime;][vc_custom_heading text=\u00a0\u00bbServices de terrain\u00a0\u00bb font_container=\u00a0\u00bbtag:h4|font_size:20|text_align:left|color:%23374141&Prime; use_theme_fonts=\u00a0\u00bbyes\u00a0\u00bb][vc_column_text]Certes, NTvsat vous offre \u00e9galement le forfait complet pour l&rsquo;installation d&rsquo;un syst\u00e8me VSAT. Cela [&hellip;]\" \/>\n<meta property=\"og:url\" content=\"https:\/\/nt-vsat.com\/fr\/services\/\" \/>\n<meta property=\"og:site_name\" content=\"NTvsat\" \/>\n<meta property=\"article:publisher\" content=\"https:\/\/www.facebook.com\/NTvsat-100170158192571\/\" \/>\n<meta property=\"article:modified_time\" content=\"2020-04-16T08:23:11+00:00\" \/>\n<meta name=\"twitter:card\" content=\"summary_large_image\" \/>\n<meta name=\"twitter:label1\" content=\"Dur\u00e9e de lecture estim\u00e9e\">\n\t<meta name=\"twitter:data1\" content=\"5 minutes\">\n<script type=\"application\/ld+json\" class=\"yoast-schema-graph\">{\"@context\":\"https:\/\/schema.org\",\"@graph\":[{\"@type\":\"Organization\",\"@id\":\"https:\/\/nt-vsat.com\/fr\/#organization\",\"name\":\"NTvsat Satellite Internet\",\"url\":\"https:\/\/nt-vsat.com\/fr\/\",\"sameAs\":[\"https:\/\/www.facebook.com\/NTvsat-100170158192571\/\"],\"logo\":{\"@type\":\"ImageObject\",\"@id\":\"https:\/\/nt-vsat.com\/fr\/#logo\",\"inLanguage\":\"fr-FR\",\"url\":\"https:\/\/nt-vsat.com\/wp-content\/uploads\/2019\/03\/NTVSAT_EW03_logo_u_claim-e1552253360734.png\",\"width\":165,\"height\":70,\"caption\":\"NTvsat Satellite Internet\"},\"image\":{\"@id\":\"https:\/\/nt-vsat.com\/fr\/#logo\"}},{\"@type\":\"WebSite\",\"@id\":\"https:\/\/nt-vsat.com\/fr\/#website\",\"url\":\"https:\/\/nt-vsat.com\/fr\/\",\"name\":\"NTvsat\",\"description\":\"GET Connected\",\"publisher\":{\"@id\":\"https:\/\/nt-vsat.com\/fr\/#organization\"},\"potentialAction\":[{\"@type\":\"SearchAction\",\"target\":\"https:\/\/nt-vsat.com\/fr\/?s={search_term_string}\",\"query-input\":\"required name=search_term_string\"}],\"inLanguage\":\"fr-FR\"},{\"@type\":\"WebPage\",\"@id\":\"https:\/\/nt-vsat.com\/fr\/services\/#webpage\",\"url\":\"https:\/\/nt-vsat.com\/fr\/services\/\",\"name\":\"Services | NTvsat\",\"isPartOf\":{\"@id\":\"https:\/\/nt-vsat.com\/fr\/#website\"},\"datePublished\":\"2019-03-26T18:26:56+00:00\",\"dateModified\":\"2020-04-16T08:23:11+00:00\",\"inLanguage\":\"fr-FR\",\"potentialAction\":[{\"@type\":\"ReadAction\",\"target\":[\"https:\/\/nt-vsat.com\/fr\/services\/\"]}]}]}<\/script>\n<!-- \/ Yoast SEO Premium plugin. -->","_links":{"self":[{"href":"https:\/\/nt-vsat.com\/fr\/wp-json\/wp\/v2\/pages\/5752","targetHints":{"allow":["GET"]}}],"collection":[{"href":"https:\/\/nt-vsat.com\/fr\/wp-json\/wp\/v2\/pages"}],"about":[{"href":"https:\/\/nt-vsat.com\/fr\/wp-json\/wp\/v2\/types\/page"}],"author":[{"embeddable":true,"href":"https:\/\/nt-vsat.com\/fr\/wp-json\/wp\/v2\/users\/1"}],"replies":[{"embeddable":true,"href":"https:\/\/nt-vsat.com\/fr\/wp-json\/wp\/v2\/comments?post=5752"}],"version-history":[{"count":2,"href":"https:\/\/nt-vsat.com\/fr\/wp-json\/wp\/v2\/pages\/5752\/revisions"}],"predecessor-version":[{"id":6586,"href":"https:\/\/nt-vsat.com\/fr\/wp-json\/wp\/v2\/pages\/5752\/revisions\/6586"}],"wp:attachment":[{"href":"https:\/\/nt-vsat.com\/fr\/wp-json\/wp\/v2\/media?parent=5752"}],"curies":[{"name":"wp","href":"https:\/\/api.w.org\/{rel}","templated":true}]}}