{"id":5762,"date":"2019-03-21T11:49:22","date_gmt":"2019-03-21T10:49:22","guid":{"rendered":"https:\/\/www.nt-vsat.com\/field-services\/"},"modified":"2020-04-07T14:59:26","modified_gmt":"2020-04-07T14:59:26","slug":"field-services","status":"publish","type":"page","link":"https:\/\/nt-vsat.com\/fr\/field-services\/","title":{"rendered":"Services de terrain"},"content":{"rendered":"<section class=\"wpb-content-wrapper\"><p>[vc_row gap=\u00a0\u00bb30&Prime; equal_height=\u00a0\u00bbyes\u00a0\u00bb content_placement=\u00a0\u00bbbottom\u00a0\u00bb parallax=\u00a0\u00bbcontent-moving\u00a0\u00bb parallax_speed_bg=\u00a0\u00bb1&Prime; video_overlay_color=\u00a0\u00bb#0022a0&Prime; enable_bottom_divider=\u00a0\u00bbenabled\u00a0\u00bb shape_bottom_height=\u00a0\u00bb120&Prime; shape_bottom_index=\u00a0\u00bb3&Prime; css=\u00a0\u00bb.vc_custom_1553608795286{padding-top: 4% !important;padding-bottom: 4% !important;background-color: #cddce1 !important;background-position: 0 0;background-repeat:-repeat !important;}\u00a0\u00bb shape_bottom_color=\u00a0\u00bb#efefef\u00a0\u00bb][vc_column animation=\u00a0\u00bbwpb_bottom-to-top\u00a0\u00bb css=\u00a0\u00bb.vc_custom_1551630223461{margin-top: 0px !important;}\u00a0\u00bb][vc_custom_heading source=\u00a0\u00bbpost_title\u00a0\u00bb font_container=\u00a0\u00bbtag:h2|text_align:center|color:%23ffffff\u00a0\u00bb use_theme_fonts=\u00a0\u00bbyes\u00a0\u00bb][\/vc_column][\/vc_row][vc_row full_width=\u00a0\u00bbstretch_row\u00a0\u00bb css=\u00a0\u00bb.vc_custom_1551254629384{background-color: #efefef !important;}\u00a0\u00bb][vc_column][vc_empty_space height=\u00a0\u00bb30px\u00a0\u00bb][\/vc_column][\/vc_row][vc_row][vc_column width=\u00a0\u00bb1\/2&Prime;][vc_single_image image=\u00a0\u00bb3421&Prime; img_size=\u00a0\u00bbfull\u00a0\u00bb css_animation=\u00a0\u00bbfadeInLeft\u00a0\u00bb][\/vc_column][vc_column width=\u00a0\u00bb1\/2&Prime;][vc_custom_heading text=\u00a0\u00bbServices de terrain\u00a0\u00bb font_container=\u00a0\u00bbtag:h4|text_align:left|color:%23374141&Prime; use_theme_fonts=\u00a0\u00bbyes\u00a0\u00bb css_animation=\u00a0\u00bbfadeIn\u00a0\u00bb][vc_column_text]Certes, NTvsat vous offre \u00e9galement le forfait complet de mise en place d&rsquo;un syst\u00e8me VSAT. Cela comprend la planification de l&rsquo;installation afin de fournir le mat\u00e9riel logistique requis \u00e0 temps sur le site de construction, ainsi que la construction de l&rsquo;installation avec tous les travaux pr\u00e9paratoires requis tels que la pose des fondations.<\/p>\n<p>&nbsp;<\/p>\n<p>Forts de notre exp\u00e9rience et de notre personnel qualifi\u00e9, nous sommes en mesure de vous offrir une planification r\u00e9fl\u00e9chie et simple pour votre projet. Nous travaillons avec des fournisseurs de mat\u00e9riel et des entreprises de logistique de premier plan afin d&rsquo;\u00e9viter les retards dans l&rsquo;achat et l&rsquo;exp\u00e9dition du mat\u00e9riel. En outre, notre soci\u00e9t\u00e9 poss\u00e8de des techniciens dans le monde entier, en particulier en Afrique et au Moyen-Orient, qui sont comp\u00e9tents pour installer rapidement et facilement une station de base VSAT (terminal \u00e0 tr\u00e8s petite ouverture).[\/vc_column_text][vc_btn title=\u00a0\u00bbCONTACTER LE SERVICE CLIENT\u00c8LE\u00a0\u00bb style=\u00a0\u00bboutline-custom\u00a0\u00bb outline_custom_color=\u00a0\u00bb#64b400&Prime; outline_custom_hover_background=\u00a0\u00bb#64b400&Prime; outline_custom_hover_text=\u00a0\u00bb#ffffff\u00a0\u00bb css_animation=\u00a0\u00bbfadeIn\u00a0\u00bb link=\u00a0\u00bburl:%2Fcontact|||\u00a0\u00bb][\/vc_column][\/vc_row][vc_row full_width=\u00a0\u00bbstretch_row\u00a0\u00bb css=\u00a0\u00bb.vc_custom_1553161875271{background-color: #374141 !important;}\u00a0\u00bb][vc_column width=\u00a0\u00bb1\/3&Prime;][vc_row_inner][vc_column_inner width=\u00a0\u00bb2\/3&Prime;][vc_single_image image=\u00a0\u00bb2551&Prime; img_size=\u00a0\u00bbfull\u00a0\u00bb][\/vc_column_inner][vc_column_inner width=\u00a0\u00bb1\/3&Prime;][\/vc_column_inner][\/vc_row_inner][vc_column_text css=\u00a0\u00bb.vc_custom_1553523669799{margin-bottom: 0px !important;}\u00a0\u00bb]<a href=\"\/impressum\">Datenschutzerkl\u00e4rung\/Impressum<\/a>[\/vc_column_text][\/vc_column][vc_column width=\u00a0\u00bb1\/3&Prime;][vc_custom_heading text=\u00a0\u00bbNTvsat\u00a0\u00bb font_container=\u00a0\u00bbtag:h4|font_size:12|text_align:left|color:%23ffffff\u00a0\u00bb use_theme_fonts=\u00a0\u00bbyes\u00a0\u00bb][vc_column_text css=\u00a0\u00bb.vc_custom_1586271155937{margin-top: 0px !important;}\u00a0\u00bb]Nous sommes une entreprise allemande qui fournit tous les services pour l\u2019internet par satellite. Notre but est de connecter des lieux \u00e9loign\u00e9s \u00e0 l\u2019internet ou \u00e0 votre r\u00e9seau local. Nous fournissons \u00e9galement l\u2019internet pour les v\u00e9hicules en mouvement comme les bateaux, les camions, les trains ou les plaines. Nous nous concentrons essentiellement sur l\u2019Afrique et le Proche-Orient.[\/vc_column_text][\/vc_column][vc_column width=\u00a0\u00bb1\/3&Prime;][vc_custom_heading text=\u00a0\u00bbCONTACT\u00a0\u00bb font_container=\u00a0\u00bbtag:h4|font_size:12|text_align:left|color:%23ffffff\u00a0\u00bb use_theme_fonts=\u00a0\u00bbyes\u00a0\u00bb][vc_column_text css=\u00a0\u00bb.vc_custom_1552055530309{border-radius: 1px !important;}\u00a0\u00bb]NTvsat<br \/>\nAlter Schlachthof 17<br \/>\nKarlsruhe<br \/>\nGermany<\/p>\n<p>Phone: +49.173.699 09 74<br \/>\nsales@nt-vsat.de<\/p>\n<p>www.nt-vsat.com[\/vc_column_text][\/vc_column][\/vc_row]<\/p>\n<\/section>","protected":false},"excerpt":{"rendered":"<p>[vc_row gap=\u00a0\u00bb30&Prime; equal_height=\u00a0\u00bbyes\u00a0\u00bb content_placement=\u00a0\u00bbbottom\u00a0\u00bb parallax=\u00a0\u00bbcontent-moving\u00a0\u00bb parallax_speed_bg=\u00a0\u00bb1&Prime; video_overlay_color=\u00a0\u00bb#0022a0&Prime; enable_bottom_divider=\u00a0\u00bbenabled\u00a0\u00bb shape_bottom_height=\u00a0\u00bb120&Prime; shape_bottom_index=\u00a0\u00bb3&Prime; css=\u00a0\u00bb.vc_custom_1553608795286{padding-top: 4% !important;padding-bottom: 4% !important;background-color: #cddce1 !important;background-position: 0 0;background-repeat:-repeat !important;}\u00a0\u00bb shape_bottom_color=\u00a0\u00bb#efefef\u00a0\u00bb][vc_column animation=\u00a0\u00bbwpb_bottom-to-top\u00a0\u00bb css=\u00a0\u00bb.vc_custom_1551630223461{margin-top: 0px !important;}\u00a0\u00bb][vc_custom_heading source=\u00a0\u00bbpost_title\u00a0\u00bb font_container=\u00a0\u00bbtag:h2|text_align:center|color:%23ffffff\u00a0\u00bb use_theme_fonts=\u00a0\u00bbyes\u00a0\u00bb][\/vc_column][\/vc_row][vc_row full_width=\u00a0\u00bbstretch_row\u00a0\u00bb css=\u00a0\u00bb.vc_custom_1551254629384{background-color: #efefef !important;}\u00a0\u00bb][vc_column][vc_empty_space height=\u00a0\u00bb30px\u00a0\u00bb][\/vc_column][\/vc_row][vc_row][vc_column width=\u00a0\u00bb1\/2&Prime;][vc_single_image image=\u00a0\u00bb3421&Prime; img_size=\u00a0\u00bbfull\u00a0\u00bb css_animation=\u00a0\u00bbfadeInLeft\u00a0\u00bb][\/vc_column][vc_column width=\u00a0\u00bb1\/2&Prime;][vc_custom_heading text=\u00a0\u00bbServices de terrain\u00a0\u00bb font_container=\u00a0\u00bbtag:h4|text_align:left|color:%23374141&Prime; use_theme_fonts=\u00a0\u00bbyes\u00a0\u00bb css_animation=\u00a0\u00bbfadeIn\u00a0\u00bb][vc_column_text]Certes, NTvsat vous offre \u00e9galement le forfait complet de mise en place &hellip; <a href=\"https:\/\/nt-vsat.com\/fr\/field-services\/\" title=\"Services de terrain\" class=\"read-more\">Read More<\/a><\/p>\n","protected":false},"author":3,"featured_media":0,"parent":0,"menu_order":0,"comment_status":"closed","ping_status":"closed","template":"","meta":{"footnotes":""},"class_list":["post-5762","page","type-page","status-publish","hentry"],"yoast_head":"<!-- This site is optimized with the Yoast SEO Premium plugin v15.5 - https:\/\/yoast.com\/wordpress\/plugins\/seo\/ -->\n<title>Services de terrain | NTvsat<\/title>\n<meta name=\"robots\" content=\"index, follow, max-snippet:-1, max-image-preview:large, max-video-preview:-1\" \/>\n<link rel=\"canonical\" href=\"https:\/\/nt-vsat.com\/fr\/field-services\/\" \/>\n<meta property=\"og:locale\" content=\"fr_FR\" \/>\n<meta property=\"og:type\" content=\"article\" \/>\n<meta property=\"og:title\" content=\"Services de terrain | NTvsat\" \/>\n<meta property=\"og:description\" content=\"[vc_row gap=\u00a0\u00bb30&Prime; equal_height=\u00a0\u00bbyes\u00a0\u00bb content_placement=\u00a0\u00bbbottom\u00a0\u00bb parallax=\u00a0\u00bbcontent-moving\u00a0\u00bb parallax_speed_bg=\u00a0\u00bb1&Prime; video_overlay_color=\u00a0\u00bb#0022a0&Prime; enable_bottom_divider=\u00a0\u00bbenabled\u00a0\u00bb shape_bottom_height=\u00a0\u00bb120&Prime; shape_bottom_index=\u00a0\u00bb3&Prime; css=\u00a0\u00bb.vc_custom_1553608795286{padding-top: 4% !important;padding-bottom: 4% !important;background-color: #cddce1 !important;background-position: 0 0;background-repeat:-repeat !important;}\u00a0\u00bb shape_bottom_color=\u00a0\u00bb#efefef\u00a0\u00bb][vc_column animation=\u00a0\u00bbwpb_bottom-to-top\u00a0\u00bb css=\u00a0\u00bb.vc_custom_1551630223461{margin-top: 0px !important;}\u00a0\u00bb][vc_custom_heading source=\u00a0\u00bbpost_title\u00a0\u00bb font_container=\u00a0\u00bbtag:h2|text_align:center|color:%23ffffff\u00a0\u00bb use_theme_fonts=\u00a0\u00bbyes\u00a0\u00bb][\/vc_column][\/vc_row][vc_row full_width=\u00a0\u00bbstretch_row\u00a0\u00bb css=\u00a0\u00bb.vc_custom_1551254629384{background-color: #efefef !important;}\u00a0\u00bb][vc_column][vc_empty_space height=\u00a0\u00bb30px\u00a0\u00bb][\/vc_column][\/vc_row][vc_row][vc_column width=\u00a0\u00bb1\/2&Prime;][vc_single_image image=\u00a0\u00bb3421&Prime; img_size=\u00a0\u00bbfull\u00a0\u00bb css_animation=\u00a0\u00bbfadeInLeft\u00a0\u00bb][\/vc_column][vc_column width=\u00a0\u00bb1\/2&Prime;][vc_custom_heading text=\u00a0\u00bbServices de terrain\u00a0\u00bb font_container=\u00a0\u00bbtag:h4|text_align:left|color:%23374141&Prime; use_theme_fonts=\u00a0\u00bbyes\u00a0\u00bb css_animation=\u00a0\u00bbfadeIn\u00a0\u00bb][vc_column_text]Certes, NTvsat vous offre \u00e9galement le forfait complet de mise en place [&hellip;]\" \/>\n<meta property=\"og:url\" content=\"https:\/\/nt-vsat.com\/fr\/field-services\/\" \/>\n<meta property=\"og:site_name\" content=\"NTvsat\" \/>\n<meta property=\"article:publisher\" content=\"https:\/\/www.facebook.com\/NTvsat-100170158192571\/\" \/>\n<meta property=\"article:modified_time\" content=\"2020-04-07T14:59:26+00:00\" \/>\n<meta name=\"twitter:card\" content=\"summary_large_image\" \/>\n<meta name=\"twitter:label1\" content=\"Dur\u00e9e de lecture estim\u00e9e\">\n\t<meta name=\"twitter:data1\" content=\"2 minutes\">\n<script type=\"application\/ld+json\" class=\"yoast-schema-graph\">{\"@context\":\"https:\/\/schema.org\",\"@graph\":[{\"@type\":\"Organization\",\"@id\":\"https:\/\/nt-vsat.com\/fr\/#organization\",\"name\":\"NTvsat Satellite Internet\",\"url\":\"https:\/\/nt-vsat.com\/fr\/\",\"sameAs\":[\"https:\/\/www.facebook.com\/NTvsat-100170158192571\/\"],\"logo\":{\"@type\":\"ImageObject\",\"@id\":\"https:\/\/nt-vsat.com\/fr\/#logo\",\"inLanguage\":\"fr-FR\",\"url\":\"https:\/\/nt-vsat.com\/wp-content\/uploads\/2019\/03\/NTVSAT_EW03_logo_u_claim-e1552253360734.png\",\"width\":165,\"height\":70,\"caption\":\"NTvsat Satellite Internet\"},\"image\":{\"@id\":\"https:\/\/nt-vsat.com\/fr\/#logo\"}},{\"@type\":\"WebSite\",\"@id\":\"https:\/\/nt-vsat.com\/fr\/#website\",\"url\":\"https:\/\/nt-vsat.com\/fr\/\",\"name\":\"NTvsat\",\"description\":\"GET Connected\",\"publisher\":{\"@id\":\"https:\/\/nt-vsat.com\/fr\/#organization\"},\"potentialAction\":[{\"@type\":\"SearchAction\",\"target\":\"https:\/\/nt-vsat.com\/fr\/?s={search_term_string}\",\"query-input\":\"required name=search_term_string\"}],\"inLanguage\":\"fr-FR\"},{\"@type\":\"WebPage\",\"@id\":\"https:\/\/nt-vsat.com\/fr\/field-services\/#webpage\",\"url\":\"https:\/\/nt-vsat.com\/fr\/field-services\/\",\"name\":\"Services de terrain | NTvsat\",\"isPartOf\":{\"@id\":\"https:\/\/nt-vsat.com\/fr\/#website\"},\"datePublished\":\"2019-03-21T10:49:22+00:00\",\"dateModified\":\"2020-04-07T14:59:26+00:00\",\"inLanguage\":\"fr-FR\",\"potentialAction\":[{\"@type\":\"ReadAction\",\"target\":[\"https:\/\/nt-vsat.com\/fr\/field-services\/\"]}]}]}<\/script>\n<!-- \/ Yoast SEO Premium plugin. -->","_links":{"self":[{"href":"https:\/\/nt-vsat.com\/fr\/wp-json\/wp\/v2\/pages\/5762","targetHints":{"allow":["GET"]}}],"collection":[{"href":"https:\/\/nt-vsat.com\/fr\/wp-json\/wp\/v2\/pages"}],"about":[{"href":"https:\/\/nt-vsat.com\/fr\/wp-json\/wp\/v2\/types\/page"}],"author":[{"embeddable":true,"href":"https:\/\/nt-vsat.com\/fr\/wp-json\/wp\/v2\/users\/3"}],"replies":[{"embeddable":true,"href":"https:\/\/nt-vsat.com\/fr\/wp-json\/wp\/v2\/comments?post=5762"}],"version-history":[{"count":0,"href":"https:\/\/nt-vsat.com\/fr\/wp-json\/wp\/v2\/pages\/5762\/revisions"}],"wp:attachment":[{"href":"https:\/\/nt-vsat.com\/fr\/wp-json\/wp\/v2\/media?parent=5762"}],"curies":[{"name":"wp","href":"https:\/\/api.w.org\/{rel}","templated":true}]}}