{"id":5781,"date":"2017-09-07T15:17:48","date_gmt":"2017-09-07T15:17:48","guid":{"rendered":"https:\/\/www.nt-vsat.com\/satcom-on-the-move\/"},"modified":"2020-04-07T15:33:22","modified_gmt":"2020-04-07T15:33:22","slug":"satcom-on-the-move","status":"publish","type":"page","link":"https:\/\/nt-vsat.com\/fr\/satcom-on-the-move\/","title":{"rendered":"Satcom en mouvement"},"content":{"rendered":"<section class=\"wpb-content-wrapper\"><p>[vc_row gap=\u00a0\u00bb30&Prime; equal_height=\u00a0\u00bbyes\u00a0\u00bb content_placement=\u00a0\u00bbbottom\u00a0\u00bb parallax=\u00a0\u00bbcontent-moving\u00a0\u00bb parallax_speed_bg=\u00a0\u00bb1&Prime; video_overlay_color=\u00a0\u00bb#0022a0&Prime; enable_bottom_divider=\u00a0\u00bbenabled\u00a0\u00bb shape_bottom_height=\u00a0\u00bb120&Prime; shape_bottom_index=\u00a0\u00bb3&Prime; css=\u00a0\u00bb.vc_custom_1553246995942{padding-top: 4% !important;padding-bottom: 4% !important;background-color: #cddce1 !important;background-position: 0 0;background-repeat:-repeat !important;}\u00a0\u00bb shape_bottom_color=\u00a0\u00bb#efefef\u00a0\u00bb][vc_column animation=\u00a0\u00bbwpb_bottom-to-top\u00a0\u00bb css=\u00a0\u00bb.vc_custom_1551630223461{margin-top: 0px !important;}\u00a0\u00bb][vc_custom_heading source=\u00a0\u00bbpost_title\u00a0\u00bb font_container=\u00a0\u00bbtag:h2|text_align:center|color:%23ffffff\u00a0\u00bb use_theme_fonts=\u00a0\u00bbyes\u00a0\u00bb][\/vc_column][\/vc_row][vc_row full_width=\u00a0\u00bbstretch_row\u00a0\u00bb css=\u00a0\u00bb.vc_custom_1551254629384{background-color: #efefef !important;}\u00a0\u00bb][vc_column][vc_empty_space height=\u00a0\u00bb30px\u00a0\u00bb][\/vc_column][\/vc_row][vc_row][vc_column width=\u00a0\u00bb1\/2&Prime;][vc_single_image image=\u00a0\u00bb3433&Prime; img_size=\u00a0\u00bbfull\u00a0\u00bb css_animation=\u00a0\u00bbfadeInLeft\u00a0\u00bb][\/vc_column][vc_column width=\u00a0\u00bb1\/2&Prime;][vc_custom_heading text=\u00a0\u00bbSatcom en mouvement\u00a0\u00bb font_container=\u00a0\u00bbtag:h4|text_align:left|color:%23374141&Prime; use_theme_fonts=\u00a0\u00bbyes\u00a0\u00bb css_animation=\u00a0\u00bbfadeIn\u00a0\u00bb][vc_column_text]La technologie des satellites mobiles est en particulier employ\u00e9e sur les v\u00e9hicules militaires au sol, en mer et dans les airs. Ici, les syst\u00e8mes embarqu\u00e9s sur le v\u00e9hicule assurent une communication s\u00e9curis\u00e9e \u00e0 large bande, m\u00eame pendant la conduite.[\/vc_column_text][vc_btn title=\u00a0\u00bbCONTACTER LE SERVICE CLIENT\u00c8LE\u00a0\u00bb style=\u00a0\u00bboutline-custom\u00a0\u00bb outline_custom_color=\u00a0\u00bb#64b400&Prime; outline_custom_hover_background=\u00a0\u00bb#64b400&Prime; outline_custom_hover_text=\u00a0\u00bb#ffffff\u00a0\u00bb css_animation=\u00a0\u00bbfadeIn\u00a0\u00bb link=\u00a0\u00bburl:%2Fcontact|||\u00a0\u00bb][\/vc_column][\/vc_row][vc_row full_width=\u00a0\u00bbstretch_row\u00a0\u00bb css=\u00a0\u00bb.vc_custom_1553160963043{padding-bottom: 0px !important;background-color: #ffffff !important;}\u00a0\u00bb][vc_column width=\u00a0\u00bb1\/2&Prime; animation=\u00a0\u00bbwpb_left-to-right\u00a0\u00bb][\/vc_column][vc_column width=\u00a0\u00bb1\/2&Prime;][\/vc_column][\/vc_row][vc_row full_width=\u00a0\u00bbstretch_row\u00a0\u00bb css=\u00a0\u00bb.vc_custom_1553161875271{background-color: #374141 !important;}\u00a0\u00bb][vc_column width=\u00a0\u00bb1\/3&Prime;][vc_row_inner][vc_column_inner width=\u00a0\u00bb2\/3&Prime;][vc_single_image image=\u00a0\u00bb2551&Prime; img_size=\u00a0\u00bbfull\u00a0\u00bb][\/vc_column_inner][vc_column_inner width=\u00a0\u00bb1\/3&Prime;][\/vc_column_inner][\/vc_row_inner][vc_column_text css=\u00a0\u00bb.vc_custom_1553523669799{margin-bottom: 0px !important;}\u00a0\u00bb]<a href=\"\/impressum\">Datenschutzerkl\u00e4rung\/Impressum<\/a>[\/vc_column_text][\/vc_column][vc_column width=\u00a0\u00bb1\/3&Prime;][vc_custom_heading text=\u00a0\u00bbNTvsat\u00a0\u00bb font_container=\u00a0\u00bbtag:h4|font_size:12|text_align:left|color:%23ffffff\u00a0\u00bb use_theme_fonts=\u00a0\u00bbyes\u00a0\u00bb][vc_column_text css=\u00a0\u00bb.vc_custom_1586273574697{margin-top: 0px !important;}\u00a0\u00bb]Nous sommes une entreprise allemande qui fournit tous les services pour l\u2019internet par satellite. Notre but est de connecter des lieux \u00e9loign\u00e9s \u00e0 l\u2019internet ou \u00e0 votre r\u00e9seau local. Nous fournissons \u00e9galement l\u2019internet pour les v\u00e9hicules en mouvement comme les bateaux, les camions, les trains ou les plaines. Nous nous concentrons essentiellement sur l\u2019Afrique et le Proche-Orient.[\/vc_column_text][\/vc_column][vc_column width=\u00a0\u00bb1\/3&Prime;][vc_custom_heading text=\u00a0\u00bbCONTACT\u00a0\u00bb font_container=\u00a0\u00bbtag:h4|font_size:12|text_align:left|color:%23ffffff\u00a0\u00bb use_theme_fonts=\u00a0\u00bbyes\u00a0\u00bb][vc_column_text css=\u00a0\u00bb.vc_custom_1586273567225{border-radius: 1px !important;}\u00a0\u00bb]NTvsat<br \/>\nAlter Schlachthof 17<br \/>\nKarlsruhe<br \/>\nGermany<\/p>\n<p>T\u00e9l\u00e9phone: +49.173.699 09 74<br \/>\nsales@nt-vsat.de<\/p>\n<p>www.nt-vsat.com[\/vc_column_text][\/vc_column][\/vc_row]<\/p>\n<\/section>","protected":false},"excerpt":{"rendered":"<p>[vc_row gap=\u00a0\u00bb30&Prime; equal_height=\u00a0\u00bbyes\u00a0\u00bb content_placement=\u00a0\u00bbbottom\u00a0\u00bb parallax=\u00a0\u00bbcontent-moving\u00a0\u00bb parallax_speed_bg=\u00a0\u00bb1&Prime; video_overlay_color=\u00a0\u00bb#0022a0&Prime; enable_bottom_divider=\u00a0\u00bbenabled\u00a0\u00bb shape_bottom_height=\u00a0\u00bb120&Prime; shape_bottom_index=\u00a0\u00bb3&Prime; css=\u00a0\u00bb.vc_custom_1553246995942{padding-top: 4% !important;padding-bottom: 4% !important;background-color: #cddce1 !important;background-position: 0 0;background-repeat:-repeat !important;}\u00a0\u00bb shape_bottom_color=\u00a0\u00bb#efefef\u00a0\u00bb][vc_column animation=\u00a0\u00bbwpb_bottom-to-top\u00a0\u00bb css=\u00a0\u00bb.vc_custom_1551630223461{margin-top: 0px !important;}\u00a0\u00bb][vc_custom_heading source=\u00a0\u00bbpost_title\u00a0\u00bb font_container=\u00a0\u00bbtag:h2|text_align:center|color:%23ffffff\u00a0\u00bb use_theme_fonts=\u00a0\u00bbyes\u00a0\u00bb][\/vc_column][\/vc_row][vc_row full_width=\u00a0\u00bbstretch_row\u00a0\u00bb css=\u00a0\u00bb.vc_custom_1551254629384{background-color: #efefef !important;}\u00a0\u00bb][vc_column][vc_empty_space height=\u00a0\u00bb30px\u00a0\u00bb][\/vc_column][\/vc_row][vc_row][vc_column width=\u00a0\u00bb1\/2&Prime;][vc_single_image image=\u00a0\u00bb3433&Prime; img_size=\u00a0\u00bbfull\u00a0\u00bb css_animation=\u00a0\u00bbfadeInLeft\u00a0\u00bb][\/vc_column][vc_column width=\u00a0\u00bb1\/2&Prime;][vc_custom_heading text=\u00a0\u00bbSatcom en mouvement\u00a0\u00bb font_container=\u00a0\u00bbtag:h4|text_align:left|color:%23374141&Prime; use_theme_fonts=\u00a0\u00bbyes\u00a0\u00bb css_animation=\u00a0\u00bbfadeIn\u00a0\u00bb][vc_column_text]La technologie des satellites mobiles est en particulier employ\u00e9e sur les v\u00e9hicules &hellip; <a href=\"https:\/\/nt-vsat.com\/fr\/satcom-on-the-move\/\" title=\"Satcom en mouvement\" class=\"read-more\">Read More<\/a><\/p>\n","protected":false},"author":1,"featured_media":0,"parent":0,"menu_order":0,"comment_status":"closed","ping_status":"closed","template":"","meta":{"footnotes":""},"class_list":["post-5781","page","type-page","status-publish","hentry"],"yoast_head":"<!-- This site is optimized with the Yoast SEO Premium plugin v15.5 - https:\/\/yoast.com\/wordpress\/plugins\/seo\/ -->\n<title>Satcom en mouvement | NTvsat<\/title>\n<meta name=\"robots\" content=\"index, follow, max-snippet:-1, max-image-preview:large, max-video-preview:-1\" \/>\n<link rel=\"canonical\" href=\"https:\/\/nt-vsat.com\/fr\/satcom-on-the-move\/\" \/>\n<meta property=\"og:locale\" content=\"fr_FR\" \/>\n<meta property=\"og:type\" content=\"article\" \/>\n<meta property=\"og:title\" content=\"Satcom en mouvement | NTvsat\" \/>\n<meta property=\"og:description\" content=\"[vc_row gap=\u00a0\u00bb30&Prime; equal_height=\u00a0\u00bbyes\u00a0\u00bb content_placement=\u00a0\u00bbbottom\u00a0\u00bb parallax=\u00a0\u00bbcontent-moving\u00a0\u00bb parallax_speed_bg=\u00a0\u00bb1&Prime; video_overlay_color=\u00a0\u00bb#0022a0&Prime; enable_bottom_divider=\u00a0\u00bbenabled\u00a0\u00bb shape_bottom_height=\u00a0\u00bb120&Prime; shape_bottom_index=\u00a0\u00bb3&Prime; css=\u00a0\u00bb.vc_custom_1553246995942{padding-top: 4% !important;padding-bottom: 4% !important;background-color: #cddce1 !important;background-position: 0 0;background-repeat:-repeat !important;}\u00a0\u00bb shape_bottom_color=\u00a0\u00bb#efefef\u00a0\u00bb][vc_column animation=\u00a0\u00bbwpb_bottom-to-top\u00a0\u00bb css=\u00a0\u00bb.vc_custom_1551630223461{margin-top: 0px !important;}\u00a0\u00bb][vc_custom_heading source=\u00a0\u00bbpost_title\u00a0\u00bb font_container=\u00a0\u00bbtag:h2|text_align:center|color:%23ffffff\u00a0\u00bb use_theme_fonts=\u00a0\u00bbyes\u00a0\u00bb][\/vc_column][\/vc_row][vc_row full_width=\u00a0\u00bbstretch_row\u00a0\u00bb css=\u00a0\u00bb.vc_custom_1551254629384{background-color: #efefef !important;}\u00a0\u00bb][vc_column][vc_empty_space height=\u00a0\u00bb30px\u00a0\u00bb][\/vc_column][\/vc_row][vc_row][vc_column width=\u00a0\u00bb1\/2&Prime;][vc_single_image image=\u00a0\u00bb3433&Prime; img_size=\u00a0\u00bbfull\u00a0\u00bb css_animation=\u00a0\u00bbfadeInLeft\u00a0\u00bb][\/vc_column][vc_column width=\u00a0\u00bb1\/2&Prime;][vc_custom_heading text=\u00a0\u00bbSatcom en mouvement\u00a0\u00bb font_container=\u00a0\u00bbtag:h4|text_align:left|color:%23374141&Prime; use_theme_fonts=\u00a0\u00bbyes\u00a0\u00bb css_animation=\u00a0\u00bbfadeIn\u00a0\u00bb][vc_column_text]La technologie des satellites mobiles est en particulier employ\u00e9e sur les v\u00e9hicules [&hellip;]\" \/>\n<meta property=\"og:url\" content=\"https:\/\/nt-vsat.com\/fr\/satcom-on-the-move\/\" \/>\n<meta property=\"og:site_name\" content=\"NTvsat\" \/>\n<meta property=\"article:publisher\" content=\"https:\/\/www.facebook.com\/NTvsat-100170158192571\/\" \/>\n<meta property=\"article:modified_time\" content=\"2020-04-07T15:33:22+00:00\" \/>\n<meta name=\"twitter:card\" content=\"summary_large_image\" \/>\n<meta name=\"twitter:label1\" content=\"Dur\u00e9e de lecture estim\u00e9e\">\n\t<meta name=\"twitter:data1\" content=\"2 minutes\">\n<script type=\"application\/ld+json\" class=\"yoast-schema-graph\">{\"@context\":\"https:\/\/schema.org\",\"@graph\":[{\"@type\":\"Organization\",\"@id\":\"https:\/\/nt-vsat.com\/fr\/#organization\",\"name\":\"NTvsat Satellite Internet\",\"url\":\"https:\/\/nt-vsat.com\/fr\/\",\"sameAs\":[\"https:\/\/www.facebook.com\/NTvsat-100170158192571\/\"],\"logo\":{\"@type\":\"ImageObject\",\"@id\":\"https:\/\/nt-vsat.com\/fr\/#logo\",\"inLanguage\":\"fr-FR\",\"url\":\"https:\/\/nt-vsat.com\/wp-content\/uploads\/2019\/03\/NTVSAT_EW03_logo_u_claim-e1552253360734.png\",\"width\":165,\"height\":70,\"caption\":\"NTvsat Satellite Internet\"},\"image\":{\"@id\":\"https:\/\/nt-vsat.com\/fr\/#logo\"}},{\"@type\":\"WebSite\",\"@id\":\"https:\/\/nt-vsat.com\/fr\/#website\",\"url\":\"https:\/\/nt-vsat.com\/fr\/\",\"name\":\"NTvsat\",\"description\":\"GET Connected\",\"publisher\":{\"@id\":\"https:\/\/nt-vsat.com\/fr\/#organization\"},\"potentialAction\":[{\"@type\":\"SearchAction\",\"target\":\"https:\/\/nt-vsat.com\/fr\/?s={search_term_string}\",\"query-input\":\"required name=search_term_string\"}],\"inLanguage\":\"fr-FR\"},{\"@type\":\"WebPage\",\"@id\":\"https:\/\/nt-vsat.com\/fr\/satcom-on-the-move\/#webpage\",\"url\":\"https:\/\/nt-vsat.com\/fr\/satcom-on-the-move\/\",\"name\":\"Satcom en mouvement | NTvsat\",\"isPartOf\":{\"@id\":\"https:\/\/nt-vsat.com\/fr\/#website\"},\"datePublished\":\"2017-09-07T15:17:48+00:00\",\"dateModified\":\"2020-04-07T15:33:22+00:00\",\"inLanguage\":\"fr-FR\",\"potentialAction\":[{\"@type\":\"ReadAction\",\"target\":[\"https:\/\/nt-vsat.com\/fr\/satcom-on-the-move\/\"]}]}]}<\/script>\n<!-- \/ Yoast SEO Premium plugin. -->","_links":{"self":[{"href":"https:\/\/nt-vsat.com\/fr\/wp-json\/wp\/v2\/pages\/5781","targetHints":{"allow":["GET"]}}],"collection":[{"href":"https:\/\/nt-vsat.com\/fr\/wp-json\/wp\/v2\/pages"}],"about":[{"href":"https:\/\/nt-vsat.com\/fr\/wp-json\/wp\/v2\/types\/page"}],"author":[{"embeddable":true,"href":"https:\/\/nt-vsat.com\/fr\/wp-json\/wp\/v2\/users\/1"}],"replies":[{"embeddable":true,"href":"https:\/\/nt-vsat.com\/fr\/wp-json\/wp\/v2\/comments?post=5781"}],"version-history":[{"count":0,"href":"https:\/\/nt-vsat.com\/fr\/wp-json\/wp\/v2\/pages\/5781\/revisions"}],"wp:attachment":[{"href":"https:\/\/nt-vsat.com\/fr\/wp-json\/wp\/v2\/media?parent=5781"}],"curies":[{"name":"wp","href":"https:\/\/api.w.org\/{rel}","templated":true}]}}