{"id":5938,"date":"2019-06-12T13:46:29","date_gmt":"2019-06-12T13:46:29","guid":{"rendered":"https:\/\/www.nt-vsat.com\/idirect-x3-satellite-router\/"},"modified":"2020-04-08T10:01:54","modified_gmt":"2020-04-08T10:01:54","slug":"idirect-x3-satellite-router","status":"publish","type":"page","link":"https:\/\/nt-vsat.com\/fr\/idirect-x3-satellite-router\/","title":{"rendered":"iDirect X3 Satellite Router"},"content":{"rendered":"<section class=\"wpb-content-wrapper\"><p>[vc_row gap=\u00a0\u00bb30&Prime; equal_height=\u00a0\u00bbyes\u00a0\u00bb content_placement=\u00a0\u00bbbottom\u00a0\u00bb parallax=\u00a0\u00bbcontent-moving\u00a0\u00bb parallax_speed_bg=\u00a0\u00bb1&Prime; video_overlay_color=\u00a0\u00bb#0022a0&Prime; enable_bottom_divider=\u00a0\u00bbenabled\u00a0\u00bb shape_bottom_height=\u00a0\u00bb120&Prime; shape_bottom_index=\u00a0\u00bb3&Prime; css=\u00a0\u00bb.vc_custom_1553608795286{padding-top: 4% !important;padding-bottom: 4% !important;background-color: #cddce1 !important;background-position: 0 0;background-repeat:-repeat;}\u00a0\u00bb shape_bottom_color=\u00a0\u00bb#efefef\u00a0\u00bb][vc_column animation=\u00a0\u00bbwpb_bottom-to-top\u00a0\u00bb css=\u00a0\u00bb.vc_custom_1551630223461{margin-top: 0px !important;}\u00a0\u00bb][vc_custom_heading source=\u00a0\u00bbpost_title\u00a0\u00bb font_container=\u00a0\u00bbtag:h2|text_align:center|color:%23ffffff\u00a0\u00bb use_theme_fonts=\u00a0\u00bbyes\u00a0\u00bb][\/vc_column][\/vc_row][vc_row full_width=\u00a0\u00bbstretch_row\u00a0\u00bb css=\u00a0\u00bb.vc_custom_1551254629384{background-color: #efefef !important;}\u00a0\u00bb][vc_column][vc_empty_space height=\u00a0\u00bb30px\u00a0\u00bb][\/vc_column][\/vc_row][vc_row][vc_column width=\u00a0\u00bb1\/2&Prime;][vc_single_image image=\u00a0\u00bb4297&Prime; img_size=\u00a0\u00bbfull\u00a0\u00bb][vc_column_text]<\/p>\n<div class=\"page\" title=\"Page 1\">\n<div class=\"section\">\n<div class=\"layoutArea\">\n<div class=\"column\">\n<p><strong>Fonctionnalit\u00e9s<\/strong><\/p>\n<ul>\n<li>Topologie des \u00e9toiles<\/li>\n<li>DVB-S2\/ACM sortant pour une plus grande efficacit\u00e9 et une meilleure disponibilit\u00e9 du r\u00e9seau<\/li>\n<li>D\u00e9terministe MF-TDMA ou SCPC Canal de retour<\/li>\n<li>Codage 2D 16 \u00e9tats efficace \u00e0 l&rsquo;arriv\u00e9e<\/li>\n<li>Contr\u00f4le automatique de bout en bout de la puissance de la liaison montante<\/li>\n<li>Acc\u00e9l\u00e9ration TCP int\u00e9gr\u00e9e<\/li>\n<li>Qualit\u00e9 de service avanc\u00e9e et hi\u00e9rarchisation du trafic<\/li>\n<li>Cryptage AES 256 bits en option.<\/li>\n<\/ul>\n<\/div>\n<\/div>\n<\/div>\n<\/div>\n<p>[\/vc_column_text][\/vc_column][vc_column width=\u00a0\u00bb1\/2&Prime;][vc_custom_heading text=\u00a0\u00bbSatellite routeur iDirect X3&Prime; font_container=\u00a0\u00bbtag:h4|text_align:left|color:%23374141&Prime; use_theme_fonts=\u00a0\u00bbyes\u00a0\u00bb css_animation=\u00a0\u00bbfadeIn\u00a0\u00bb][vc_column_text]<\/p>\n<div class=\"page\" title=\"Page 1\">\n<div class=\"section\">\n<div class=\"layoutArea\">\n<div class=\"column\">\n<p>L&rsquo;Evolution X3 se distingue par une mise en \u0153uvre tr\u00e8s efficace de la norme DVB-S2. Gr\u00e2ce au codage et \u00e0 la modulation adaptatifs (ACM) sur la porteuse de sortie et au canal de retour TDMA ou SCPC d\u00e9terministe brevet\u00e9 d&rsquo;iDirect, Evolution X3 optimise l&rsquo;efficacit\u00e9 de la capacit\u00e9 satellite pour permettre de nouvelles opportunit\u00e9s de r\u00e9seautage \u00e0 topologie en \u00e9toile.<\/p>\n<p>Evolution X3 est parfaitement adapt\u00e9 aux besoins de haut d\u00e9bit tels que l&rsquo;acc\u00e8s \u00e0 Internet et aux r\u00e9seaux priv\u00e9s virtuels (VPN) des r\u00e9seaux d&rsquo;entreprise, ainsi que la voix sur IP et la vid\u00e9oconf\u00e9rence en temps r\u00e9el.<\/p>\n<p>&nbsp;<\/p>\n<h5>Une qualit\u00e9 de service et des performances r\u00e9seau sup\u00e9rieures<\/h5>\n<p>Le syst\u00e8me sophistiqu\u00e9 de hi\u00e9rarchisation avanc\u00e9e du trafic de Group QoS d&rsquo;iDirect \u00e9quilibre dynamiquement les demandes des diff\u00e9rentes applications en fonction de leurs besoins et de la disponibilit\u00e9 de la bande passante, sur plusieurs sites et sous-r\u00e9seaux d&rsquo;utilisateurs.<\/p>\n<p>Des fonctionnalit\u00e9s telles que l&rsquo;acc\u00e9l\u00e9ration TCP et HTTP, en plus de la mise en cache DNS locale, augmentent les performances et maximisent l&rsquo;exp\u00e9rience utilisateur.<\/p>\n<\/div>\n<\/div>\n<\/div>\n<\/div>\n<p>[\/vc_column_text][vc_btn title=\u00a0\u00bbPLUS D&rsquo;INFORMATIONS\u00a0\u00bb style=\u00a0\u00bboutline-custom\u00a0\u00bb outline_custom_color=\u00a0\u00bb#64b400&Prime; outline_custom_hover_background=\u00a0\u00bb#64b400&Prime; outline_custom_hover_text=\u00a0\u00bb#ffffff\u00a0\u00bb css_animation=\u00a0\u00bbfadeIn\u00a0\u00bb link=\u00a0\u00bburl:http%3A%2F%2Fnt-vsat.com%2Fwp-content%2Fuploads%2F2019%2FDataSheet%2FiDirect_Evolution_X3_Brochure.pdf|||\u00a0\u00bb][\/vc_column][\/vc_row][vc_row][vc_column][vc_empty_space][\/vc_column][\/vc_row][vc_row full_width=\u00a0\u00bbstretch_row\u00a0\u00bb css=\u00a0\u00bb.vc_custom_1553893302623{background-color: #ffffff !important;}\u00a0\u00bb][vc_column width=\u00a0\u00bb1\/2&Prime;][vc_column_text]<\/p>\n<h5>Evolution Platform<\/h5>\n<ul>\n<li>Service partag\u00e9 : TDMA (en entr\u00e9e) + DVB-S2 (en sortie)\n<ul>\n<li>Mont\u00e9e et descente de 32 Kbps \u00e0 3,5 Mbps (en r\u00e9ception) \/ 40 Mbps<\/li>\n<\/ul>\n<\/li>\n<li>Service d\u00e9di\u00e9 : TDMA (en entr\u00e9e) + DVB-S2 (en sortie)\n<ul>\n<li>Mont\u00e9e et descente de 32 Kbps \u00e0 3,5 Mbps (en r\u00e9ception) \/ 40 Mbps<\/li>\n<\/ul>\n<\/li>\n<li>Service d\u00e9di\u00e9 : SCPC (entrant) + DVB-S2 (sortant)\n<ul>\n<li>De 384 Kbps \u00e0 4 Mbps (en r\u00e9ception) \/ 40 Mbps<\/li>\n<li>une latence plus faible (id\u00e9ale pour la VoIP, les flux vid\u00e9o, les applications \u00e0 haute disponibilit\u00e9)<\/li>\n<\/ul>\n<\/li>\n<\/ul>\n<p>Nos satellites<\/p>\n<ul>\n<li><a href=\"https:\/\/www.nt-vsat.com\/footprints\/\">Services de la bande KU<\/a><\/li>\n<li><a href=\"https:\/\/www.nt-vsat.com\/footprints\/\">Services en bande C<\/a><\/li>\n<li><a href=\"https:\/\/www.nt-vsat.com\/footprints\/\">Services de la bande KA<\/a><\/li>\n<\/ul>\n<p>[\/vc_column_text][\/vc_column][vc_column width=\u00a0\u00bb1\/2&Prime;][vc_column_text]<\/p>\n<h5>\u00c0 propos de iDirect Satellite Services<\/h5>\n<p>Le syst\u00e8me VSAT iDirect est une solution simple et unique comportant le modem VSAT, le routeur IP, l&rsquo;acc\u00e9l\u00e9ration TCP, l&rsquo;optimisation et le cryptage &#8211; le tout dans un seul et m\u00eame ensemble fiable. Le modem VSAT iDirect prend pleinement en charge la qualit\u00e9 de service des applications, en garantissant la disponibilit\u00e9 de la bande passante pour les applications critiques et en permettant la prise en charge d&rsquo;applications de voix sur IP et de vid\u00e9oconf\u00e9rence de qualit\u00e9 t\u00e9l\u00e9phonique en m\u00eame temps que l&rsquo;acc\u00e8s Internet \u00e0 haut d\u00e9bit. BusinessCom ? exploite cette fonctionnalit\u00e9 et fournit des profils de qualit\u00e9 de service enti\u00e8rement personnalis\u00e9s pour chaque installation VSAT iDirect, offrant ainsi des solutions de communication personnalis\u00e9es tr\u00e8s efficaces pour chaque client.<\/p>\n<p>&nbsp;<\/p>\n<p>Comme l&rsquo;efficacit\u00e9 de la bande passante est fond\u00e9e sur les communications par satellite et IP, le syst\u00e8me de r\u00e9seau VSAT iDirect est probablement le syst\u00e8me de communication TDMA le plus efficace du march\u00e9. L&rsquo;efficacit\u00e9 accrue du syst\u00e8me iDirect VSAT se traduit par des co\u00fbts d&rsquo;exploitation plus faibles et des services plus rapides et plus fiables pour les clients finaux.[\/vc_column_text][vc_btn title=\u00a0\u00bbCONTACTER LE SERVICE CLIENT\u00c8LE \u00a0\u00bb style=\u00a0\u00bboutline-custom\u00a0\u00bb outline_custom_color=\u00a0\u00bb#64b400&Prime; outline_custom_hover_background=\u00a0\u00bb#64b400&Prime; outline_custom_hover_text=\u00a0\u00bb#ffffff\u00a0\u00bb link=\u00a0\u00bburl:%2Fcontact|||\u00a0\u00bb][\/vc_column][\/vc_row][vc_row full_width=\u00a0\u00bbstretch_row\u00a0\u00bb css=\u00a0\u00bb.vc_custom_1553161875271{background-color: #374141 !important;}\u00a0\u00bb][vc_column width=\u00a0\u00bb1\/3&Prime;][vc_row_inner][vc_column_inner width=\u00a0\u00bb2\/3&Prime;][vc_single_image image=\u00a0\u00bb2551&Prime; img_size=\u00a0\u00bbfull\u00a0\u00bb][\/vc_column_inner][vc_column_inner width=\u00a0\u00bb1\/3&Prime;][\/vc_column_inner][\/vc_row_inner][vc_column_text css=\u00a0\u00bb.vc_custom_1553523669799{margin-bottom: 0px !important;}\u00a0\u00bb]<a href=\"\/impressum\">Datenschutzerkl\u00e4rung\/Impressum<\/a>[\/vc_column_text][\/vc_column][vc_column width=\u00a0\u00bb1\/3&Prime;][vc_custom_heading text=\u00a0\u00bbNTvsat\u00a0\u00bb font_container=\u00a0\u00bbtag:h4|font_size:12|text_align:left|color:%23ffffff\u00a0\u00bb use_theme_fonts=\u00a0\u00bbyes\u00a0\u00bb][vc_column_text css=\u00a0\u00bb.vc_custom_1586340045752{margin-top: 0px !important;}\u00a0\u00bb]Nous sommes une entreprise allemande qui fournit tous les services pour l\u2019internet par satellite. Notre but est de connecter des lieux \u00e9loign\u00e9s \u00e0 l\u2019internet ou \u00e0 votre r\u00e9seau local. Nous fournissons \u00e9galement l\u2019internet pour les v\u00e9hicules en mouvement comme les bateaux, les camions, les trains ou les plaines. Nous nous concentrons essentiellement sur l\u2019Afrique et le Proche-Orient.[\/vc_column_text][\/vc_column][vc_column width=\u00a0\u00bb1\/3&Prime;][vc_custom_heading text=\u00a0\u00bbCONTACT\u00a0\u00bb font_container=\u00a0\u00bbtag:h4|font_size:12|text_align:left|color:%23ffffff\u00a0\u00bb use_theme_fonts=\u00a0\u00bbyes\u00a0\u00bb][vc_column_text css=\u00a0\u00bb.vc_custom_1586340057670{border-radius: 1px !important;}\u00a0\u00bb]NTvsat<br \/>\nAlter Schlachthof 17<br \/>\nKarlsruhe<br \/>\nGermany<\/p>\n<p>T\u00e9l\u00e9phone: +49.173.699 09 74<br \/>\nsales@nt-vsat.de<\/p>\n<p>www.nt-vsat.com[\/vc_column_text][\/vc_column][\/vc_row]<\/p>\n<\/section>","protected":false},"excerpt":{"rendered":"<p>[vc_row gap=\u00a0\u00bb30&Prime; equal_height=\u00a0\u00bbyes\u00a0\u00bb content_placement=\u00a0\u00bbbottom\u00a0\u00bb parallax=\u00a0\u00bbcontent-moving\u00a0\u00bb parallax_speed_bg=\u00a0\u00bb1&Prime; video_overlay_color=\u00a0\u00bb#0022a0&Prime; enable_bottom_divider=\u00a0\u00bbenabled\u00a0\u00bb shape_bottom_height=\u00a0\u00bb120&Prime; shape_bottom_index=\u00a0\u00bb3&Prime; css=\u00a0\u00bb.vc_custom_1553608795286{padding-top: 4% !important;padding-bottom: 4% !important;background-color: #cddce1 !important;background-position: 0 0;background-repeat:-repeat;}\u00a0\u00bb shape_bottom_color=\u00a0\u00bb#efefef\u00a0\u00bb][vc_column animation=\u00a0\u00bbwpb_bottom-to-top\u00a0\u00bb css=\u00a0\u00bb.vc_custom_1551630223461{margin-top: 0px !important;}\u00a0\u00bb][vc_custom_heading source=\u00a0\u00bbpost_title\u00a0\u00bb font_container=\u00a0\u00bbtag:h2|text_align:center|color:%23ffffff\u00a0\u00bb use_theme_fonts=\u00a0\u00bbyes\u00a0\u00bb][\/vc_column][\/vc_row][vc_row full_width=\u00a0\u00bbstretch_row\u00a0\u00bb css=\u00a0\u00bb.vc_custom_1551254629384{background-color: #efefef !important;}\u00a0\u00bb][vc_column][vc_empty_space height=\u00a0\u00bb30px\u00a0\u00bb][\/vc_column][\/vc_row][vc_row][vc_column width=\u00a0\u00bb1\/2&Prime;][vc_single_image image=\u00a0\u00bb4297&Prime; img_size=\u00a0\u00bbfull\u00a0\u00bb][vc_column_text] Fonctionnalit\u00e9s Topologie des \u00e9toiles DVB-S2\/ACM sortant pour une plus grande efficacit\u00e9 et une meilleure disponibilit\u00e9 du r\u00e9seau D\u00e9terministe MF-TDMA ou &hellip; <a href=\"https:\/\/nt-vsat.com\/fr\/idirect-x3-satellite-router\/\" title=\"iDirect X3 Satellite Router\" class=\"read-more\">Read More<\/a><\/p>\n","protected":false},"author":1,"featured_media":0,"parent":0,"menu_order":0,"comment_status":"closed","ping_status":"closed","template":"","meta":{"footnotes":""},"class_list":["post-5938","page","type-page","status-publish","hentry"],"yoast_head":"<!-- This site is optimized with the Yoast SEO Premium plugin v15.5 - https:\/\/yoast.com\/wordpress\/plugins\/seo\/ -->\n<title>iDirect X3 Satellite Router | NTvsat<\/title>\n<meta name=\"robots\" content=\"index, follow, max-snippet:-1, max-image-preview:large, max-video-preview:-1\" \/>\n<link rel=\"canonical\" href=\"https:\/\/nt-vsat.com\/fr\/idirect-x3-satellite-router\/\" \/>\n<meta property=\"og:locale\" content=\"fr_FR\" \/>\n<meta property=\"og:type\" content=\"article\" \/>\n<meta property=\"og:title\" content=\"iDirect X3 Satellite Router | NTvsat\" \/>\n<meta property=\"og:description\" content=\"[vc_row gap=\u00a0\u00bb30&Prime; equal_height=\u00a0\u00bbyes\u00a0\u00bb content_placement=\u00a0\u00bbbottom\u00a0\u00bb parallax=\u00a0\u00bbcontent-moving\u00a0\u00bb parallax_speed_bg=\u00a0\u00bb1&Prime; video_overlay_color=\u00a0\u00bb#0022a0&Prime; enable_bottom_divider=\u00a0\u00bbenabled\u00a0\u00bb shape_bottom_height=\u00a0\u00bb120&Prime; shape_bottom_index=\u00a0\u00bb3&Prime; css=\u00a0\u00bb.vc_custom_1553608795286{padding-top: 4% !important;padding-bottom: 4% !important;background-color: #cddce1 !important;background-position: 0 0;background-repeat:-repeat;}\u00a0\u00bb shape_bottom_color=\u00a0\u00bb#efefef\u00a0\u00bb][vc_column animation=\u00a0\u00bbwpb_bottom-to-top\u00a0\u00bb css=\u00a0\u00bb.vc_custom_1551630223461{margin-top: 0px !important;}\u00a0\u00bb][vc_custom_heading source=\u00a0\u00bbpost_title\u00a0\u00bb font_container=\u00a0\u00bbtag:h2|text_align:center|color:%23ffffff\u00a0\u00bb use_theme_fonts=\u00a0\u00bbyes\u00a0\u00bb][\/vc_column][\/vc_row][vc_row full_width=\u00a0\u00bbstretch_row\u00a0\u00bb css=\u00a0\u00bb.vc_custom_1551254629384{background-color: #efefef !important;}\u00a0\u00bb][vc_column][vc_empty_space height=\u00a0\u00bb30px\u00a0\u00bb][\/vc_column][\/vc_row][vc_row][vc_column width=\u00a0\u00bb1\/2&Prime;][vc_single_image image=\u00a0\u00bb4297&Prime; img_size=\u00a0\u00bbfull\u00a0\u00bb][vc_column_text] Fonctionnalit\u00e9s Topologie des \u00e9toiles DVB-S2\/ACM sortant pour une plus grande efficacit\u00e9 et une meilleure disponibilit\u00e9 du r\u00e9seau D\u00e9terministe MF-TDMA ou [&hellip;]\" \/>\n<meta property=\"og:url\" content=\"https:\/\/nt-vsat.com\/fr\/idirect-x3-satellite-router\/\" \/>\n<meta property=\"og:site_name\" content=\"NTvsat\" \/>\n<meta property=\"article:publisher\" content=\"https:\/\/www.facebook.com\/NTvsat-100170158192571\/\" \/>\n<meta property=\"article:modified_time\" content=\"2020-04-08T10:01:54+00:00\" \/>\n<meta name=\"twitter:card\" content=\"summary_large_image\" \/>\n<meta name=\"twitter:label1\" content=\"Dur\u00e9e de lecture estim\u00e9e\">\n\t<meta name=\"twitter:data1\" content=\"4 minutes\">\n<script type=\"application\/ld+json\" class=\"yoast-schema-graph\">{\"@context\":\"https:\/\/schema.org\",\"@graph\":[{\"@type\":\"Organization\",\"@id\":\"https:\/\/nt-vsat.com\/fr\/#organization\",\"name\":\"NTvsat Satellite Internet\",\"url\":\"https:\/\/nt-vsat.com\/fr\/\",\"sameAs\":[\"https:\/\/www.facebook.com\/NTvsat-100170158192571\/\"],\"logo\":{\"@type\":\"ImageObject\",\"@id\":\"https:\/\/nt-vsat.com\/fr\/#logo\",\"inLanguage\":\"fr-FR\",\"url\":\"https:\/\/nt-vsat.com\/wp-content\/uploads\/2019\/03\/NTVSAT_EW03_logo_u_claim-e1552253360734.png\",\"width\":165,\"height\":70,\"caption\":\"NTvsat Satellite Internet\"},\"image\":{\"@id\":\"https:\/\/nt-vsat.com\/fr\/#logo\"}},{\"@type\":\"WebSite\",\"@id\":\"https:\/\/nt-vsat.com\/fr\/#website\",\"url\":\"https:\/\/nt-vsat.com\/fr\/\",\"name\":\"NTvsat\",\"description\":\"GET Connected\",\"publisher\":{\"@id\":\"https:\/\/nt-vsat.com\/fr\/#organization\"},\"potentialAction\":[{\"@type\":\"SearchAction\",\"target\":\"https:\/\/nt-vsat.com\/fr\/?s={search_term_string}\",\"query-input\":\"required name=search_term_string\"}],\"inLanguage\":\"fr-FR\"},{\"@type\":\"WebPage\",\"@id\":\"https:\/\/nt-vsat.com\/fr\/idirect-x3-satellite-router\/#webpage\",\"url\":\"https:\/\/nt-vsat.com\/fr\/idirect-x3-satellite-router\/\",\"name\":\"iDirect X3 Satellite Router | NTvsat\",\"isPartOf\":{\"@id\":\"https:\/\/nt-vsat.com\/fr\/#website\"},\"datePublished\":\"2019-06-12T13:46:29+00:00\",\"dateModified\":\"2020-04-08T10:01:54+00:00\",\"inLanguage\":\"fr-FR\",\"potentialAction\":[{\"@type\":\"ReadAction\",\"target\":[\"https:\/\/nt-vsat.com\/fr\/idirect-x3-satellite-router\/\"]}]}]}<\/script>\n<!-- \/ Yoast SEO Premium plugin. -->","_links":{"self":[{"href":"https:\/\/nt-vsat.com\/fr\/wp-json\/wp\/v2\/pages\/5938","targetHints":{"allow":["GET"]}}],"collection":[{"href":"https:\/\/nt-vsat.com\/fr\/wp-json\/wp\/v2\/pages"}],"about":[{"href":"https:\/\/nt-vsat.com\/fr\/wp-json\/wp\/v2\/types\/page"}],"author":[{"embeddable":true,"href":"https:\/\/nt-vsat.com\/fr\/wp-json\/wp\/v2\/users\/1"}],"replies":[{"embeddable":true,"href":"https:\/\/nt-vsat.com\/fr\/wp-json\/wp\/v2\/comments?post=5938"}],"version-history":[{"count":0,"href":"https:\/\/nt-vsat.com\/fr\/wp-json\/wp\/v2\/pages\/5938\/revisions"}],"wp:attachment":[{"href":"https:\/\/nt-vsat.com\/fr\/wp-json\/wp\/v2\/media?parent=5938"}],"curies":[{"name":"wp","href":"https:\/\/api.w.org\/{rel}","templated":true}]}}