{"id":6040,"date":"2019-03-30T13:36:11","date_gmt":"2019-03-30T13:36:11","guid":{"rendered":"https:\/\/www.nt-vsat.com\/newtec-mdm6000-satellite-modem\/"},"modified":"2020-04-08T14:18:28","modified_gmt":"2020-04-08T14:18:28","slug":"newtec-mdm6000-satellite-modem","status":"publish","type":"page","link":"https:\/\/nt-vsat.com\/fr\/newtec-mdm6000-satellite-modem\/","title":{"rendered":"Newtec MDM6000 Satellite Modem"},"content":{"rendered":"<section class=\"wpb-content-wrapper\"><p>[vc_row gap=\u00a0\u00bb30&Prime; equal_height=\u00a0\u00bbyes\u00a0\u00bb content_placement=\u00a0\u00bbbottom\u00a0\u00bb parallax=\u00a0\u00bbcontent-moving\u00a0\u00bb parallax_speed_bg=\u00a0\u00bb1&Prime; video_overlay_color=\u00a0\u00bb#0022a0&Prime; enable_bottom_divider=\u00a0\u00bbenabled\u00a0\u00bb shape_bottom_height=\u00a0\u00bb120&Prime; shape_bottom_index=\u00a0\u00bb3&Prime; css=\u00a0\u00bb.vc_custom_1553608795286{padding-top: 4% !important;padding-bottom: 4% !important;background-color: #cddce1 !important;background-position: 0 0;background-repeat:-repeat;}\u00a0\u00bb shape_bottom_color=\u00a0\u00bb#efefef\u00a0\u00bb][vc_column animation=\u00a0\u00bbwpb_bottom-to-top\u00a0\u00bb css=\u00a0\u00bb.vc_custom_1551630223461{margin-top: 0px !important;}\u00a0\u00bb][vc_custom_heading source=\u00a0\u00bbpost_title\u00a0\u00bb font_container=\u00a0\u00bbtag:h2|text_align:center|color:%23ffffff\u00a0\u00bb use_theme_fonts=\u00a0\u00bbyes\u00a0\u00bb][\/vc_column][\/vc_row][vc_row full_width=\u00a0\u00bbstretch_row\u00a0\u00bb css=\u00a0\u00bb.vc_custom_1551254629384{background-color: #efefef !important;}\u00a0\u00bb][vc_column][vc_empty_space height=\u00a0\u00bb30px\u00a0\u00bb][\/vc_column][\/vc_row][vc_row][vc_column width=\u00a0\u00bb1\/2&Prime;][vc_empty_space height=\u00a0\u00bb80px\u00a0\u00bb][vc_single_image image=\u00a0\u00bb4162&Prime; img_size=\u00a0\u00bbfull\u00a0\u00bb onclick=\u00a0\u00bblink_image\u00a0\u00bb css_animation=\u00a0\u00bbbottom-to-top\u00a0\u00bb][\/vc_column][vc_column width=\u00a0\u00bb1\/2&Prime; animation=\u00a0\u00bbwpb_bottom-to-top\u00a0\u00bb][vc_custom_heading text=\u00a0\u00bbLE MODEM PAR SATELLITE MDM6000&Prime; font_container=\u00a0\u00bbtag:h4|text_align:left|color:%23374141&Prime; use_theme_fonts=\u00a0\u00bbyes\u00a0\u00bb css_animation=\u00a0\u00bbfadeIn\u00a0\u00bb][vc_column_text]Le modem IP par satellite MDM6000 est un modem multifonctionnel de nouvelle g\u00e9n\u00e9ration optimis\u00e9 pour un large \u00e9ventail d&rsquo;applications telles que le raccordement cellulaire, les liaisons IP et la restauration des fibres. Le modem MDM6000 est g\u00e9n\u00e9ralement install\u00e9 aux deux extr\u00e9mit\u00e9s d&rsquo;une liaison satellite point \u00e0 point ou sur les sites distants d&rsquo;un r\u00e9seau en \u00e9toile. L&rsquo;unit\u00e9 peut fonctionner comme un modulateur, un d\u00e9modulateur ou un modem selon la configuration du r\u00e9seau et s&rsquo;int\u00e8gre de mani\u00e8re transparente aux r\u00e9seaux et \u00e9quipements terrestres. Le modem est enti\u00e8rement conforme aux normes DVB-S2 et DVB-S2X.[\/vc_column_text][vc_btn title=\u00a0\u00bbPLUS D&rsquo;INFORMATIONS\u00a0\u00bb style=\u00a0\u00bboutline-custom\u00a0\u00bb outline_custom_color=\u00a0\u00bb#64b400&Prime; outline_custom_hover_background=\u00a0\u00bb#64b400&Prime; outline_custom_hover_text=\u00a0\u00bb#ffffff\u00a0\u00bb css_animation=\u00a0\u00bbfadeIn\u00a0\u00bb link=\u00a0\u00bburl:http%3A%2F%2Fnt-vsat.com%2Fwp-content%2Fuploads%2F2019%2FDataSheet%2Fnewtec-mdm6000-ip-satellite-modem-r3.3.pdf||target:%20_blank|\u00a0\u00bb][\/vc_column][\/vc_row][vc_row][vc_column][vc_empty_space][\/vc_column][\/vc_row][vc_row full_width=\u00a0\u00bbstretch_row\u00a0\u00bb css=\u00a0\u00bb.vc_custom_1553893302623{background-color: #ffffff !important;}\u00a0\u00bb][vc_column width=\u00a0\u00bb1\/2&Prime;][vc_column_text]<\/p>\n<h5>Caract\u00e9ristiques essentielles<\/h5>\n<ul>\n<li>R\u00e9gime de licence \u00e0 taux tr\u00e8s granulaire avec des taux allant de 1 Mbps \u00e0 425 Mbps bidirectionnels<\/li>\n<li>Convient pour les applications \u00e0 faible, moyenne et haute vitesse, pour la liaison de retour cellulaire, les goulottes et la restauration des fibres, avec des d\u00e9bits allant jusqu&rsquo;\u00e0 133 MBaud pour traiter toutes les tailles de transpondeur courantes<\/li>\n<li>Technologie de canal propre pour des gains d&rsquo;efficacit\u00e9 compl\u00e9mentaires en mati\u00e8re de bande passante<\/li>\n<li>Compatibilit\u00e9 r\u00e9troactive des extensions DVB-S2, <strong><a href=\"http:\/\/www.newtec.eu\/technology\/dvb-s2x\" target=\"_blank\" rel=\"noopener noreferrer\">DVB-S2X<\/a><\/strong> (jusqu&rsquo;\u00e0 256APSK) et Newtec S2<\/li>\n<li>Annulation de la bande passante int\u00e9gr\u00e9e (jusqu&rsquo;\u00e0 72 Mbaud) avec licence fractionn\u00e9e pour modem redondant<\/li>\n<li><a href=\"https:\/\/www.newtec.eu\/technology\/equalink\">Equalink\u00ae<\/a> en option<\/li>\n<li>Tous les modcods et baudrates ont par d\u00e9faut permis l&rsquo;octroi de licences \u00e0 un taux d&rsquo;encapsulation par Mbps.<\/li>\n<li>Bande IF et L par d\u00e9faut sur Tx et Rx pour une plus grande facilit\u00e9 d&rsquo;utilisation<\/li>\n<li>Contr\u00f4le automatique de la puissance de la liaison montante pour lutter contre l&rsquo;affaiblissement de la liaison montante<\/li>\n<li>FlexACM en option pour les environnements adaptatifs<\/li>\n<li>Encapsulation GSE standard pour une surcharge minimale avec prise en charge des ULE, MPE, XPE pour les r\u00e9seaux existants<\/li>\n<li>Mise en forme adaptative du trafic et gestion de la bande passante<\/li>\n<li>Qualit\u00e9 de service avanc\u00e9e (QoS)<\/li>\n<li>Int\u00e9gration facile avec les r\u00e9seaux de donn\u00e9es IP terrestres<\/li>\n<li>Facilit\u00e9 d&rsquo;utilisation gr\u00e2ce \u00e0 des interfaces s\u00e9curis\u00e9es de type frontpanel, SNMP, HTTP et CLI<\/li>\n<\/ul>\n<p>[\/vc_column_text][\/vc_column][vc_column width=\u00a0\u00bb1\/2&Prime;][vc_column_text]<\/p>\n<h5>L&rsquo;efficacit\u00e9 au c\u0153ur de l&rsquo;action<\/h5>\n<p>Le modem satellite MDM6000 de Newtec associe un certain nombre d&rsquo;\u00e9l\u00e9ments innovants pour am\u00e9liorer les rendements disponibles sur le march\u00e9 actuel, ce qui permet de r\u00e9duire le co\u00fbt total de possession global.<\/p>\n<p>&nbsp;<\/p>\n<p>De <strong>nouveaux codes de modulation et de correction d&rsquo;erreur directe<\/strong> (FEC) en combinaison avec des technologies innovantes telles que 133 Mbaud, l&rsquo;annulation de bande passante int\u00e9gr\u00e9e, la technologie Clean Channel\u00ae, FlexACM\u00ae, QoS et la pr\u00e9distorsion Equalink\u00ae.<\/p>\n<p>&nbsp;<\/p>\n<p>D&rsquo;apr\u00e8s l&rsquo;application, le sc\u00e9nario de migration et les fonctionnalit\u00e9s activ\u00e9es, le modem Newtec MDM6000 peut \u00eatre utilis\u00e9 en conjonction avec le concentrateur satellite Newtec HUB6000. Dans tous les cas, une efficacit\u00e9 de bout en bout par satellite peut \u00eatre obtenue.<\/p>\n<p>&nbsp;<\/p>\n<h5>Quand des vitesses tr\u00e8s \u00e9lev\u00e9es sont requises&#8230;<\/h5>\n<p>La solution MDM6000 High Speed peut \u00eatre utilis\u00e9e dans des applications exigeant des vitesses et un traitement des paquets par seconde plus \u00e9lev\u00e9s que ceux offerts par le MDM6000 autonome. Elle ajoute un processeur de paquets externe qui g\u00e8re la mise en forme, la gestion de la bande passante et l&rsquo;encapsulation pour atteindre jusqu&rsquo;\u00e0 850 Mbps et 800 kpps en duplex.[\/vc_column_text][vc_btn title=\u00a0\u00bbCONTACTER LE SUPPORT CLIENT \u00a0\u00bb style=\u00a0\u00bboutline-custom\u00a0\u00bb outline_custom_color=\u00a0\u00bb#64b400&Prime; outline_custom_hover_background=\u00a0\u00bb#64b400&Prime; outline_custom_hover_text=\u00a0\u00bb#ffffff\u00a0\u00bb link=\u00a0\u00bburl:%2Fcontact|||\u00a0\u00bb][\/vc_column][\/vc_row][vc_row full_width=\u00a0\u00bbstretch_row\u00a0\u00bb css=\u00a0\u00bb.vc_custom_1553161875271{background-color: #374141 !important;}\u00a0\u00bb][vc_column width=\u00a0\u00bb1\/3&Prime;][vc_row_inner][vc_column_inner width=\u00a0\u00bb2\/3&Prime;][vc_single_image image=\u00a0\u00bb2551&Prime; img_size=\u00a0\u00bbfull\u00a0\u00bb][\/vc_column_inner][vc_column_inner width=\u00a0\u00bb1\/3&Prime;][\/vc_column_inner][\/vc_row_inner][vc_column_text css=\u00a0\u00bb.vc_custom_1553523669799{margin-bottom: 0px !important;}\u00a0\u00bb]<a href=\"\/impressum\">Datenschutzerkl\u00e4rung\/Impressum<\/a>[\/vc_column_text][\/vc_column][vc_column width=\u00a0\u00bb1\/3&Prime;][vc_custom_heading text=\u00a0\u00bbNTvsat\u00a0\u00bb font_container=\u00a0\u00bbtag:h4|font_size:12|text_align:left|color:%23ffffff\u00a0\u00bb use_theme_fonts=\u00a0\u00bbyes\u00a0\u00bb][vc_column_text css=\u00a0\u00bb.vc_custom_1586355486495{margin-top: 0px !important;}\u00a0\u00bb]Nous sommes une entreprise allemande qui fournit tous les services pour l\u2019internet par satellite. Notre but est de connecter des lieux \u00e9loign\u00e9s \u00e0 l\u2019internet ou \u00e0 votre r\u00e9seau local. Nous fournissons \u00e9galement l\u2019internet pour les v\u00e9hicules en mouvement comme les bateaux, les camions, les trains ou les plaines. Nous nous concentrons essentiellement sur l\u2019Afrique et le Proche-Orient.[\/vc_column_text][\/vc_column][vc_column width=\u00a0\u00bb1\/3&Prime;][vc_custom_heading text=\u00a0\u00bbCONTACT\u00a0\u00bb font_container=\u00a0\u00bbtag:h4|font_size:12|text_align:left|color:%23ffffff\u00a0\u00bb use_theme_fonts=\u00a0\u00bbyes\u00a0\u00bb][vc_column_text css=\u00a0\u00bb.vc_custom_1586355495658{border-radius: 1px !important;}\u00a0\u00bb]NTvsat<br \/>\nAlter Schlachthof 17<br \/>\nKarlsruhe<br \/>\nGermany<\/p>\n<p>T\u00e9l\u00e9phone: +49.173.699 09 74<br \/>\nsales@nt-vsat.de<\/p>\n<p>www.nt-vsat.com[\/vc_column_text][\/vc_column][\/vc_row]<\/p>\n<\/section>","protected":false},"excerpt":{"rendered":"<p>[vc_row gap=\u00a0\u00bb30&Prime; equal_height=\u00a0\u00bbyes\u00a0\u00bb content_placement=\u00a0\u00bbbottom\u00a0\u00bb parallax=\u00a0\u00bbcontent-moving\u00a0\u00bb parallax_speed_bg=\u00a0\u00bb1&Prime; video_overlay_color=\u00a0\u00bb#0022a0&Prime; enable_bottom_divider=\u00a0\u00bbenabled\u00a0\u00bb shape_bottom_height=\u00a0\u00bb120&Prime; shape_bottom_index=\u00a0\u00bb3&Prime; css=\u00a0\u00bb.vc_custom_1553608795286{padding-top: 4% !important;padding-bottom: 4% !important;background-color: #cddce1 !important;background-position: 0 0;background-repeat:-repeat;}\u00a0\u00bb shape_bottom_color=\u00a0\u00bb#efefef\u00a0\u00bb][vc_column animation=\u00a0\u00bbwpb_bottom-to-top\u00a0\u00bb css=\u00a0\u00bb.vc_custom_1551630223461{margin-top: 0px !important;}\u00a0\u00bb][vc_custom_heading source=\u00a0\u00bbpost_title\u00a0\u00bb font_container=\u00a0\u00bbtag:h2|text_align:center|color:%23ffffff\u00a0\u00bb use_theme_fonts=\u00a0\u00bbyes\u00a0\u00bb][\/vc_column][\/vc_row][vc_row full_width=\u00a0\u00bbstretch_row\u00a0\u00bb css=\u00a0\u00bb.vc_custom_1551254629384{background-color: #efefef !important;}\u00a0\u00bb][vc_column][vc_empty_space height=\u00a0\u00bb30px\u00a0\u00bb][\/vc_column][\/vc_row][vc_row][vc_column width=\u00a0\u00bb1\/2&Prime;][vc_empty_space height=\u00a0\u00bb80px\u00a0\u00bb][vc_single_image image=\u00a0\u00bb4162&Prime; img_size=\u00a0\u00bbfull\u00a0\u00bb onclick=\u00a0\u00bblink_image\u00a0\u00bb css_animation=\u00a0\u00bbbottom-to-top\u00a0\u00bb][\/vc_column][vc_column width=\u00a0\u00bb1\/2&Prime; animation=\u00a0\u00bbwpb_bottom-to-top\u00a0\u00bb][vc_custom_heading text=\u00a0\u00bbLE MODEM PAR SATELLITE MDM6000&Prime; font_container=\u00a0\u00bbtag:h4|text_align:left|color:%23374141&Prime; use_theme_fonts=\u00a0\u00bbyes\u00a0\u00bb css_animation=\u00a0\u00bbfadeIn\u00a0\u00bb][vc_column_text]Le modem IP par satellite MDM6000 est un &hellip; <a href=\"https:\/\/nt-vsat.com\/fr\/newtec-mdm6000-satellite-modem\/\" title=\"Newtec MDM6000 Satellite Modem\" class=\"read-more\">Read More<\/a><\/p>\n","protected":false},"author":1,"featured_media":0,"parent":0,"menu_order":0,"comment_status":"closed","ping_status":"closed","template":"","meta":{"footnotes":""},"class_list":["post-6040","page","type-page","status-publish","hentry"],"yoast_head":"<!-- This site is optimized with the Yoast SEO Premium plugin v15.5 - https:\/\/yoast.com\/wordpress\/plugins\/seo\/ -->\n<title>Newtec MDM6000 Satellite Modem | NTvsat<\/title>\n<meta name=\"robots\" content=\"index, follow, max-snippet:-1, max-image-preview:large, max-video-preview:-1\" \/>\n<link rel=\"canonical\" href=\"https:\/\/nt-vsat.com\/fr\/newtec-mdm6000-satellite-modem\/\" \/>\n<meta property=\"og:locale\" content=\"fr_FR\" \/>\n<meta property=\"og:type\" content=\"article\" \/>\n<meta property=\"og:title\" content=\"Newtec MDM6000 Satellite Modem | NTvsat\" \/>\n<meta property=\"og:description\" content=\"[vc_row gap=\u00a0\u00bb30&Prime; equal_height=\u00a0\u00bbyes\u00a0\u00bb content_placement=\u00a0\u00bbbottom\u00a0\u00bb parallax=\u00a0\u00bbcontent-moving\u00a0\u00bb parallax_speed_bg=\u00a0\u00bb1&Prime; video_overlay_color=\u00a0\u00bb#0022a0&Prime; enable_bottom_divider=\u00a0\u00bbenabled\u00a0\u00bb shape_bottom_height=\u00a0\u00bb120&Prime; shape_bottom_index=\u00a0\u00bb3&Prime; css=\u00a0\u00bb.vc_custom_1553608795286{padding-top: 4% !important;padding-bottom: 4% !important;background-color: #cddce1 !important;background-position: 0 0;background-repeat:-repeat;}\u00a0\u00bb shape_bottom_color=\u00a0\u00bb#efefef\u00a0\u00bb][vc_column animation=\u00a0\u00bbwpb_bottom-to-top\u00a0\u00bb css=\u00a0\u00bb.vc_custom_1551630223461{margin-top: 0px !important;}\u00a0\u00bb][vc_custom_heading source=\u00a0\u00bbpost_title\u00a0\u00bb font_container=\u00a0\u00bbtag:h2|text_align:center|color:%23ffffff\u00a0\u00bb use_theme_fonts=\u00a0\u00bbyes\u00a0\u00bb][\/vc_column][\/vc_row][vc_row full_width=\u00a0\u00bbstretch_row\u00a0\u00bb css=\u00a0\u00bb.vc_custom_1551254629384{background-color: #efefef !important;}\u00a0\u00bb][vc_column][vc_empty_space height=\u00a0\u00bb30px\u00a0\u00bb][\/vc_column][\/vc_row][vc_row][vc_column width=\u00a0\u00bb1\/2&Prime;][vc_empty_space height=\u00a0\u00bb80px\u00a0\u00bb][vc_single_image image=\u00a0\u00bb4162&Prime; img_size=\u00a0\u00bbfull\u00a0\u00bb onclick=\u00a0\u00bblink_image\u00a0\u00bb css_animation=\u00a0\u00bbbottom-to-top\u00a0\u00bb][\/vc_column][vc_column width=\u00a0\u00bb1\/2&Prime; animation=\u00a0\u00bbwpb_bottom-to-top\u00a0\u00bb][vc_custom_heading text=\u00a0\u00bbLE MODEM PAR SATELLITE MDM6000&Prime; font_container=\u00a0\u00bbtag:h4|text_align:left|color:%23374141&Prime; use_theme_fonts=\u00a0\u00bbyes\u00a0\u00bb css_animation=\u00a0\u00bbfadeIn\u00a0\u00bb][vc_column_text]Le modem IP par satellite MDM6000 est un [&hellip;]\" \/>\n<meta property=\"og:url\" content=\"https:\/\/nt-vsat.com\/fr\/newtec-mdm6000-satellite-modem\/\" \/>\n<meta property=\"og:site_name\" content=\"NTvsat\" \/>\n<meta property=\"article:publisher\" content=\"https:\/\/www.facebook.com\/NTvsat-100170158192571\/\" \/>\n<meta property=\"article:modified_time\" content=\"2020-04-08T14:18:28+00:00\" \/>\n<meta name=\"twitter:card\" content=\"summary_large_image\" \/>\n<meta name=\"twitter:label1\" content=\"Dur\u00e9e de lecture estim\u00e9e\">\n\t<meta name=\"twitter:data1\" content=\"4 minutes\">\n<script type=\"application\/ld+json\" class=\"yoast-schema-graph\">{\"@context\":\"https:\/\/schema.org\",\"@graph\":[{\"@type\":\"Organization\",\"@id\":\"https:\/\/nt-vsat.com\/fr\/#organization\",\"name\":\"NTvsat Satellite Internet\",\"url\":\"https:\/\/nt-vsat.com\/fr\/\",\"sameAs\":[\"https:\/\/www.facebook.com\/NTvsat-100170158192571\/\"],\"logo\":{\"@type\":\"ImageObject\",\"@id\":\"https:\/\/nt-vsat.com\/fr\/#logo\",\"inLanguage\":\"fr-FR\",\"url\":\"https:\/\/nt-vsat.com\/wp-content\/uploads\/2019\/03\/NTVSAT_EW03_logo_u_claim-e1552253360734.png\",\"width\":165,\"height\":70,\"caption\":\"NTvsat Satellite Internet\"},\"image\":{\"@id\":\"https:\/\/nt-vsat.com\/fr\/#logo\"}},{\"@type\":\"WebSite\",\"@id\":\"https:\/\/nt-vsat.com\/fr\/#website\",\"url\":\"https:\/\/nt-vsat.com\/fr\/\",\"name\":\"NTvsat\",\"description\":\"GET Connected\",\"publisher\":{\"@id\":\"https:\/\/nt-vsat.com\/fr\/#organization\"},\"potentialAction\":[{\"@type\":\"SearchAction\",\"target\":\"https:\/\/nt-vsat.com\/fr\/?s={search_term_string}\",\"query-input\":\"required name=search_term_string\"}],\"inLanguage\":\"fr-FR\"},{\"@type\":\"WebPage\",\"@id\":\"https:\/\/nt-vsat.com\/fr\/newtec-mdm6000-satellite-modem\/#webpage\",\"url\":\"https:\/\/nt-vsat.com\/fr\/newtec-mdm6000-satellite-modem\/\",\"name\":\"Newtec MDM6000 Satellite Modem | NTvsat\",\"isPartOf\":{\"@id\":\"https:\/\/nt-vsat.com\/fr\/#website\"},\"datePublished\":\"2019-03-30T13:36:11+00:00\",\"dateModified\":\"2020-04-08T14:18:28+00:00\",\"inLanguage\":\"fr-FR\",\"potentialAction\":[{\"@type\":\"ReadAction\",\"target\":[\"https:\/\/nt-vsat.com\/fr\/newtec-mdm6000-satellite-modem\/\"]}]}]}<\/script>\n<!-- \/ Yoast SEO Premium plugin. -->","_links":{"self":[{"href":"https:\/\/nt-vsat.com\/fr\/wp-json\/wp\/v2\/pages\/6040","targetHints":{"allow":["GET"]}}],"collection":[{"href":"https:\/\/nt-vsat.com\/fr\/wp-json\/wp\/v2\/pages"}],"about":[{"href":"https:\/\/nt-vsat.com\/fr\/wp-json\/wp\/v2\/types\/page"}],"author":[{"embeddable":true,"href":"https:\/\/nt-vsat.com\/fr\/wp-json\/wp\/v2\/users\/1"}],"replies":[{"embeddable":true,"href":"https:\/\/nt-vsat.com\/fr\/wp-json\/wp\/v2\/comments?post=6040"}],"version-history":[{"count":0,"href":"https:\/\/nt-vsat.com\/fr\/wp-json\/wp\/v2\/pages\/6040\/revisions"}],"wp:attachment":[{"href":"https:\/\/nt-vsat.com\/fr\/wp-json\/wp\/v2\/media?parent=6040"}],"curies":[{"name":"wp","href":"https:\/\/api.w.org\/{rel}","templated":true}]}}