{"id":6055,"date":"2019-03-30T17:11:11","date_gmt":"2019-03-30T17:11:11","guid":{"rendered":"https:\/\/www.nt-vsat.com\/comtech-cdm-570\/"},"modified":"2020-04-08T14:42:07","modified_gmt":"2020-04-08T14:42:07","slug":"comtech-cdm-570","status":"publish","type":"page","link":"https:\/\/nt-vsat.com\/fr\/comtech-cdm-570\/","title":{"rendered":"Comtech CDM-570"},"content":{"rendered":"<section class=\"wpb-content-wrapper\"><p>[vc_row gap=\u00a0\u00bb30&Prime; equal_height=\u00a0\u00bbyes\u00a0\u00bb content_placement=\u00a0\u00bbbottom\u00a0\u00bb parallax=\u00a0\u00bbcontent-moving\u00a0\u00bb parallax_speed_bg=\u00a0\u00bb1&Prime; video_overlay_color=\u00a0\u00bb#0022a0&Prime; enable_bottom_divider=\u00a0\u00bbenabled\u00a0\u00bb shape_bottom_height=\u00a0\u00bb120&Prime; shape_bottom_index=\u00a0\u00bb3&Prime; css=\u00a0\u00bb.vc_custom_1553608795286{padding-top: 4% !important;padding-bottom: 4% !important;background-color: #cddce1 !important;background-position: 0 0;background-repeat:-repeat;}\u00a0\u00bb shape_bottom_color=\u00a0\u00bb#efefef\u00a0\u00bb][vc_column animation=\u00a0\u00bbwpb_bottom-to-top\u00a0\u00bb css=\u00a0\u00bb.vc_custom_1551630223461{margin-top: 0px !important;}\u00a0\u00bb][vc_custom_heading source=\u00a0\u00bbpost_title\u00a0\u00bb font_container=\u00a0\u00bbtag:h2|text_align:center|color:%23ffffff\u00a0\u00bb use_theme_fonts=\u00a0\u00bbyes\u00a0\u00bb][\/vc_column][\/vc_row][vc_row full_width=\u00a0\u00bbstretch_row\u00a0\u00bb css=\u00a0\u00bb.vc_custom_1551254629384{background-color: #efefef !important;}\u00a0\u00bb][vc_column][vc_empty_space height=\u00a0\u00bb30px\u00a0\u00bb][\/vc_column][\/vc_row][vc_row][vc_column width=\u00a0\u00bb1\/2&Prime;][vc_empty_space height=\u00a0\u00bb90px\u00a0\u00bb][vc_single_image image=\u00a0\u00bb4199&Prime; img_size=\u00a0\u00bbfull\u00a0\u00bb css_animation=\u00a0\u00bbbottom-to-top\u00a0\u00bb][\/vc_column][vc_column width=\u00a0\u00bb1\/2&Prime; animation=\u00a0\u00bbwpb_bottom-to-top\u00a0\u00bb][vc_custom_heading text=\u00a0\u00bbCDM-570A\/L &amp; CDM-570A\/L-IP Satellite Modems\u00a0\u00bb font_container=\u00a0\u00bbtag:h4|text_align:left|color:%23374141&Prime; use_theme_fonts=\u00a0\u00bbyes\u00a0\u00bb css_animation=\u00a0\u00bbfadeIn\u00a0\u00bb][vc_column_text]Le CDM-570A et le CDM-570AL sont nos modems satellite de nouvelle g\u00e9n\u00e9ration qui offrent des performances et une flexibilit\u00e9 de pointe dans un ensemble d&rsquo;une unit\u00e9 de r\u00e9seau \u00e0 un prix tr\u00e8s comp\u00e9titif. Gr\u00e2ce \u00e0 la prise en charge du LDPC haute performance VersaFEC-2 et du FEC (Forward Error Correction) LDPC \u00e0 faible latence VersaFEC\u00ae, \u00e0 la compression r\u00e9volutionnaire de la bande passante Carrier-in-Carrier\u00ae DoubleTalk\u00ae et \u00e0 l&rsquo;optimisation des filtres de transmission, les CDM-570A et CDM570AL permettent de r\u00e9aliser des \u00e9conomies de bande passante consid\u00e9rables. Cette combinaison de technologies avanc\u00e9es permet une optimisation multidimensionnelle, permettant aux utilisateurs de communications par satellite de:<\/p>\n<ul>\n<li>Minimiser les d\u00e9penses de fonctionnement (OPEX)<\/li>\n<li>Maximiser le d\u00e9bit sans utiliser de ressources suppl\u00e9mentaires en mati\u00e8re de transpondeurs<\/li>\n<li>Maximiser la disponibilit\u00e9 (marge) sans utiliser de ressources suppl\u00e9mentaires en mati\u00e8re de transpondeurs<\/li>\n<li>R\u00e9duire au minimum les d\u00e9penses d&rsquo;investissement (CAPEX) en autorisant un BUC\/amplificateur et\/ou une antenne plus petits<\/li>\n<li>Ou, une combinaison pour r\u00e9pondre aux besoins sp\u00e9cifiques des entreprises.<\/li>\n<\/ul>\n<p>Les modems sont disponibles avec les interfaces de donn\u00e9es 70\/140 MHz ou L-Band IF et EIA-530\/-422, V.35, sync EIA-232 et G.703 T1\/E1. Le CDM-570A\/L-IP comprend un processeur de paquets haute performance pour les applications centr\u00e9es sur l&rsquo;IP.[\/vc_column_text][vc_btn title=\u00a0\u00bbPLUS D&rsquo;INFORMATIONS\u00a0\u00bb style=\u00a0\u00bboutline-custom\u00a0\u00bb outline_custom_color=\u00a0\u00bb#64b400&Prime; outline_custom_hover_background=\u00a0\u00bb#64b400&Prime; outline_custom_hover_text=\u00a0\u00bb#ffffff\u00a0\u00bb css_animation=\u00a0\u00bbfadeIn\u00a0\u00bb link=\u00a0\u00bburl:http%3A%2F%2Fnt-vsat.com%2Fwp-content%2Fuploads%2F2019%2FDataSheet%2FComtech-cdm570A-L-IP.pdf||target:%20_blank|\u00a0\u00bb][\/vc_column][\/vc_row][vc_row][vc_column][vc_empty_space][\/vc_column][\/vc_row][vc_row full_width=\u00a0\u00bbstretch_row\u00a0\u00bb css=\u00a0\u00bb.vc_custom_1553893302623{background-color: #ffffff !important;}\u00a0\u00bb][vc_column width=\u00a0\u00bb1\/2&Prime;][vc_column_text]<\/p>\n<h5>Fonctionnalit\u00e9s<\/h5>\n<ul>\n<li>DoubleTalk Carrier-in-Carrier compression de la bande passante<\/li>\n<li>Contr\u00f4le automatique de la puissance du transporteur dans le transporteur (CnC-APC)<\/li>\n<li>VersaFEC-2 LDPC haute performance<\/li>\n<li>VersaFEC LDPC \u00e0 faible latence<\/li>\n<li>VersaFEC-2 et VersaFEC Adaptive Coding &amp; Modulation (ACM) pour les circuits IP point \u00e0 point<\/li>\n<li>5 %, 10 %, 15 %, 20 %, 25 % et 35 % R\u00e9duction du filtre de transmission<\/li>\n<li>Les d\u00e9bits de donn\u00e9es vont de 2,4 kbps \u00e0 10,239 Mbps<\/li>\n<li>CDM-570A : gamme IF de 50 \u00e0 90 ou 100 \u00e0 180 MHz<\/li>\n<li>CDM-570AL : 950 \u00e0 2250 MHz, gamme IF<\/li>\n<li>Modulation : BPSK, QPSK, OQPSK, 8PSK\/8-QAM\/8-ARY, 16-QAM\/16-ARY, 32-ARY<\/li>\n<li>Les options de correction d&rsquo;erreur directe (FEC) comprennent VersaFEC-2, VersaFEC, Turbo Product Code (TPC), Viterbi, Reed-Solomon et Trellis Coded Modulation (TCM)<\/li>\n<li>Interfaces de donn\u00e9es : EIA-422\/530, V.35, G.703 T1\/E1, sync EIA-232, 10\/100Base-T Ethernet (CDM-570A-IP et CDM-570AL-IP)<\/li>\n<li>Processeur de paquets haute performance avec port Ethernet 10\/100Base-T (CDM-570A-IP et CDM-570AL-IP)<\/li>\n<li>Int\u00e9gration du syst\u00e8me de gestion Vipersat (VMS) (CDM-570A-IP et CDM-570AL-IP)<\/li>\n<li>Compression de l&rsquo;en-t\u00eate et de la charge utile ((CDM-570A-IP et CDM-570AL-IP)<\/li>\n<li>Qualit\u00e9 de service (QoS) (CDM-570A-IP et CDM-570AL-IP)<\/li>\n<li>Gestion via SNMP, Web, Telnet ou interface de ligne de commande (CDM-570A-IP et CDM-570AL-IP)<\/li>\n<li>Extension de l&rsquo;horloge G.703 &#8211; Contr\u00f4le automatique de la puissance de la liaison montante (AUPC)<\/li>\n<li>Contr\u00f4le et surveillance \u00e0 distance int\u00e9gr\u00e9s (EDMAC\/EDMAC2)<\/li>\n<li>CarrierID utilisant la technologie \u00e0 spectre \u00e9tal\u00e9 MetaCarrier\u00ae de Comtech EF Data<\/li>\n<li>Options de licenciement<\/li>\n<li>CDM-570A : Communications FSK vers CSAT-5060 ou KST-2000A<\/li>\n<li>CDM-570AL : r\u00e9f\u00e9rence 10 MHz pour les communications BUC, FSK et alimentation BUC optionnelle<\/li>\n<li>CDM-570AL : r\u00e9f\u00e9rence 10 MHz et alimentation pour LNB.<\/li>\n<\/ul>\n<p>[\/vc_column_text][\/vc_column][vc_column width=\u00a0\u00bb1\/2&Prime;][vc_column_text]<\/p>\n<h5>En savoir plus sur la plateforme VSAT avanc\u00e9e de Comtech<\/h5>\n<p>Advanced VSAT Solutions est un portefeuille de solutions de communication par satellite \u00e0 haute efficacit\u00e9 qui facilitent les services de qualit\u00e9 sup\u00e9rieure pour les entreprises &#8211; \u00e9nergie, mines, transport maritime, compagnies a\u00e9riennes et r\u00e9seaux d&rsquo;entreprise. Repr\u00e9sentant la prochaine g\u00e9n\u00e9ration d&rsquo;\u00e9quipement de r\u00e9seautage par satellite, les VSAT avanc\u00e9s comprennent un ensemble de produits et de technologies de pointe.<\/p>\n<p>&nbsp;<\/p>\n<p>Aujourd&rsquo;hui, les utilisateurs finaux ont besoin de niveaux de d\u00e9bit additionnels \u00e9tonnants pour prendre en charge des applications critiques. La majeure partie de cette demande accrue provient de l&rsquo;arriv\u00e9e, \u00e9tant donn\u00e9 le pr\u00e9cieux contenu multim\u00e9dia qui doit \u00eatre transmis des sites distants vers les sites centraux. Il est essentiel que les solutions de mise en r\u00e9seau par satellite soient capables de g\u00e9rer ces d\u00e9bits de donn\u00e9es croissants tout en disposant d&rsquo;une marge de man\u0153uvre pour la croissance future.<\/p>\n<p>&nbsp;<\/p>\n<p>Le VSAT avanc\u00e9 est ax\u00e9 sur le d\u00e9bit et la qualit\u00e9 du service. Il dispose de la puissance de traitement n\u00e9cessaire pour r\u00e9pondre \u00e0 vos besoins de transmission pps et Mbps pour les applications \u00e0 haut d\u00e9bit, la vid\u00e9o haute d\u00e9finition et la voix. Il fournit la qualit\u00e9 de service que vos utilisateurs exigent avec une faible gigue et une faible latence afin que vous puissiez respecter ces accords de niveau de service rigoureux. Il s&rsquo;agit \u00e9galement d&rsquo;un syst\u00e8me enti\u00e8rement g\u00e9r\u00e9, dot\u00e9 de l&rsquo;intelligence n\u00e9cessaire pour permettre l&rsquo;allocation dynamique de la bande passante au moment et \u00e0 l&rsquo;endroit o\u00f9 elle est n\u00e9cessaire.<\/p>\n<p>&nbsp;<\/p>\n<ul>\n<li>Services et \u00e9quipements pour les VSAT avanc\u00e9s<\/li>\n<li>Avec notre serviceSCPC (Single channel per carrier), la bande passante du satellite est d\u00e9di\u00e9e \u00e0 une seule source.<\/li>\n<li>dSCPCfournit une gestion dynamique de la bande passante du segment spatial SCPC (dSCPC)<\/li>\n<li>L&rsquo;acc\u00e8s multiple par r\u00e9partition dans le temps (AMRT) permet \u00e0 plusieurs utilisateurs de se r\u00e9partir le m\u00eame canal de fr\u00e9quence en divisant le signal en diff\u00e9rents intervalles de temps.<\/li>\n<li>Nous offrons des solutions VSAT de haute qualit\u00e9<\/li>\n<li>Notre service peut \u00eatre utilis\u00e9 avec le mat\u00e9riel de Comtech EF Data et les services correspondants.<\/li>\n<\/ul>\n<p>[\/vc_column_text][vc_btn title=\u00a0\u00bbCONTACTER LE SERVICE CLIENT\u00c8LE\u00a0\u00bb style=\u00a0\u00bboutline-custom\u00a0\u00bb outline_custom_color=\u00a0\u00bb#64b400&Prime; outline_custom_hover_background=\u00a0\u00bb#64b400&Prime; outline_custom_hover_text=\u00a0\u00bb#ffffff\u00a0\u00bb link=\u00a0\u00bburl:%2Fcontact|||\u00a0\u00bb][\/vc_column][\/vc_row][vc_row full_width=\u00a0\u00bbstretch_row\u00a0\u00bb css=\u00a0\u00bb.vc_custom_1553161875271{background-color: #374141 !important;}\u00a0\u00bb][vc_column width=\u00a0\u00bb1\/3&Prime;][vc_row_inner][vc_column_inner width=\u00a0\u00bb2\/3&Prime;][vc_single_image image=\u00a0\u00bb2551&Prime; img_size=\u00a0\u00bbfull\u00a0\u00bb][\/vc_column_inner][vc_column_inner width=\u00a0\u00bb1\/3&Prime;][\/vc_column_inner][\/vc_row_inner][vc_column_text css=\u00a0\u00bb.vc_custom_1553523669799{margin-bottom: 0px !important;}\u00a0\u00bb]<a href=\"\/impressum\">Datenschutzerkl\u00e4rung\/Impressum<\/a>[\/vc_column_text][\/vc_column][vc_column width=\u00a0\u00bb1\/3&Prime;][vc_custom_heading text=\u00a0\u00bbNTvsat\u00a0\u00bb font_container=\u00a0\u00bbtag:h4|font_size:12|text_align:left|color:%23ffffff\u00a0\u00bb use_theme_fonts=\u00a0\u00bbyes\u00a0\u00bb][vc_column_text css=\u00a0\u00bb.vc_custom_1586356909549{margin-top: 0px !important;}\u00a0\u00bb]Nous sommes une entreprise allemande qui fournit tous les services pour l\u2019internet par satellite. Notre but est de connecter des lieux \u00e9loign\u00e9s \u00e0 l\u2019internet ou \u00e0 votre r\u00e9seau local. Nous fournissons \u00e9galement l\u2019internet pour les v\u00e9hicules en mouvement comme les bateaux, les camions, les trains ou les plaines. Nous nous concentrons essentiellement sur l\u2019Afrique et le Proche-Orient.[\/vc_column_text][\/vc_column][vc_column width=\u00a0\u00bb1\/3&Prime;][vc_custom_heading text=\u00a0\u00bbCONTACT\u00a0\u00bb font_container=\u00a0\u00bbtag:h4|font_size:12|text_align:left|color:%23ffffff\u00a0\u00bb use_theme_fonts=\u00a0\u00bbyes\u00a0\u00bb][vc_column_text css=\u00a0\u00bb.vc_custom_1586356920641{border-radius: 1px !important;}\u00a0\u00bb]NTvsat<br \/>\nAlter Schlachthof 17<br \/>\nKarlsruhe<br \/>\nGermany<\/p>\n<p>T\u00e9l\u00e9phone: +49.173.699 09 74<br \/>\nsales@nt-vsat.de<\/p>\n<p>www.nt-vsat.com[\/vc_column_text][\/vc_column][\/vc_row]<\/p>\n<\/section>","protected":false},"excerpt":{"rendered":"<p>[vc_row gap=\u00a0\u00bb30&Prime; equal_height=\u00a0\u00bbyes\u00a0\u00bb content_placement=\u00a0\u00bbbottom\u00a0\u00bb parallax=\u00a0\u00bbcontent-moving\u00a0\u00bb parallax_speed_bg=\u00a0\u00bb1&Prime; video_overlay_color=\u00a0\u00bb#0022a0&Prime; enable_bottom_divider=\u00a0\u00bbenabled\u00a0\u00bb shape_bottom_height=\u00a0\u00bb120&Prime; shape_bottom_index=\u00a0\u00bb3&Prime; css=\u00a0\u00bb.vc_custom_1553608795286{padding-top: 4% !important;padding-bottom: 4% !important;background-color: #cddce1 !important;background-position: 0 0;background-repeat:-repeat;}\u00a0\u00bb shape_bottom_color=\u00a0\u00bb#efefef\u00a0\u00bb][vc_column animation=\u00a0\u00bbwpb_bottom-to-top\u00a0\u00bb css=\u00a0\u00bb.vc_custom_1551630223461{margin-top: 0px !important;}\u00a0\u00bb][vc_custom_heading source=\u00a0\u00bbpost_title\u00a0\u00bb font_container=\u00a0\u00bbtag:h2|text_align:center|color:%23ffffff\u00a0\u00bb use_theme_fonts=\u00a0\u00bbyes\u00a0\u00bb][\/vc_column][\/vc_row][vc_row full_width=\u00a0\u00bbstretch_row\u00a0\u00bb css=\u00a0\u00bb.vc_custom_1551254629384{background-color: #efefef !important;}\u00a0\u00bb][vc_column][vc_empty_space height=\u00a0\u00bb30px\u00a0\u00bb][\/vc_column][\/vc_row][vc_row][vc_column width=\u00a0\u00bb1\/2&Prime;][vc_empty_space height=\u00a0\u00bb90px\u00a0\u00bb][vc_single_image image=\u00a0\u00bb4199&Prime; img_size=\u00a0\u00bbfull\u00a0\u00bb css_animation=\u00a0\u00bbbottom-to-top\u00a0\u00bb][\/vc_column][vc_column width=\u00a0\u00bb1\/2&Prime; animation=\u00a0\u00bbwpb_bottom-to-top\u00a0\u00bb][vc_custom_heading text=\u00a0\u00bbCDM-570A\/L &amp; CDM-570A\/L-IP Satellite Modems\u00a0\u00bb font_container=\u00a0\u00bbtag:h4|text_align:left|color:%23374141&Prime; use_theme_fonts=\u00a0\u00bbyes\u00a0\u00bb css_animation=\u00a0\u00bbfadeIn\u00a0\u00bb][vc_column_text]Le CDM-570A et le CDM-570AL sont nos modems satellite &hellip; <a href=\"https:\/\/nt-vsat.com\/fr\/comtech-cdm-570\/\" title=\"Comtech CDM-570\" class=\"read-more\">Read More<\/a><\/p>\n","protected":false},"author":1,"featured_media":0,"parent":0,"menu_order":0,"comment_status":"closed","ping_status":"closed","template":"","meta":{"footnotes":""},"class_list":["post-6055","page","type-page","status-publish","hentry"],"yoast_head":"<!-- This site is optimized with the Yoast SEO Premium plugin v15.5 - https:\/\/yoast.com\/wordpress\/plugins\/seo\/ -->\n<title>Comtech CDM-570 | NTvsat<\/title>\n<meta name=\"robots\" content=\"index, follow, max-snippet:-1, max-image-preview:large, max-video-preview:-1\" \/>\n<link rel=\"canonical\" href=\"https:\/\/nt-vsat.com\/fr\/comtech-cdm-570\/\" \/>\n<meta property=\"og:locale\" content=\"fr_FR\" \/>\n<meta property=\"og:type\" content=\"article\" \/>\n<meta property=\"og:title\" content=\"Comtech CDM-570 | NTvsat\" \/>\n<meta property=\"og:description\" content=\"[vc_row gap=\u00a0\u00bb30&Prime; equal_height=\u00a0\u00bbyes\u00a0\u00bb content_placement=\u00a0\u00bbbottom\u00a0\u00bb parallax=\u00a0\u00bbcontent-moving\u00a0\u00bb parallax_speed_bg=\u00a0\u00bb1&Prime; video_overlay_color=\u00a0\u00bb#0022a0&Prime; enable_bottom_divider=\u00a0\u00bbenabled\u00a0\u00bb shape_bottom_height=\u00a0\u00bb120&Prime; shape_bottom_index=\u00a0\u00bb3&Prime; css=\u00a0\u00bb.vc_custom_1553608795286{padding-top: 4% !important;padding-bottom: 4% !important;background-color: #cddce1 !important;background-position: 0 0;background-repeat:-repeat;}\u00a0\u00bb shape_bottom_color=\u00a0\u00bb#efefef\u00a0\u00bb][vc_column animation=\u00a0\u00bbwpb_bottom-to-top\u00a0\u00bb css=\u00a0\u00bb.vc_custom_1551630223461{margin-top: 0px !important;}\u00a0\u00bb][vc_custom_heading source=\u00a0\u00bbpost_title\u00a0\u00bb font_container=\u00a0\u00bbtag:h2|text_align:center|color:%23ffffff\u00a0\u00bb use_theme_fonts=\u00a0\u00bbyes\u00a0\u00bb][\/vc_column][\/vc_row][vc_row full_width=\u00a0\u00bbstretch_row\u00a0\u00bb css=\u00a0\u00bb.vc_custom_1551254629384{background-color: #efefef !important;}\u00a0\u00bb][vc_column][vc_empty_space height=\u00a0\u00bb30px\u00a0\u00bb][\/vc_column][\/vc_row][vc_row][vc_column width=\u00a0\u00bb1\/2&Prime;][vc_empty_space height=\u00a0\u00bb90px\u00a0\u00bb][vc_single_image image=\u00a0\u00bb4199&Prime; img_size=\u00a0\u00bbfull\u00a0\u00bb css_animation=\u00a0\u00bbbottom-to-top\u00a0\u00bb][\/vc_column][vc_column width=\u00a0\u00bb1\/2&Prime; animation=\u00a0\u00bbwpb_bottom-to-top\u00a0\u00bb][vc_custom_heading text=\u00a0\u00bbCDM-570A\/L &amp; CDM-570A\/L-IP Satellite Modems\u00a0\u00bb font_container=\u00a0\u00bbtag:h4|text_align:left|color:%23374141&Prime; use_theme_fonts=\u00a0\u00bbyes\u00a0\u00bb css_animation=\u00a0\u00bbfadeIn\u00a0\u00bb][vc_column_text]Le CDM-570A et le CDM-570AL sont nos modems satellite [&hellip;]\" \/>\n<meta property=\"og:url\" content=\"https:\/\/nt-vsat.com\/fr\/comtech-cdm-570\/\" \/>\n<meta property=\"og:site_name\" content=\"NTvsat\" \/>\n<meta property=\"article:publisher\" content=\"https:\/\/www.facebook.com\/NTvsat-100170158192571\/\" \/>\n<meta property=\"article:modified_time\" content=\"2020-04-08T14:42:07+00:00\" \/>\n<meta name=\"twitter:card\" content=\"summary_large_image\" \/>\n<meta name=\"twitter:label1\" content=\"Dur\u00e9e de lecture estim\u00e9e\">\n\t<meta name=\"twitter:data1\" content=\"5 minutes\">\n<script type=\"application\/ld+json\" class=\"yoast-schema-graph\">{\"@context\":\"https:\/\/schema.org\",\"@graph\":[{\"@type\":\"Organization\",\"@id\":\"https:\/\/nt-vsat.com\/fr\/#organization\",\"name\":\"NTvsat Satellite Internet\",\"url\":\"https:\/\/nt-vsat.com\/fr\/\",\"sameAs\":[\"https:\/\/www.facebook.com\/NTvsat-100170158192571\/\"],\"logo\":{\"@type\":\"ImageObject\",\"@id\":\"https:\/\/nt-vsat.com\/fr\/#logo\",\"inLanguage\":\"fr-FR\",\"url\":\"https:\/\/nt-vsat.com\/wp-content\/uploads\/2019\/03\/NTVSAT_EW03_logo_u_claim-e1552253360734.png\",\"width\":165,\"height\":70,\"caption\":\"NTvsat Satellite Internet\"},\"image\":{\"@id\":\"https:\/\/nt-vsat.com\/fr\/#logo\"}},{\"@type\":\"WebSite\",\"@id\":\"https:\/\/nt-vsat.com\/fr\/#website\",\"url\":\"https:\/\/nt-vsat.com\/fr\/\",\"name\":\"NTvsat\",\"description\":\"GET Connected\",\"publisher\":{\"@id\":\"https:\/\/nt-vsat.com\/fr\/#organization\"},\"potentialAction\":[{\"@type\":\"SearchAction\",\"target\":\"https:\/\/nt-vsat.com\/fr\/?s={search_term_string}\",\"query-input\":\"required name=search_term_string\"}],\"inLanguage\":\"fr-FR\"},{\"@type\":\"WebPage\",\"@id\":\"https:\/\/nt-vsat.com\/fr\/comtech-cdm-570\/#webpage\",\"url\":\"https:\/\/nt-vsat.com\/fr\/comtech-cdm-570\/\",\"name\":\"Comtech CDM-570 | NTvsat\",\"isPartOf\":{\"@id\":\"https:\/\/nt-vsat.com\/fr\/#website\"},\"datePublished\":\"2019-03-30T17:11:11+00:00\",\"dateModified\":\"2020-04-08T14:42:07+00:00\",\"inLanguage\":\"fr-FR\",\"potentialAction\":[{\"@type\":\"ReadAction\",\"target\":[\"https:\/\/nt-vsat.com\/fr\/comtech-cdm-570\/\"]}]}]}<\/script>\n<!-- \/ Yoast SEO Premium plugin. -->","_links":{"self":[{"href":"https:\/\/nt-vsat.com\/fr\/wp-json\/wp\/v2\/pages\/6055","targetHints":{"allow":["GET"]}}],"collection":[{"href":"https:\/\/nt-vsat.com\/fr\/wp-json\/wp\/v2\/pages"}],"about":[{"href":"https:\/\/nt-vsat.com\/fr\/wp-json\/wp\/v2\/types\/page"}],"author":[{"embeddable":true,"href":"https:\/\/nt-vsat.com\/fr\/wp-json\/wp\/v2\/users\/1"}],"replies":[{"embeddable":true,"href":"https:\/\/nt-vsat.com\/fr\/wp-json\/wp\/v2\/comments?post=6055"}],"version-history":[{"count":0,"href":"https:\/\/nt-vsat.com\/fr\/wp-json\/wp\/v2\/pages\/6055\/revisions"}],"wp:attachment":[{"href":"https:\/\/nt-vsat.com\/fr\/wp-json\/wp\/v2\/media?parent=6055"}],"curies":[{"name":"wp","href":"https:\/\/api.w.org\/{rel}","templated":true}]}}