{"id":6063,"date":"2019-03-30T17:01:15","date_gmt":"2019-03-30T17:01:15","guid":{"rendered":"https:\/\/www.nt-vsat.com\/comtech-cdm-760\/"},"modified":"2020-04-08T15:08:10","modified_gmt":"2020-04-08T15:08:10","slug":"comtech-cdm-760","status":"publish","type":"page","link":"https:\/\/nt-vsat.com\/fr\/comtech-cdm-760\/","title":{"rendered":"Comtech CDM 760"},"content":{"rendered":"<section class=\"wpb-content-wrapper\"><p>[vc_row gap=\u00a0\u00bb30&Prime; equal_height=\u00a0\u00bbyes\u00a0\u00bb content_placement=\u00a0\u00bbbottom\u00a0\u00bb parallax=\u00a0\u00bbcontent-moving\u00a0\u00bb parallax_speed_bg=\u00a0\u00bb1&Prime; video_overlay_color=\u00a0\u00bb#0022a0&Prime; enable_bottom_divider=\u00a0\u00bbenabled\u00a0\u00bb shape_bottom_height=\u00a0\u00bb120&Prime; shape_bottom_index=\u00a0\u00bb3&Prime; css=\u00a0\u00bb.vc_custom_1553608795286{padding-top: 4% !important;padding-bottom: 4% !important;background-color: #cddce1 !important;background-position: 0 0;background-repeat:-repeat;}\u00a0\u00bb shape_bottom_color=\u00a0\u00bb#efefef\u00a0\u00bb][vc_column animation=\u00a0\u00bbwpb_bottom-to-top\u00a0\u00bb css=\u00a0\u00bb.vc_custom_1551630223461{margin-top: 0px !important;}\u00a0\u00bb][vc_custom_heading source=\u00a0\u00bbpost_title\u00a0\u00bb font_container=\u00a0\u00bbtag:h2|text_align:center|color:%23ffffff\u00a0\u00bb use_theme_fonts=\u00a0\u00bbyes\u00a0\u00bb][\/vc_column][\/vc_row][vc_row full_width=\u00a0\u00bbstretch_row\u00a0\u00bb css=\u00a0\u00bb.vc_custom_1551254629384{background-color: #efefef !important;}\u00a0\u00bb][vc_column][vc_empty_space height=\u00a0\u00bb30px\u00a0\u00bb][\/vc_column][\/vc_row][vc_row][vc_column width=\u00a0\u00bb1\/2&Prime;][vc_single_image image=\u00a0\u00bb4200&Prime; img_size=\u00a0\u00bbfull\u00a0\u00bb onclick=\u00a0\u00bblink_image\u00a0\u00bb css_animation=\u00a0\u00bbbottom-to-top\u00a0\u00bb][vc_single_image image=\u00a0\u00bb4201&Prime; img_size=\u00a0\u00bbfull\u00a0\u00bb css_animation=\u00a0\u00bbbottom-to-top\u00a0\u00bb][\/vc_column][vc_column width=\u00a0\u00bb1\/2&Prime; animation=\u00a0\u00bbwpb_bottom-to-top\u00a0\u00bb][vc_custom_heading text=\u00a0\u00bbCDM-760 Modem avanc\u00e9 \u00e0 haut d\u00e9bit \u00e0 ressources partag\u00e9es et de radiodiffusion\u00a0\u00bb font_container=\u00a0\u00bbtag:h4|text_align:left|color:%23374141&Prime; use_theme_fonts=\u00a0\u00bbyes\u00a0\u00bb css_animation=\u00a0\u00bbfadeIn\u00a0\u00bb][vc_column_text]Le CDM-760, modem avanc\u00e9 de liaison et de diffusion \u00e0 haut d\u00e9bit, s&rsquo;appuie sur notre famille prim\u00e9e de modems de liaison \u00e0 haut d\u00e9bit et ultra efficaces. Le CDM-760 am\u00e9liore encore notre offre en incluant des taux de symboles \u00e0 bande ultra large, des performances proches de la th\u00e9orie avec une perte d&rsquo;impl\u00e9mentation minimale, une vari\u00e9t\u00e9 de s\u00e9lections de MODCOD \u00e0 haute efficacit\u00e9. Configurable comme un v\u00e9ritable modulateur, d\u00e9modulateur ou modem de diffusion DVB-S2&amp;S2X et prend en charge le fonctionnement en mode HTS, GEO et MEO avec transfert d&rsquo;antenne sans impact et transfert de satellite.[\/vc_column_text][vc_btn title=\u00a0\u00bbPLUS D&rsquo;INFORMATIONS\u00a0\u00bb style=\u00a0\u00bboutline-custom\u00a0\u00bb outline_custom_color=\u00a0\u00bb#64b400&Prime; outline_custom_hover_background=\u00a0\u00bb#64b400&Prime; outline_custom_hover_text=\u00a0\u00bb#ffffff\u00a0\u00bb css_animation=\u00a0\u00bbfadeIn\u00a0\u00bb link=\u00a0\u00bburl:http%3A%2F%2Fnt-vsat.com%2Fwp-content%2Fuploads%2F2019%2FDataSheet%2FComtec-CDM760.pdf||target:%20_blank|\u00a0\u00bb][\/vc_column][\/vc_row][vc_row][vc_column][vc_empty_space][\/vc_column][\/vc_row][vc_row full_width=\u00a0\u00bbstretch_row\u00a0\u00bb css=\u00a0\u00bb.vc_custom_1553893302623{background-color: #ffffff !important;}\u00a0\u00bb][vc_column width=\u00a0\u00bb1\/2&Prime;][vc_column_text]<\/p>\n<h5>Fonctionnalit\u00e9s<\/h5>\n<ul>\n<li>Taux de symbole : 0,1 \u00e0 150 Msps<\/li>\n<li>D\u00e9bit de donn\u00e9es : 0,1 \u00e0 &gt;720 Mbps (Simplex), &gt;1,4 Gbps (Duplex)<\/li>\n<li>Conforme aux normes DVB-S2 ETSI EN 302 307 et DVB-S2X EN 302 307-2<\/li>\n<li>Technologie DVB-S2-EB1&amp;EB2 Efficience renforc\u00e9e<\/li>\n<li>DoubleTalk Carrier-in-Carrier compression de la bande passante<\/li>\n<li>ACM et CCM &#8211; M\u00e9taporteuse embarqu\u00e9e DVB-CID ETSI TS 103 129<\/li>\n<li>GSE &#8211; frais g\u00e9n\u00e9raux faibles 190 000 PPS simplex et &gt; 350 000 PPS duplex<\/li>\n<li>Trame jumbo de 9 000 octets (en mode processeur de paquets)<\/li>\n<li>Fonctionnement en mode rout\u00e9 de la couche 3 avec jusqu&rsquo;\u00e0 256 routes statiques (&gt;105 000 PPS simplex, &gt;150 000 PPS duplex)<\/li>\n<li>Modulation : QPSK, 8PSK, 16APSK, 32APSK, 64APSK, 128APSK, 256APSK<\/li>\n<li>Double IF : 70\/140 MHz, bande L et moniteur en bande L (standard)<\/li>\n<li>Interfaces de donn\u00e9es \u25aa 2 interfaces Gigabit 10\/100\/1000Base-T (standard)<\/li>\n<li>1 interface optique Gigabit (optionnel)<\/li>\n<li>Processus &gt; 600 000 pps simplex, 1,2M pps duplex<\/li>\n<li>Cartes d&rsquo;interface PIIC optionnelles<\/li>\n<li>ASI (Interface s\u00e9rie asynchrone DVB)<\/li>\n<li>703 E3\/T3\/STS-1 (34.368, 44.736, 51.84 Mbps)<\/li>\n<li>STM-1 Cuivre SDH (155,52 Mbps)<\/li>\n<li>OC-3 SONET monomode ou multimode 1300 nm (155,52 Mbps)<\/li>\n<li>Capacit\u00e9 de multiflux (Multi-Interface mux)<\/li>\n<li>Prend en charge le fonctionnement en mode HTS, GEO et MEO<\/li>\n<li>Gestion : HTTP, SNMP, Telnet, RS-232\/485<\/li>\n<li>Contr\u00f4le M&amp;C en bande (par satellite)<\/li>\n<li>Commutation de redondance 1:1 et 1:N disponible<\/li>\n<\/ul>\n<p>[\/vc_column_text][\/vc_column][vc_column width=\u00a0\u00bb1\/2&Prime;][vc_column_text]<\/p>\n<h5>En savoir plus sur la plateforme VSAT avanc\u00e9e de Comtech<\/h5>\n<p>Advanced VSAT Solutions est un portefeuille de solutions de communication par satellite \u00e0 haute performance qui favorisent les services de qualit\u00e9 sup\u00e9rieure pour les entreprises &#8211; \u00e9nergie, mines, transport maritime, compagnies a\u00e9riennes et r\u00e9seaux d&rsquo;entreprise. Repr\u00e9sentant la prochaine g\u00e9n\u00e9ration d&rsquo;\u00e9quipement de r\u00e9seautage par satellite, les VSAT avanc\u00e9s comprennent un ensemble de produits et de technologies de pointe.<\/p>\n<p>&nbsp;<\/p>\n<p>Aujourd&rsquo;hui, les utilisateurs finaux ont besoin de niveaux de d\u00e9bit suppl\u00e9mentaires \u00e9tonnants pour prendre en charge des applications critiques. La majeure partie de cette demande accrue provient de l&rsquo;arriv\u00e9e, \u00e9tant donn\u00e9 le pr\u00e9cieux contenu multim\u00e9dia qui doit \u00eatre transmis des sites distants vers les sites centraux. Il est primordial que les solutions de mise en r\u00e9seau par satellite soient capables de g\u00e9rer ces d\u00e9bits de donn\u00e9es croissants tout en disposant d&rsquo;une marge de man\u0153uvre pour la croissance future.<\/p>\n<p>&nbsp;<\/p>\n<p>Le VSAT avanc\u00e9 est ax\u00e9 sur le d\u00e9bit et la qualit\u00e9 du service. Il dispose de la puissance de traitement n\u00e9cessaire pour r\u00e9pondre \u00e0 vos besoins de transmission pps et Mbps pour les applications \u00e0 haut d\u00e9bit, la vid\u00e9o haute d\u00e9finition et la voix. Il fournit la qualit\u00e9 de service que vos utilisateurs exigent avec une faible gigue et une faible latence afin que vous puissiez satisfaire \u00e0 ces accords de niveau de service rigoureux. Il s&rsquo;agit \u00e9galement d&rsquo;un syst\u00e8me enti\u00e8rement g\u00e9r\u00e9, dot\u00e9 de l&rsquo;intelligence n\u00e9cessaire pour permettre l&rsquo;allocation dynamique de la bande passante au moment et \u00e0 l&rsquo;endroit o\u00f9 elle est n\u00e9cessaire.<\/p>\n<p>&nbsp;<\/p>\n<ul>\n<li>Services et \u00e9quipements pour les VSAT avanc\u00e9s<\/li>\n<li>Avec notre serviceSCPC (Canal unique par transporteur), la bande passante du satellite est d\u00e9di\u00e9e \u00e0 une seule source.<\/li>\n<li>dSCPCfournit une gestion dynamique de la bande passante du segment spatial SCPC (dSCPC)<\/li>\n<li>L&rsquo;acc\u00e8s multiple par r\u00e9partition dans le temps (AMRT) permet \u00e0 plusieurs utilisateurs de partager le m\u00eame canal de fr\u00e9quence en r\u00e9partissant le signal dans diff\u00e9rents intervalles de temps.<\/li>\n<li>Nous offrons des solutions VSAT de haute qualit\u00e9<\/li>\n<li>Notre service peut \u00eatre employ\u00e9 avec le mat\u00e9riel de Comtech EF Data et les services correspondants.<\/li>\n<\/ul>\n<p>[\/vc_column_text][vc_btn title=\u00a0\u00bbCONTACTER LE SERVICE CLIENT\u00c8LE \u00a0\u00bb style=\u00a0\u00bboutline-custom\u00a0\u00bb outline_custom_color=\u00a0\u00bb#64b400&Prime; outline_custom_hover_background=\u00a0\u00bb#64b400&Prime; outline_custom_hover_text=\u00a0\u00bb#ffffff\u00a0\u00bb link=\u00a0\u00bburl:%2Fcontact|||\u00a0\u00bb][\/vc_column][\/vc_row][vc_row full_width=\u00a0\u00bbstretch_row\u00a0\u00bb css=\u00a0\u00bb.vc_custom_1553161875271{background-color: #374141 !important;}\u00a0\u00bb][vc_column width=\u00a0\u00bb1\/3&Prime;][vc_row_inner][vc_column_inner width=\u00a0\u00bb2\/3&Prime;][vc_single_image image=\u00a0\u00bb2551&Prime; img_size=\u00a0\u00bbfull\u00a0\u00bb][\/vc_column_inner][vc_column_inner width=\u00a0\u00bb1\/3&Prime;][\/vc_column_inner][\/vc_row_inner][vc_column_text css=\u00a0\u00bb.vc_custom_1553523669799{margin-bottom: 0px !important;}\u00a0\u00bb]<a href=\"\/impressum\">Datenschutzerkl\u00e4rung\/Impressum<\/a>[\/vc_column_text][\/vc_column][vc_column width=\u00a0\u00bb1\/3&Prime;][vc_custom_heading text=\u00a0\u00bbNTvsat\u00a0\u00bb font_container=\u00a0\u00bbtag:h4|font_size:12|text_align:left|color:%23ffffff\u00a0\u00bb use_theme_fonts=\u00a0\u00bbyes\u00a0\u00bb][vc_column_text css=\u00a0\u00bb.vc_custom_1586358408648{margin-top: 0px !important;}\u00a0\u00bb]Nous sommes une entreprise allemande qui fournit tous les services pour l\u2019internet par satellite. Notre but est de connecter des lieux \u00e9loign\u00e9s \u00e0 l\u2019internet ou \u00e0 votre r\u00e9seau local. Nous fournissons \u00e9galement l\u2019internet pour les v\u00e9hicules en mouvement comme les bateaux, les camions, les trains ou les plaines. Nous nous concentrons essentiellement sur l\u2019Afrique et le Proche-Orient.[\/vc_column_text][\/vc_column][vc_column width=\u00a0\u00bb1\/3&Prime;][vc_custom_heading text=\u00a0\u00bbCONTACT\u00a0\u00bb font_container=\u00a0\u00bbtag:h4|font_size:12|text_align:left|color:%23ffffff\u00a0\u00bb use_theme_fonts=\u00a0\u00bbyes\u00a0\u00bb][vc_column_text css=\u00a0\u00bb.vc_custom_1586358416662{border-radius: 1px !important;}\u00a0\u00bb]NTvsat<br \/>\nAlter Schlachthof 17<br \/>\nKarlsruhe<br \/>\nGermany<\/p>\n<p>T\u00e9l\u00e9phone: +49.173.699 09 74<br \/>\nsales@nt-vsat.de<\/p>\n<p>www.nt-vsat.com[\/vc_column_text][\/vc_column][\/vc_row]<\/p>\n<\/section>","protected":false},"excerpt":{"rendered":"<p>[vc_row gap=\u00a0\u00bb30&Prime; equal_height=\u00a0\u00bbyes\u00a0\u00bb content_placement=\u00a0\u00bbbottom\u00a0\u00bb parallax=\u00a0\u00bbcontent-moving\u00a0\u00bb parallax_speed_bg=\u00a0\u00bb1&Prime; video_overlay_color=\u00a0\u00bb#0022a0&Prime; enable_bottom_divider=\u00a0\u00bbenabled\u00a0\u00bb shape_bottom_height=\u00a0\u00bb120&Prime; shape_bottom_index=\u00a0\u00bb3&Prime; css=\u00a0\u00bb.vc_custom_1553608795286{padding-top: 4% !important;padding-bottom: 4% !important;background-color: #cddce1 !important;background-position: 0 0;background-repeat:-repeat;}\u00a0\u00bb shape_bottom_color=\u00a0\u00bb#efefef\u00a0\u00bb][vc_column animation=\u00a0\u00bbwpb_bottom-to-top\u00a0\u00bb css=\u00a0\u00bb.vc_custom_1551630223461{margin-top: 0px !important;}\u00a0\u00bb][vc_custom_heading source=\u00a0\u00bbpost_title\u00a0\u00bb font_container=\u00a0\u00bbtag:h2|text_align:center|color:%23ffffff\u00a0\u00bb use_theme_fonts=\u00a0\u00bbyes\u00a0\u00bb][\/vc_column][\/vc_row][vc_row full_width=\u00a0\u00bbstretch_row\u00a0\u00bb css=\u00a0\u00bb.vc_custom_1551254629384{background-color: #efefef !important;}\u00a0\u00bb][vc_column][vc_empty_space height=\u00a0\u00bb30px\u00a0\u00bb][\/vc_column][\/vc_row][vc_row][vc_column width=\u00a0\u00bb1\/2&Prime;][vc_single_image image=\u00a0\u00bb4200&Prime; img_size=\u00a0\u00bbfull\u00a0\u00bb onclick=\u00a0\u00bblink_image\u00a0\u00bb css_animation=\u00a0\u00bbbottom-to-top\u00a0\u00bb][vc_single_image image=\u00a0\u00bb4201&Prime; img_size=\u00a0\u00bbfull\u00a0\u00bb css_animation=\u00a0\u00bbbottom-to-top\u00a0\u00bb][\/vc_column][vc_column width=\u00a0\u00bb1\/2&Prime; animation=\u00a0\u00bbwpb_bottom-to-top\u00a0\u00bb][vc_custom_heading text=\u00a0\u00bbCDM-760 Modem avanc\u00e9 \u00e0 haut d\u00e9bit \u00e0 ressources partag\u00e9es et de radiodiffusion\u00a0\u00bb font_container=\u00a0\u00bbtag:h4|text_align:left|color:%23374141&Prime; &hellip; <a href=\"https:\/\/nt-vsat.com\/fr\/comtech-cdm-760\/\" title=\"Comtech CDM 760\" class=\"read-more\">Read More<\/a><\/p>\n","protected":false},"author":1,"featured_media":0,"parent":0,"menu_order":0,"comment_status":"closed","ping_status":"closed","template":"","meta":{"footnotes":""},"class_list":["post-6063","page","type-page","status-publish","hentry"],"yoast_head":"<!-- This site is optimized with the Yoast SEO Premium plugin v15.5 - https:\/\/yoast.com\/wordpress\/plugins\/seo\/ -->\n<title>Comtech CDM 760 | NTvsat<\/title>\n<meta name=\"robots\" content=\"index, follow, max-snippet:-1, max-image-preview:large, max-video-preview:-1\" \/>\n<link rel=\"canonical\" href=\"https:\/\/nt-vsat.com\/fr\/comtech-cdm-760\/\" \/>\n<meta property=\"og:locale\" content=\"fr_FR\" \/>\n<meta property=\"og:type\" content=\"article\" \/>\n<meta property=\"og:title\" content=\"Comtech CDM 760 | NTvsat\" \/>\n<meta property=\"og:description\" content=\"[vc_row gap=\u00a0\u00bb30&Prime; equal_height=\u00a0\u00bbyes\u00a0\u00bb content_placement=\u00a0\u00bbbottom\u00a0\u00bb parallax=\u00a0\u00bbcontent-moving\u00a0\u00bb parallax_speed_bg=\u00a0\u00bb1&Prime; video_overlay_color=\u00a0\u00bb#0022a0&Prime; enable_bottom_divider=\u00a0\u00bbenabled\u00a0\u00bb shape_bottom_height=\u00a0\u00bb120&Prime; shape_bottom_index=\u00a0\u00bb3&Prime; css=\u00a0\u00bb.vc_custom_1553608795286{padding-top: 4% !important;padding-bottom: 4% !important;background-color: #cddce1 !important;background-position: 0 0;background-repeat:-repeat;}\u00a0\u00bb shape_bottom_color=\u00a0\u00bb#efefef\u00a0\u00bb][vc_column animation=\u00a0\u00bbwpb_bottom-to-top\u00a0\u00bb css=\u00a0\u00bb.vc_custom_1551630223461{margin-top: 0px !important;}\u00a0\u00bb][vc_custom_heading source=\u00a0\u00bbpost_title\u00a0\u00bb font_container=\u00a0\u00bbtag:h2|text_align:center|color:%23ffffff\u00a0\u00bb use_theme_fonts=\u00a0\u00bbyes\u00a0\u00bb][\/vc_column][\/vc_row][vc_row full_width=\u00a0\u00bbstretch_row\u00a0\u00bb css=\u00a0\u00bb.vc_custom_1551254629384{background-color: #efefef !important;}\u00a0\u00bb][vc_column][vc_empty_space height=\u00a0\u00bb30px\u00a0\u00bb][\/vc_column][\/vc_row][vc_row][vc_column width=\u00a0\u00bb1\/2&Prime;][vc_single_image image=\u00a0\u00bb4200&Prime; img_size=\u00a0\u00bbfull\u00a0\u00bb onclick=\u00a0\u00bblink_image\u00a0\u00bb css_animation=\u00a0\u00bbbottom-to-top\u00a0\u00bb][vc_single_image image=\u00a0\u00bb4201&Prime; img_size=\u00a0\u00bbfull\u00a0\u00bb css_animation=\u00a0\u00bbbottom-to-top\u00a0\u00bb][\/vc_column][vc_column width=\u00a0\u00bb1\/2&Prime; animation=\u00a0\u00bbwpb_bottom-to-top\u00a0\u00bb][vc_custom_heading text=\u00a0\u00bbCDM-760 Modem avanc\u00e9 \u00e0 haut d\u00e9bit \u00e0 ressources partag\u00e9es et de radiodiffusion\u00a0\u00bb font_container=\u00a0\u00bbtag:h4|text_align:left|color:%23374141&Prime; [&hellip;]\" \/>\n<meta property=\"og:url\" content=\"https:\/\/nt-vsat.com\/fr\/comtech-cdm-760\/\" \/>\n<meta property=\"og:site_name\" content=\"NTvsat\" \/>\n<meta property=\"article:publisher\" content=\"https:\/\/www.facebook.com\/NTvsat-100170158192571\/\" \/>\n<meta property=\"article:modified_time\" content=\"2020-04-08T15:08:10+00:00\" \/>\n<meta name=\"twitter:card\" content=\"summary_large_image\" \/>\n<meta name=\"twitter:label1\" content=\"Dur\u00e9e de lecture estim\u00e9e\">\n\t<meta name=\"twitter:data1\" content=\"5 minutes\">\n<script type=\"application\/ld+json\" class=\"yoast-schema-graph\">{\"@context\":\"https:\/\/schema.org\",\"@graph\":[{\"@type\":\"Organization\",\"@id\":\"https:\/\/nt-vsat.com\/fr\/#organization\",\"name\":\"NTvsat Satellite Internet\",\"url\":\"https:\/\/nt-vsat.com\/fr\/\",\"sameAs\":[\"https:\/\/www.facebook.com\/NTvsat-100170158192571\/\"],\"logo\":{\"@type\":\"ImageObject\",\"@id\":\"https:\/\/nt-vsat.com\/fr\/#logo\",\"inLanguage\":\"fr-FR\",\"url\":\"https:\/\/nt-vsat.com\/wp-content\/uploads\/2019\/03\/NTVSAT_EW03_logo_u_claim-e1552253360734.png\",\"width\":165,\"height\":70,\"caption\":\"NTvsat Satellite Internet\"},\"image\":{\"@id\":\"https:\/\/nt-vsat.com\/fr\/#logo\"}},{\"@type\":\"WebSite\",\"@id\":\"https:\/\/nt-vsat.com\/fr\/#website\",\"url\":\"https:\/\/nt-vsat.com\/fr\/\",\"name\":\"NTvsat\",\"description\":\"GET Connected\",\"publisher\":{\"@id\":\"https:\/\/nt-vsat.com\/fr\/#organization\"},\"potentialAction\":[{\"@type\":\"SearchAction\",\"target\":\"https:\/\/nt-vsat.com\/fr\/?s={search_term_string}\",\"query-input\":\"required name=search_term_string\"}],\"inLanguage\":\"fr-FR\"},{\"@type\":\"WebPage\",\"@id\":\"https:\/\/nt-vsat.com\/fr\/comtech-cdm-760\/#webpage\",\"url\":\"https:\/\/nt-vsat.com\/fr\/comtech-cdm-760\/\",\"name\":\"Comtech CDM 760 | NTvsat\",\"isPartOf\":{\"@id\":\"https:\/\/nt-vsat.com\/fr\/#website\"},\"datePublished\":\"2019-03-30T17:01:15+00:00\",\"dateModified\":\"2020-04-08T15:08:10+00:00\",\"inLanguage\":\"fr-FR\",\"potentialAction\":[{\"@type\":\"ReadAction\",\"target\":[\"https:\/\/nt-vsat.com\/fr\/comtech-cdm-760\/\"]}]}]}<\/script>\n<!-- \/ Yoast SEO Premium plugin. -->","_links":{"self":[{"href":"https:\/\/nt-vsat.com\/fr\/wp-json\/wp\/v2\/pages\/6063","targetHints":{"allow":["GET"]}}],"collection":[{"href":"https:\/\/nt-vsat.com\/fr\/wp-json\/wp\/v2\/pages"}],"about":[{"href":"https:\/\/nt-vsat.com\/fr\/wp-json\/wp\/v2\/types\/page"}],"author":[{"embeddable":true,"href":"https:\/\/nt-vsat.com\/fr\/wp-json\/wp\/v2\/users\/1"}],"replies":[{"embeddable":true,"href":"https:\/\/nt-vsat.com\/fr\/wp-json\/wp\/v2\/comments?post=6063"}],"version-history":[{"count":0,"href":"https:\/\/nt-vsat.com\/fr\/wp-json\/wp\/v2\/pages\/6063\/revisions"}],"wp:attachment":[{"href":"https:\/\/nt-vsat.com\/fr\/wp-json\/wp\/v2\/media?parent=6063"}],"curies":[{"name":"wp","href":"https:\/\/api.w.org\/{rel}","templated":true}]}}