{"id":6079,"date":"2019-03-30T11:29:51","date_gmt":"2019-03-30T11:29:51","guid":{"rendered":"https:\/\/www.nt-vsat.com\/uhp-240\/"},"modified":"2020-04-08T15:40:39","modified_gmt":"2020-04-08T15:40:39","slug":"uhp-240","status":"publish","type":"page","link":"https:\/\/nt-vsat.com\/fr\/uhp-240\/","title":{"rendered":"UHP-240"},"content":{"rendered":"<section class=\"wpb-content-wrapper\"><p>[vc_row gap=\u00a0\u00bb30&Prime; equal_height=\u00a0\u00bbyes\u00a0\u00bb content_placement=\u00a0\u00bbbottom\u00a0\u00bb parallax=\u00a0\u00bbcontent-moving\u00a0\u00bb parallax_speed_bg=\u00a0\u00bb1&Prime; video_overlay_color=\u00a0\u00bb#0022a0&Prime; enable_bottom_divider=\u00a0\u00bbenabled\u00a0\u00bb shape_bottom_height=\u00a0\u00bb120&Prime; shape_bottom_index=\u00a0\u00bb3&Prime; css=\u00a0\u00bb.vc_custom_1553608795286{padding-top: 4% !important;padding-bottom: 4% !important;background-color: #cddce1 !important;background-position: 0 0;background-repeat:-repeat;}\u00a0\u00bb shape_bottom_color=\u00a0\u00bb#efefef\u00a0\u00bb][vc_column animation=\u00a0\u00bbwpb_bottom-to-top\u00a0\u00bb css=\u00a0\u00bb.vc_custom_1551630223461{margin-top: 0px !important;}\u00a0\u00bb][vc_custom_heading source=\u00a0\u00bbpost_title\u00a0\u00bb font_container=\u00a0\u00bbtag:h2|text_align:center|color:%23ffffff\u00a0\u00bb use_theme_fonts=\u00a0\u00bbyes\u00a0\u00bb][\/vc_column][\/vc_row][vc_row full_width=\u00a0\u00bbstretch_row\u00a0\u00bb css=\u00a0\u00bb.vc_custom_1551254629384{background-color: #efefef !important;}\u00a0\u00bb][vc_column][vc_empty_space height=\u00a0\u00bb30px\u00a0\u00bb][\/vc_column][\/vc_row][vc_row][vc_column width=\u00a0\u00bb1\/2&Prime;][vc_single_image image=\u00a0\u00bb4127&Prime; img_size=\u00a0\u00bbfull\u00a0\u00bb onclick=\u00a0\u00bblink_image\u00a0\u00bb][vc_row_inner][vc_column_inner width=\u00a0\u00bb1\/2&Prime;][vc_single_image image=\u00a0\u00bb4129&Prime; img_size=\u00a0\u00bbmedium\u00a0\u00bb onclick=\u00a0\u00bblink_image\u00a0\u00bb][\/vc_column_inner][vc_column_inner width=\u00a0\u00bb1\/2&Prime;][vc_single_image image=\u00a0\u00bb4128&Prime; img_size=\u00a0\u00bbmedium\u00a0\u00bb onclick=\u00a0\u00bblink_image\u00a0\u00bb][\/vc_column_inner][\/vc_row_inner][\/vc_column][vc_column width=\u00a0\u00bb1\/2&Prime;][vc_custom_heading text=\u00a0\u00bbUHP-240&Prime; font_container=\u00a0\u00bbtag:h4|text_align:left|color:%23374141&Prime; use_theme_fonts=\u00a0\u00bbyes\u00a0\u00bb css_animation=\u00a0\u00bbfadeIn\u00a0\u00bb][vc_column_text]L&rsquo;UHP-240 est un double routeur VSAT universel \u00e0 architecture d\u00e9finie par logiciel, dont les r\u00e9seaux UHP sont les pionniers. Ce dispositif r\u00e9unit les meilleures capacit\u00e9s de traitement du secteur dans un format tr\u00e8s compact avec deux routeurs satellites int\u00e9gr\u00e9s. Chaque routeur incorpor\u00e9 peut traiter jusqu&rsquo;\u00e0 450 Mbps de trafic global et comprend deux d\u00e9modulateurs DVB, quatre d\u00e9modulateurs de rafales TDMA, deux modulateurs universels TDMA\/SCPC et deux puissants routeurs IP capables de traiter plus de 190 000 paquets IP par seconde (PPS). La capacit\u00e9 de traitement \u00e9lev\u00e9e permet la mise en \u0153uvre de protocoles d&rsquo;une efficacit\u00e9 unique pour l&rsquo;acc\u00e8s au r\u00e9seau, l&rsquo;allocation des ressources et l&rsquo;encapsulation des donn\u00e9es, ainsi que la prise en charge de la modulation et du codage avanc\u00e9s.[\/vc_column_text][vc_btn title=\u00a0\u00bbPLUS D&rsquo;INFORMATIONS\u00a0\u00bb style=\u00a0\u00bboutline-custom\u00a0\u00bb outline_custom_color=\u00a0\u00bb#64b400&Prime; outline_custom_hover_background=\u00a0\u00bb#64b400&Prime; outline_custom_hover_text=\u00a0\u00bb#ffffff\u00a0\u00bb css_animation=\u00a0\u00bbfadeIn\u00a0\u00bb link=\u00a0\u00bburl:http%3A%2F%2Fnt-vsat.com%2Fwp-content%2Fuploads%2F2019%2FDataSheet%2FUHP-240-V35XEN.pdf||target:%20_blank|\u00a0\u00bb][\/vc_column][\/vc_row][vc_row][vc_column][vc_empty_space][\/vc_column][\/vc_row][vc_row full_width=\u00a0\u00bbstretch_row\u00a0\u00bb css=\u00a0\u00bb.vc_custom_1553893302623{background-color: #ffffff !important;}\u00a0\u00bb][vc_column width=\u00a0\u00bb1\/2&Prime;][vc_column_text]Points forts:<\/p>\n<ul>\n<li>Le routeur VSAT le plus performant au monde, avec un d\u00e9bit global allant jusqu&rsquo;\u00e0 900 Mbps et un puissant UHP-RTOS<\/li>\n<li>Quatre d\u00e9modulateurs DVB avec des entr\u00e9es FI distinctes \u00e0 commutation logicielle et un d\u00e9bit pouvant atteindre 500 Msps<\/li>\n<li>Modulations ACM DVB-S2\/S2X efficientes avec une d\u00e9croissance de 5 ou 20 % et prise en charge du HTS<\/li>\n<li>Un d\u00e9modulateur MF-TDMA avec un protocole innovant, efficacit\u00e9 \u00e9prouv\u00e9e de 96% par rapport au SCPC<\/li>\n<li>Codage et modulation adaptatifs (ACM) dans les canaux aller\/retour, y compris les modes SCPC\/TDMA<\/li>\n<li>Modes de fonctionnement ind\u00e9pendants : SCPC, TDM\/TDMA Star&amp;Mesh, Hubless TDMA<\/li>\n<li>VSAT pr\u00eat pour le HTS avec support de plusieurs faisceaux, bandes, r\u00e9ception satellite avec \u00e9quilibrage du trafic<\/li>\n<li>Deux routeurs IP d&rsquo;une productivit\u00e9 allant jusqu&rsquo;\u00e0 190 000 PPS chacun, riche ensemble de protocoles pris en charge, QoS<\/li>\n<li>Architecture de routage de la couche 3 et mode de pontage de la couche 2 avec transport IPV6<\/li>\n<li>Deux ports utilisateurs Ethernet Gigabit avec commutateur int\u00e9gr\u00e9 simplifiant l&rsquo;\u00e9volutivit\u00e9 et la connexion du CPE<\/li>\n<li>Syst\u00e8me VSAT \u00e0 tr\u00e8s faible latence avec un d\u00e9lai aller-retour d&rsquo;environ 570 ms pour le mode de fonctionnement TDMA<\/li>\n<li>Le hub 1U le plus compact de l&rsquo;industrie, avec redondance et canaux MF-TDMA \u00e9volutifs<\/li>\n<li>Redondance automatique 1:1 sans contr\u00f4leurs externes ou redondance intelligente M:N.<\/li>\n<\/ul>\n<p>[\/vc_column_text][vc_btn title=\u00a0\u00bbCONTACTER LE SERVICE CLIENT\u00c8LE \u00a0\u00bb style=\u00a0\u00bboutline-custom\u00a0\u00bb outline_custom_color=\u00a0\u00bb#64b400&Prime; outline_custom_hover_background=\u00a0\u00bb#64b400&Prime; outline_custom_hover_text=\u00a0\u00bb#ffffff\u00a0\u00bb link=\u00a0\u00bburl:%2Fcontact|||\u00a0\u00bb][\/vc_column][vc_column width=\u00a0\u00bb1\/2&Prime;][vc_column_text]<\/p>\n<h5>En savoir plus sur la plateforme UHP Romantis<\/h5>\n<p>Romantis offre et supporte la bande passante sur les syst\u00e8mes satellitaires nationaux, r\u00e9gionaux et internationaux tels qu&rsquo;Intelsat, RSCC, SES et autres. Nous pouvons r\u00e9pondre aux besoins individuels de bande passante, des petits circuits de 0,5 MHz jusqu&rsquo;au transpondeur complet, et ainsi garantir la disponibilit\u00e9 d&rsquo;un temps satellite rentable pour votre transmission.<\/p>\n<p>&nbsp;<\/p>\n<p>Romantis, en tant que revendeur \u00e0 valeur ajout\u00e9e de bande passante satellitaire, fournit une gamme compl\u00e8te de services de planification, d&rsquo;exploitation et d&rsquo;optimisation pour assurer l&rsquo;utilisation efficace de la ressource lou\u00e9e.<\/p>\n<p>&nbsp;<\/p>\n<ul>\n<li>&#8211; Les capacit\u00e9s en bande Ku et C des satellites les plus fiables<\/li>\n<li>&#8211; Des forfaits de bande passante flexibles avec une couverture mondiale<\/li>\n<li>&#8211; Baux \u00e0 long terme et \u00e0 court terme avec des taux comp\u00e9titifs<\/li>\n<li>&#8211; Canal unique pour l&rsquo;acquisition des capacit\u00e9s de diff\u00e9rents op\u00e9rateurs<\/li>\n<li>&#8211; Portabilit\u00e9 de la capacit\u00e9 vers d&rsquo;autres satellites et r\u00e9gions.<\/li>\n<\/ul>\n<p>&nbsp;<\/p>\n<p>UHP &#8211; plate-forme VSAT universelle, compacte, \u00e0 haut d\u00e9bit, comportant tous les \u00e9l\u00e9ments du r\u00e9seau : Hubs, terminaux et syst\u00e8me de gestion de r\u00e9seau. L&rsquo;UHP est un routeur satellite dot\u00e9 de fonctionnalit\u00e9s logicielles prenant en charge les liaisons SCPC, les r\u00e9seaux TDM\/TDMA centr\u00e9s sur les concentrateurs et les r\u00e9seaux TDMA sans fil. Les routeurs permettent de d\u00e9velopper des r\u00e9seaux satellitaires de toute topologie, y compris point \u00e0 point, \u00ab\u00a0\u00e9toile\u00a0\u00bb, \u00ab\u00a0maillage\u00a0\u00bb ou \u00e0 hi\u00e9rarchie complexe. La plateforme VSAT UHP est fond\u00e9e sur les derni\u00e8res technologies de modulation et de codage, ce qui garantit une utilisation tr\u00e8s efficace de la bande passante des satellites.<\/p>\n<p>&nbsp;<\/p>\n<ul>\n<li>SCPC, SCPC DAMA, TDM\/SCPC, TDM\/TDMA, sans moyeu TDMA<\/li>\n<li>D\u00e9bit global jusqu&rsquo;\u00e0 450 Mbps et 230&rsquo;000 pps<\/li>\n<li>Technologie DVB-S2 VSAT avec codage LDPC \u00e0 faible consommation de bande passante<\/li>\n<li>Protocole MF-TDMA novateur dont l&rsquo;efficacit\u00e9 a \u00e9t\u00e9 prouv\u00e9e \u00e0 96 %.<\/li>\n<li>Contr\u00f4le du niveau de la transmission automatique et ACM<\/li>\n<li>Option de redondance 1:1 pour tous les modes<\/li>\n<li>Formateur hi\u00e9rarchique de trafic multicanal con\u00e7u pour les VSAT<\/li>\n<li>Syst\u00e8me VSAT \u00e0 tr\u00e8s faible latence avec un d\u00e9lai aller-retour de 570 ms<\/li>\n<li>Jusqu&rsquo;\u00e0 250 canaux TDMA et 500 000 terminaux par r\u00e9seau<\/li>\n<li>VLAN, QoS, DSCP, IGMP, L2, proxy ARP, RIP, CRTP, TCPA<\/li>\n<li>Console web locale et puissant syst\u00e8me de gestion de r\u00e9seau<\/li>\n<li>D\u00e9marrage ultra-rapide &#8211; le r\u00e9seau est op\u00e9rationnel en 20 secondes seulement<\/li>\n<li>Compatible avec les bandes C, X, Ku et Ka.<\/li>\n<\/ul>\n<p>[\/vc_column_text][\/vc_column][\/vc_row][vc_row full_width=\u00a0\u00bbstretch_row\u00a0\u00bb css=\u00a0\u00bb.vc_custom_1553161875271{background-color: #374141 !important;}\u00a0\u00bb][vc_column width=\u00a0\u00bb1\/3&Prime;][vc_row_inner][vc_column_inner width=\u00a0\u00bb2\/3&Prime;][vc_single_image image=\u00a0\u00bb2551&Prime; img_size=\u00a0\u00bbfull\u00a0\u00bb][\/vc_column_inner][vc_column_inner width=\u00a0\u00bb1\/3&Prime;][\/vc_column_inner][\/vc_row_inner][vc_column_text css=\u00a0\u00bb.vc_custom_1553523669799{margin-bottom: 0px !important;}\u00a0\u00bb]<a href=\"\/impressum\">Datenschutzerkl\u00e4rung\/Impressum<\/a>[\/vc_column_text][\/vc_column][vc_column width=\u00a0\u00bb1\/3&Prime;][vc_custom_heading text=\u00a0\u00bbNTvsat\u00a0\u00bb font_container=\u00a0\u00bbtag:h4|font_size:12|text_align:left|color:%23ffffff\u00a0\u00bb use_theme_fonts=\u00a0\u00bbyes\u00a0\u00bb][vc_column_text css=\u00a0\u00bb.vc_custom_1586360395758{margin-top: 0px !important;}\u00a0\u00bb]Nous sommes une entreprise allemande qui fournit tous les services pour l\u2019internet par satellite. Notre but est de connecter des lieux \u00e9loign\u00e9s \u00e0 l\u2019internet ou \u00e0 votre r\u00e9seau local. Nous fournissons \u00e9galement l\u2019internet pour les v\u00e9hicules en mouvement comme les bateaux, les camions, les trains ou les plaines. Nous nous concentrons essentiellement sur l\u2019Afrique et le Proche-Orient.[\/vc_column_text][\/vc_column][vc_column width=\u00a0\u00bb1\/3&Prime;][vc_custom_heading text=\u00a0\u00bbCONTACT\u00a0\u00bb font_container=\u00a0\u00bbtag:h4|font_size:12|text_align:left|color:%23ffffff\u00a0\u00bb use_theme_fonts=\u00a0\u00bbyes\u00a0\u00bb][vc_column_text css=\u00a0\u00bb.vc_custom_1586360404502{border-radius: 1px !important;}\u00a0\u00bb]NTvsat<br \/>\nAlter Schlachthof 17<br \/>\nKarlsruhe<br \/>\nGermany<\/p>\n<p>T\u00e9l\u00e9phone: +49.173.699 09 74<br \/>\nsales@nt-vsat.de<\/p>\n<p>www.nt-vsat.com[\/vc_column_text][\/vc_column][\/vc_row]<\/p>\n<\/section>","protected":false},"excerpt":{"rendered":"<p>[vc_row gap=\u00a0\u00bb30&Prime; equal_height=\u00a0\u00bbyes\u00a0\u00bb content_placement=\u00a0\u00bbbottom\u00a0\u00bb parallax=\u00a0\u00bbcontent-moving\u00a0\u00bb parallax_speed_bg=\u00a0\u00bb1&Prime; video_overlay_color=\u00a0\u00bb#0022a0&Prime; enable_bottom_divider=\u00a0\u00bbenabled\u00a0\u00bb shape_bottom_height=\u00a0\u00bb120&Prime; shape_bottom_index=\u00a0\u00bb3&Prime; css=\u00a0\u00bb.vc_custom_1553608795286{padding-top: 4% !important;padding-bottom: 4% !important;background-color: #cddce1 !important;background-position: 0 0;background-repeat:-repeat;}\u00a0\u00bb shape_bottom_color=\u00a0\u00bb#efefef\u00a0\u00bb][vc_column animation=\u00a0\u00bbwpb_bottom-to-top\u00a0\u00bb css=\u00a0\u00bb.vc_custom_1551630223461{margin-top: 0px !important;}\u00a0\u00bb][vc_custom_heading source=\u00a0\u00bbpost_title\u00a0\u00bb font_container=\u00a0\u00bbtag:h2|text_align:center|color:%23ffffff\u00a0\u00bb use_theme_fonts=\u00a0\u00bbyes\u00a0\u00bb][\/vc_column][\/vc_row][vc_row full_width=\u00a0\u00bbstretch_row\u00a0\u00bb css=\u00a0\u00bb.vc_custom_1551254629384{background-color: #efefef !important;}\u00a0\u00bb][vc_column][vc_empty_space height=\u00a0\u00bb30px\u00a0\u00bb][\/vc_column][\/vc_row][vc_row][vc_column width=\u00a0\u00bb1\/2&Prime;][vc_single_image image=\u00a0\u00bb4127&Prime; img_size=\u00a0\u00bbfull\u00a0\u00bb onclick=\u00a0\u00bblink_image\u00a0\u00bb][vc_row_inner][vc_column_inner width=\u00a0\u00bb1\/2&Prime;][vc_single_image image=\u00a0\u00bb4129&Prime; img_size=\u00a0\u00bbmedium\u00a0\u00bb onclick=\u00a0\u00bblink_image\u00a0\u00bb][\/vc_column_inner][vc_column_inner width=\u00a0\u00bb1\/2&Prime;][vc_single_image image=\u00a0\u00bb4128&Prime; img_size=\u00a0\u00bbmedium\u00a0\u00bb onclick=\u00a0\u00bblink_image\u00a0\u00bb][\/vc_column_inner][\/vc_row_inner][\/vc_column][vc_column width=\u00a0\u00bb1\/2&Prime;][vc_custom_heading text=\u00a0\u00bbUHP-240&Prime; font_container=\u00a0\u00bbtag:h4|text_align:left|color:%23374141&Prime; use_theme_fonts=\u00a0\u00bbyes\u00a0\u00bb css_animation=\u00a0\u00bbfadeIn\u00a0\u00bb][vc_column_text]L&rsquo;UHP-240 est un double routeur VSAT universel &hellip; <a href=\"https:\/\/nt-vsat.com\/fr\/uhp-240\/\" title=\"UHP-240\" class=\"read-more\">Read More<\/a><\/p>\n","protected":false},"author":1,"featured_media":0,"parent":0,"menu_order":0,"comment_status":"closed","ping_status":"closed","template":"","meta":{"footnotes":""},"class_list":["post-6079","page","type-page","status-publish","hentry"],"yoast_head":"<!-- This site is optimized with the Yoast SEO Premium plugin v15.5 - https:\/\/yoast.com\/wordpress\/plugins\/seo\/ -->\n<title>UHP-240 | NTvsat<\/title>\n<meta name=\"robots\" content=\"index, follow, max-snippet:-1, max-image-preview:large, max-video-preview:-1\" \/>\n<link rel=\"canonical\" href=\"https:\/\/nt-vsat.com\/fr\/uhp-240\/\" \/>\n<meta property=\"og:locale\" content=\"fr_FR\" \/>\n<meta property=\"og:type\" content=\"article\" \/>\n<meta property=\"og:title\" content=\"UHP-240 | NTvsat\" \/>\n<meta property=\"og:description\" content=\"[vc_row gap=\u00a0\u00bb30&Prime; equal_height=\u00a0\u00bbyes\u00a0\u00bb content_placement=\u00a0\u00bbbottom\u00a0\u00bb parallax=\u00a0\u00bbcontent-moving\u00a0\u00bb parallax_speed_bg=\u00a0\u00bb1&Prime; video_overlay_color=\u00a0\u00bb#0022a0&Prime; enable_bottom_divider=\u00a0\u00bbenabled\u00a0\u00bb shape_bottom_height=\u00a0\u00bb120&Prime; shape_bottom_index=\u00a0\u00bb3&Prime; css=\u00a0\u00bb.vc_custom_1553608795286{padding-top: 4% !important;padding-bottom: 4% !important;background-color: #cddce1 !important;background-position: 0 0;background-repeat:-repeat;}\u00a0\u00bb shape_bottom_color=\u00a0\u00bb#efefef\u00a0\u00bb][vc_column animation=\u00a0\u00bbwpb_bottom-to-top\u00a0\u00bb css=\u00a0\u00bb.vc_custom_1551630223461{margin-top: 0px !important;}\u00a0\u00bb][vc_custom_heading source=\u00a0\u00bbpost_title\u00a0\u00bb font_container=\u00a0\u00bbtag:h2|text_align:center|color:%23ffffff\u00a0\u00bb use_theme_fonts=\u00a0\u00bbyes\u00a0\u00bb][\/vc_column][\/vc_row][vc_row full_width=\u00a0\u00bbstretch_row\u00a0\u00bb css=\u00a0\u00bb.vc_custom_1551254629384{background-color: #efefef !important;}\u00a0\u00bb][vc_column][vc_empty_space height=\u00a0\u00bb30px\u00a0\u00bb][\/vc_column][\/vc_row][vc_row][vc_column width=\u00a0\u00bb1\/2&Prime;][vc_single_image image=\u00a0\u00bb4127&Prime; img_size=\u00a0\u00bbfull\u00a0\u00bb onclick=\u00a0\u00bblink_image\u00a0\u00bb][vc_row_inner][vc_column_inner width=\u00a0\u00bb1\/2&Prime;][vc_single_image image=\u00a0\u00bb4129&Prime; img_size=\u00a0\u00bbmedium\u00a0\u00bb onclick=\u00a0\u00bblink_image\u00a0\u00bb][\/vc_column_inner][vc_column_inner width=\u00a0\u00bb1\/2&Prime;][vc_single_image image=\u00a0\u00bb4128&Prime; img_size=\u00a0\u00bbmedium\u00a0\u00bb onclick=\u00a0\u00bblink_image\u00a0\u00bb][\/vc_column_inner][\/vc_row_inner][\/vc_column][vc_column width=\u00a0\u00bb1\/2&Prime;][vc_custom_heading text=\u00a0\u00bbUHP-240&Prime; font_container=\u00a0\u00bbtag:h4|text_align:left|color:%23374141&Prime; use_theme_fonts=\u00a0\u00bbyes\u00a0\u00bb css_animation=\u00a0\u00bbfadeIn\u00a0\u00bb][vc_column_text]L&rsquo;UHP-240 est un double routeur VSAT universel [&hellip;]\" \/>\n<meta property=\"og:url\" content=\"https:\/\/nt-vsat.com\/fr\/uhp-240\/\" \/>\n<meta property=\"og:site_name\" content=\"NTvsat\" \/>\n<meta property=\"article:publisher\" content=\"https:\/\/www.facebook.com\/NTvsat-100170158192571\/\" \/>\n<meta property=\"article:modified_time\" content=\"2020-04-08T15:40:39+00:00\" \/>\n<meta name=\"twitter:card\" content=\"summary_large_image\" \/>\n<meta name=\"twitter:label1\" content=\"Dur\u00e9e de lecture estim\u00e9e\">\n\t<meta name=\"twitter:data1\" content=\"5 minutes\">\n<script type=\"application\/ld+json\" class=\"yoast-schema-graph\">{\"@context\":\"https:\/\/schema.org\",\"@graph\":[{\"@type\":\"Organization\",\"@id\":\"https:\/\/nt-vsat.com\/fr\/#organization\",\"name\":\"NTvsat Satellite Internet\",\"url\":\"https:\/\/nt-vsat.com\/fr\/\",\"sameAs\":[\"https:\/\/www.facebook.com\/NTvsat-100170158192571\/\"],\"logo\":{\"@type\":\"ImageObject\",\"@id\":\"https:\/\/nt-vsat.com\/fr\/#logo\",\"inLanguage\":\"fr-FR\",\"url\":\"https:\/\/nt-vsat.com\/wp-content\/uploads\/2019\/03\/NTVSAT_EW03_logo_u_claim-e1552253360734.png\",\"width\":165,\"height\":70,\"caption\":\"NTvsat Satellite Internet\"},\"image\":{\"@id\":\"https:\/\/nt-vsat.com\/fr\/#logo\"}},{\"@type\":\"WebSite\",\"@id\":\"https:\/\/nt-vsat.com\/fr\/#website\",\"url\":\"https:\/\/nt-vsat.com\/fr\/\",\"name\":\"NTvsat\",\"description\":\"GET Connected\",\"publisher\":{\"@id\":\"https:\/\/nt-vsat.com\/fr\/#organization\"},\"potentialAction\":[{\"@type\":\"SearchAction\",\"target\":\"https:\/\/nt-vsat.com\/fr\/?s={search_term_string}\",\"query-input\":\"required name=search_term_string\"}],\"inLanguage\":\"fr-FR\"},{\"@type\":\"WebPage\",\"@id\":\"https:\/\/nt-vsat.com\/fr\/uhp-240\/#webpage\",\"url\":\"https:\/\/nt-vsat.com\/fr\/uhp-240\/\",\"name\":\"UHP-240 | NTvsat\",\"isPartOf\":{\"@id\":\"https:\/\/nt-vsat.com\/fr\/#website\"},\"datePublished\":\"2019-03-30T11:29:51+00:00\",\"dateModified\":\"2020-04-08T15:40:39+00:00\",\"inLanguage\":\"fr-FR\",\"potentialAction\":[{\"@type\":\"ReadAction\",\"target\":[\"https:\/\/nt-vsat.com\/fr\/uhp-240\/\"]}]}]}<\/script>\n<!-- \/ Yoast SEO Premium plugin. -->","_links":{"self":[{"href":"https:\/\/nt-vsat.com\/fr\/wp-json\/wp\/v2\/pages\/6079","targetHints":{"allow":["GET"]}}],"collection":[{"href":"https:\/\/nt-vsat.com\/fr\/wp-json\/wp\/v2\/pages"}],"about":[{"href":"https:\/\/nt-vsat.com\/fr\/wp-json\/wp\/v2\/types\/page"}],"author":[{"embeddable":true,"href":"https:\/\/nt-vsat.com\/fr\/wp-json\/wp\/v2\/users\/1"}],"replies":[{"embeddable":true,"href":"https:\/\/nt-vsat.com\/fr\/wp-json\/wp\/v2\/comments?post=6079"}],"version-history":[{"count":0,"href":"https:\/\/nt-vsat.com\/fr\/wp-json\/wp\/v2\/pages\/6079\/revisions"}],"wp:attachment":[{"href":"https:\/\/nt-vsat.com\/fr\/wp-json\/wp\/v2\/media?parent=6079"}],"curies":[{"name":"wp","href":"https:\/\/api.w.org\/{rel}","templated":true}]}}