{"id":6093,"date":"2019-06-13T12:47:08","date_gmt":"2019-06-13T12:47:08","guid":{"rendered":"https:\/\/www.nt-vsat.com\/efcoms-efr-series-satellite-demodulators-routers\/"},"modified":"2020-04-09T08:05:48","modified_gmt":"2020-04-09T08:05:48","slug":"efcoms-efr-series-satellite-demodulators-routers","status":"publish","type":"page","link":"https:\/\/nt-vsat.com\/fr\/efcoms-efr-series-satellite-demodulators-routers\/","title":{"rendered":"efComs efR-1010 Demodulator\/Router"},"content":{"rendered":"<section class=\"wpb-content-wrapper\"><p>[vc_row gap=\u00a0\u00bb30&Prime; equal_height=\u00a0\u00bbyes\u00a0\u00bb content_placement=\u00a0\u00bbbottom\u00a0\u00bb parallax=\u00a0\u00bbcontent-moving\u00a0\u00bb parallax_speed_bg=\u00a0\u00bb1&Prime; video_overlay_color=\u00a0\u00bb#0022a0&Prime; enable_bottom_divider=\u00a0\u00bbenabled\u00a0\u00bb shape_bottom_height=\u00a0\u00bb120&Prime; shape_bottom_index=\u00a0\u00bb3&Prime; css=\u00a0\u00bb.vc_custom_1553608795286{padding-top: 4% !important;padding-bottom: 4% !important;background-color: #cddce1 !important;background-position: 0 0;background-repeat:-repeat;}\u00a0\u00bb shape_bottom_color=\u00a0\u00bb#efefef\u00a0\u00bb][vc_column animation=\u00a0\u00bbwpb_bottom-to-top\u00a0\u00bb css=\u00a0\u00bb.vc_custom_1551630223461{margin-top: 0px !important;}\u00a0\u00bb][vc_custom_heading source=\u00a0\u00bbpost_title\u00a0\u00bb font_container=\u00a0\u00bbtag:h2|text_align:center|color:%23ffffff\u00a0\u00bb use_theme_fonts=\u00a0\u00bbyes\u00a0\u00bb][\/vc_column][\/vc_row][vc_row full_width=\u00a0\u00bbstretch_row\u00a0\u00bb css=\u00a0\u00bb.vc_custom_1551254629384{background-color: #efefef !important;}\u00a0\u00bb][vc_column][vc_empty_space height=\u00a0\u00bb30px\u00a0\u00bb][\/vc_column][\/vc_row][vc_row][vc_column width=\u00a0\u00bb1\/2&Prime;][vc_single_image image=\u00a0\u00bb4317&Prime; img_size=\u00a0\u00bbfull\u00a0\u00bb][vc_column_text]<\/p>\n<h5>Versions :<\/h5>\n<p>efR-500 : Bo\u00eetier de bureau, jusqu&rsquo;\u00e0 20k pps \/ 20 Mbps<\/p>\n<p>efR-1000 : bo\u00eetier 19&Prime;, jusqu&rsquo;\u00e0 30k pps \/ 90Mbps<\/p>\n<p>efR-1010:m\u00eame que efR-1000, avec contr\u00f4leur de suivi interne<\/p>\n<ul>\n<li>CCM, VCM, ACM<\/li>\n<li>QPSK, 8PSK, 16APSK, 32APSK<\/li>\n<li>Jusqu&rsquo;\u00e0 30 Msym\/s<\/li>\n<li>Interface GbE<\/li>\n<li>Syst\u00e8me de suivi inclus (efR-1010)<\/li>\n<li>Versions personnalis\u00e9es sur demande Contact<\/li>\n<\/ul>\n<p>[\/vc_column_text][\/vc_column][vc_column width=\u00a0\u00bb1\/2&Prime;][vc_custom_heading text=\u00a0\u00bbSatellite de la s\u00e9rie efR d&rsquo;EfComs\u00a0\u00bb font_container=\u00a0\u00bbtag:h4|text_align:left|color:%23374141&Prime; use_theme_fonts=\u00a0\u00bbyes\u00a0\u00bb css_animation=\u00a0\u00bbfadeIn\u00a0\u00bb][vc_column_text]<\/p>\n<div class=\"page\" title=\"Page 1\">\n<div class=\"section\">\n<div class=\"layoutArea\">\n<div class=\"column\">\n<p>La s\u00e9rie efR de d\u00e9modulateurs\/routeurs DVB-S\/DVB-S2 est con\u00e7ue et construite pour r\u00e9pondre aux besoins permanents d&rsquo;\u00e9conomies de bande passante &#8211; en employant la correction d&rsquo;erreur directe avanc\u00e9e de norme ouverte et le codage et la modulation avanc\u00e9s (ACM) &#8211; \u00e0 des prix abordables, permettant ainsi un large d\u00e9ploiement.<\/p>\n<p>&nbsp;<\/p>\n<p>Con\u00e7us du point de vue de l&rsquo;utilisateur, les appareils comportent des caract\u00e9ristiques qui facilitent la vie du fournisseur et du client final :<\/p>\n<p>&#8211; la fonctionnalit\u00e9 employ\u00e9e est conforme aux normes ETSI EN 302 307 V1.1.1 et ETSI TS 102 606 V1.1.1 &#8211; surveillance et enregistrement automatique interne de param\u00e8tres importants, tels que le SNR, l&rsquo;utilisation de la bande passante, etc. &#8211; Serveur DHCP<\/p>\n<p>&#8211; Transmission\/cache DNS (effets de temps RTT induits par les satellites et fortement r\u00e9duits pour la navigation sur le web)<\/p>\n<p>&#8211; Client VPN pour une installation facile de la connexion<\/p>\n<p>&#8211; contr\u00f4le et surveillance \u00e0 distance<\/p>\n<p>&#8211; des fonctionnalit\u00e9s suppl\u00e9mentaires personnalis\u00e9es peuvent \u00eatre mises en \u0153uvre<\/p>\n<\/div>\n<\/div>\n<\/div>\n<\/div>\n<p>[\/vc_column_text][vc_btn title=\u00a0\u00bbPLUS D&rsquo;INFORMATIONS\u00a0\u00bb style=\u00a0\u00bboutline-custom\u00a0\u00bb outline_custom_color=\u00a0\u00bb#64b400&Prime; outline_custom_hover_background=\u00a0\u00bb#64b400&Prime; outline_custom_hover_text=\u00a0\u00bb#ffffff\u00a0\u00bb css_animation=\u00a0\u00bbfadeIn\u00a0\u00bb link=\u00a0\u00bburl:http%3A%2F%2Fnt-vsat.com%2Fwp-content%2Fuploads%2F2019%2FDataSheet%2FefComs-SatRouter-NT-vsat.pdf||target:%20_blank|\u00a0\u00bb][\/vc_column][\/vc_row][vc_row][vc_column][vc_empty_space][\/vc_column][\/vc_row][vc_row full_width=\u00a0\u00bbstretch_row\u00a0\u00bb css=\u00a0\u00bb.vc_custom_1553893302623{background-color: #ffffff !important;}\u00a0\u00bb][vc_column width=\u00a0\u00bb1\/2&Prime;][vc_column_text]<\/p>\n<h5>D\u00e9modulation<\/h5>\n<ul>\n<li>Taux de symbole : 66kSym\/s \u00e0 30MSym\/s par pas de 1 kSym\/s<\/li>\n<\/ul>\n<p>&nbsp;<\/p>\n<h5>DVB-S :<\/h5>\n<p>QPSK<\/p>\n<p>Taux de Viterbi 1\/2, 2\/3, 3\/4, 5\/6, 6\/7, 7\/8<\/p>\n<p>&nbsp;<\/p>\n<p>DVB-S2 :<\/p>\n<p>Modulation CCM, VCM, ACM<\/p>\n<p>QPSK, 8PSK, 16APSK, 32APSK<\/p>\n<p>Taux de LDPC : 1\/4, 1\/3, 2\/5, 1\/2, 3\/5, 2\/3, 3\/4, 4\/5, 5\/6, 8\/9, 9\/10 (pas tous support\u00e9s sur tous les Modcods) Cadres FECF courts et longs<\/p>\n<p>Pilotes au d\u00e9part et \u00e0 l&rsquo;arriv\u00e9e<\/p>\n<p>PL brouillage a l\u2019arr\u00eat , Personnalis\u00e9 sur, GoldCode<\/p>\n<p>D\u00e9croissance: 0,35 0,25 0,20<\/p>\n<p>&nbsp;<\/p>\n<h5>Nos satellites<\/h5>\n<ul>\n<li>Services de la bande KU<\/li>\n<li>Services en bande C<\/li>\n<li>Services de la bande KA.<\/li>\n<\/ul>\n<p>[\/vc_column_text][\/vc_column][vc_column width=\u00a0\u00bb1\/2&Prime;][vc_column_text]<\/p>\n<h5>D\u00e9capsulation:<\/h5>\n<p>MPE : Filtrage PID et MAC<\/p>\n<p>GSE : Selon ETSI TS 102 606 V1.1.1 (6-, 3-, 0 -Byte MAC et ISI Filtering), filtrage IP GULE : Filtrage ISI et MAC, support CRC<\/p>\n<h5>Entr\u00e9e RF :<\/h5>\n<p>Fr\u00e9quence d&rsquo;entr\u00e9e : 950 &#8211; 2150 MHz<\/p>\n<p>Connecteur F, 75Ohm (2 entr\u00e9es RF s\u00e9lectionnables, dont une seule peut fonctionner \u00e0 la fois) Niveau d&rsquo;entr\u00e9e RF : -69dBm \u00e0 -20dBm<\/p>\n<h5>Puissance LNB :<\/h5>\n<p>14\/18V, 22kHz Signaux (DiSEqC (t) sur demande) Max. 230 mA de courant<\/p>\n<h5>Syst\u00e8me de suivi (efR-1010 uniquement) :<\/h5>\n<p>Suivi \u00e0 deux axes (actuellement limit\u00e9 \u00e0 un seul axe) gr\u00e2ce \u00e0 l&rsquo;utilisation de relais DC Supportant enti\u00e8rement la s\u00e9rie efT de supports de suivi<\/p>\n<p>Entr\u00e9e DC (max. 36V, max. 5A)<\/p>\n<p>Deux paires de connecteurs de sortie avec coupure de courant, marche arri\u00e8re ou marche avant en courant continu.<\/p>\n<p>Suivi de la position de l&rsquo;antenne au moyen de contacts Reed de l&rsquo;actionneur (retour de la position r\u00e9elle du courant)[\/vc_column_text][vc_btn title=\u00a0\u00bbCONTACTER LE SERVICE CLIENT\u00c8LE \u00a0\u00bb style=\u00a0\u00bboutline-custom\u00a0\u00bb outline_custom_color=\u00a0\u00bb#64b400&Prime; outline_custom_hover_background=\u00a0\u00bb#64b400&Prime; outline_custom_hover_text=\u00a0\u00bb#ffffff\u00a0\u00bb link=\u00a0\u00bburl:%2Fcontact|||\u00a0\u00bb][\/vc_column][\/vc_row][vc_row full_width=\u00a0\u00bbstretch_row\u00a0\u00bb css=\u00a0\u00bb.vc_custom_1553161875271{background-color: #374141 !important;}\u00a0\u00bb][vc_column width=\u00a0\u00bb1\/3&Prime;][vc_row_inner][vc_column_inner width=\u00a0\u00bb2\/3&Prime;][vc_single_image image=\u00a0\u00bb2551&Prime; img_size=\u00a0\u00bbfull\u00a0\u00bb][\/vc_column_inner][vc_column_inner width=\u00a0\u00bb1\/3&Prime;][\/vc_column_inner][\/vc_row_inner][vc_column_text css=\u00a0\u00bb.vc_custom_1553523669799{margin-bottom: 0px !important;}\u00a0\u00bb]<a href=\"\/impressum\">Datenschutzerkl\u00e4rung\/Impressum<\/a>[\/vc_column_text][\/vc_column][vc_column width=\u00a0\u00bb1\/3&Prime;][vc_custom_heading text=\u00a0\u00bbNTvsat\u00a0\u00bb font_container=\u00a0\u00bbtag:h4|font_size:12|text_align:left|color:%23ffffff\u00a0\u00bb use_theme_fonts=\u00a0\u00bbyes\u00a0\u00bb][vc_column_text css=\u00a0\u00bb.vc_custom_1586419514510{margin-top: 0px !important;}\u00a0\u00bb]Nous sommes une entreprise allemande qui fournit tous les services pour l\u2019internet par satellite. Notre but est de connecter des lieux \u00e9loign\u00e9s \u00e0 l\u2019internet ou \u00e0 votre r\u00e9seau local. Nous fournissons \u00e9galement l\u2019internet pour les v\u00e9hicules en mouvement comme les bateaux, les camions, les trains ou les plaines. Nous nous concentrons essentiellement sur l\u2019Afrique et le Proche-Orient.[\/vc_column_text][\/vc_column][vc_column width=\u00a0\u00bb1\/3&Prime;][vc_custom_heading text=\u00a0\u00bbCONTACT\u00a0\u00bb font_container=\u00a0\u00bbtag:h4|font_size:12|text_align:left|color:%23ffffff\u00a0\u00bb use_theme_fonts=\u00a0\u00bbyes\u00a0\u00bb][vc_column_text css=\u00a0\u00bb.vc_custom_1586419528980{border-radius: 1px !important;}\u00a0\u00bb]NTvsat<br \/>\nAlter Schlachthof 17<br \/>\nKarlsruhe<br \/>\nGermany<\/p>\n<p>T\u00e9l\u00e9phone: +49.173.699 09 74<br \/>\nsales@nt-vsat.de<\/p>\n<p>www.nt-vsat.com[\/vc_column_text][\/vc_column][\/vc_row]<\/p>\n<\/section>","protected":false},"excerpt":{"rendered":"<p>[vc_row gap=\u00a0\u00bb30&Prime; equal_height=\u00a0\u00bbyes\u00a0\u00bb content_placement=\u00a0\u00bbbottom\u00a0\u00bb parallax=\u00a0\u00bbcontent-moving\u00a0\u00bb parallax_speed_bg=\u00a0\u00bb1&Prime; video_overlay_color=\u00a0\u00bb#0022a0&Prime; enable_bottom_divider=\u00a0\u00bbenabled\u00a0\u00bb shape_bottom_height=\u00a0\u00bb120&Prime; shape_bottom_index=\u00a0\u00bb3&Prime; css=\u00a0\u00bb.vc_custom_1553608795286{padding-top: 4% !important;padding-bottom: 4% !important;background-color: #cddce1 !important;background-position: 0 0;background-repeat:-repeat;}\u00a0\u00bb shape_bottom_color=\u00a0\u00bb#efefef\u00a0\u00bb][vc_column animation=\u00a0\u00bbwpb_bottom-to-top\u00a0\u00bb css=\u00a0\u00bb.vc_custom_1551630223461{margin-top: 0px !important;}\u00a0\u00bb][vc_custom_heading source=\u00a0\u00bbpost_title\u00a0\u00bb font_container=\u00a0\u00bbtag:h2|text_align:center|color:%23ffffff\u00a0\u00bb use_theme_fonts=\u00a0\u00bbyes\u00a0\u00bb][\/vc_column][\/vc_row][vc_row full_width=\u00a0\u00bbstretch_row\u00a0\u00bb css=\u00a0\u00bb.vc_custom_1551254629384{background-color: #efefef !important;}\u00a0\u00bb][vc_column][vc_empty_space height=\u00a0\u00bb30px\u00a0\u00bb][\/vc_column][\/vc_row][vc_row][vc_column width=\u00a0\u00bb1\/2&Prime;][vc_single_image image=\u00a0\u00bb4317&Prime; img_size=\u00a0\u00bbfull\u00a0\u00bb][vc_column_text] Versions : efR-500 : Bo\u00eetier de bureau, jusqu&rsquo;\u00e0 20k pps \/ 20 Mbps efR-1000 : bo\u00eetier 19&Prime;, jusqu&rsquo;\u00e0 30k pps &hellip; <a href=\"https:\/\/nt-vsat.com\/fr\/efcoms-efr-series-satellite-demodulators-routers\/\" title=\"efComs efR-1010 Demodulator\/Router\" class=\"read-more\">Read More<\/a><\/p>\n","protected":false},"author":1,"featured_media":0,"parent":0,"menu_order":0,"comment_status":"closed","ping_status":"closed","template":"","meta":{"footnotes":""},"class_list":["post-6093","page","type-page","status-publish","hentry"],"yoast_head":"<!-- This site is optimized with the Yoast SEO Premium plugin v15.5 - https:\/\/yoast.com\/wordpress\/plugins\/seo\/ -->\n<title>efComs efR-1010 Demodulator\/Router | NTvsat<\/title>\n<meta name=\"robots\" content=\"index, follow, max-snippet:-1, max-image-preview:large, max-video-preview:-1\" \/>\n<link rel=\"canonical\" href=\"https:\/\/nt-vsat.com\/fr\/efcoms-efr-series-satellite-demodulators-routers\/\" \/>\n<meta property=\"og:locale\" content=\"fr_FR\" \/>\n<meta property=\"og:type\" content=\"article\" \/>\n<meta property=\"og:title\" content=\"efComs efR-1010 Demodulator\/Router | NTvsat\" \/>\n<meta property=\"og:description\" content=\"[vc_row gap=\u00a0\u00bb30&Prime; equal_height=\u00a0\u00bbyes\u00a0\u00bb content_placement=\u00a0\u00bbbottom\u00a0\u00bb parallax=\u00a0\u00bbcontent-moving\u00a0\u00bb parallax_speed_bg=\u00a0\u00bb1&Prime; video_overlay_color=\u00a0\u00bb#0022a0&Prime; enable_bottom_divider=\u00a0\u00bbenabled\u00a0\u00bb shape_bottom_height=\u00a0\u00bb120&Prime; shape_bottom_index=\u00a0\u00bb3&Prime; css=\u00a0\u00bb.vc_custom_1553608795286{padding-top: 4% !important;padding-bottom: 4% !important;background-color: #cddce1 !important;background-position: 0 0;background-repeat:-repeat;}\u00a0\u00bb shape_bottom_color=\u00a0\u00bb#efefef\u00a0\u00bb][vc_column animation=\u00a0\u00bbwpb_bottom-to-top\u00a0\u00bb css=\u00a0\u00bb.vc_custom_1551630223461{margin-top: 0px !important;}\u00a0\u00bb][vc_custom_heading source=\u00a0\u00bbpost_title\u00a0\u00bb font_container=\u00a0\u00bbtag:h2|text_align:center|color:%23ffffff\u00a0\u00bb use_theme_fonts=\u00a0\u00bbyes\u00a0\u00bb][\/vc_column][\/vc_row][vc_row full_width=\u00a0\u00bbstretch_row\u00a0\u00bb css=\u00a0\u00bb.vc_custom_1551254629384{background-color: #efefef !important;}\u00a0\u00bb][vc_column][vc_empty_space height=\u00a0\u00bb30px\u00a0\u00bb][\/vc_column][\/vc_row][vc_row][vc_column width=\u00a0\u00bb1\/2&Prime;][vc_single_image image=\u00a0\u00bb4317&Prime; img_size=\u00a0\u00bbfull\u00a0\u00bb][vc_column_text] Versions : efR-500 : Bo\u00eetier de bureau, jusqu&rsquo;\u00e0 20k pps \/ 20 Mbps efR-1000 : bo\u00eetier 19&Prime;, jusqu&rsquo;\u00e0 30k pps [&hellip;]\" \/>\n<meta property=\"og:url\" content=\"https:\/\/nt-vsat.com\/fr\/efcoms-efr-series-satellite-demodulators-routers\/\" \/>\n<meta property=\"og:site_name\" content=\"NTvsat\" \/>\n<meta property=\"article:publisher\" content=\"https:\/\/www.facebook.com\/NTvsat-100170158192571\/\" \/>\n<meta property=\"article:modified_time\" content=\"2020-04-09T08:05:48+00:00\" \/>\n<meta name=\"twitter:card\" content=\"summary_large_image\" \/>\n<meta name=\"twitter:label1\" content=\"Dur\u00e9e de lecture estim\u00e9e\">\n\t<meta name=\"twitter:data1\" content=\"4 minutes\">\n<script type=\"application\/ld+json\" class=\"yoast-schema-graph\">{\"@context\":\"https:\/\/schema.org\",\"@graph\":[{\"@type\":\"Organization\",\"@id\":\"https:\/\/nt-vsat.com\/fr\/#organization\",\"name\":\"NTvsat Satellite Internet\",\"url\":\"https:\/\/nt-vsat.com\/fr\/\",\"sameAs\":[\"https:\/\/www.facebook.com\/NTvsat-100170158192571\/\"],\"logo\":{\"@type\":\"ImageObject\",\"@id\":\"https:\/\/nt-vsat.com\/fr\/#logo\",\"inLanguage\":\"fr-FR\",\"url\":\"https:\/\/nt-vsat.com\/wp-content\/uploads\/2019\/03\/NTVSAT_EW03_logo_u_claim-e1552253360734.png\",\"width\":165,\"height\":70,\"caption\":\"NTvsat Satellite Internet\"},\"image\":{\"@id\":\"https:\/\/nt-vsat.com\/fr\/#logo\"}},{\"@type\":\"WebSite\",\"@id\":\"https:\/\/nt-vsat.com\/fr\/#website\",\"url\":\"https:\/\/nt-vsat.com\/fr\/\",\"name\":\"NTvsat\",\"description\":\"GET Connected\",\"publisher\":{\"@id\":\"https:\/\/nt-vsat.com\/fr\/#organization\"},\"potentialAction\":[{\"@type\":\"SearchAction\",\"target\":\"https:\/\/nt-vsat.com\/fr\/?s={search_term_string}\",\"query-input\":\"required name=search_term_string\"}],\"inLanguage\":\"fr-FR\"},{\"@type\":\"WebPage\",\"@id\":\"https:\/\/nt-vsat.com\/fr\/efcoms-efr-series-satellite-demodulators-routers\/#webpage\",\"url\":\"https:\/\/nt-vsat.com\/fr\/efcoms-efr-series-satellite-demodulators-routers\/\",\"name\":\"efComs efR-1010 Demodulator\/Router | NTvsat\",\"isPartOf\":{\"@id\":\"https:\/\/nt-vsat.com\/fr\/#website\"},\"datePublished\":\"2019-06-13T12:47:08+00:00\",\"dateModified\":\"2020-04-09T08:05:48+00:00\",\"inLanguage\":\"fr-FR\",\"potentialAction\":[{\"@type\":\"ReadAction\",\"target\":[\"https:\/\/nt-vsat.com\/fr\/efcoms-efr-series-satellite-demodulators-routers\/\"]}]}]}<\/script>\n<!-- \/ Yoast SEO Premium plugin. -->","_links":{"self":[{"href":"https:\/\/nt-vsat.com\/fr\/wp-json\/wp\/v2\/pages\/6093","targetHints":{"allow":["GET"]}}],"collection":[{"href":"https:\/\/nt-vsat.com\/fr\/wp-json\/wp\/v2\/pages"}],"about":[{"href":"https:\/\/nt-vsat.com\/fr\/wp-json\/wp\/v2\/types\/page"}],"author":[{"embeddable":true,"href":"https:\/\/nt-vsat.com\/fr\/wp-json\/wp\/v2\/users\/1"}],"replies":[{"embeddable":true,"href":"https:\/\/nt-vsat.com\/fr\/wp-json\/wp\/v2\/comments?post=6093"}],"version-history":[{"count":0,"href":"https:\/\/nt-vsat.com\/fr\/wp-json\/wp\/v2\/pages\/6093\/revisions"}],"wp:attachment":[{"href":"https:\/\/nt-vsat.com\/fr\/wp-json\/wp\/v2\/media?parent=6093"}],"curies":[{"name":"wp","href":"https:\/\/api.w.org\/{rel}","templated":true}]}}