{"id":6214,"date":"2016-10-13T08:55:35","date_gmt":"2016-10-13T08:55:35","guid":{"rendered":"https:\/\/www.nt-vsat.com\/ku-band-e21b-wide-beam\/"},"modified":"2016-10-13T08:55:35","modified_gmt":"2016-10-13T08:55:35","slug":"ku-band-e21b-wide-beam","status":"publish","type":"page","link":"https:\/\/nt-vsat.com\/fr\/ku-band-e21b-wide-beam\/","title":{"rendered":"KU Band E21B Wide Beam"},"content":{"rendered":"<section class=\"wpb-content-wrapper\"><p>[vc_row gap=\u00a0\u00bb30&Prime; equal_height=\u00a0\u00bbyes\u00a0\u00bb content_placement=\u00a0\u00bbbottom\u00a0\u00bb parallax=\u00a0\u00bbcontent-moving\u00a0\u00bb parallax_speed_bg=\u00a0\u00bb1&Prime; video_overlay_color=\u00a0\u00bb#0022a0&Prime; enable_bottom_divider=\u00a0\u00bbenabled\u00a0\u00bb shape_bottom_height=\u00a0\u00bb120&Prime; shape_bottom_index=\u00a0\u00bb3&Prime; css=\u00a0\u00bb.vc_custom_1553155073622{padding-top: 7% !important;padding-bottom: 7% !important;background-color: #cddce1 !important;background-position: center;background-repeat: no-repeat;background-size:cover !important;}\u00a0\u00bb shape_bottom_color=\u00a0\u00bb#efefef\u00a0\u00bb][vc_column animation=\u00a0\u00bbwpb_bottom-to-top\u00a0\u00bb css=\u00a0\u00bb.vc_custom_1551630223461{margin-top: 0px !important;}\u00a0\u00bb][vc_custom_heading source=\u00a0\u00bbpost_title\u00a0\u00bb font_container=\u00a0\u00bbtag:h2|text_align:center|color:%23ffffff\u00a0\u00bb use_theme_fonts=\u00a0\u00bbyes\u00a0\u00bb][\/vc_column][\/vc_row][vc_row css=\u00a0\u00bb.vc_custom_1553157999045{background-color: #efefef !important;}\u00a0\u00bb][vc_column][vc_empty_space height=\u00a0\u00bb30px\u00a0\u00bb][\/vc_column][\/vc_row][vc_row css=\u00a0\u00bb.vc_custom_1553158010081{background-color: #efefef !important;}\u00a0\u00bb][vc_column width=\u00a0\u00bb1\/2&Prime;][vc_single_image image=\u00a0\u00bb1903&Prime; img_size=\u00a0\u00bbfull\u00a0\u00bb][\/vc_column][vc_column width=\u00a0\u00bb1\/2&Prime;][vc_column_text]<\/p>\n<h5>Service disponible dans ces pays :<\/h5>\n<p>Albanie, Andorre, Belgique, Bosnie-Herz\u00e9govine, Bulgarie, Danemark, Allemagne, Estonie, Finlande, France, Gr\u00e8ce, Irlande, Islande, Italie, Kazakhstan, Kosovo, Croatie, Lettonie, Liechtenstein, Lituanie, Luxembourg, Madagascar, Malte, Mac\u00e9doine, Moldavie, Monaco, Mont\u00e9n\u00e9gro, Pays-Bas, Norv\u00e8ge, Autriche, Pologne, Portugal, Roumanie, Russie, Saint-Marin, Su\u00e8de, Suisse, Serbie, Slovaquie, Slov\u00e9nie, Espagne, R\u00e9publique tch\u00e8que, Turquie, Ukraine, Hongrie, Vatican, Royaume-Uni, Bi\u00e9lorussie<\/p>\n<p>Iran, Isra\u00ebl, Y\u00e9men, Jordanie, Qatar, Kowe\u00eft, Liban, Oman, Palestine, Afghanistan, Pakistan, Inde, Chine, Mongolie, Kazakhstan, Ouzb\u00e9kistan, Kirghizstan, Turkm\u00e9nistan, N\u00e9pal, Maroc, Alg\u00e9rie, Tunisie, Libye, \u00c9gypte, Niger, Mali, Tchad, Soudan, \u00c9thiopie[\/vc_column_text][vc_btn title=\u00a0\u00bbCONTACTER LE SERVICE CLIENT\u00c8LE\u00a0\u00bb style=\u00a0\u00bboutline-custom\u00a0\u00bb outline_custom_color=\u00a0\u00bb#64b400&Prime; outline_custom_hover_background=\u00a0\u00bb#64b400&Prime; outline_custom_hover_text=\u00a0\u00bb#ffffff\u00a0\u00bb css_animation=\u00a0\u00bbfadeInUp\u00a0\u00bb css=\u00a0\u00bb.vc_custom_1586421977772{margin-top: 0px !important;}\u00a0\u00bb link=\u00a0\u00bburl:%2Fcontact|||\u00a0\u00bb][\/vc_column][\/vc_row][vc_row full_width=\u00a0\u00bbstretch_row\u00a0\u00bb css=\u00a0\u00bb.vc_custom_1553158404878{background-color: #ffffff !important;}\u00a0\u00bb][vc_column width=\u00a0\u00bb1\/2&Prime;][vc_column_text]<\/p>\n<h5>Informations sur les satellites et les services.<\/h5>\n<ul>\n<li>Position de l&rsquo;orbite = 21,5\u00b0 Est<\/li>\n<li>Puissance de la charge utile =&gt; 12kW<\/li>\n<li>Capacit\u00e9 = 212 MHz<\/li>\n<\/ul>\n<p>EUTELSAT 21B est fond\u00e9 sur la plate-forme Spacebus C3 de Thales Alenia et a une dur\u00e9e de vie de conception allant jusqu&rsquo;en 2027. EUTELSAT 21B est le 20e satellite livr\u00e9 \u00e0 Eutelsat par Thales Alenia Space. Le satellite a \u00e9t\u00e9 d\u00e9ploy\u00e9 en novembre 2012 \u00e0 la position 21,5\u00b0 Est, o\u00f9 il a remplac\u00e9 EUTELSAT 21A. Eutelsat 21B offre une capacit\u00e9 consid\u00e9rablement accrue, avec <strong>40 r\u00e9p\u00e9teurs en bande Ku<\/strong>, ainsi qu&rsquo;une puissance et une couverture am\u00e9lior\u00e9es.<\/p>\n<p>Au cours de la derni\u00e8re d\u00e9cennie, 21,5\u00b0 Est est devenu une position orbitale majeure pour les services de donn\u00e9es comme les <strong>VSAT (iDirect, Newtec, UHP, Comtech)<\/strong>, la vid\u00e9o professionnelle et les services gouvernementaux. En plus d&rsquo;un faisceau large am\u00e9lior\u00e9 \u00e0 travers l&rsquo;Europe vers l&rsquo;Afrique du Nord et l&rsquo;Asie centrale, le satellite dispose \u00e9galement de deux faisceaux d\u00e9di\u00e9s de grande puissance couvrant l&rsquo;Afrique du Nord-Ouest et le Moyen-Orient.<\/p>\n<ul>\n<li>Nom du satellite : Eutelsat 21B (E21B, W6A, Eutelsat W6A)<\/li>\n<li>Statut : actif<\/li>\n<li>Position : 21\u00b0 E (21,5\u00b0 E)<\/li>\n<li>NORAD : 38992<\/li>\n<li>Num\u00e9ro Cospar : 2012-062B<\/li>\n<li>Op\u00e9rateur : Eutelsat Communications S.A.<\/li>\n<li>Date de lancement : 10-Nov-2012<\/li>\n<li>Site de lancement : Centre spatial guyanais<\/li>\n<li>V\u00e9hicule de lancement : Ariane 5 ECA<\/li>\n<li>Masse au lancement (kg) : 5012<\/li>\n<li>Masse s\u00e8che (kg) : 2060<\/li>\n<li>Fabricant : Thales Alenia Space<\/li>\n<li>Mod\u00e8le r\u00e9duit (bus) : Spacebus-4000C3<\/li>\n<li>Orbite : GEO<\/li>\n<li>Dur\u00e9e de vie pr\u00e9vue : 15 ans.<\/li>\n<\/ul>\n<h5>D\u00e9tails :<\/h5>\n<p>40 transpondeurs en bande Ku pour fournir des donn\u00e9es, de la vid\u00e9o professionnelle et des services gouvernementaux \u00e0 travers l&rsquo;Europe, l&rsquo;Afrique du Nord, le Moyen-Orient et l&rsquo;Asie centrale. Il sera \u00e9quip\u00e9 d&rsquo;une large empreinte balayant toute l&rsquo;Europe jusqu&rsquo;en Afrique du Nord et en Asie centrale, et de deux faisceaux d\u00e9di\u00e9s de grande puissance pour ajouter une flexibilit\u00e9 accrue \u00e0 la couverture r\u00e9gionale de l&rsquo;Afrique du Nord et du Moyen-Orient.[\/vc_column_text][\/vc_column][vc_column width=\u00a0\u00bb1\/2&Prime;][vc_column_text]<\/p>\n<h5>\u00c9quipement VSAT minimal requis:<\/h5>\n<ul>\n<li>Taille de l&rsquo;antenne : <a href=\"https:\/\/www.nt-vsat.com\/wp-content\/uploads\/2020\/01\/Type-123-Class-II-1.2m-Ku-Band-Offset-Antenna_REV-3.pdf\" target=\"_blank\" rel=\"noopener noreferrer\">1,2m Antenne<\/a><\/li>\n<li>BUC: <a href=\"https:\/\/www.nt-vsat.com\/bucs\/\" target=\"_blank\" rel=\"noopener noreferrer\">3 Watt BUC standard ou universel<\/a><\/li>\n<li>LNB: <a href=\"https:\/\/www.nt-vsat.com\/lnbs\/\" target=\"_blank\" rel=\"noopener noreferrer\">LNB standard ou universelle<\/a><\/li>\n<li>Modem: <a href=\"https:\/\/www.nt-vsat.com\/idirect-iq-desktop-satellite-router\/\" target=\"_blank\" rel=\"noopener noreferrer\">iDirect iQ Desktop<\/a>, <a href=\"https:\/\/www.nt-vsat.com\/idirect-iq-200\/\" target=\"_blank\" rel=\"noopener noreferrer\">iQ200<\/a> or <a href=\"https:\/\/www.nt-vsat.com\/idirect-x7-satellite-router\/\" target=\"_blank\" rel=\"noopener noreferrer\">X7 Satellite Router<\/a><\/li>\n<\/ul>\n<p>[\/vc_column_text][\/vc_column][\/vc_row][vc_row full_width=\u00a0\u00bbstretch_row\u00a0\u00bb css=\u00a0\u00bb.vc_custom_1553161875271{background-color: #374141 !important;}\u00a0\u00bb][vc_column width=\u00a0\u00bb1\/3&Prime;][vc_row_inner][vc_column_inner width=\u00a0\u00bb2\/3&Prime;][vc_single_image image=\u00a0\u00bb2551&Prime; img_size=\u00a0\u00bbfull\u00a0\u00bb][\/vc_column_inner][vc_column_inner width=\u00a0\u00bb1\/3&Prime;][\/vc_column_inner][\/vc_row_inner][vc_column_text css=\u00a0\u00bb.vc_custom_1553523669799{margin-bottom: 0px !important;}\u00a0\u00bb]<a href=\"\/impressum\">Datenschutzerkl\u00e4rung\/Impressum<\/a>[\/vc_column_text][\/vc_column][vc_column width=\u00a0\u00bb1\/3&Prime;][vc_custom_heading text=\u00a0\u00bbNTvsat\u00a0\u00bb font_container=\u00a0\u00bbtag:h4|font_size:12|text_align:left|color:%23ffffff\u00a0\u00bb use_theme_fonts=\u00a0\u00bbyes\u00a0\u00bb][vc_column_text css=\u00a0\u00bb.vc_custom_1586421959793{margin-top: 0px !important;}\u00a0\u00bb]Nous sommes une entreprise allemande qui fournit tous les services pour l\u2019internet par satellite. Notre but est de connecter des lieux \u00e9loign\u00e9s \u00e0 l\u2019internet ou \u00e0 votre r\u00e9seau local. Nous fournissons \u00e9galement l\u2019internet pour les v\u00e9hicules en mouvement comme les bateaux, les camions, les trains ou les plaines. Nous nous concentrons essentiellement sur l\u2019Afrique et le Proche-Orient.[\/vc_column_text][\/vc_column][vc_column width=\u00a0\u00bb1\/3&Prime;][vc_custom_heading text=\u00a0\u00bbCONTACT\u00a0\u00bb font_container=\u00a0\u00bbtag:h4|font_size:12|text_align:left|color:%23ffffff\u00a0\u00bb use_theme_fonts=\u00a0\u00bbyes\u00a0\u00bb][vc_column_text css=\u00a0\u00bb.vc_custom_1586421968194{border-radius: 1px !important;}\u00a0\u00bb]NTvsat<br \/>\nAlter Schlachthof 17<br \/>\nKarlsruhe<br \/>\nGermany<\/p>\n<p>T\u00e9l\u00e9phone: +49.173.699 09 74<br \/>\nsales@nt-vsat.de<\/p>\n<p>www.nt-vsat.com[\/vc_column_text][\/vc_column][\/vc_row]<\/p>\n<\/section>","protected":false},"excerpt":{"rendered":"<p>[vc_row gap=\u00a0\u00bb30&Prime; equal_height=\u00a0\u00bbyes\u00a0\u00bb content_placement=\u00a0\u00bbbottom\u00a0\u00bb parallax=\u00a0\u00bbcontent-moving\u00a0\u00bb parallax_speed_bg=\u00a0\u00bb1&Prime; video_overlay_color=\u00a0\u00bb#0022a0&Prime; enable_bottom_divider=\u00a0\u00bbenabled\u00a0\u00bb shape_bottom_height=\u00a0\u00bb120&Prime; shape_bottom_index=\u00a0\u00bb3&Prime; css=\u00a0\u00bb.vc_custom_1553155073622{padding-top: 7% !important;padding-bottom: 7% !important;background-color: #cddce1 !important;background-position: center;background-repeat: no-repeat;background-size:cover !important;}\u00a0\u00bb shape_bottom_color=\u00a0\u00bb#efefef\u00a0\u00bb][vc_column animation=\u00a0\u00bbwpb_bottom-to-top\u00a0\u00bb css=\u00a0\u00bb.vc_custom_1551630223461{margin-top: 0px !important;}\u00a0\u00bb][vc_custom_heading source=\u00a0\u00bbpost_title\u00a0\u00bb font_container=\u00a0\u00bbtag:h2|text_align:center|color:%23ffffff\u00a0\u00bb use_theme_fonts=\u00a0\u00bbyes\u00a0\u00bb][\/vc_column][\/vc_row][vc_row css=\u00a0\u00bb.vc_custom_1553157999045{background-color: #efefef !important;}\u00a0\u00bb][vc_column][vc_empty_space height=\u00a0\u00bb30px\u00a0\u00bb][\/vc_column][\/vc_row][vc_row css=\u00a0\u00bb.vc_custom_1553158010081{background-color: #efefef !important;}\u00a0\u00bb][vc_column width=\u00a0\u00bb1\/2&Prime;][vc_single_image image=\u00a0\u00bb1903&Prime; img_size=\u00a0\u00bbfull\u00a0\u00bb][\/vc_column][vc_column width=\u00a0\u00bb1\/2&Prime;][vc_column_text] Service disponible dans ces pays : Albanie, Andorre, Belgique, Bosnie-Herz\u00e9govine, Bulgarie, Danemark, Allemagne, Estonie, Finlande, France, &hellip; <a href=\"https:\/\/nt-vsat.com\/fr\/ku-band-e21b-wide-beam\/\" title=\"KU Band E21B Wide Beam\" class=\"read-more\">Read More<\/a><\/p>\n","protected":false},"author":1,"featured_media":0,"parent":0,"menu_order":0,"comment_status":"closed","ping_status":"closed","template":"","meta":{"footnotes":""},"class_list":["post-6214","page","type-page","status-publish","hentry"],"yoast_head":"<!-- This site is optimized with the Yoast SEO Premium plugin v15.5 - https:\/\/yoast.com\/wordpress\/plugins\/seo\/ -->\n<title>KU Band E21B Wide Beam | NTvsat<\/title>\n<meta name=\"robots\" content=\"index, follow, max-snippet:-1, max-image-preview:large, max-video-preview:-1\" \/>\n<link rel=\"canonical\" href=\"https:\/\/nt-vsat.com\/fr\/ku-band-e21b-wide-beam\/\" \/>\n<meta property=\"og:locale\" content=\"fr_FR\" \/>\n<meta property=\"og:type\" content=\"article\" \/>\n<meta property=\"og:title\" content=\"KU Band E21B Wide Beam | NTvsat\" \/>\n<meta property=\"og:description\" content=\"[vc_row gap=\u00a0\u00bb30&Prime; equal_height=\u00a0\u00bbyes\u00a0\u00bb content_placement=\u00a0\u00bbbottom\u00a0\u00bb parallax=\u00a0\u00bbcontent-moving\u00a0\u00bb parallax_speed_bg=\u00a0\u00bb1&Prime; video_overlay_color=\u00a0\u00bb#0022a0&Prime; enable_bottom_divider=\u00a0\u00bbenabled\u00a0\u00bb shape_bottom_height=\u00a0\u00bb120&Prime; shape_bottom_index=\u00a0\u00bb3&Prime; css=\u00a0\u00bb.vc_custom_1553155073622{padding-top: 7% !important;padding-bottom: 7% !important;background-color: #cddce1 !important;background-position: center;background-repeat: no-repeat;background-size:cover !important;}\u00a0\u00bb shape_bottom_color=\u00a0\u00bb#efefef\u00a0\u00bb][vc_column animation=\u00a0\u00bbwpb_bottom-to-top\u00a0\u00bb css=\u00a0\u00bb.vc_custom_1551630223461{margin-top: 0px !important;}\u00a0\u00bb][vc_custom_heading source=\u00a0\u00bbpost_title\u00a0\u00bb font_container=\u00a0\u00bbtag:h2|text_align:center|color:%23ffffff\u00a0\u00bb use_theme_fonts=\u00a0\u00bbyes\u00a0\u00bb][\/vc_column][\/vc_row][vc_row css=\u00a0\u00bb.vc_custom_1553157999045{background-color: #efefef !important;}\u00a0\u00bb][vc_column][vc_empty_space height=\u00a0\u00bb30px\u00a0\u00bb][\/vc_column][\/vc_row][vc_row css=\u00a0\u00bb.vc_custom_1553158010081{background-color: #efefef !important;}\u00a0\u00bb][vc_column width=\u00a0\u00bb1\/2&Prime;][vc_single_image image=\u00a0\u00bb1903&Prime; img_size=\u00a0\u00bbfull\u00a0\u00bb][\/vc_column][vc_column width=\u00a0\u00bb1\/2&Prime;][vc_column_text] Service disponible dans ces pays : Albanie, Andorre, Belgique, Bosnie-Herz\u00e9govine, Bulgarie, Danemark, Allemagne, Estonie, Finlande, France, [&hellip;]\" \/>\n<meta property=\"og:url\" content=\"https:\/\/nt-vsat.com\/fr\/ku-band-e21b-wide-beam\/\" \/>\n<meta property=\"og:site_name\" content=\"NTvsat\" \/>\n<meta property=\"article:publisher\" content=\"https:\/\/www.facebook.com\/NTvsat-100170158192571\/\" \/>\n<meta name=\"twitter:card\" content=\"summary_large_image\" \/>\n<meta name=\"twitter:label1\" content=\"Dur\u00e9e de lecture estim\u00e9e\">\n\t<meta name=\"twitter:data1\" content=\"3 minutes\">\n<script type=\"application\/ld+json\" class=\"yoast-schema-graph\">{\"@context\":\"https:\/\/schema.org\",\"@graph\":[{\"@type\":\"Organization\",\"@id\":\"https:\/\/nt-vsat.com\/fr\/#organization\",\"name\":\"NTvsat Satellite Internet\",\"url\":\"https:\/\/nt-vsat.com\/fr\/\",\"sameAs\":[\"https:\/\/www.facebook.com\/NTvsat-100170158192571\/\"],\"logo\":{\"@type\":\"ImageObject\",\"@id\":\"https:\/\/nt-vsat.com\/fr\/#logo\",\"inLanguage\":\"fr-FR\",\"url\":\"https:\/\/nt-vsat.com\/wp-content\/uploads\/2019\/03\/NTVSAT_EW03_logo_u_claim-e1552253360734.png\",\"width\":165,\"height\":70,\"caption\":\"NTvsat Satellite Internet\"},\"image\":{\"@id\":\"https:\/\/nt-vsat.com\/fr\/#logo\"}},{\"@type\":\"WebSite\",\"@id\":\"https:\/\/nt-vsat.com\/fr\/#website\",\"url\":\"https:\/\/nt-vsat.com\/fr\/\",\"name\":\"NTvsat\",\"description\":\"GET Connected\",\"publisher\":{\"@id\":\"https:\/\/nt-vsat.com\/fr\/#organization\"},\"potentialAction\":[{\"@type\":\"SearchAction\",\"target\":\"https:\/\/nt-vsat.com\/fr\/?s={search_term_string}\",\"query-input\":\"required name=search_term_string\"}],\"inLanguage\":\"fr-FR\"},{\"@type\":\"WebPage\",\"@id\":\"https:\/\/nt-vsat.com\/fr\/ku-band-e21b-wide-beam\/#webpage\",\"url\":\"https:\/\/nt-vsat.com\/fr\/ku-band-e21b-wide-beam\/\",\"name\":\"KU Band E21B Wide Beam | NTvsat\",\"isPartOf\":{\"@id\":\"https:\/\/nt-vsat.com\/fr\/#website\"},\"datePublished\":\"2016-10-13T08:55:35+00:00\",\"dateModified\":\"2016-10-13T08:55:35+00:00\",\"inLanguage\":\"fr-FR\",\"potentialAction\":[{\"@type\":\"ReadAction\",\"target\":[\"https:\/\/nt-vsat.com\/fr\/ku-band-e21b-wide-beam\/\"]}]}]}<\/script>\n<!-- \/ Yoast SEO Premium plugin. -->","_links":{"self":[{"href":"https:\/\/nt-vsat.com\/fr\/wp-json\/wp\/v2\/pages\/6214","targetHints":{"allow":["GET"]}}],"collection":[{"href":"https:\/\/nt-vsat.com\/fr\/wp-json\/wp\/v2\/pages"}],"about":[{"href":"https:\/\/nt-vsat.com\/fr\/wp-json\/wp\/v2\/types\/page"}],"author":[{"embeddable":true,"href":"https:\/\/nt-vsat.com\/fr\/wp-json\/wp\/v2\/users\/1"}],"replies":[{"embeddable":true,"href":"https:\/\/nt-vsat.com\/fr\/wp-json\/wp\/v2\/comments?post=6214"}],"version-history":[{"count":0,"href":"https:\/\/nt-vsat.com\/fr\/wp-json\/wp\/v2\/pages\/6214\/revisions"}],"wp:attachment":[{"href":"https:\/\/nt-vsat.com\/fr\/wp-json\/wp\/v2\/media?parent=6214"}],"curies":[{"name":"wp","href":"https:\/\/api.w.org\/{rel}","templated":true}]}}