{"id":6218,"date":"2019-03-30T13:30:35","date_gmt":"2019-03-30T13:30:35","guid":{"rendered":"https:\/\/www.nt-vsat.com\/newtec-mdm2200-satellite-modem\/"},"modified":"2019-03-30T13:30:35","modified_gmt":"2019-03-30T13:30:35","slug":"newtec-mdm2200-satellite-modem","status":"publish","type":"page","link":"https:\/\/nt-vsat.com\/fr\/newtec-mdm2200-satellite-modem\/","title":{"rendered":"Newtec MDM2200 Satellite Modem"},"content":{"rendered":"<section class=\"wpb-content-wrapper\"><p>[vc_row gap=\u00a0\u00bb30&Prime; equal_height=\u00a0\u00bbyes\u00a0\u00bb content_placement=\u00a0\u00bbbottom\u00a0\u00bb parallax=\u00a0\u00bbcontent-moving\u00a0\u00bb parallax_speed_bg=\u00a0\u00bb1&Prime; video_overlay_color=\u00a0\u00bb#0022a0&Prime; enable_bottom_divider=\u00a0\u00bbenabled\u00a0\u00bb shape_bottom_height=\u00a0\u00bb120&Prime; shape_bottom_index=\u00a0\u00bb3&Prime; css=\u00a0\u00bb.vc_custom_1553608795286{padding-top: 4% !important;padding-bottom: 4% !important;background-color: #cddce1 !important;background-position: 0 0;background-repeat:-repeat;}\u00a0\u00bb shape_bottom_color=\u00a0\u00bb#efefef\u00a0\u00bb][vc_column animation=\u00a0\u00bbwpb_bottom-to-top\u00a0\u00bb css=\u00a0\u00bb.vc_custom_1551630223461{margin-top: 0px !important;}\u00a0\u00bb][vc_custom_heading source=\u00a0\u00bbpost_title\u00a0\u00bb font_container=\u00a0\u00bbtag:h2|text_align:center|color:%23ffffff\u00a0\u00bb use_theme_fonts=\u00a0\u00bbyes\u00a0\u00bb][\/vc_column][\/vc_row][vc_row full_width=\u00a0\u00bbstretch_row\u00a0\u00bb css=\u00a0\u00bb.vc_custom_1551254629384{background-color: #efefef !important;}\u00a0\u00bb][vc_column][vc_empty_space height=\u00a0\u00bb30px\u00a0\u00bb][\/vc_column][\/vc_row][vc_row][vc_column width=\u00a0\u00bb1\/2&Prime;][vc_single_image image=\u00a0\u00bb4148&Prime; img_size=\u00a0\u00bbfull\u00a0\u00bb onclick=\u00a0\u00bblink_image\u00a0\u00bb css_animation=\u00a0\u00bbbottom-to-top\u00a0\u00bb][\/vc_column][vc_column width=\u00a0\u00bb1\/2&Prime; animation=\u00a0\u00bbwpb_bottom-to-top\u00a0\u00bb][vc_custom_heading text=\u00a0\u00bbLE MODEM MDM2200 IP PAR SATELLITE\u00a0\u00bb font_container=\u00a0\u00bbtag:h4|text_align:left|color:%23374141&Prime; use_theme_fonts=\u00a0\u00bbyes\u00a0\u00bb css_animation=\u00a0\u00bbfadeIn\u00a0\u00bb][vc_column_text]Le modem satellite IP MDM2200 de Newtec est un modem bidirectionnel \u00e0 haut d\u00e9bit. Il est associ\u00e9 \u00e0 une s\u00e9rie d&rsquo;antennes de diff\u00e9rentes tailles et \u00e0 des LNB interactifs formant un terminal satellite \u00e9conomique sur la plateforme Sat3Play\u00ae. Newtec MDM2200 IP Satellite Modem Le modem prend en charge divers services IP tels que l&rsquo;acc\u00e8s \u00e0 Internet\/Intranet, la voix sur IP et la multidiffusion. Sa facilit\u00e9 d&rsquo;installation et ses techniques de modulation haute performance permettent aux op\u00e9rateurs de r\u00e9seaux d&rsquo;offrir des services IP \u00e0 large bande de mani\u00e8re rentable sur les r\u00e9seaux en bande Ku et Ka. Il est parfaitement appropri\u00e9 pour les utilisateurs de services \u00e0 domicile, les petits bureaux et les bureaux \u00e0 domicile (SOHO), les petites et moyennes entreprises (PME) ainsi que pour les applications de soutien telles que les r\u00e9seaux de t\u00e9l\u00e9m\u00e9trie, les points de vente (POS) ou les services bancaires.[\/vc_column_text][vc_btn title=\u00a0\u00bbPLUS D&rsquo;INFORMATIONS\u00a0\u00bb style=\u00a0\u00bboutline-custom\u00a0\u00bb outline_custom_color=\u00a0\u00bb#64b400&Prime; outline_custom_hover_background=\u00a0\u00bb#64b400&Prime; outline_custom_hover_text=\u00a0\u00bb#ffffff\u00a0\u00bb css_animation=\u00a0\u00bbfadeIn\u00a0\u00bb link=\u00a0\u00bburl:http%3A%2F%2Fnt-vsat.com%2Fwp-content%2Fuploads%2F2019%2FDataSheet%2Fnewtec-mdm2200-on-the-sat3play-platform.pdf||target:%20_blank|\u00a0\u00bb][\/vc_column][\/vc_row][vc_row][vc_column][vc_empty_space][\/vc_column][\/vc_row][vc_row full_width=\u00a0\u00bbstretch_row\u00a0\u00bb css=\u00a0\u00bb.vc_custom_1553893302623{background-color: #ffffff !important;}\u00a0\u00bb][vc_column width=\u00a0\u00bb1\/2&Prime;][vc_column_text]<\/p>\n<h5>Caract\u00e9ristiques essentielles<\/h5>\n<ul>\n<li>Petite taille, sur table ou au mur<\/li>\n<li>DVB-S2 ACM avanc\u00e9<\/li>\n<li>4CPM MF-TDMA Adaptive Return Link<\/li>\n<li>Acc\u00e9l\u00e9ration et cryptage TCP int\u00e9gr\u00e9s<\/li>\n<li>Qualit\u00e9 de service \u00e0 plusieurs niveaux<\/li>\n<li>Routage et adressage IP polyvalents<\/li>\n<li>Faible gigue pour les applications en temps r\u00e9el<\/li>\n<li>Cache\/Relais DNS et pr\u00e9-recherche HTTP<\/li>\n<li>Prise en charge d&rsquo;IPv4 et d&rsquo;IPv6<\/li>\n<li>Carte microSD et interface USB (utilisation future)<\/li>\n<li>Possibilit\u00e9 de mise \u00e0 jour des logiciels en direct<\/li>\n<li>Outils de surveillance et de diagnostic en direct.<\/li>\n<\/ul>\n<p>[\/vc_column_text][\/vc_column][vc_column width=\u00a0\u00bb1\/2&Prime;][vc_column_text]Ses atouts sont sa<strong> facilit\u00e9 d&rsquo;installation<\/strong> et ses techniques de <strong>modulation efficaces<\/strong> qui permettent aux op\u00e9rateurs de r\u00e9seau d&rsquo;offrir des services IP \u00e0 large bande de mani\u00e8re rentable.<\/p>\n<p>&nbsp;<\/p>\n<h5>Principaux atouts<\/h5>\n<ul>\n<li>Faible investissement initial par utilisateur, gr\u00e2ce \u00e0 un co\u00fbt de terminal tr\u00e8s bas et \u00e0 la facilit\u00e9 d&rsquo;installation unique du Point &amp; Play<\/li>\n<li>Une interface web facile \u00e0 employer pour l&rsquo;installation, les diagnostics et le d\u00e9pannage<\/li>\n<li>Liaison de retour adaptative bas\u00e9e sur diff\u00e9rents codages\/modulations 4CPM et des largeurs de bande \u00e0 canaux multiples.<\/li>\n<li>Haute satisfaction du service assur\u00e9e par une v\u00e9ritable exp\u00e9rience du haut d\u00e9bit<\/li>\n<li>Disponibilit\u00e9 et efficacit\u00e9 optimales de la transmission DVB-S2 gr\u00e2ce aux technologies FlexACM\u00ae et ThiMM de Newtec<\/li>\n<li>Am\u00e9lioration de l&rsquo;efficacit\u00e9 de 10 \u00e0 15 % gr\u00e2ce \u00e0 la technologie Clean Channel de Newtec\u00ae<\/li>\n<\/ul>\n<p>[\/vc_column_text][vc_btn title=\u00a0\u00bbCONTACTER LE SERVICE CLIENT\u00c8LE \u00a0\u00bb style=\u00a0\u00bboutline-custom\u00a0\u00bb outline_custom_color=\u00a0\u00bb#64b400&Prime; outline_custom_hover_background=\u00a0\u00bb#64b400&Prime; outline_custom_hover_text=\u00a0\u00bb#ffffff\u00a0\u00bb link=\u00a0\u00bburl:%2Fcontact|||\u00a0\u00bb][\/vc_column][\/vc_row][vc_row full_width=\u00a0\u00bbstretch_row\u00a0\u00bb css=\u00a0\u00bb.vc_custom_1553161875271{background-color: #374141 !important;}\u00a0\u00bb][vc_column width=\u00a0\u00bb1\/3&Prime;][vc_row_inner][vc_column_inner width=\u00a0\u00bb2\/3&Prime;][vc_single_image image=\u00a0\u00bb2551&Prime; img_size=\u00a0\u00bbfull\u00a0\u00bb][\/vc_column_inner][vc_column_inner width=\u00a0\u00bb1\/3&Prime;][\/vc_column_inner][\/vc_row_inner][vc_column_text css=\u00a0\u00bb.vc_custom_1553523669799{margin-bottom: 0px !important;}\u00a0\u00bb]<a href=\"\/impressum\">Datenschutzerkl\u00e4rung\/Impressum<\/a>[\/vc_column_text][\/vc_column][vc_column width=\u00a0\u00bb1\/3&Prime;][vc_custom_heading text=\u00a0\u00bbNTvsat\u00a0\u00bb font_container=\u00a0\u00bbtag:h4|font_size:12|text_align:left|color:%23ffffff\u00a0\u00bb use_theme_fonts=\u00a0\u00bbyes\u00a0\u00bb][vc_column_text css=\u00a0\u00bb.vc_custom_1586353328321{margin-top: 0px !important;}\u00a0\u00bb]Nous sommes une entreprise allemande qui fournit tous les services pour l\u2019internet par satellite. Notre but est de connecter des lieux \u00e9loign\u00e9s \u00e0 l\u2019internet ou \u00e0 votre r\u00e9seau local. Nous fournissons \u00e9galement l\u2019internet pour les v\u00e9hicules en mouvement comme les bateaux, les camions, les trains ou les plaines. Nous nous concentrons essentiellement sur l\u2019Afrique et le Proche-Orient.[\/vc_column_text][\/vc_column][vc_column width=\u00a0\u00bb1\/3&Prime;][vc_custom_heading text=\u00a0\u00bbCONTACT\u00a0\u00bb font_container=\u00a0\u00bbtag:h4|font_size:12|text_align:left|color:%23ffffff\u00a0\u00bb use_theme_fonts=\u00a0\u00bbyes\u00a0\u00bb][vc_column_text css=\u00a0\u00bb.vc_custom_1586353341834{border-radius: 1px !important;}\u00a0\u00bb]NTvsat<br \/>\nAlter Schlachthof 17<br \/>\nKarlsruhe<br \/>\nGermany<\/p>\n<p>T\u00e9l\u00e9phone: +49.173.699 09 74<br \/>\nsales@nt-vsat.de<\/p>\n<p>www.nt-vsat.com[\/vc_column_text][\/vc_column][\/vc_row]<\/p>\n<\/section>","protected":false},"excerpt":{"rendered":"<p>[vc_row gap=\u00a0\u00bb30&Prime; equal_height=\u00a0\u00bbyes\u00a0\u00bb content_placement=\u00a0\u00bbbottom\u00a0\u00bb parallax=\u00a0\u00bbcontent-moving\u00a0\u00bb parallax_speed_bg=\u00a0\u00bb1&Prime; video_overlay_color=\u00a0\u00bb#0022a0&Prime; enable_bottom_divider=\u00a0\u00bbenabled\u00a0\u00bb shape_bottom_height=\u00a0\u00bb120&Prime; shape_bottom_index=\u00a0\u00bb3&Prime; css=\u00a0\u00bb.vc_custom_1553608795286{padding-top: 4% !important;padding-bottom: 4% !important;background-color: #cddce1 !important;background-position: 0 0;background-repeat:-repeat;}\u00a0\u00bb shape_bottom_color=\u00a0\u00bb#efefef\u00a0\u00bb][vc_column animation=\u00a0\u00bbwpb_bottom-to-top\u00a0\u00bb css=\u00a0\u00bb.vc_custom_1551630223461{margin-top: 0px !important;}\u00a0\u00bb][vc_custom_heading source=\u00a0\u00bbpost_title\u00a0\u00bb font_container=\u00a0\u00bbtag:h2|text_align:center|color:%23ffffff\u00a0\u00bb use_theme_fonts=\u00a0\u00bbyes\u00a0\u00bb][\/vc_column][\/vc_row][vc_row full_width=\u00a0\u00bbstretch_row\u00a0\u00bb css=\u00a0\u00bb.vc_custom_1551254629384{background-color: #efefef !important;}\u00a0\u00bb][vc_column][vc_empty_space height=\u00a0\u00bb30px\u00a0\u00bb][\/vc_column][\/vc_row][vc_row][vc_column width=\u00a0\u00bb1\/2&Prime;][vc_single_image image=\u00a0\u00bb4148&Prime; img_size=\u00a0\u00bbfull\u00a0\u00bb onclick=\u00a0\u00bblink_image\u00a0\u00bb css_animation=\u00a0\u00bbbottom-to-top\u00a0\u00bb][\/vc_column][vc_column width=\u00a0\u00bb1\/2&Prime; animation=\u00a0\u00bbwpb_bottom-to-top\u00a0\u00bb][vc_custom_heading text=\u00a0\u00bbLE MODEM MDM2200 IP PAR SATELLITE\u00a0\u00bb font_container=\u00a0\u00bbtag:h4|text_align:left|color:%23374141&Prime; use_theme_fonts=\u00a0\u00bbyes\u00a0\u00bb css_animation=\u00a0\u00bbfadeIn\u00a0\u00bb][vc_column_text]Le modem satellite IP MDM2200 de Newtec est &hellip; <a href=\"https:\/\/nt-vsat.com\/fr\/newtec-mdm2200-satellite-modem\/\" title=\"Newtec MDM2200 Satellite Modem\" class=\"read-more\">Read More<\/a><\/p>\n","protected":false},"author":1,"featured_media":0,"parent":0,"menu_order":0,"comment_status":"closed","ping_status":"closed","template":"","meta":{"footnotes":""},"class_list":["post-6218","page","type-page","status-publish","hentry"],"yoast_head":"<!-- This site is optimized with the Yoast SEO Premium plugin v15.5 - https:\/\/yoast.com\/wordpress\/plugins\/seo\/ -->\n<title>Newtec MDM2200 Satellite Modem | NTvsat<\/title>\n<meta name=\"robots\" content=\"index, follow, max-snippet:-1, max-image-preview:large, max-video-preview:-1\" \/>\n<link rel=\"canonical\" href=\"https:\/\/nt-vsat.com\/fr\/newtec-mdm2200-satellite-modem\/\" \/>\n<meta property=\"og:locale\" content=\"fr_FR\" \/>\n<meta property=\"og:type\" content=\"article\" \/>\n<meta property=\"og:title\" content=\"Newtec MDM2200 Satellite Modem | NTvsat\" \/>\n<meta property=\"og:description\" content=\"[vc_row gap=\u00a0\u00bb30&Prime; equal_height=\u00a0\u00bbyes\u00a0\u00bb content_placement=\u00a0\u00bbbottom\u00a0\u00bb parallax=\u00a0\u00bbcontent-moving\u00a0\u00bb parallax_speed_bg=\u00a0\u00bb1&Prime; video_overlay_color=\u00a0\u00bb#0022a0&Prime; enable_bottom_divider=\u00a0\u00bbenabled\u00a0\u00bb shape_bottom_height=\u00a0\u00bb120&Prime; shape_bottom_index=\u00a0\u00bb3&Prime; css=\u00a0\u00bb.vc_custom_1553608795286{padding-top: 4% !important;padding-bottom: 4% !important;background-color: #cddce1 !important;background-position: 0 0;background-repeat:-repeat;}\u00a0\u00bb shape_bottom_color=\u00a0\u00bb#efefef\u00a0\u00bb][vc_column animation=\u00a0\u00bbwpb_bottom-to-top\u00a0\u00bb css=\u00a0\u00bb.vc_custom_1551630223461{margin-top: 0px !important;}\u00a0\u00bb][vc_custom_heading source=\u00a0\u00bbpost_title\u00a0\u00bb font_container=\u00a0\u00bbtag:h2|text_align:center|color:%23ffffff\u00a0\u00bb use_theme_fonts=\u00a0\u00bbyes\u00a0\u00bb][\/vc_column][\/vc_row][vc_row full_width=\u00a0\u00bbstretch_row\u00a0\u00bb css=\u00a0\u00bb.vc_custom_1551254629384{background-color: #efefef !important;}\u00a0\u00bb][vc_column][vc_empty_space height=\u00a0\u00bb30px\u00a0\u00bb][\/vc_column][\/vc_row][vc_row][vc_column width=\u00a0\u00bb1\/2&Prime;][vc_single_image image=\u00a0\u00bb4148&Prime; img_size=\u00a0\u00bbfull\u00a0\u00bb onclick=\u00a0\u00bblink_image\u00a0\u00bb css_animation=\u00a0\u00bbbottom-to-top\u00a0\u00bb][\/vc_column][vc_column width=\u00a0\u00bb1\/2&Prime; animation=\u00a0\u00bbwpb_bottom-to-top\u00a0\u00bb][vc_custom_heading text=\u00a0\u00bbLE MODEM MDM2200 IP PAR SATELLITE\u00a0\u00bb font_container=\u00a0\u00bbtag:h4|text_align:left|color:%23374141&Prime; use_theme_fonts=\u00a0\u00bbyes\u00a0\u00bb css_animation=\u00a0\u00bbfadeIn\u00a0\u00bb][vc_column_text]Le modem satellite IP MDM2200 de Newtec est [&hellip;]\" \/>\n<meta property=\"og:url\" content=\"https:\/\/nt-vsat.com\/fr\/newtec-mdm2200-satellite-modem\/\" \/>\n<meta property=\"og:site_name\" content=\"NTvsat\" \/>\n<meta property=\"article:publisher\" content=\"https:\/\/www.facebook.com\/NTvsat-100170158192571\/\" \/>\n<meta name=\"twitter:card\" content=\"summary_large_image\" \/>\n<meta name=\"twitter:label1\" content=\"Dur\u00e9e de lecture estim\u00e9e\">\n\t<meta name=\"twitter:data1\" content=\"3 minutes\">\n<script type=\"application\/ld+json\" class=\"yoast-schema-graph\">{\"@context\":\"https:\/\/schema.org\",\"@graph\":[{\"@type\":\"Organization\",\"@id\":\"https:\/\/nt-vsat.com\/fr\/#organization\",\"name\":\"NTvsat Satellite Internet\",\"url\":\"https:\/\/nt-vsat.com\/fr\/\",\"sameAs\":[\"https:\/\/www.facebook.com\/NTvsat-100170158192571\/\"],\"logo\":{\"@type\":\"ImageObject\",\"@id\":\"https:\/\/nt-vsat.com\/fr\/#logo\",\"inLanguage\":\"fr-FR\",\"url\":\"https:\/\/nt-vsat.com\/wp-content\/uploads\/2019\/03\/NTVSAT_EW03_logo_u_claim-e1552253360734.png\",\"width\":165,\"height\":70,\"caption\":\"NTvsat Satellite Internet\"},\"image\":{\"@id\":\"https:\/\/nt-vsat.com\/fr\/#logo\"}},{\"@type\":\"WebSite\",\"@id\":\"https:\/\/nt-vsat.com\/fr\/#website\",\"url\":\"https:\/\/nt-vsat.com\/fr\/\",\"name\":\"NTvsat\",\"description\":\"GET Connected\",\"publisher\":{\"@id\":\"https:\/\/nt-vsat.com\/fr\/#organization\"},\"potentialAction\":[{\"@type\":\"SearchAction\",\"target\":\"https:\/\/nt-vsat.com\/fr\/?s={search_term_string}\",\"query-input\":\"required name=search_term_string\"}],\"inLanguage\":\"fr-FR\"},{\"@type\":\"WebPage\",\"@id\":\"https:\/\/nt-vsat.com\/fr\/newtec-mdm2200-satellite-modem\/#webpage\",\"url\":\"https:\/\/nt-vsat.com\/fr\/newtec-mdm2200-satellite-modem\/\",\"name\":\"Newtec MDM2200 Satellite Modem | NTvsat\",\"isPartOf\":{\"@id\":\"https:\/\/nt-vsat.com\/fr\/#website\"},\"datePublished\":\"2019-03-30T13:30:35+00:00\",\"dateModified\":\"2019-03-30T13:30:35+00:00\",\"inLanguage\":\"fr-FR\",\"potentialAction\":[{\"@type\":\"ReadAction\",\"target\":[\"https:\/\/nt-vsat.com\/fr\/newtec-mdm2200-satellite-modem\/\"]}]}]}<\/script>\n<!-- \/ Yoast SEO Premium plugin. -->","_links":{"self":[{"href":"https:\/\/nt-vsat.com\/fr\/wp-json\/wp\/v2\/pages\/6218","targetHints":{"allow":["GET"]}}],"collection":[{"href":"https:\/\/nt-vsat.com\/fr\/wp-json\/wp\/v2\/pages"}],"about":[{"href":"https:\/\/nt-vsat.com\/fr\/wp-json\/wp\/v2\/types\/page"}],"author":[{"embeddable":true,"href":"https:\/\/nt-vsat.com\/fr\/wp-json\/wp\/v2\/users\/1"}],"replies":[{"embeddable":true,"href":"https:\/\/nt-vsat.com\/fr\/wp-json\/wp\/v2\/comments?post=6218"}],"version-history":[{"count":0,"href":"https:\/\/nt-vsat.com\/fr\/wp-json\/wp\/v2\/pages\/6218\/revisions"}],"wp:attachment":[{"href":"https:\/\/nt-vsat.com\/fr\/wp-json\/wp\/v2\/media?parent=6218"}],"curies":[{"name":"wp","href":"https:\/\/api.w.org\/{rel}","templated":true}]}}