{"id":8040,"date":"2023-03-23T13:59:49","date_gmt":"2023-03-23T13:59:49","guid":{"rendered":"https:\/\/dev.nt-vsat.com\/?page_id=8040"},"modified":"2023-05-02T13:12:08","modified_gmt":"2023-05-02T13:12:08","slug":"hellassat","status":"publish","type":"page","link":"https:\/\/nt-vsat.com\/fr\/hellassat\/","title":{"rendered":"Hellas Sat 3 \/ Hellas Sat 4"},"content":{"rendered":"<section class=\"wpb-content-wrapper\"><p>[vc_row gap=\u00a0\u00bb30&Prime; equal_height=\u00a0\u00bbyes\u00a0\u00bb content_placement=\u00a0\u00bbbottom\u00a0\u00bb parallax=\u00a0\u00bbcontent-moving\u00a0\u00bb parallax_speed_bg=\u00a0\u00bb1&Prime; video_overlay_color=\u00a0\u00bb#0022a0&Prime; enable_bottom_divider=\u00a0\u00bbenabled\u00a0\u00bb shape_bottom_height=\u00a0\u00bb120&Prime; shape_bottom_index=\u00a0\u00bb3&Prime; css=\u00a0\u00bb.vc_custom_1553155073622{padding-top: 7% !important;padding-bottom: 7% !important;background-color: #cddce1 !important;background-position: center;background-repeat: no-repeat;background-size:cover !important;}\u00a0\u00bb shape_bottom_color=\u00a0\u00bb#efefef\u00a0\u00bb][vc_column animation=\u00a0\u00bbwpb_bottom-to-top\u00a0\u00bb css=\u00a0\u00bb.vc_custom_1551630223461{margin-top: 0px !important;}\u00a0\u00bb][vc_custom_heading source=\u00a0\u00bbpost_title\u00a0\u00bb font_container=\u00a0\u00bbtag:h2|text_align:center|color:%23ffffff\u00a0\u00bb use_theme_fonts=\u00a0\u00bbyes\u00a0\u00bb][\/vc_column][\/vc_row][vc_row css=\u00a0\u00bb.vc_custom_1553157999045{background-color: #efefef !important;}\u00a0\u00bb][vc_column][vc_empty_space height=\u00a0\u00bb30px\u00a0\u00bb][\/vc_column][\/vc_row][vc_row css=\u00a0\u00bb.vc_custom_1553158010081{background-color: #efefef !important;}\u00a0\u00bb][vc_column width=\u00a0\u00bb1\/2&Prime;][vc_single_image image=\u00a0\u00bb8036&Prime; img_size=\u00a0\u00bbfull\u00a0\u00bb][\/vc_column][vc_column width=\u00a0\u00bb1\/2&Prime;][vc_column_text]<\/p>\n<h5>Service disponible dans ces pays :<\/h5>\n<p>\u00c9gypte, Albanie, Bahre\u00efn, Bosnie-Herz\u00e9govine, Bulgarie, \u00c9rythr\u00e9e, G\u00e9orgie, Gr\u00e8ce, Irak, Iran, Isra\u00ebl, Italie, Y\u00e9men, Jordanie, Qatar, Kenya, Kosovo, Croatie, Kowe\u00eft, Liban, Mac\u00e9doine, Oman, Arabie saoudite, , Serbie, Slov\u00e9nie, , Syrie, , Turquie, Turkm\u00e9nistan, \u00c9mirats arabes unis, Jordanie occidentale, Chypre[\/vc_column_text][vc_btn title=\u00a0\u00bbCONTACTER LE SERVICE CLIENT\u00c8LE\u00a0\u00bb style=\u00a0\u00bboutline-custom\u00a0\u00bb outline_custom_color=\u00a0\u00bb#64b400&Prime; outline_custom_hover_background=\u00a0\u00bb#64b400&Prime; outline_custom_hover_text=\u00a0\u00bb#ffffff\u00a0\u00bb css_animation=\u00a0\u00bbfadeInUp\u00a0\u00bb css=\u00a0\u00bb.vc_custom_1586421696536{margin-top: 0px !important;}\u00a0\u00bb link=\u00a0\u00bburl:%2Fcontact|||\u00a0\u00bb][\/vc_column][\/vc_row][vc_row full_width=\u00a0\u00bbstretch_row\u00a0\u00bb css=\u00a0\u00bb.vc_custom_1553158404878{background-color: #ffffff !important;}\u00a0\u00bb][vc_column width=\u00a0\u00bb1\/2&Prime;][vc_column_text]<\/p>\n<h5>Informations sur les satellites et les services<\/h5>\n<p>Nom du satellite : HellasSat 3 (HS 3, Inmarsat-S EAN, Europasat)<br \/>\nStatut : actif<br \/>\nPosition : 39 \u00b0 Est (39 \u00b0 E)<br \/>\nNORAD : 42814<br \/>\nNum\u00e9ro Copar: 2017-040A<br \/>\nOp\u00e9rateur : Hellas-Sat (filiale Arabsat)<br \/>\nDate de lancement : 28 juillet 2017<br \/>\nSite de lancement : Centre Spatial Guyanais<br \/>\nLanceur : Ariane 5 ECA<br \/>\nMasse au lancement (kg): 5780<br \/>\nMasse s\u00e8che (kg) : 2500<br \/>\nConstructeur : Groupe Thales<br \/>\nMod\u00e8le (bus) : Spacebus-4000C3<br \/>\nOrbite : GEO<br \/>\nDur\u00e9e de vie pr\u00e9vue : 16 ans et plus<\/p>\n<p>&nbsp;<\/p>\n<p>Nom du satellite : HellasSat 4 (HS 4, SaudiGeoSat 1)<br \/>\nStatut : actif<br \/>\nPosition : 39 \u00b0 Est (39 \u00b0 E)<br \/>\nNORAD : 44034<br \/>\nNum\u00e9ro Cospar : 2019-007A<br \/>\nOp\u00e9rateur : Hellas-Sat (filiale Arabsat)<br \/>\nDate de lancement : 5 f\u00e9vrier 2019<br \/>\nSite de lancement : Centre Spatial Guyanais<br \/>\nLanceur : Ariane 5 ECA<br \/>\nMasse au lancement (kg): 6495<br \/>\nMasse s\u00e8che (kg): 3950<br \/>\nFabricant : Lockheed Martin<br \/>\nMod\u00e8le (autobus) : A2100A<br \/>\nOrbite : GEO<br \/>\nDur\u00e9e de vie pr\u00e9vue : 15 ans et plus[\/vc_column_text][\/vc_column][vc_column width=\u00a0\u00bb1\/2&Prime;][vc_column_text]<\/p>\n<h5>\u00c9quipement VSAT minimal requis:<\/h5>\n<ul>\n<li>Taille de l&rsquo;antenne : <a href=\"https:\/\/www.nt-vsat.com\/wp-content\/uploads\/2020\/01\/Type-123-Class-II-1.2m-Ku-Band-Offset-Antenna_REV-3.pdf\" target=\"_blank\" rel=\"noopener noreferrer\">1,2m Antenne<\/a><\/li>\n<li>BUC: <a href=\"https:\/\/www.nt-vsat.com\/bucs\/\" target=\"_blank\" rel=\"noopener noreferrer\">3 Watt BUC standard ou universel<\/a><\/li>\n<li>LNB: <a href=\"https:\/\/www.nt-vsat.com\/lnbs\/\" target=\"_blank\" rel=\"noopener noreferrer\">LNB standard ou universelle<\/a><\/li>\n<li>Modem: <a href=\"https:\/\/www.nt-vsat.com\/idirect-iq-desktop-satellite-router\/\" target=\"_blank\" rel=\"noopener noreferrer\">iDirect iQ Desktop<\/a>, <a href=\"https:\/\/www.nt-vsat.com\/idirect-iq-200\/\" target=\"_blank\" rel=\"noopener noreferrer\">iQ200<\/a> or <a href=\"https:\/\/www.nt-vsat.com\/idirect-x7-satellite-router\/\" target=\"_blank\" rel=\"noopener noreferrer\">X7 Satellite Router<\/a><\/li>\n<\/ul>\n<p>[\/vc_column_text][\/vc_column][\/vc_row][vc_row full_width=\u00a0\u00bbstretch_row\u00a0\u00bb css=\u00a0\u00bb.vc_custom_1553161875271{background-color: #374141 !important;}\u00a0\u00bb][vc_column width=\u00a0\u00bb1\/3&Prime;][vc_row_inner][vc_column_inner width=\u00a0\u00bb2\/3&Prime;][vc_single_image image=\u00a0\u00bb2551&Prime; img_size=\u00a0\u00bbfull\u00a0\u00bb][\/vc_column_inner][vc_column_inner width=\u00a0\u00bb1\/3&Prime;][\/vc_column_inner][\/vc_row_inner][vc_column_text css=\u00a0\u00bb.vc_custom_1553523669799{margin-bottom: 0px !important;}\u00a0\u00bb]<a href=\"\/impressum\">Datenschutzerkl\u00e4rung\/Impressum<\/a>[\/vc_column_text][\/vc_column][vc_column width=\u00a0\u00bb1\/3&Prime;][vc_custom_heading text=\u00a0\u00bbNTvsat\u00a0\u00bb font_container=\u00a0\u00bbtag:h4|font_size:12|text_align:left|color:%23ffffff\u00a0\u00bb use_theme_fonts=\u00a0\u00bbyes\u00a0\u00bb][vc_column_text css=\u00a0\u00bb.vc_custom_1586421812253{margin-top: 0px !important;}\u00a0\u00bb]Nous sommes une entreprise allemande qui fournit tous les services pour l\u2019internet par satellite. Notre but est de connecter des lieux \u00e9loign\u00e9s \u00e0 l\u2019internet ou \u00e0 votre r\u00e9seau local. Nous fournissons \u00e9galement l\u2019internet pour les v\u00e9hicules en mouvement comme les bateaux, les camions, les trains ou les plaines. Nous nous concentrons essentiellement sur l\u2019Afrique et le Proche-Orient.[\/vc_column_text][\/vc_column][vc_column width=\u00a0\u00bb1\/3&Prime;][vc_custom_heading text=\u00a0\u00bbCONTACT\u00a0\u00bb font_container=\u00a0\u00bbtag:h4|font_size:12|text_align:left|color:%23ffffff\u00a0\u00bb use_theme_fonts=\u00a0\u00bbyes\u00a0\u00bb][vc_column_text css=\u00a0\u00bb.vc_custom_1586421821987{border-radius: 1px !important;}\u00a0\u00bb]NTvsat<br \/>\nAlter Schlachthof 17<br \/>\nKarlsruhe<br \/>\nGermany<\/p>\n<p>T\u00e9l\u00e9phone: +49.173.699 09 74<br \/>\nsales@nt-vsat.de<\/p>\n<p>www.nt-vsat.com[\/vc_column_text][\/vc_column][\/vc_row]<\/p>\n<\/section>","protected":false},"excerpt":{"rendered":"<p>[vc_row gap=\u00a0\u00bb30&Prime; equal_height=\u00a0\u00bbyes\u00a0\u00bb content_placement=\u00a0\u00bbbottom\u00a0\u00bb parallax=\u00a0\u00bbcontent-moving\u00a0\u00bb parallax_speed_bg=\u00a0\u00bb1&Prime; video_overlay_color=\u00a0\u00bb#0022a0&Prime; enable_bottom_divider=\u00a0\u00bbenabled\u00a0\u00bb shape_bottom_height=\u00a0\u00bb120&Prime; shape_bottom_index=\u00a0\u00bb3&Prime; css=\u00a0\u00bb.vc_custom_1553155073622{padding-top: 7% !important;padding-bottom: 7% !important;background-color: #cddce1 !important;background-position: center;background-repeat: no-repeat;background-size:cover !important;}\u00a0\u00bb shape_bottom_color=\u00a0\u00bb#efefef\u00a0\u00bb][vc_column animation=\u00a0\u00bbwpb_bottom-to-top\u00a0\u00bb css=\u00a0\u00bb.vc_custom_1551630223461{margin-top: 0px !important;}\u00a0\u00bb][vc_custom_heading source=\u00a0\u00bbpost_title\u00a0\u00bb font_container=\u00a0\u00bbtag:h2|text_align:center|color:%23ffffff\u00a0\u00bb use_theme_fonts=\u00a0\u00bbyes\u00a0\u00bb][\/vc_column][\/vc_row][vc_row css=\u00a0\u00bb.vc_custom_1553157999045{background-color: #efefef !important;}\u00a0\u00bb][vc_column][vc_empty_space height=\u00a0\u00bb30px\u00a0\u00bb][\/vc_column][\/vc_row][vc_row css=\u00a0\u00bb.vc_custom_1553158010081{background-color: #efefef !important;}\u00a0\u00bb][vc_column width=\u00a0\u00bb1\/2&Prime;][vc_single_image image=\u00a0\u00bb8036&Prime; img_size=\u00a0\u00bbfull\u00a0\u00bb][\/vc_column][vc_column width=\u00a0\u00bb1\/2&Prime;][vc_column_text] Service disponible dans ces pays : \u00c9gypte, Albanie, Bahre\u00efn, Bosnie-Herz\u00e9govine, Bulgarie, \u00c9rythr\u00e9e, G\u00e9orgie, Gr\u00e8ce, Irak, Iran, &hellip; <a href=\"https:\/\/nt-vsat.com\/fr\/hellassat\/\" title=\"Hellas Sat 3 \/ Hellas Sat 4\" class=\"read-more\">Read More<\/a><\/p>\n","protected":false},"author":7,"featured_media":0,"parent":0,"menu_order":0,"comment_status":"closed","ping_status":"closed","template":"","meta":{"footnotes":""},"class_list":["post-8040","page","type-page","status-publish","hentry"],"yoast_head":"<!-- This site is optimized with the Yoast SEO Premium plugin v15.5 - https:\/\/yoast.com\/wordpress\/plugins\/seo\/ -->\n<title>Hellas Sat 3 \/ Hellas Sat 4 | NTvsat<\/title>\n<meta name=\"robots\" content=\"index, follow, max-snippet:-1, max-image-preview:large, max-video-preview:-1\" \/>\n<link rel=\"canonical\" href=\"https:\/\/nt-vsat.com\/fr\/hellassat\/\" \/>\n<meta property=\"og:locale\" content=\"fr_FR\" \/>\n<meta property=\"og:type\" content=\"article\" \/>\n<meta property=\"og:title\" content=\"Hellas Sat 3 \/ Hellas Sat 4 | NTvsat\" \/>\n<meta property=\"og:description\" content=\"[vc_row gap=\u00a0\u00bb30&Prime; equal_height=\u00a0\u00bbyes\u00a0\u00bb content_placement=\u00a0\u00bbbottom\u00a0\u00bb parallax=\u00a0\u00bbcontent-moving\u00a0\u00bb parallax_speed_bg=\u00a0\u00bb1&Prime; video_overlay_color=\u00a0\u00bb#0022a0&Prime; enable_bottom_divider=\u00a0\u00bbenabled\u00a0\u00bb shape_bottom_height=\u00a0\u00bb120&Prime; shape_bottom_index=\u00a0\u00bb3&Prime; css=\u00a0\u00bb.vc_custom_1553155073622{padding-top: 7% !important;padding-bottom: 7% !important;background-color: #cddce1 !important;background-position: center;background-repeat: no-repeat;background-size:cover !important;}\u00a0\u00bb shape_bottom_color=\u00a0\u00bb#efefef\u00a0\u00bb][vc_column animation=\u00a0\u00bbwpb_bottom-to-top\u00a0\u00bb css=\u00a0\u00bb.vc_custom_1551630223461{margin-top: 0px !important;}\u00a0\u00bb][vc_custom_heading source=\u00a0\u00bbpost_title\u00a0\u00bb font_container=\u00a0\u00bbtag:h2|text_align:center|color:%23ffffff\u00a0\u00bb use_theme_fonts=\u00a0\u00bbyes\u00a0\u00bb][\/vc_column][\/vc_row][vc_row css=\u00a0\u00bb.vc_custom_1553157999045{background-color: #efefef !important;}\u00a0\u00bb][vc_column][vc_empty_space height=\u00a0\u00bb30px\u00a0\u00bb][\/vc_column][\/vc_row][vc_row css=\u00a0\u00bb.vc_custom_1553158010081{background-color: #efefef !important;}\u00a0\u00bb][vc_column width=\u00a0\u00bb1\/2&Prime;][vc_single_image image=\u00a0\u00bb8036&Prime; img_size=\u00a0\u00bbfull\u00a0\u00bb][\/vc_column][vc_column width=\u00a0\u00bb1\/2&Prime;][vc_column_text] Service disponible dans ces pays : \u00c9gypte, Albanie, Bahre\u00efn, Bosnie-Herz\u00e9govine, Bulgarie, \u00c9rythr\u00e9e, G\u00e9orgie, Gr\u00e8ce, Irak, Iran, [&hellip;]\" \/>\n<meta property=\"og:url\" content=\"https:\/\/nt-vsat.com\/fr\/hellassat\/\" \/>\n<meta property=\"og:site_name\" content=\"NTvsat\" \/>\n<meta property=\"article:publisher\" content=\"https:\/\/www.facebook.com\/NTvsat-100170158192571\/\" \/>\n<meta property=\"article:modified_time\" content=\"2023-05-02T13:12:08+00:00\" \/>\n<meta name=\"twitter:card\" content=\"summary_large_image\" \/>\n<meta name=\"twitter:label1\" content=\"Dur\u00e9e de lecture estim\u00e9e\">\n\t<meta name=\"twitter:data1\" content=\"3 minutes\">\n<script type=\"application\/ld+json\" class=\"yoast-schema-graph\">{\"@context\":\"https:\/\/schema.org\",\"@graph\":[{\"@type\":\"Organization\",\"@id\":\"https:\/\/nt-vsat.com\/fr\/#organization\",\"name\":\"NTvsat Satellite Internet\",\"url\":\"https:\/\/nt-vsat.com\/fr\/\",\"sameAs\":[\"https:\/\/www.facebook.com\/NTvsat-100170158192571\/\"],\"logo\":{\"@type\":\"ImageObject\",\"@id\":\"https:\/\/nt-vsat.com\/fr\/#logo\",\"inLanguage\":\"fr-FR\",\"url\":\"https:\/\/nt-vsat.com\/wp-content\/uploads\/2019\/03\/NTVSAT_EW03_logo_u_claim-e1552253360734.png\",\"width\":165,\"height\":70,\"caption\":\"NTvsat Satellite Internet\"},\"image\":{\"@id\":\"https:\/\/nt-vsat.com\/fr\/#logo\"}},{\"@type\":\"WebSite\",\"@id\":\"https:\/\/nt-vsat.com\/fr\/#website\",\"url\":\"https:\/\/nt-vsat.com\/fr\/\",\"name\":\"NTvsat\",\"description\":\"GET Connected\",\"publisher\":{\"@id\":\"https:\/\/nt-vsat.com\/fr\/#organization\"},\"potentialAction\":[{\"@type\":\"SearchAction\",\"target\":\"https:\/\/nt-vsat.com\/fr\/?s={search_term_string}\",\"query-input\":\"required name=search_term_string\"}],\"inLanguage\":\"fr-FR\"},{\"@type\":\"WebPage\",\"@id\":\"https:\/\/nt-vsat.com\/fr\/hellassat\/#webpage\",\"url\":\"https:\/\/nt-vsat.com\/fr\/hellassat\/\",\"name\":\"Hellas Sat 3 \/ Hellas Sat 4 | NTvsat\",\"isPartOf\":{\"@id\":\"https:\/\/nt-vsat.com\/fr\/#website\"},\"datePublished\":\"2023-03-23T13:59:49+00:00\",\"dateModified\":\"2023-05-02T13:12:08+00:00\",\"inLanguage\":\"fr-FR\",\"potentialAction\":[{\"@type\":\"ReadAction\",\"target\":[\"https:\/\/nt-vsat.com\/fr\/hellassat\/\"]}]}]}<\/script>\n<!-- \/ Yoast SEO Premium plugin. -->","_links":{"self":[{"href":"https:\/\/nt-vsat.com\/fr\/wp-json\/wp\/v2\/pages\/8040","targetHints":{"allow":["GET"]}}],"collection":[{"href":"https:\/\/nt-vsat.com\/fr\/wp-json\/wp\/v2\/pages"}],"about":[{"href":"https:\/\/nt-vsat.com\/fr\/wp-json\/wp\/v2\/types\/page"}],"author":[{"embeddable":true,"href":"https:\/\/nt-vsat.com\/fr\/wp-json\/wp\/v2\/users\/7"}],"replies":[{"embeddable":true,"href":"https:\/\/nt-vsat.com\/fr\/wp-json\/wp\/v2\/comments?post=8040"}],"version-history":[{"count":4,"href":"https:\/\/nt-vsat.com\/fr\/wp-json\/wp\/v2\/pages\/8040\/revisions"}],"predecessor-version":[{"id":8055,"href":"https:\/\/nt-vsat.com\/fr\/wp-json\/wp\/v2\/pages\/8040\/revisions\/8055"}],"wp:attachment":[{"href":"https:\/\/nt-vsat.com\/fr\/wp-json\/wp\/v2\/media?parent=8040"}],"curies":[{"name":"wp","href":"https:\/\/api.w.org\/{rel}","templated":true}]}}